{"id":24,"date":"2024-04-04T08:38:34","date_gmt":"2024-04-04T05:38:34","guid":{"rendered":"https:\/\/sisu.ut.ee\/cifu14\/1-rundbrief\/"},"modified":"2025-01-27T16:28:25","modified_gmt":"2025-01-27T14:28:25","slug":"1-rundbrief","status":"publish","type":"page","link":"https:\/\/sisu.ut.ee\/cifu14\/1-rundbrief\/?lang=de","title":{"rendered":"Erster Rundbrief, Mai 2023"},"content":{"rendered":"<p style=\"text-align: justify;\"><span lang=\"DE\">Sehr geehrte Kollegen,<\/span><\/p>\n<p style=\"text-align: justify;\"><span lang=\"DE\">seit dem Jahr 1960 wird der Internationale Kongress f\u00fcr Finnougristik (Congressus Internationalis Fenno-Ugristarum, CIFU) alle f\u00fcnf Jahre organisiert. Der letzte Kongress war urspr\u00fcnglich geplant f\u00fcr 2020, fand aber aufgrund der COVID Pandemie zwei Jahre sp\u00e4ter statt, im August 2022 in Wien. In der Sitzung des Internationalen Kommittees wurde entschieden, dass der n\u00e4chste Kongress in Tartu stattfinden und zum urspr\u00fcnglichen Rhythmus zur\u00fcckkehren wird. Somit ist das Datum f\u00fcr <strong>CIFU XIV in Tartu der 18.\u201323. August 2025.<\/strong> Tartu war bereits 25 Jahre zuvor Schauplatz des Kongresses, im Jahr 2000.<\/span><\/p>\n<p style=\"text-align: justify;\"><span lang=\"DE\">Das Institut f\u00fcr Estnische und Allgemeine Sprachwissenschaft an der Universit\u00e4t Tartu \u00a0<\/span><span lang=\"ET\">(<\/span><a title=\"\" href=\"https:\/\/keel.ut.ee\/\" target=\"_blank\" rel=\"noopener\" data-url=\"https:\/\/keel.ut.ee\/\">https:\/\/keel.ut.ee\/<\/a><span lang=\"ET\">)<\/span><span lang=\"DE\"> mit seiner Abteilung f\u00fcr Finnougristik l\u00e4dt alle interessierten Kollegen zu diesem wichtigen internationalen Ereignis der Finnougristik\/Uralistik ein. Das Programm beinhaltet Plenarvortr\u00e4ge, Symposien und Vortr\u00e4ge in der Allgemeinen Sektion. <\/span><\/p>\n<p style=\"text-align: justify;\"><span lang=\"DE\">In vorliegenden ersten Rundschreiben fordern wir Sie auf, bis zum <strong>31. Oktober 2023 Symposienvorschl\u00e4ge<\/strong> einzureichen, per E-Mail an <\/span><a href=\"mailto:cifu14@ut.ee\">cifu14@ut.ee<\/a><span lang=\"DE\">. Die Vorschl\u00e4ge m\u00fcssen eine kurze Beschreibung des Symposiums enthalten (1\u20132 Seiten) und sowohl Namen als auch Kontaktinformationen der Hauptorganisatoren anf\u00fchren. Die Vorschl\u00e4ge m\u00fcssen auf Englisch verfasst sein. Bitte beachten Sie, dass die Kongressvortr\u00e4ge auch in anderen in der Finnougristik gel\u00e4ufigen Sprachen stattfinden k\u00f6nnen. F\u00fcr die Symposien entscheiden die jeweiligen Veranstalter welche Sprachen verwendet werden sollen. F\u00fcr die Evaluierung der eingegangenen Vortragabstracts werden die jeweiligen Symposiaveranstalter verantwortlich sein. Es liegt zudem in ihrer Hand, eine unabh\u00e4ngige Publikation der Symposiumsvortr\u00e4ge herauszugeben; es ist keine zentrale Publikation von Kongressvortr\u00e4gen geplant. Willkommen sind Beitr\u00e4ge aus allen Forschungsbereichen der Finnougristik\/Uralistik.<\/span><\/p>\n<p style=\"text-align: justify;\"><span lang=\"DE\">Die Internetseite des Kongresses unter der Adresse <\/span><a title=\"\" href=\"https:\/\/cifu14.ut.ee\" target=\"_blank\" rel=\"noopener\" data-url=\"https:\/\/cifu14.ut.ee\">cifu14.ut.ee<\/a><span lang=\"DE\"> wird fortlaufend aktualisiert, und neue Informationen (folgende Rundschreiben, Calls for Papers, Informationen zu Kongressort, Programm, Registrierung etc.) werden dort zu finden sein.<\/span><\/p>\n<p style=\"text-align: justify;\"><span lang=\"DE\">Wir freuen uns auf Ihre Teilnahme in Tartu 2025!<\/span><\/p>\n<p style=\"text-align: justify;\">Im Namen des Organisationsteams<br>\nGerson Klumpp<br>\nProfessor f\u00fcr Finnougristik<br>\nPr\u00e4sident des XIV. Internationalen Kongresses f\u00fcr Finnougristik<\/p>\n","protected":false},"excerpt":{"rendered":"<p>Sehr geehrte Kollegen, seit dem Jahr 1960 wird der Internationale Kongress f\u00fcr Finnougristik (Congressus Internationalis Fenno-Ugristarum, CIFU) alle f\u00fcnf Jahre organisiert. Der letzte Kongress war urspr\u00fcnglich geplant f\u00fcr 2020, fand aber aufgrund der COVID Pandemie zwei Jahre sp\u00e4ter statt, im &#8230;<\/p>\n","protected":false},"author":306,"featured_media":0,"parent":0,"menu_order":0,"comment_status":"closed","ping_status":"closed","template":"","meta":{"_acf_changed":false,"inline_featured_image":false,"footnotes":""},"class_list":["post-24","page","type-page","status-publish","hentry"],"acf":[],"_links":{"self":[{"href":"https:\/\/sisu.ut.ee\/cifu14\/wp-json\/wp\/v2\/pages\/24","targetHints":{"allow":["GET"]}}],"collection":[{"href":"https:\/\/sisu.ut.ee\/cifu14\/wp-json\/wp\/v2\/pages"}],"about":[{"href":"https:\/\/sisu.ut.ee\/cifu14\/wp-json\/wp\/v2\/types\/page"}],"author":[{"embeddable":true,"href":"https:\/\/sisu.ut.ee\/cifu14\/wp-json\/wp\/v2\/users\/306"}],"replies":[{"embeddable":true,"href":"https:\/\/sisu.ut.ee\/cifu14\/wp-json\/wp\/v2\/comments?post=24"}],"version-history":[{"count":4,"href":"https:\/\/sisu.ut.ee\/cifu14\/wp-json\/wp\/v2\/pages\/24\/revisions"}],"predecessor-version":[{"id":1847,"href":"https:\/\/sisu.ut.ee\/cifu14\/wp-json\/wp\/v2\/pages\/24\/revisions\/1847"}],"wp:attachment":[{"href":"https:\/\/sisu.ut.ee\/cifu14\/wp-json\/wp\/v2\/media?parent=24"}],"curies":[{"name":"wp","href":"https:\/\/api.w.org\/{rel}","templated":true}]}}