{"id":211,"date":"2024-04-19T12:46:22","date_gmt":"2024-04-19T09:46:22","guid":{"rendered":"https:\/\/sisu.ut.ee\/cifu14\/?page_id=211"},"modified":"2025-05-30T13:29:54","modified_gmt":"2025-05-30T10:29:54","slug":"symposia","status":"publish","type":"page","link":"https:\/\/sisu.ut.ee\/cifu14\/programme\/symposia\/","title":{"rendered":"List of symposia"},"content":{"rendered":"<p><\/p>\n\n\n\n<div class=\"wp-block-group is-layout-constrained wp-block-group-is-layout-constrained\">\n<p class=\"has-extra-large-font-size\"><strong>A. Discipline-related approaches<\/strong><\/p>\n\n\n\n<p><a href=\"https:\/\/cifu14.ut.ee\/symposium-a1\/\" data-type=\"link\" data-id=\"https:\/\/cifu14.ut.ee\/symposium-a1\/\">A.1 <em>Power imbalance and hierarchies in Finno-Ugric studies.<\/em> Svetlana Edygarova, Maria Fedina, Maria Vyatchina<\/a><\/p>\n\n\n\n<p><a href=\"https:\/\/cifu14.ut.ee\/symposium-a2\/\" data-type=\"link\" data-id=\"https:\/\/cifu14.ut.ee\/symposium-a2\/\">A.2 <em>Shifting and competing ideologies in minority language development and language maintenance<\/em>. Outi T\u00e1nczos, Svetlana Edygarova, Ulriikka Puura<\/a><\/p>\n\n\n\n<p><a href=\"https:\/\/cifu14.ut.ee\/round-table\/\" data-type=\"link\" data-id=\"https:\/\/cifu14.ut.ee\/round-table\/\">Round-table:<strong> <\/strong><em>Finno-Ugric Studies meeting the People: how to convey information about our discipline?<\/em> Johanna Laakso, Marianne Bakr\u00f3-Nagy, Elena Skribnik<\/a><\/p>\n\n\n\n<hr class=\"wp-block-separator has-alpha-channel-opacity\">\n<\/div>\n\n\n\n<div class=\"wp-block-group is-layout-constrained wp-block-group-is-layout-constrained\">\n<p class=\"has-extra-large-font-size\"><strong>B. Linguistics<\/strong><\/p>\n<\/div>\n\n\n\n<div class=\"wp-block-group is-layout-constrained wp-block-group-is-layout-constrained\">\n<p><a href=\"https:\/\/cifu14.ut.ee\/symposium-b1\/\" data-type=\"link\" data-id=\"https:\/\/cifu14.ut.ee\/symposium-b1\/\">B.1 <em>Prehistoric lexical layers in Saami and Finnic.<\/em> Santeri Junttila, Ante Aikio, Juha Kuokkala, Markus Juutinen <\/a><\/p>\n\n\n\n<p><a href=\"https:\/\/cifu14.ut.ee\/symposium-b2\/\" data-type=\"link\" data-id=\"https:\/\/cifu14.ut.ee\/symposium-b2\/\">B.2 <em>Perspectives on Saami with a particular focus on the smaller languages<\/em>. Hanna Danbolt Ajer, Minerva Piha <\/a><\/p>\n\n\n\n<p><a href=\"https:\/\/cifu14.ut.ee\/symposium-b3\/\" data-type=\"link\" data-id=\"https:\/\/cifu14.ut.ee\/symposium-b3\/\">B.3 <em>South Estonian within and beyond Uralic studies.<\/em> Tobias Weber<\/a> <\/p>\n\n\n\n<p><a href=\"https:\/\/cifu14.ut.ee\/symposium-b4\/\" data-type=\"link\" data-id=\"https:\/\/cifu14.ut.ee\/symposium-b4\/\">B.4 <em>The Size of Uralic Nominals<\/em>. Irina Burukina, Barbara Egedi, Ekaterina Georgieva<\/a><\/p>\n\n\n\n<p><a href=\"https:\/\/cifu14.ut.ee\/symposium-b5\/\" data-type=\"link\" data-id=\"https:\/\/cifu14.ut.ee\/symposium-b5\/\">B.5 <em>Verbalization of motion events in Uralic<\/em>. Jeremy Bradley, Nikolett F. Guly\u00e1s, Johannes Hirvonen<\/a><\/p>\n\n\n\n<p><a href=\"https:\/\/cifu14.ut.ee\/symposium-b6\/\" data-type=\"link\" data-id=\"https:\/\/cifu14.ut.ee\/symposium-b6\/\">B.6 <em>Grammatical Subjects and Objects in Uralic.<\/em> Katrin Hiietam, Heete Sahkai, Anne Tamm<\/a><\/p>\n\n\n\n<p><a href=\"https:\/\/cifu14.ut.ee\/symposium-b7\/\" data-type=\"link\" data-id=\"https:\/\/cifu14.ut.ee\/symposium-b7\/\">B.7 <em>Clause combining in Uralic languages: functional and interactional perspectives<\/em>. Larisa Leisi\u00f6 and Ritva Laury<\/a><\/p>\n\n\n\n<p><a href=\"https:\/\/cifu14.ut.ee\/symposium-b8\/\">B.8 <em>Epistemic categories in Uralic and beyond: evidentiality, intersubjectivity, epistemic authority and engagement.<\/em> Nikolett F. Guly\u00e1s, Rebeka Kubitsch, S\u00e1ndor Szever\u00e9nyi<\/a><\/p>\n\n\n\n<p><a href=\"https:\/\/cifu14.ut.ee\/symposium-b9\/\" data-type=\"link\" data-id=\"https:\/\/cifu14.ut.ee\/symposium-b9\/\">B.9 <em>Discourse particles in the Uralic languages.<\/em> Iuliia Zubova, Denys Teptiuk, Elena Markus, Triin Todesk, Marili Tomingas, Eda-Riin Tuuling<\/a><\/p>\n\n\n\n<p><a href=\"https:\/\/cifu14.ut.ee\/symposium-b10\/\" data-type=\"link\" data-id=\"https:\/\/cifu14.ut.ee\/symposium-b10\/\">B.10 <em>Marginal Phonemes.<\/em> L\u00e1szl\u00f3 Fejes and Jack Rueter <\/a><\/p>\n\n\n\n<p><a href=\"https:\/\/cifu14.ut.ee\/symposium-b11\/\" data-type=\"link\" data-id=\"https:\/\/cifu14.ut.ee\/symposium-b11\/\">B.11 <em>Prosody of Uralic languages. <\/em>P\u00e4rtel Lippus, Eva Liina Asu, Katalin M\u00e1dy <\/a><\/p>\n\n\n\n<p><a href=\"https:\/\/cifu14.ut.ee\/symposium-b12\/\" data-type=\"link\" data-id=\"https:\/\/cifu14.ut.ee\/symposium-b12\/\">B.12 <em>Building diachronic corpora for minority languages \u2013 facing methodological challenges. <\/em>Ksenia Shagal, Daria Zhornik, Trond Trosterud, Timofey Arkhangelskiy, Alexandre Arkhipov, Jeremy Bradley <\/a><\/p>\n<\/div>\n\n\n\n<hr class=\"wp-block-separator has-alpha-channel-opacity\">\n\n\n\n<p class=\"has-extra-large-font-size\"><strong>C. Ethnology, Religion, and Folklore<\/strong><\/p>\n\n\n\n<div class=\"wp-block-group is-layout-constrained wp-block-group-is-layout-constrained\">\n<p><a href=\"https:\/\/cifu14.ut.ee\/symposium-c1\/\" data-type=\"link\" data-id=\"https:\/\/cifu14.ut.ee\/symposium-c1\/\">C.1 <em>Reappraising Public Representations of Finno-Ugric Identities. <\/em>Karina Lukin<\/a><\/p>\n\n\n\n<p><a href=\"https:\/\/cifu14.ut.ee\/symposium-c2\/\" data-type=\"link\" data-id=\"https:\/\/cifu14.ut.ee\/symposium-c2\/\">C.2 <em>The Possibilities of Studying Finno-Ugric Religions in a Changing World<\/em>. Art Leete and Laur Vallikivi <\/a><\/p>\n\n\n\n<p><a href=\"https:\/\/cifu14.ut.ee\/symposium-c3\/\" data-type=\"link\" data-id=\"https:\/\/cifu14.ut.ee\/symposium-c3\/\">C.3 <em>The Winter in Finno-Ugric cultures. <\/em>Natalia Ermakov, Nikolay Kuznetsov, Sergey Troitski<\/a><\/p>\n\n\n\n<p><a href=\"https:\/\/cifu14.ut.ee\/symposium-c4\/\" data-type=\"link\" data-id=\"https:\/\/cifu14.ut.ee\/symposium-c4\/\">C.4 <em>Traditional Creation and Modern Experience in Folk Music Revival.<\/em> Janika Oras and Taive S\u00e4rg<\/a><\/p>\n<\/div>\n\n\n\n<hr class=\"wp-block-separator has-alpha-channel-opacity\">\n\n\n\n<p class=\"has-extra-large-font-size\"><strong>D. History, Prehistory, and Archaeology<\/strong><\/p>\n\n\n\n<div class=\"wp-block-group is-layout-constrained wp-block-group-is-layout-constrained\">\n<p><a href=\"https:\/\/cifu14.ut.ee\/symposium-d1\/\" data-type=\"link\" data-id=\"https:\/\/cifu14.ut.ee\/symposium-d1\/\">D.1 <em>Transdisciplinary approach in the studies of the human past.<\/em> Kristiina Tambets, Lehti Saag, Alena Kushniarevich, Mari T\u00f5rv, Valter Lang, Mari V\u00e4ina<\/a><\/p>\n<\/div>\n\n\n\n<p><\/p>\n","protected":false},"excerpt":{"rendered":"<p>A. Discipline-related approaches A.1 Power imbalance and hierarchies in Finno-Ugric studies. Svetlana Edygarova, Maria Fedina, Maria Vyatchina A.2 Shifting and competing ideologies in minority language development and language maintenance. Outi T\u00e1nczos, Svetlana Edygarova, Ulriikka Puura Round-table: Finno-Ugric Studies meeting the &#8230;<\/p>\n","protected":false},"author":306,"featured_media":0,"parent":7,"menu_order":0,"comment_status":"closed","ping_status":"closed","template":"","meta":{"_acf_changed":false,"inline_featured_image":false,"footnotes":""},"class_list":["post-211","page","type-page","status-publish","hentry"],"acf":[],"_links":{"self":[{"href":"https:\/\/sisu.ut.ee\/cifu14\/wp-json\/wp\/v2\/pages\/211","targetHints":{"allow":["GET"]}}],"collection":[{"href":"https:\/\/sisu.ut.ee\/cifu14\/wp-json\/wp\/v2\/pages"}],"about":[{"href":"https:\/\/sisu.ut.ee\/cifu14\/wp-json\/wp\/v2\/types\/page"}],"author":[{"embeddable":true,"href":"https:\/\/sisu.ut.ee\/cifu14\/wp-json\/wp\/v2\/users\/306"}],"replies":[{"embeddable":true,"href":"https:\/\/sisu.ut.ee\/cifu14\/wp-json\/wp\/v2\/comments?post=211"}],"version-history":[{"count":30,"href":"https:\/\/sisu.ut.ee\/cifu14\/wp-json\/wp\/v2\/pages\/211\/revisions"}],"predecessor-version":[{"id":4727,"href":"https:\/\/sisu.ut.ee\/cifu14\/wp-json\/wp\/v2\/pages\/211\/revisions\/4727"}],"up":[{"embeddable":true,"href":"https:\/\/sisu.ut.ee\/cifu14\/wp-json\/wp\/v2\/pages\/7"}],"wp:attachment":[{"href":"https:\/\/sisu.ut.ee\/cifu14\/wp-json\/wp\/v2\/media?parent=211"}],"curies":[{"name":"wp","href":"https:\/\/api.w.org\/{rel}","templated":true}]}}