{"id":1944,"date":"2025-02-11T19:08:47","date_gmt":"2025-02-11T17:08:47","guid":{"rendered":"https:\/\/sisu.ut.ee\/cifu14\/?page_id=1944"},"modified":"2025-08-21T12:28:15","modified_gmt":"2025-08-21T09:28:15","slug":"guided-city-walks","status":"publish","type":"page","link":"https:\/\/sisu.ut.ee\/cifu14\/guided-city-walks\/","title":{"rendered":"Guided city walks"},"content":{"rendered":"<p><span style=\"font-size: 14pt;\">August 21st 16:00-17:30, price: 8 \u20ac, duration: 1,5 h.<\/span><\/p>\n<p><span style=\"color: #ff0000;\"><strong><span style=\"font-size: 14pt;\">Meeting point for all groups: in front of the <a href=\"https:\/\/maps.app.goo.gl\/FKxb2oZrQtAvhmEn6\" target=\"_blank\" rel=\"noopener\">Town Hall (Raekoja plats 1 a)<\/a> at 16:00<\/span><\/strong><\/span><\/p>\n<p><span style=\"font-size: 14pt;\">5 different topics available (3 groups in English, 2 groups in Estonian)<\/span><\/p>\n<ol>\n<li style=\"text-align: justify;\"><strong>Historical Journey through Ancient and Medieval Tartu (in English): <\/strong>Explore the ancient and medieval eras of Tartu with Arvi Haak, the head of the Archaeology Department at the Tartu City Museum. <strong>The tour ends in the city center.<\/strong> <span style=\"color: #ff0000;\"><strong>NB! FULLY BOOKED!<\/strong><\/span><br>\n<hr>\n<\/li>\n<li style=\"text-align: justify;\"><strong style=\"font-size: revert;\">Historical Journey through the Traces of World War II in Tartu (in English): <\/strong><span style=\"font-size: revert; font-weight: var(--bs-body-font-weight);\"><span style=\"font-size: revert; font-weight: var(--bs-body-font-weight);\">During this walking tour, we will explore the visible and invisible traces of World War II in the urban space of Tartu under the guidance of a tour guide. Tartu was a frontline city twice during World War II and was hit by several bombings. About half of the city\u2019s buildings were destroyed. It can be said that World War II indirectly shapes the city of Tartu even today. <strong>The tour ends in the city center. Some spots still available!<\/strong><\/span><\/span><br>\n<hr>\n<\/li>\n<li style=\"text-align: justify;\"><strong style=\"font-size: revert;\">Between the River and the Hill: A Historical Journey through the City Center (in English): <\/strong><span style=\"font-size: revert; font-weight: var(--bs-body-font-weight);\"><span style=\"font-size: revert; font-weight: var(--bs-body-font-weight);\">We will explore the colourful history of Tartu\u2019s old town, located between Toomem\u00e4gi Hill and the Emaj\u00f5gi River. We\u2019ll check out the most exciting landmarks at the Town Hall Square and take a look at the streets (such as R\u00fc\u00fctli Street) where life has thrived both day and night for centuries. <strong>The tour ends in the city center. Some spots still available!<\/strong><\/span><\/span><br>\n<hr>\n<\/li>\n<li style=\"text-align: justify;\"><strong style=\"font-size: revert;\">Kultuurilooline ajalooretk \u00dclej\u00f5el (eesti keeles): <\/strong><span style=\"font-size: revert; font-weight: var(--bs-body-font-weight);\"><span style=\"font-size: revert; font-weight: var(--bs-body-font-weight);\">L\u00e4heme jalutusk\u00e4igule Eesti kultuuriloo m\u00f5istes \u00fchte k\u00f5ige olulisemasse linnaossa \u2013 \u00dclej\u00f5ele. Saab kuulda lugusid laulupidude traditsiooni s\u00fcnnist ja teistestki saavutustest, milleni j\u00f5uti Eestis k\u00f5ige esimesena just Tartus \u00dclej\u00f5el. <strong>The tour ends near to ERM in \u00dclej\u00f5e district.<\/strong> <strong>M\u00f5ned kohad veel saadaval!<\/strong><\/span><\/span><br>\n<hr>\n<\/li>\n<li style=\"text-align: justify;\"><strong style=\"font-size: revert;\">Ajalooretk m\u00f6\u00f6da Emaj\u00f5e kallast (eesti keeles): <\/strong><span style=\"font-size: revert; font-weight: var(--bs-body-font-weight);\">Giid r\u00e4\u00e4gib Emaj\u00f5e kallastel elatud kirevast elust: inimestest, ettev\u00f5tetest, turuplatsidest, parkidest, j\u00f5etranspordist, sildadest, p\u00f5nevamatest ehitistest ja paljust muust. <strong>NB! The tour ends at Emaj\u00f5e Lodjakoda, which is a bit less than 30 min walk from the center. See <a href=\"https:\/\/maps.app.goo.gl\/3wTo6xKZwBruxcgQA\" target=\"_blank\" rel=\"noopener\">some options for getting to ERM<\/a> from Lodjakoda by walking + by bus. <\/strong><strong>M\u00f5ned kohad veel saadaval!<\/strong><\/span><\/li>\n<\/ol>\n<p>All guided city tours are organized by <a href=\"https:\/\/muuseum.tartu.ee\/en\/tartu-linnamuuseum\/\" target=\"_blank\" rel=\"noopener\">Tartu City Museum<\/a>.<\/p>\n<figure style=\"width: 500px\" class=\"wp-caption alignnone\"><img loading=\"lazy\" decoding=\"async\" src=\"https:\/\/sisu.ut.ee\/wp-content\/uploads\/sites\/626\/551086-20210911_mana-kaasik_tarturattad-pisi-67.jpg\" alt=\"\" width=\"500\" height=\"333\"><figcaption class=\"wp-caption-text\">Photo: Mana Kaasik<\/figcaption><\/figure>\n","protected":false},"excerpt":{"rendered":"<p>August 21st 16:00-17:30, price: 8 \u20ac, duration: 1,5 h. Meeting point for all groups: in front of the Town Hall (Raekoja plats 1 a) at 16:00 5 different topics available (3 groups in English, 2 groups in Estonian) Historical Journey &#8230;<\/p>\n","protected":false},"author":306,"featured_media":0,"parent":0,"menu_order":0,"comment_status":"closed","ping_status":"closed","template":"","meta":{"_acf_changed":false,"inline_featured_image":false,"footnotes":""},"class_list":["post-1944","page","type-page","status-publish","hentry"],"acf":[],"_links":{"self":[{"href":"https:\/\/sisu.ut.ee\/cifu14\/wp-json\/wp\/v2\/pages\/1944","targetHints":{"allow":["GET"]}}],"collection":[{"href":"https:\/\/sisu.ut.ee\/cifu14\/wp-json\/wp\/v2\/pages"}],"about":[{"href":"https:\/\/sisu.ut.ee\/cifu14\/wp-json\/wp\/v2\/types\/page"}],"author":[{"embeddable":true,"href":"https:\/\/sisu.ut.ee\/cifu14\/wp-json\/wp\/v2\/users\/306"}],"replies":[{"embeddable":true,"href":"https:\/\/sisu.ut.ee\/cifu14\/wp-json\/wp\/v2\/comments?post=1944"}],"version-history":[{"count":30,"href":"https:\/\/sisu.ut.ee\/cifu14\/wp-json\/wp\/v2\/pages\/1944\/revisions"}],"predecessor-version":[{"id":6142,"href":"https:\/\/sisu.ut.ee\/cifu14\/wp-json\/wp\/v2\/pages\/1944\/revisions\/6142"}],"wp:attachment":[{"href":"https:\/\/sisu.ut.ee\/cifu14\/wp-json\/wp\/v2\/media?parent=1944"}],"curies":[{"name":"wp","href":"https:\/\/api.w.org\/{rel}","templated":true}]}}