{"id":19,"date":"2024-04-04T08:38:34","date_gmt":"2024-04-04T05:38:34","guid":{"rendered":"https:\/\/sisu.ut.ee\/cifu14\/1-kiertokirje\/"},"modified":"2025-01-27T16:27:41","modified_gmt":"2025-01-27T14:27:41","slug":"1-kiertokirje","status":"publish","type":"page","link":"https:\/\/sisu.ut.ee\/cifu14\/1-kiertokirje\/?lang=fi","title":{"rendered":"Ensimm\u00e4inen kiertokirje, toukokuu 2023"},"content":{"rendered":"<p style=\"text-align: justify;\"><span lang=\"ET\">Hyv\u00e4t kollegat<\/span><\/p>\n<p style=\"text-align: justify;\"><span lang=\"FI\">Kansainv\u00e4linen fennougristikongressi (Congressus Internationalis Fenno-Ugristarum, CIFU) on j\u00e4rjestetty vuodesta 1960 l\u00e4htien viiden vuoden v\u00e4lein. Edellinen, alun perin vuodelle 2020 suunniteltu kongressi j\u00e4rjestettiin pandemian takia kaksi vuotta my\u00f6hemmin Wieniss\u00e4 elokuussa 2022. Kongressin kansainv\u00e4lisen komitean kokouksessa p\u00e4\u00e4tettiin, ett\u00e4 seuraava kongressi Tartossa pidet\u00e4\u00e4n alkuper\u00e4isen aikataulun mukaan. Siten <strong>XIV CIFU j\u00e4rjestet\u00e4\u00e4n Tartossa 18.\u201323. elokuuta 2025<\/strong>. Tarton yliopisto j\u00e4rjesti kongressin my\u00f6s 25 vuotta aiemmin vuonna 2000.<\/span><\/p>\n<p style=\"text-align: justify;\"><span lang=\"FI\">Tarton yliopiston viron ja yleisen kielitieteen laitos (<\/span><a title=\"\" href=\"https:\/\/keel.ut.ee\/et\" target=\"_blank\" rel=\"noopener\" data-url=\"https:\/\/keel.ut.ee\/et\">https:\/\/keel.ut.ee\/<\/a><span lang=\"FI\">) ja sen suomalais-ugrilainen osasto kutsuvat kaikki kollegat ja muut kiinnostuneet t\u00e4h\u00e4n t\u00e4rke\u00e4\u00e4n kansainv\u00e4liseen suomalais-ugrilaiseen tapahtumaan. Ohjelma koostuu plenaariesitelmist\u00e4, symposiumeista ja sektioesitelmist\u00e4.<\/span><\/p>\n<p style=\"text-align: justify;\"><span lang=\"FI\">T\u00e4ll\u00e4 ensimm\u00e4isell\u00e4 kiertokirjeell\u00e4 kutsumme teit\u00e4 esitt\u00e4m\u00e4\u00e4n <strong>symposiumehdotuksia<\/strong> s\u00e4hk\u00f6postiosoitteeseen <\/span><a href=\"mailto:cifu14@ut.ee\">cifu14@ut.ee<\/a><span lang=\"FI\"> viimeist\u00e4\u00e4n <strong>31. lokakuuta 2023<\/strong>. Ehdotuksen tulee sis\u00e4lt\u00e4\u00e4 lyhyt kuvaus symposiumista (1\u20132 sivua) sek\u00e4 p\u00e4\u00e4j\u00e4rjest\u00e4jien nimet ja yhteystiedot. Ehdotus on laadittava englanniksi. Kongressiesitelmi\u00e4 voi kuitenkin pit\u00e4\u00e4 my\u00f6s suomalais-ugrilaisilla kielill\u00e4. Kunkin symposiumin j\u00e4rjest\u00e4j\u00e4t saavat itse valita, mit\u00e4 kieli\u00e4 symposiumissa k\u00e4ytet\u00e4\u00e4n. He vastaavat my\u00f6s symposiumiin esitettyjen abstraktien arvioinnista. J\u00e4rjest\u00e4j\u00e4t voivat p\u00e4\u00e4tt\u00e4\u00e4 my\u00f6s, haluavatko he my\u00f6hemmin laatia symposiumesitelmist\u00e4 erillisen julkaisun; kaikkia kongressiesitelmi\u00e4 sis\u00e4lt\u00e4v\u00e4\u00e4 julkaisua ei ole suunnitteilla. Kaikki suomalais-ugrilaisten\/uralilaisten kielten ja kulttuurien tutkimukseen liittyv\u00e4t teemat ovat tervetulleita.<\/span><\/p>\n<p style=\"text-align: justify;\"><span lang=\"FI\">Kongressin verkkosivuja <\/span><a title=\"\" href=\"https:\/\/cifu14.ut.ee\" target=\"_blank\" rel=\"noopener\" data-url=\"https:\/\/cifu14.ut.ee\">cifu14.ut.ee<\/a><span lang=\"FI\"> t\u00e4ydennet\u00e4\u00e4n jatkuvasti ja sinne lis\u00e4t\u00e4\u00e4n uutta tietoa (seuraavat kiertokirjeet, esitelm\u00e4kutsut, kongressin tapahtumapaikka, ilmoittautuminen, osallistumismaksut jne.).<\/span><\/p>\n<p style=\"text-align: justify;\"><span lang=\"FI\">Tervetuloa Tarttoon vuonna 2025!<\/span><\/p>\n<p style=\"text-align: justify;\">J\u00e4rjestelytoimikunnan nimiss\u00e4<br>\nGerson Klumpp<br>\nTarton yliopiston suomalais-ugrilaisten kielten professor<br>\nXIV kansainv\u00e4lisen fennougristikongressin presidentti<\/p>\n","protected":false},"excerpt":{"rendered":"<p>Hyv\u00e4t kollegat Kansainv\u00e4linen fennougristikongressi (Congressus Internationalis Fenno-Ugristarum, CIFU) on j\u00e4rjestetty vuodesta 1960 l\u00e4htien viiden vuoden v\u00e4lein. Edellinen, alun perin vuodelle 2020 suunniteltu kongressi j\u00e4rjestettiin pandemian takia kaksi vuotta my\u00f6hemmin Wieniss\u00e4 elokuussa 2022. Kongressin kansainv\u00e4lisen komitean kokouksessa p\u00e4\u00e4tettiin, ett\u00e4 seuraava kongressi &#8230;<\/p>\n","protected":false},"author":306,"featured_media":0,"parent":0,"menu_order":0,"comment_status":"closed","ping_status":"closed","template":"","meta":{"_acf_changed":false,"inline_featured_image":false,"footnotes":""},"class_list":["post-19","page","type-page","status-publish","hentry"],"acf":[],"_links":{"self":[{"href":"https:\/\/sisu.ut.ee\/cifu14\/wp-json\/wp\/v2\/pages\/19","targetHints":{"allow":["GET"]}}],"collection":[{"href":"https:\/\/sisu.ut.ee\/cifu14\/wp-json\/wp\/v2\/pages"}],"about":[{"href":"https:\/\/sisu.ut.ee\/cifu14\/wp-json\/wp\/v2\/types\/page"}],"author":[{"embeddable":true,"href":"https:\/\/sisu.ut.ee\/cifu14\/wp-json\/wp\/v2\/users\/306"}],"replies":[{"embeddable":true,"href":"https:\/\/sisu.ut.ee\/cifu14\/wp-json\/wp\/v2\/comments?post=19"}],"version-history":[{"count":15,"href":"https:\/\/sisu.ut.ee\/cifu14\/wp-json\/wp\/v2\/pages\/19\/revisions"}],"predecessor-version":[{"id":1844,"href":"https:\/\/sisu.ut.ee\/cifu14\/wp-json\/wp\/v2\/pages\/19\/revisions\/1844"}],"wp:attachment":[{"href":"https:\/\/sisu.ut.ee\/cifu14\/wp-json\/wp\/v2\/media?parent=19"}],"curies":[{"name":"wp","href":"https:\/\/api.w.org\/{rel}","templated":true}]}}