{"id":18,"date":"2024-04-04T08:38:33","date_gmt":"2024-04-04T05:38:33","guid":{"rendered":"https:\/\/sisu.ut.ee\/cifu14\/kava\/"},"modified":"2025-03-28T18:16:08","modified_gmt":"2025-03-28T16:16:08","slug":"kava","status":"publish","type":"page","link":"https:\/\/sisu.ut.ee\/cifu14\/kava\/?lang=vro","title":{"rendered":"Kava"},"content":{"rendered":"<p><\/p>\n\n\n<p>CIFU XIV om 2025. aastaga <strong>p\u00f5imukuu 18.\u201323. p\u00e4\u00e4v\u00e4l Tarton.<\/strong><\/p>\n<ul>\n<li><a href=\"https:\/\/cifu14.ut.ee\/kava-plaan\/?lang=vro\"><strong><span style=\"font-size: 18pt;\">Kava plaa\u0144<\/span><\/strong><\/a><\/li>\n<li><span style=\"font-size: 18pt;\"><a href=\"https:\/\/cifu14.ut.ee\/plenaarkonolojaq\/?lang=vro\"><strong>Plenaark\u00f5n\u00f5l\u00f5jaq<\/strong><\/a><\/span><\/li>\n<li><span style=\"font-size: 18pt;\"><strong><a href=\"https:\/\/sisu.ut.ee\/cifu14\/kava\/teemasektsiooniq\/?lang=vro\">Teemasektsiooniq<\/a><\/strong><\/span><\/li>\n<li><a href=\"https:\/\/cifu14.ut.ee\/list-of-accepted-papers\/\" rel=\"noopener\"><strong><span style=\"font-size: 18pt;\">Vastav\u00f5etuq abstraktiq<\/span><\/strong><\/a><\/li>\n<\/ul>","protected":false},"excerpt":{"rendered":"<p>CIFU XIV om 2025. aastaga p\u00f5imukuu 18.\u201323. p\u00e4\u00e4v\u00e4l Tarton. Kava plaa\u0144 Plenaark\u00f5n\u00f5l\u00f5jaq Teemasektsiooniq Vastav\u00f5etuq abstraktiq<\/p>\n","protected":false},"author":306,"featured_media":0,"parent":0,"menu_order":0,"comment_status":"closed","ping_status":"closed","template":"","meta":{"_acf_changed":false,"inline_featured_image":false,"footnotes":""},"class_list":["post-18","page","type-page","status-publish","hentry"],"acf":[],"_links":{"self":[{"href":"https:\/\/sisu.ut.ee\/cifu14\/wp-json\/wp\/v2\/pages\/18","targetHints":{"allow":["GET"]}}],"collection":[{"href":"https:\/\/sisu.ut.ee\/cifu14\/wp-json\/wp\/v2\/pages"}],"about":[{"href":"https:\/\/sisu.ut.ee\/cifu14\/wp-json\/wp\/v2\/types\/page"}],"author":[{"embeddable":true,"href":"https:\/\/sisu.ut.ee\/cifu14\/wp-json\/wp\/v2\/users\/306"}],"replies":[{"embeddable":true,"href":"https:\/\/sisu.ut.ee\/cifu14\/wp-json\/wp\/v2\/comments?post=18"}],"version-history":[{"count":12,"href":"https:\/\/sisu.ut.ee\/cifu14\/wp-json\/wp\/v2\/pages\/18\/revisions"}],"predecessor-version":[{"id":3176,"href":"https:\/\/sisu.ut.ee\/cifu14\/wp-json\/wp\/v2\/pages\/18\/revisions\/3176"}],"wp:attachment":[{"href":"https:\/\/sisu.ut.ee\/cifu14\/wp-json\/wp\/v2\/media?parent=18"}],"curies":[{"name":"wp","href":"https:\/\/api.w.org\/{rel}","templated":true}]}}