{"id":16,"date":"2024-04-04T08:38:34","date_gmt":"2024-04-04T05:38:34","guid":{"rendered":"https:\/\/sisu.ut.ee\/cifu14\/1-ringkiri\/"},"modified":"2024-05-07T00:02:22","modified_gmt":"2024-05-06T21:02:22","slug":"1-ringkiri","status":"publish","type":"page","link":"https:\/\/sisu.ut.ee\/cifu14\/1-ringkiri\/?lang=et","title":{"rendered":"Esimene ringkiri, mai 2023"},"content":{"rendered":"<p style=\"text-align: justify;\"><span lang=\"DE\">Head kolleegid!<\/span><\/p>\n<p style=\"text-align: justify;\"><span lang=\"EN-US\">Alates 1960. aastast korraldatakse rahvusvahelist fennougristika kongressi (Congressus Internationalis Fenno-Ugristarum, CIFU) iga viie aasta tagant. Eelmine kongress, mis pidi esialgu korraldatama 2020. aastal, l\u00fckkus COVID-19 pandeemia t\u00f5ttu kaks aastat edasi ja toimus 2022. aasta augustis Viinis. Kongressi rahvusvahelise komitee koosolekul otsustati, et j\u00e4rgmine kongress Tartus leiab aset esialgse ajakava j\u00e4rgi. Seega, <strong>XIV CIFU toimub Tartus 18.\u201323. augustil 2025<\/strong>. Tartu \u00dclikool on kongressi korraldanud ka 25 aastat varem, 2000. aastal.<\/span><\/p>\n<p style=\"text-align: justify;\"><span lang=\"EN-US\">Tartu \u00dclikooli eesti ja \u00fcldkeeleteaduse instituut (<\/span><a title=\"\" href=\"https:\/\/keel.ut.ee\/\" target=\"_blank\" rel=\"noopener\" data-url=\"https:\/\/keel.ut.ee\/\">https:\/\/keel.ut.ee\/<\/a><span lang=\"ET\">) koos selle alla kuuluva soome-ugri osakonnaga kutsub k\u00f5iki kolleege ja huvilisi sellest olulisest rahvusvahelisest soome-ugri s\u00fcndmusest osa v\u00f5tma. Programm koosneb plenaarettekannetest, s\u00fcmpoosiumidest ja \u00fcldsektsiooni ettekannetest.<\/span><\/p>\n<p style=\"text-align: justify;\"><span lang=\"EN-US\">K\u00e4esolevas esimeses ringkirjas kutsume teid \u00fcles esitama <strong>s\u00fcmpoosiumide kavandeid<\/strong> meiliaadressile <\/span><a href=\"mailto:cifu14@ut.ee\">cifu14@ut.ee<\/a><span lang=\"ET\"> hiljemalt <strong>31. oktoobriks 2023<\/strong>. Kavandid peavad sisaldama s\u00fcmpoosiumi l\u00fchikirjeldust (1\u20132 lehek\u00fclge) ning korraldaja(te) nime(sid) ja kontaktandmeid. Kavandid tuleb esitada inglise keeles. Samas palun panna t\u00e4hele, et kongressil v\u00f5ib kohapeal ettekandeid pidada ka soome-ugri keeltes. Iga vastava s\u00fcmpoosiumi korraldajad v\u00f5ivad ise otsustada, milliseid keeli s\u00fcmpoosiumil kasutatakse. S\u00fcmpoosiumide korraldajad vastutavad ka oma s\u00fcmpoosiumile esitatud abstraktide hindamise eest. Samuti on nende valida, kas nad soovivad hiljem avaldada oma s\u00fcmpoosiumi ettekandeid eraldi v\u00e4ljaandena; k\u00f5iki kongressi ettekandeid sisaldavat v\u00e4ljaannet ei ole plaanitud. Teretulnud on k\u00f5ik soome-ugri\/Uurali keelte ja kultuuride uurimisega seotud teemad.<\/span><\/p>\n<p style=\"text-align: justify;\"><span lang=\"EN-US\">Kongressi veebilehte <\/span><a title=\"\" href=\"https:\/\/cifu14.ut.ee\" target=\"_blank\" rel=\"noopener\" data-url=\"https:\/\/cifu14.ut.ee\">cifu14.ut.ee<\/a><span lang=\"EN-US\"> t\u00e4iendatakse jooksvalt, lisades juurde ka uut informatsiooni (j\u00e4rgmised ringkirjad, kutse abstraktide esitamiseks, informatsioon kongressi toimumispaiga kohta, programm, registreerumine, kongressi osalustasud jm).<\/span><\/p>\n<p style=\"text-align: justify;\"><span lang=\"EN-US\">Tere tulemast 2025. aastal Tartusse!<\/span><\/p>\n<p style=\"text-align: justify;\">Korralduskomitee nimel<br>\nGerson Klumpp<br>\nTartu \u00dclikooli soome-ugri keelte professor<br>\nXIV rahvusvahelise fennougristika kongressi president<\/p>\n","protected":false},"excerpt":{"rendered":"<p>Head kolleegid! Alates 1960. aastast korraldatakse rahvusvahelist fennougristika kongressi (Congressus Internationalis Fenno-Ugristarum, CIFU) iga viie aasta tagant. Eelmine kongress, mis pidi esialgu korraldatama 2020. aastal, l\u00fckkus COVID-19 pandeemia t\u00f5ttu kaks aastat edasi ja toimus 2022. aasta augustis Viinis. Kongressi rahvusvahelise &#8230;<\/p>\n","protected":false},"author":306,"featured_media":0,"parent":0,"menu_order":0,"comment_status":"closed","ping_status":"closed","template":"","meta":{"_acf_changed":false,"inline_featured_image":false,"footnotes":""},"class_list":["post-16","page","type-page","status-publish","hentry"],"acf":[],"_links":{"self":[{"href":"https:\/\/sisu.ut.ee\/cifu14\/wp-json\/wp\/v2\/pages\/16","targetHints":{"allow":["GET"]}}],"collection":[{"href":"https:\/\/sisu.ut.ee\/cifu14\/wp-json\/wp\/v2\/pages"}],"about":[{"href":"https:\/\/sisu.ut.ee\/cifu14\/wp-json\/wp\/v2\/types\/page"}],"author":[{"embeddable":true,"href":"https:\/\/sisu.ut.ee\/cifu14\/wp-json\/wp\/v2\/users\/306"}],"replies":[{"embeddable":true,"href":"https:\/\/sisu.ut.ee\/cifu14\/wp-json\/wp\/v2\/comments?post=16"}],"version-history":[{"count":3,"href":"https:\/\/sisu.ut.ee\/cifu14\/wp-json\/wp\/v2\/pages\/16\/revisions"}],"predecessor-version":[{"id":703,"href":"https:\/\/sisu.ut.ee\/cifu14\/wp-json\/wp\/v2\/pages\/16\/revisions\/703"}],"wp:attachment":[{"href":"https:\/\/sisu.ut.ee\/cifu14\/wp-json\/wp\/v2\/media?parent=16"}],"curies":[{"name":"wp","href":"https:\/\/api.w.org\/{rel}","templated":true}]}}