{"id":1521,"date":"2024-12-18T16:21:33","date_gmt":"2024-12-18T14:21:33","guid":{"rendered":"https:\/\/sisu.ut.ee\/cifu14\/vastavoetuq-abstraktiq\/"},"modified":"2025-03-04T08:58:03","modified_gmt":"2025-03-04T06:58:03","slug":"vastavoetuq-abstraktiq","status":"publish","type":"page","link":"https:\/\/sisu.ut.ee\/cifu14\/vastavoetuq-abstraktiq\/?lang=vro","title":{"rendered":"Vastav\u00f5etuq abstraktiq"},"content":{"rendered":"<ul>\n<li><a href=\"https:\/\/cifu14.ut.ee\/list-of-accepted-papers\/\" rel=\"noopener\"><strong><span style=\"font-size: 18pt;\">Vastav\u00f5etuid\u00f5 abstrakt\u00f5 nimekiri<\/span><\/strong><\/a><\/li>\n<\/ul>\n","protected":false},"excerpt":{"rendered":"<p>Vastav\u00f5etuid\u00f5 abstrakt\u00f5 nimekiri<\/p>\n","protected":false},"author":306,"featured_media":0,"parent":0,"menu_order":0,"comment_status":"closed","ping_status":"closed","template":"","meta":{"_acf_changed":false,"inline_featured_image":false,"footnotes":""},"class_list":["post-1521","page","type-page","status-publish","hentry"],"acf":[],"_links":{"self":[{"href":"https:\/\/sisu.ut.ee\/cifu14\/wp-json\/wp\/v2\/pages\/1521","targetHints":{"allow":["GET"]}}],"collection":[{"href":"https:\/\/sisu.ut.ee\/cifu14\/wp-json\/wp\/v2\/pages"}],"about":[{"href":"https:\/\/sisu.ut.ee\/cifu14\/wp-json\/wp\/v2\/types\/page"}],"author":[{"embeddable":true,"href":"https:\/\/sisu.ut.ee\/cifu14\/wp-json\/wp\/v2\/users\/306"}],"replies":[{"embeddable":true,"href":"https:\/\/sisu.ut.ee\/cifu14\/wp-json\/wp\/v2\/comments?post=1521"}],"version-history":[{"count":3,"href":"https:\/\/sisu.ut.ee\/cifu14\/wp-json\/wp\/v2\/pages\/1521\/revisions"}],"predecessor-version":[{"id":2535,"href":"https:\/\/sisu.ut.ee\/cifu14\/wp-json\/wp\/v2\/pages\/1521\/revisions\/2535"}],"wp:attachment":[{"href":"https:\/\/sisu.ut.ee\/cifu14\/wp-json\/wp\/v2\/media?parent=1521"}],"curies":[{"name":"wp","href":"https:\/\/api.w.org\/{rel}","templated":true}]}}