{"id":1515,"date":"2024-12-18T16:21:33","date_gmt":"2024-12-18T14:21:33","guid":{"rendered":"https:\/\/sisu.ut.ee\/cifu14\/hyvaksytyt-esitelmat\/"},"modified":"2025-03-04T08:56:48","modified_gmt":"2025-03-04T06:56:48","slug":"hyvaksytyt-tiivistelmat","status":"publish","type":"page","link":"https:\/\/sisu.ut.ee\/cifu14\/hyvaksytyt-tiivistelmat\/?lang=fi","title":{"rendered":"Hyv\u00e4ksytyt tiivistelm\u00e4t"},"content":{"rendered":"<ul>\n<li><a href=\"https:\/\/cifu14.ut.ee\/list-of-accepted-papers\/\" rel=\"noopener\"><strong><span style=\"font-size: 18pt;\">Luettelo hyv\u00e4ksytyist\u00e4 tiivistelmist\u00e4<\/span><\/strong><\/a><\/li>\n<\/ul>\n","protected":false},"excerpt":{"rendered":"<p>Luettelo hyv\u00e4ksytyist\u00e4 tiivistelmist\u00e4<\/p>\n","protected":false},"author":306,"featured_media":0,"parent":0,"menu_order":0,"comment_status":"closed","ping_status":"closed","template":"","meta":{"_acf_changed":false,"inline_featured_image":false,"footnotes":""},"class_list":["post-1515","page","type-page","status-publish","hentry"],"acf":[],"_links":{"self":[{"href":"https:\/\/sisu.ut.ee\/cifu14\/wp-json\/wp\/v2\/pages\/1515","targetHints":{"allow":["GET"]}}],"collection":[{"href":"https:\/\/sisu.ut.ee\/cifu14\/wp-json\/wp\/v2\/pages"}],"about":[{"href":"https:\/\/sisu.ut.ee\/cifu14\/wp-json\/wp\/v2\/types\/page"}],"author":[{"embeddable":true,"href":"https:\/\/sisu.ut.ee\/cifu14\/wp-json\/wp\/v2\/users\/306"}],"replies":[{"embeddable":true,"href":"https:\/\/sisu.ut.ee\/cifu14\/wp-json\/wp\/v2\/comments?post=1515"}],"version-history":[{"count":4,"href":"https:\/\/sisu.ut.ee\/cifu14\/wp-json\/wp\/v2\/pages\/1515\/revisions"}],"predecessor-version":[{"id":2540,"href":"https:\/\/sisu.ut.ee\/cifu14\/wp-json\/wp\/v2\/pages\/1515\/revisions\/2540"}],"wp:attachment":[{"href":"https:\/\/sisu.ut.ee\/cifu14\/wp-json\/wp\/v2\/media?parent=1515"}],"curies":[{"name":"wp","href":"https:\/\/api.w.org\/{rel}","templated":true}]}}