{"id":12,"date":"2024-04-04T08:38:37","date_gmt":"2024-04-04T05:38:37","guid":{"rendered":"https:\/\/sisu.ut.ee\/cifu14\/fi\/"},"modified":"2025-08-25T11:43:59","modified_gmt":"2025-08-25T08:43:59","slug":"fi","status":"publish","type":"page","link":"https:\/\/sisu.ut.ee\/cifu14\/fi\/?lang=fi","title":{"rendered":"14. kansainv\u00e4linen fennougristikongressi"},"content":{"rendered":"<p><\/p>\n\n\n<p style=\"text-align: justify;\">Congressus Internationalis Fenno-Ugristarum on suomalais-ugrilaisten (uralilaisten) kielten, niit\u00e4 puhuvien kansojen kulttuurin ja historian tutkimuksen t\u00e4rkein kansainv\u00e4linen tiedetapahtuma. Kongresseja on j\u00e4rjestetty vuodesta 1960 l\u00e4htien viiden vuoden v\u00e4lein. <strong>14. kansainv\u00e4linen fennougristikongressi (CIFU XIV)<\/strong> j\u00e4rjestettiin <strong>18.\u201323. elokuuta 2025 Tartossa, Virossa<\/strong>. Kongressin j\u00e4rjest\u00e4j\u00e4 oli Tarton yliopiston viron ja yleisen kielitieteen laitos.<\/p>\n<p><strong>CIFU XV<\/strong> j\u00e4rjestet\u00e4\u00e4n vuonna <strong>2030<\/strong> <b>Lor\u00e1nd E\u00f6tv\u00f6sin yliopistossa<\/b> (ELTE) <strong>Budapestissa<\/strong>.<\/p>\n\n\n<p><\/p>\n","protected":false},"excerpt":{"rendered":"<p>Congressus Internationalis Fenno-Ugristarum on suomalais-ugrilaisten (uralilaisten) kielten, niit\u00e4 puhuvien kansojen kulttuurin ja historian tutkimuksen t\u00e4rkein kansainv\u00e4linen tiedetapahtuma. Kongresseja on j\u00e4rjestetty vuodesta 1960 l\u00e4htien viiden vuoden v\u00e4lein. 14. kansainv\u00e4linen fennougristikongressi (CIFU XIV) j\u00e4rjestettiin 18.\u201323. elokuuta 2025 Tartossa, Virossa. Kongressin j\u00e4rjest\u00e4j\u00e4 oli &#8230;<\/p>\n","protected":false},"author":306,"featured_media":0,"parent":0,"menu_order":0,"comment_status":"closed","ping_status":"closed","template":"","meta":{"_acf_changed":false,"inline_featured_image":false,"footnotes":""},"class_list":["post-12","page","type-page","status-publish","hentry"],"acf":[],"_links":{"self":[{"href":"https:\/\/sisu.ut.ee\/cifu14\/wp-json\/wp\/v2\/pages\/12","targetHints":{"allow":["GET"]}}],"collection":[{"href":"https:\/\/sisu.ut.ee\/cifu14\/wp-json\/wp\/v2\/pages"}],"about":[{"href":"https:\/\/sisu.ut.ee\/cifu14\/wp-json\/wp\/v2\/types\/page"}],"author":[{"embeddable":true,"href":"https:\/\/sisu.ut.ee\/cifu14\/wp-json\/wp\/v2\/users\/306"}],"replies":[{"embeddable":true,"href":"https:\/\/sisu.ut.ee\/cifu14\/wp-json\/wp\/v2\/comments?post=12"}],"version-history":[{"count":29,"href":"https:\/\/sisu.ut.ee\/cifu14\/wp-json\/wp\/v2\/pages\/12\/revisions"}],"predecessor-version":[{"id":6157,"href":"https:\/\/sisu.ut.ee\/cifu14\/wp-json\/wp\/v2\/pages\/12\/revisions\/6157"}],"wp:attachment":[{"href":"https:\/\/sisu.ut.ee\/cifu14\/wp-json\/wp\/v2\/media?parent=12"}],"curies":[{"name":"wp","href":"https:\/\/api.w.org\/{rel}","templated":true}]}}