{"id":11,"date":"2024-04-04T08:38:34","date_gmt":"2024-04-04T05:38:34","guid":{"rendered":"https:\/\/sisu.ut.ee\/cifu14\/cifu-aoluust\/"},"modified":"2024-09-01T21:34:58","modified_gmt":"2024-09-01T18:34:58","slug":"cifu-aoluust","status":"publish","type":"page","link":"https:\/\/sisu.ut.ee\/cifu14\/cifu-aoluust\/?lang=vro","title":{"rendered":"CIFUst"},"content":{"rendered":"<p style=\"text-align: justify;\">Congressus Internationalis Fenno-Ugristarum (CIFU) om soom\u00f5-ugri (Uurali) kiili, kultuur\u00f5 ja aoluu k\u00f5g\u00f5 t\u00e4hts\u00e4mb rahvid\u00f5vaih\u00f5lin\u00f5 tiid\u00fcss\u00fcndm\u00fcs. Kongr\u00f5ss\u00f5 om k\u00f5rrald\u00f5t 1960. aastagast p\u00e4\u00e4le eg\u00e4 viie aastaga takast. CIFU XIV peet\u00e4s 2025. aastaga p\u00f5imukuun Tarton, kon taa om varrampa olnuq viil 2000. aastagal.<\/p>\n<p style=\"text-align: justify;\">P\u00e4\u00e4lt T\u00f5ist maailmas\u00f5ta, k\u00fclm\u00e4 s\u00f5a aigu es ol\u00f5q rahvid\u00f5vaih\u00f5liidsi tiid\u00fcss\u00fcndm\u00fcisi k\u00f5rraldamin\u00f5 l\u00e4bi ravvads\u00f5 vaih\u00f5saina kuiki lihts\u00e4. Jo 1950. aastagil \u00f5nnistu Soom\u00f5 ja Ungari fennougrist\u00f5l kutsuq ummil\u00f5 konv\u00f5rendsele ka v\u00e4l\u00e4m\u00e4\u00e4 tiidl\u00e4isi, ja l\u00f5pus oll\u00b4gi edim\u00e4ne CIFU Budapestin 1960. aastagal. Iistv\u00f5tjaq olliq m\u00f5n\u00f5q tunn\u00f5duq ja t\u00e4hts\u00e4q tiidl\u00e4seq, nigu Soom\u00f5n Vilkuna Kustaa ja Posti Lauri, Ungarin Ortutay Gyula, Eestin ja N\u00f5vvukogoliidun Ariste Paul ja Serebrennikovi Boris ni Hummogu-\u015aaksamaal Steinitzi Wolfgang. 1960. aastagast p\u00e4\u00e4le ommaq CIFU-q eg\u00e4 viie aastaga takast (2020. aastaga Viini kongr\u00f5s\u015b sai edesi tougatus 2022. aastaga p\u00e4\u00e4le koroonat\u00f5v\u00f5puhahus\u00f5 per\u00e4st). Edim\u00e4lt k\u00f5rraldiq n\u00e4id kolm riiki (Ungari, Soom\u00f5 ja N\u00f5vvokogoliit), edespiten neli (Ungari, Soom\u00f5, Eesti, Vinnemaa). 2022. aastaga kongressi k\u00f5rrald\u00b4 Viini \u00fclikooli soom\u00f5-ugri osakund ni taa oll\u00b4 edim\u00e4ne kord, ku CIFU oll\u00b4 muial ku soom\u00f5-ugri riiken vai Vinnemaal. Varrampaq ommaq CIFU-q olnuq s\u00e4\u00e4ndsin kotussin:<\/p>\n<blockquote>\n<ul>\n<li class=\"MsoNoSpacing\" style=\"text-align: justify;\"><span style=\"font-size: 14px;\">1960: CIFU I, Budapest, Ungari<\/span><\/li>\n<li class=\"MsoNoSpacing\" style=\"text-align: justify;\"><span style=\"font-size: 14px;\">1965: CIFU II, Helsingi, Soom\u00f5<\/span><\/li>\n<li class=\"MsoNoSpacing\" style=\"text-align: justify;\"><span style=\"font-size: 14px;\">1970: CIFU III, Tallinn, Eesti (tuud aigu N\u00f5vvokogoliidu jago)<\/span><\/li>\n<li class=\"MsoNoSpacing\" style=\"text-align: justify;\"><span style=\"font-size: 14px;\">1975: CIFU IV, Budapest, Ungari<\/span><\/li>\n<li class=\"MsoNoSpacing\" style=\"text-align: justify;\"><span style=\"font-size: 14px;\">1980: CIFU V, Turu, Soom\u00f5<\/span><\/li>\n<li class=\"MsoNoSpacing\" style=\"text-align: justify;\"><span style=\"font-size: 14px;\">1985: CIFU VI, S\u00f5kt\u00f5vkar, Komimaa, N\u00f5vvokogoliit<\/span><\/li>\n<li class=\"MsoNoSpacing\" style=\"text-align: justify;\"><span style=\"font-size: 14px;\">1990: CIFU VII, Debrecen, Ungari<\/span><\/li>\n<li class=\"MsoNoSpacing\" style=\"text-align: justify;\"><span style=\"font-size: 14px;\">1995: CIFU VIII, Jyv\u00e4skyl\u00e4, Soom\u00f5<\/span><\/li>\n<li class=\"MsoNoSpacing\" style=\"text-align: justify;\"><span style=\"font-size: 14px;\">2000: CIFU IX, Tarto, Eesti<\/span><\/li>\n<li class=\"MsoNoSpacing\" style=\"text-align: justify;\"><span style=\"font-size: 14px;\"><a title=\"\" href=\"http:\/\/fu10.mari-el.ru\/\" target=\"_blank\" rel=\"noopener\" data-url=\"http:\/\/fu10.mari-el.ru\/\">2005: CIFU X, Jo\u0161kar-Ola, Mari El, Vinnemaa<\/a><\/span><\/li>\n<li class=\"MsoNoSpacing\" style=\"text-align: justify;\"><span style=\"font-size: 14px;\"><a title=\"\" href=\"https:\/\/web.archive.org\/web\/20121015005923\/http:\/\/fu11.btk.ppke.hu\/index.php?option=com_content&amp;view=article&amp;id=47&amp;Itemid=58&amp;lang=hu\" target=\"_blank\" rel=\"noopener\" data-url=\"https:\/\/web.archive.org\/web\/20121015005923\/http:\/\/fu11.btk.ppke.hu\/index.php?option=com_content&amp;view=article&amp;id=47&amp;Itemid=58&amp;lang=hu\">2010: CIFU XI, Piliscsaba, Ungari<\/a><\/span><\/li>\n<li class=\"MsoNoSpacing\" style=\"text-align: justify;\"><span style=\"font-size: 14px;\"><a title=\"\" href=\"https:\/\/www.oulu.fi\/fi\/yliopisto\/tiedekunnat-ja-yksikot\/humanistinen-tiedekunta\/kielet-ja-kirjallisuus\" target=\"_blank\" rel=\"noopener\" data-url=\"https:\/\/www.oulu.fi\/fi\/yliopisto\/tiedekunnat-ja-yksikot\/humanistinen-tiedekunta\/kielet-ja-kirjallisuus\">2015: CIFU XII, Oulu, Soom<\/a>\u00f5<\/span><\/li>\n<li class=\"MsoNoSpacing\" style=\"text-align: justify;\"><span style=\"font-size: 14px;\"><a title=\"\" href=\"https:\/\/cifu13.univie.ac.at\/\" target=\"_blank\" rel=\"noopener\" data-url=\"https:\/\/cifu13.univie.ac.at\/\">2022: CIFU XIII, Viin, Austria<\/a><\/span><\/li>\n<\/ul>\n<\/blockquote>\n","protected":false},"excerpt":{"rendered":"<p>Congressus Internationalis Fenno-Ugristarum (CIFU) om soom\u00f5-ugri (Uurali) kiili, kultuur\u00f5 ja aoluu k\u00f5g\u00f5 t\u00e4hts\u00e4mb rahvid\u00f5vaih\u00f5lin\u00f5 tiid\u00fcss\u00fcndm\u00fcs. Kongr\u00f5ss\u00f5 om k\u00f5rrald\u00f5t 1960. aastagast p\u00e4\u00e4le eg\u00e4 viie aastaga takast. CIFU XIV peet\u00e4s 2025. aastaga p\u00f5imukuun Tarton, kon taa om varrampa olnuq viil 2000. aastagal. &#8230;<\/p>\n","protected":false},"author":306,"featured_media":0,"parent":0,"menu_order":0,"comment_status":"closed","ping_status":"closed","template":"","meta":{"_acf_changed":false,"inline_featured_image":false,"footnotes":""},"class_list":["post-11","page","type-page","status-publish","hentry"],"acf":[],"_links":{"self":[{"href":"https:\/\/sisu.ut.ee\/cifu14\/wp-json\/wp\/v2\/pages\/11","targetHints":{"allow":["GET"]}}],"collection":[{"href":"https:\/\/sisu.ut.ee\/cifu14\/wp-json\/wp\/v2\/pages"}],"about":[{"href":"https:\/\/sisu.ut.ee\/cifu14\/wp-json\/wp\/v2\/types\/page"}],"author":[{"embeddable":true,"href":"https:\/\/sisu.ut.ee\/cifu14\/wp-json\/wp\/v2\/users\/306"}],"replies":[{"embeddable":true,"href":"https:\/\/sisu.ut.ee\/cifu14\/wp-json\/wp\/v2\/comments?post=11"}],"version-history":[{"count":2,"href":"https:\/\/sisu.ut.ee\/cifu14\/wp-json\/wp\/v2\/pages\/11\/revisions"}],"predecessor-version":[{"id":946,"href":"https:\/\/sisu.ut.ee\/cifu14\/wp-json\/wp\/v2\/pages\/11\/revisions\/946"}],"wp:attachment":[{"href":"https:\/\/sisu.ut.ee\/cifu14\/wp-json\/wp\/v2\/media?parent=11"}],"curies":[{"name":"wp","href":"https:\/\/api.w.org\/{rel}","templated":true}]}}