{"id":25,"date":"2024-04-04T04:47:01","date_gmt":"2024-04-04T01:47:01","guid":{"rendered":"https:\/\/sisu.ut.ee\/cgem\/publications-0\/"},"modified":"2024-05-06T08:18:43","modified_gmt":"2024-05-06T05:18:43","slug":"publications-0","status":"publish","type":"page","link":"https:\/\/sisu.ut.ee\/cgem\/publications-0\/","title":{"rendered":"Publications"},"content":{"rendered":"<ul>\n<li><strong>The Population-Specific Impact of Neandertal Introgression on Human Disease ,\u00a0<\/strong><u>Michael Dannemann<\/u>,\u00a0<em>Genome Biology and Evolution<\/em>, Volume 13, Issue 1, January 2021, evaa250,\u00a0<a href=\"https:\/\/doi.org\/10.1093\/gbe\/evaa250\">https:\/\/doi.org\/10.1093\/gbe\/evaa250<\/a><\/li>\n<li><strong>Harnessing pluripotent stem cells as models to decipher human evolution,\u00a0<\/strong><u>Michael Dannemann,<\/u>\u00a0<u>Irene Gallego Romero<\/u>, first published: 20 April 2021,\u00a0<a href=\"https:\/\/doi.org\/10.1111\/febs.15885\" aria-label=\"Digital Object Identifier\">https:\/\/doi.org\/10.1111\/febs.15885<\/a><\/li>\n<li><strong>Quantitative Human Paleogenetics: What can Ancient DNA Tell us About Complex Trait Evolution?\u00a0<\/strong>Evan K. Irving-Pease, Rasa Muktupavela, <u>Michael Dannemann<\/u>, Fernando Racimo.\u00a0Frontiers in Genetics \u2013\u00a0\u00a0<em>Evolutionary and Population Genetics, Volume,\u00a0<\/em>first published August, 2021,\u00a0<a href=\"https:\/\/doi.org\/10.3389\/fgene.2021.703541\">https:\/\/doi.org\/10.3389\/fgene.2021.703541<\/a><\/li>\n<li><strong>Detection of Neanderthal Adaptively Introgressed Genetic Variants that Modulate Reporter Gene Expression in Human Immune Cells.\u00a0<\/strong>Jagoda, E., Xue, J.R., Reilly, S.K., <u>Dannemann, M<\/u>., Racimo, F., Huerta-Sanchez, E., Sankararaman, S., Kelso, J., Pagani, L., Sabeti, P.C., Capellini, T.D.\u00a0<em>Molecular Biology and Evolution.\u00a0<\/em>First published October 2021,\u00a0\u00a0<a href=\"https:\/\/doi.org\/10.1093\/molbev\/msab304\">https:\/\/doi.org\/10.1093\/molbev\/msab304<\/a><\/li>\n<li><strong>Continental-scale genomic analysis suggests shared post-admixture adaptation in the Americas<\/strong>. Linda Ongaro, <u>Mayukh Mondal<\/u>, Rodrigo Flores, Davide Marnetto, Ludovica Molinaro, Marta E Alarc\u00f3n-Riquelme, Andr\u00e9s Moreno-Estrada, Nedio Mabunda, Mario Ventura, Kristiina Tambets, Garrett Hellenthal, Cristian Capelli, Toomas Kivisild, <u>Mait Metspalu<\/u>, Luca Pagani, Francesco Montinaro, \u00a0<em>Human Molecular Genetics<\/em>, Volume 30, Issue 22, 15 November 2021, Pages 2123\u20132134,\u00a0<a href=\"https:\/\/doi.org\/10.1093\/hmg\/ddab177\" data-google-interstitial=\"false\">https:\/\/doi.org\/10.1093\/hmg\/ddab177<\/a><\/li>\n<li><strong>Analysis of whole exome sequencing in severe mental illness hints at selection of brain development and immune related genes<\/strong>. Jayant Mahadevan; Ajai Kumar Pathak; Alekhya Vemula; Ravi Kumar Nadella; Biju Viswanath; Sanjeev Jain; Accelerator Program for Discovery in Brain disorders using Stem cells (ADBS) Consortium; Meera Purushottam; <u>Mayukh Mondal<\/u>,\u00a0<i>Scietific\u00a0Reports<\/i>\u00a0<b>11<\/b>, 21088 (2021). <a title=\"\" href=\"https:\/\/doi.org\/10.1038\/s41598-021-00123-x\" target=\"_blank\" rel=\"noopener\" data-url=\"https:\/\/doi.org\/10.1038\/s41598-021-00123-x\">https:\/\/doi.org\/10.1038\/s41598-021-00123-x<\/a><\/li>\n<li><strong>Revisiting the out of Africa event with a deep-learning approach<\/strong>.\u00a0Francesco Montinaro;\u00a0<u>Vasili Pankratov<\/u>; Burak Yelmen; Burak Yelmen; Luca Pagani; Luca Pagani; <u>Mayukh Mondal,<\/u><em>\u00a0The American Journal of Human Genetics <\/em>108, no 11, November 4<sup>th<\/sup> 2021, pages\u00a02037-2051,\u00a0<a href=\"https:\/\/doi.org\/10.1016\/j.ajhg.2021.09.006\">https:\/\/doi.org\/10.1016\/j.ajhg.2021.09.006<\/a><\/li>\n<li><strong>Chronology of natural selection in Oceanian genomes.<\/strong> Brucato, Nicolas, <u>Mathilde Andr\u00e9<\/u>, <u>Georgi Hudjashov<\/u>, <u>Mayukh Mondal<\/u>, Murray P. Cox, Matthew Leavesley, and Fran\u00e7ois-Xavier Ricaut, <em>IScience<\/em> 25, no 7, June 30, 2022, <a title=\"\" href=\"https:\/\/doi.org\/10.1016\/j.isci.2022.104583\" target=\"_blank\" rel=\"noopener\" data-url=\"https:\/\/doi.org\/10.1016\/j.isci.2022.104583\">https:\/\/doi.org\/10.1016\/j.isci.2022.104583<\/a><\/li>\n<li><strong>Papua New Guinean Genomes Reveal the Complex Settlement of North Sahul.\u00a0<\/strong>Brucato, Nicolas, <u>Mathilde Andr\u00e9<\/u>, Roxanne Tsang, Lauri Saag, Jason Kariwiga, Kylie Sesuki, Teppsy Beni, William Pomat, John Muke, and Vincent Meyer,\u00a0<em>Molecular Biology and Evolution, <\/em>Volume 38, Issue 11, November 2021, Pages 5107-5121,\u00a0<a href=\"https:\/\/doi.org\/10.1093\/molbev\/msab238\" data-google-interstitial=\"false\">https:\/\/doi.org\/10.1093\/molbev\/msab238<\/a><\/li>\n<li><strong>Ancestral Genomic Contributions to Complex Traits in Contemporary Europeans.\u00a0<\/strong>Davide Marnetto, <u>Vasili Pankratov<\/u>, <u>Mayukh Mondal<\/u>, Francesco Montinaro, Katri P\u00e4rna, Leonardo Vallini, Ludovica Molinaro, Lehti Saag, Liisa Loog, Sara Montagnese, Rodolfo Costa; Estonian Biobank Research Team; <u>Mait Metspalu<\/u>, <u>Anders Eriksson<\/u>, Luca Pagani, <em>Current Biology,<\/em> Volume\u00a032, Issue\u00a06, p1412-1419,\u00a0March\u00a028, 2022,\u00a0<a href=\"https:\/\/doi.org\/10.1016\/j.cub.2022.01.046\">https:\/\/doi.org\/10.1016\/j.cub.2022.01.046<\/a><\/li>\n<li><strong>Phylogenetic History of Patrilineages Rare in Northern and Eastern Europe from Large-Scale Re-Sequencing of Human Y-Chromosomes.\u00a0<\/strong>Ilum\u00e4e, Anne-Mai, Helen Post, Rodrigo Flores, Monika Karmin, Hovhannes Sahakyan, <u>Mayukh Mondal<\/u>, Francesco Montinaro, Lauri Saag, Concetta Bormans, and Luisa Fernanda Sanchez,\u00a0European Journal of Human Genetics,\u00a029, p1510\u20131519, May 7, 2021,\u00a0<a title=\"\" href=\"https:\/\/doi.org\/10.1038\/s41431-021-00897-8\" target=\"_blank\" rel=\"noopener\" data-url=\"https:\/\/doi.org\/10.1038\/s41431-021-00897-8\">https:\/\/doi.org\/10.1038\/s41431-021-00897-8<\/a><\/li>\n<li><strong>Improving Selection Detection with Population Branch Statistic on Admixed Populations.<\/strong> Burak Yelmen, Davide Marnetto, Ludovica Molinaro, Rodrigo Flores, <u>Mayukh Mondal<\/u>, Luca Pagani, <em>Genome Biology and Evolution<\/em>, Volume 13, Issue 4, April 2021,\u00a0<a href=\"https:\/\/doi.org\/10.1093\/gbe\/evab039\" data-google-interstitial=\"false\">https:\/\/doi.org\/10.1093\/gbe\/evab039<\/a><\/li>\n<li><strong>Climatic windows for human migration out of Africa in the past 300,000 years.<\/strong>\u00a0Robert M Beyer, Mario Krapp, <u>Anders Eriksson<\/u>, Andrea Manica,\u00a0<em>Nature Communications<\/em> volume 12, Article number: 4889 (2021),\u00a0<a title=\"\" href=\"https:\/\/doi.org\/10.1038\/s41467-021-24779-1\" target=\"_blank\" rel=\"noopener\" data-url=\"https:\/\/doi.org\/10.1038\/s41467-021-24779-1\">https:\/\/doi.org\/10.1038\/s41467-021-24779-1<\/a><\/li>\n<li><strong>Genetic architecture of gene regulation in Indonesian populations identies QTLs associated with local ancestry and archaic introgression.\u00a0<\/strong>Heini M Natri, <u>Georgi Hudjashov<\/u>, Guy Jacobs, Pradiptajati Kusuma, Lauri Saag, Chelzie Crenna Darusallam, <u>Mait Metspalu<\/u>, Herawati Sudoyo, Murray P Cox*, <u>Irene Gallego Romero<\/u>, Nicholas E Banovich,\u00a0<em>American Journal of Human Genetics<\/em>,\u00a0Volume 109, Issue 1, p50-65, January 6, 2022,\u00a0<a href=\"https:\/\/doi.org\/10.1016\/j.ajhg.2021.11.017\">https:\/\/doi.org\/10.1016\/j.ajhg.2021.11.017<\/a><\/li>\n<li><strong>Neandertal introgression partitions the genetic landscape of neuropsychiatric disorders and associated behavioral phenotypes. <\/strong><u>Michael Dannemann<\/u>, Yuri Milaneschi, <u>Danat Yermakovich<\/u>, Victoria Stiglbauer, Hanna Maria Kariis, Kristi Krebs, Manuel A Friese, Christian Otte, Estonian Biobank Research Team, Kelli Lehto, Brenda WJH Penninx, Janet Kelso, Stefan M Gold, Transl Psychiatry 12, 433 (2022). <a href=\"https:\/\/doi.org\/10.1038\/s41398-022-02196-2\">https:\/\/doi.org\/10.1038\/s41398-022-02196-2<\/a><\/li>\n<li><strong>Long-range regulatory effects of Neandertal DNA in modern humans<\/strong>. <u>Danat Yermakovich<\/u>, <u>Vasili Pankratov<\/u>, Urmo V\u00f5sa, <u>Bayazit Yunusbayev<\/u>, Estonian Biobank Research Team, <u>Michael Dannemann<\/u>. Genetics, Volume 223, Issue 3, March 2023, iyac188, <a href=\"https:\/\/doi.org\/10.1093\/genetics\/iyac188\">https:\/\/doi.org\/10.1093\/genetics\/iyac188<\/a><\/li>\n<li><strong style=\"font-size: revert; text-align: var(--bs-body-text-align);\">Positive selection in the genomes of two Papua New Guinean populations at distinct altitude levels. <\/strong><u style=\"font-size: revert; font-weight: var(--bs-body-font-weight); text-align: var(--bs-body-text-align);\">Mathilde Andre<\/u><span style=\"font-size: revert; font-weight: var(--bs-body-font-weight); text-align: var(--bs-body-text-align);\">, Nicolas Brucato, <\/span><u style=\"font-size: revert; font-weight: var(--bs-body-font-weight); text-align: var(--bs-body-text-align);\">Georgi Hudjasov, Vasili Pankratov, Danat Yermakovich, Rita Kreevan<\/u><span style=\"font-size: revert; font-weight: var(--bs-body-font-weight); text-align: var(--bs-body-text-align);\">, Jason Kariwiga, John Muke, Anne Boland, Jean-Francois Deleuze, Vincent Meyer, Nicholas Evans, Murray P Cox, Matthew Leavesley, <\/span><u style=\"font-size: revert; font-weight: var(--bs-body-font-weight); text-align: var(--bs-body-text-align);\">Michael Dannemann, Tonis Org, Mait Metspalu, Mayukh Mondal<\/u><span style=\"font-size: revert; font-weight: var(--bs-body-font-weight); text-align: var(--bs-body-text-align);\">, Francois-Xavier Ricaut. Nat Commun 15, 3352 (2024). <\/span><a style=\"font-size: revert; font-weight: var(--bs-body-font-weight); text-align: var(--bs-body-text-align);\" href=\"https:\/\/doi.org\/10.1038\/s41467-024-47735-1\">https:\/\/doi.org\/10.1038\/s41467-024-47735-1<\/a><\/li>\n<li><strong style=\"font-size: revert; text-align: var(--bs-body-text-align);\">Using fecal immunochemical tubes for the analysis of the gut microbiome has the potential to improve colorectal cancer screening. <\/strong><span style=\"font-size: revert; font-weight: var(--bs-body-font-weight); text-align: var(--bs-body-text-align);\">Kertu Liis Krigul, Oliver Aasmets, Kreete L\u00fcll, <\/span><u style=\"font-size: revert; font-weight: var(--bs-body-font-weight); text-align: var(--bs-body-text-align);\">T\u00f5nis Org<\/u><span style=\"font-size: revert; font-weight: var(--bs-body-font-weight); text-align: var(--bs-body-text-align);\">, Elin Org. Sci Rep 11, 19603 (2021). <\/span><a style=\"font-size: revert; font-weight: var(--bs-body-font-weight); text-align: var(--bs-body-text-align);\" href=\"https:\/\/doi.org\/10.1038\/s41598-021-99046-w\">https:\/\/doi.org\/10.1038\/s41598-021-99046-w<\/a><\/li>\n<li><strong style=\"font-size: revert; text-align: var(--bs-body-text-align);\">Prioritizing autoimmunity risk variants for functional analyses by fine-mapping mutations under natural selection<\/strong><span style=\"font-size: revert; font-weight: var(--bs-body-font-weight); text-align: var(--bs-body-text-align);\">. <\/span><u style=\"font-size: revert; font-weight: var(--bs-body-font-weight); text-align: var(--bs-body-text-align);\">Vasili Pankratov, <\/u><span style=\"font-size: revert; font-weight: var(--bs-body-font-weight); text-align: var(--bs-body-text-align);\">Milyausha Yunusbaeva, Sergei Ryakhovsky, Maksym Zarodniuk, Estonian Biobank Research Team &amp; <\/span><u style=\"font-size: revert; font-weight: var(--bs-body-font-weight); text-align: var(--bs-body-text-align);\">Bayazit Yunusbayev<\/u><span style=\"font-size: revert; font-weight: var(--bs-body-font-weight); text-align: var(--bs-body-text-align);\"> Nat Commun 13, 7069 (2022). <\/span><a style=\"font-size: revert; font-weight: var(--bs-body-font-weight); text-align: var(--bs-body-text-align);\" href=\"https:\/\/doi.org\/10.1038\/s41467-022-34461-9\">https:\/\/doi.org\/10.1038\/s41467-022-34461-9<\/a><\/li>\n<li><strong style=\"font-size: revert; text-align: var(--bs-body-text-align);\">Differences in local population history at the finest level: the case of the Estonian population<\/strong><span style=\"font-size: revert; font-weight: var(--bs-body-font-weight); text-align: var(--bs-body-text-align);\">. <\/span><u style=\"font-size: revert; font-weight: var(--bs-body-font-weight); text-align: var(--bs-body-text-align);\">Vasili Pankratov<\/u><span style=\"font-size: revert; font-weight: var(--bs-body-font-weight); text-align: var(--bs-body-text-align);\">, Francesco Montinaro, Alena Kushniarevich, <\/span><u style=\"font-size: revert; font-weight: var(--bs-body-font-weight); text-align: var(--bs-body-text-align);\">Georgi Hudjashov<\/u><span style=\"font-size: revert; font-weight: var(--bs-body-font-weight); text-align: var(--bs-body-text-align);\">, Flora Jay, Lauri Saag, <\/span><u style=\"font-size: revert; font-weight: var(--bs-body-font-weight); text-align: var(--bs-body-text-align);\">Rodrigo Flores<\/u><span style=\"font-size: revert; font-weight: var(--bs-body-font-weight); text-align: var(--bs-body-text-align);\">, Davide Marnetto, Marten Seppel, Mart Kals, Urmo V\u00f5sa, Cristian Taccioli, M\u00e4rt M\u00f6ls, Lili Milani, Anto Aasa, Daniel John Lawson, T\u00f5nu Esko, Reedik M\u00e4gi, Luca Pagani, Andres Metspalu &amp; <\/span><u style=\"font-size: revert; font-weight: var(--bs-body-font-weight); text-align: var(--bs-body-text-align);\">Mait Metspalu<\/u><span style=\"font-size: revert; font-weight: var(--bs-body-font-weight); text-align: var(--bs-body-text-align);\">. Eur J Hum Genet 28, 1580\u20131591 (2020). <\/span><a style=\"font-size: revert; font-weight: var(--bs-body-font-weight); text-align: var(--bs-body-text-align);\" href=\"https:\/\/doi.org\/10.1038\/s41431-020-0699-4\">https:\/\/doi.org\/10.1038\/s41431-020-0699-4<\/a><\/li>\n<li><strong style=\"font-size: revert; text-align: var(--bs-body-text-align);\">The genetic legacy of the expansion of Bantu-speaking peoples in Africa<\/strong><span style=\"font-size: revert; font-weight: var(--bs-body-font-weight); text-align: var(--bs-body-text-align);\">. Cesar A. Fortes-Lima, Concetta Burgarella, Rickard Hammar\u00e9n, <\/span><u style=\"font-size: revert; font-weight: var(--bs-body-font-weight); text-align: var(--bs-body-text-align);\">Anders Eriksson<\/u><span style=\"font-size: revert; font-weight: var(--bs-body-font-weight); text-align: var(--bs-body-text-align);\">, M\u00e1rio Vicente, Cecile Jolly, Armando Semo, Hilde Gunnink, Sara Pacchiarotti, Leon Mundeke, Igor Matonda, Joseph Koni Muluwa, Peter Coutros, Terry S. Nyambe, Justin Cirhuza Cikomola, Vinet Coetzee, Minique de Castro, Peter Ebbesen, Joris Delanghe, Mark Stoneking, Lawrence Barham, Marlize Lombard, Anja Meyer, Maryna Steyn, \u2026Carina M. Schlebusch, Nature 625, 540\u2013547 (2024). <\/span><a style=\"font-size: revert; font-weight: var(--bs-body-font-weight); text-align: var(--bs-body-text-align);\" href=\"https:\/\/doi.org\/10.1038\/s41586-023-06770-6\">https:\/\/doi.org\/10.1038\/s41586-023-06770-6<\/a><\/li>\n<li><strong style=\"font-size: revert; text-align: var(--bs-body-text-align);\">Genome-wide association study of obstructive sleep apnoea in the Million Veteran Program uncovers genetic heterogeneity by sex<\/strong><span style=\"font-size: revert; font-weight: var(--bs-body-font-weight); text-align: var(--bs-body-text-align);\">. Tamar Sofer; Nuzulul Kurniansyah; Michael Murray; Yuk-Lam Ho; Erik Abner; <\/span><u style=\"font-size: revert; font-weight: var(--bs-body-font-weight); text-align: var(--bs-body-text-align);\">T\u00f5nu Esko<\/u><span style=\"font-size: revert; font-weight: var(--bs-body-font-weight); text-align: var(--bs-body-text-align);\">; Jennifer E. Huffman; Kelly Cho; Peter W.F. Wilson; Daniel J. Gottlieb; Andres Metspalu; Lili Milani; T\u00f5nu Esko; Reedik M\u00e4gi; Mari Nelis; <\/span><u style=\"font-size: revert; font-weight: var(--bs-body-font-weight); text-align: var(--bs-body-text-align);\">Georgi Hudjashov, <\/u><span style=\"font-size: revert; font-weight: var(--bs-body-font-weight); text-align: var(--bs-body-text-align);\">eBioMedicine, Volume 90, April 2023, 104536, <\/span><a style=\"font-size: revert; font-weight: var(--bs-body-font-weight); text-align: var(--bs-body-text-align);\" href=\"https:\/\/doi.org\/10.1016\/j.ebiom.2023.104536\">https:\/\/doi.org\/10.1016\/j.ebiom.2023.104536<\/a><\/li>\n<li><strong style=\"font-size: revert; text-align: var(--bs-body-text-align);\">HLA allele-calling using multi-ancestry whole-exome sequencing from the UK Biobank identifies 129 novel associations in 11 autoimmune diseases.<\/strong><span style=\"font-size: revert; font-weight: var(--bs-body-font-weight); text-align: var(--bs-body-text-align);\"> Guillaume Butler-Laporte, Joseph Farjoun, Tomoko Nakanishi, Tianyuan Lu, Erik Abner, Yiheng Chen, Michael Hultstr\u00f6m, Andres Metspalu, Lili Milani, Reedik M\u00e4gi, Mari Nelis, <\/span><u style=\"font-size: revert; font-weight: var(--bs-body-font-weight); text-align: var(--bs-body-text-align);\">Georgi Hudjashov<\/u><span style=\"font-size: revert; font-weight: var(--bs-body-font-weight); text-align: var(--bs-body-text-align);\">, Estonian Biobank Research Team, Satoshi Yoshiji, Yann Ilboudo, Kevin Y. H. Liang, Chen-Yang Su, Julian D. S. Willet, <\/span><u style=\"font-size: revert; font-weight: var(--bs-body-font-weight); text-align: var(--bs-body-text-align);\">T\u00f5nu Esko<\/u><span style=\"font-size: revert; font-weight: var(--bs-body-font-weight); text-align: var(--bs-body-text-align);\">, Sirui Zhou, Vincenzo Forgetta, Daniel Taliun &amp; J. Brent Richards.\u00a0<\/span><em style=\"font-size: revert; font-weight: var(--bs-body-font-weight); text-align: var(--bs-body-text-align);\">Commun Biol<\/em><span style=\"font-size: revert; font-weight: var(--bs-body-font-weight); text-align: var(--bs-body-text-align);\">\u00a0<\/span><strong style=\"font-size: revert; text-align: var(--bs-body-text-align);\">6<\/strong><span style=\"font-size: revert; font-weight: var(--bs-body-font-weight); text-align: var(--bs-body-text-align);\">, 1113 (2023). <\/span><a style=\"font-size: revert; font-weight: var(--bs-body-font-weight); text-align: var(--bs-body-text-align);\" href=\"https:\/\/doi.org\/10.1038\/s42003-023-05496-5\">https:\/\/doi.org\/10.1038\/s42003-023-05496-5<\/a><\/li>\n<\/ul>\n","protected":false},"excerpt":{"rendered":"<p>The Population-Specific Impact of Neandertal Introgression on Human Disease ,\u00a0Michael Dannemann,\u00a0Genome Biology and Evolution, Volume 13, Issue 1, January 2021, evaa250,\u00a0https:\/\/doi.org\/10.1093\/gbe\/evaa250 Harnessing pluripotent stem cells as models to decipher human evolution,\u00a0Michael Dannemann,\u00a0Irene Gallego Romero, first published: 20 April 2021,\u00a0https:\/\/doi.org\/10.1111\/febs.15885 Quantitative &#8230;<\/p>\n","protected":false},"author":154,"featured_media":0,"parent":0,"menu_order":0,"comment_status":"closed","ping_status":"closed","template":"","meta":{"_acf_changed":false,"inline_featured_image":false,"footnotes":""},"class_list":["post-25","page","type-page","status-publish","hentry"],"acf":[],"_links":{"self":[{"href":"https:\/\/sisu.ut.ee\/cgem\/wp-json\/wp\/v2\/pages\/25","targetHints":{"allow":["GET"]}}],"collection":[{"href":"https:\/\/sisu.ut.ee\/cgem\/wp-json\/wp\/v2\/pages"}],"about":[{"href":"https:\/\/sisu.ut.ee\/cgem\/wp-json\/wp\/v2\/types\/page"}],"author":[{"embeddable":true,"href":"https:\/\/sisu.ut.ee\/cgem\/wp-json\/wp\/v2\/users\/154"}],"replies":[{"embeddable":true,"href":"https:\/\/sisu.ut.ee\/cgem\/wp-json\/wp\/v2\/comments?post=25"}],"version-history":[{"count":3,"href":"https:\/\/sisu.ut.ee\/cgem\/wp-json\/wp\/v2\/pages\/25\/revisions"}],"predecessor-version":[{"id":397,"href":"https:\/\/sisu.ut.ee\/cgem\/wp-json\/wp\/v2\/pages\/25\/revisions\/397"}],"wp:attachment":[{"href":"https:\/\/sisu.ut.ee\/cgem\/wp-json\/wp\/v2\/media?parent=25"}],"curies":[{"name":"wp","href":"https:\/\/api.w.org\/{rel}","templated":true}]}}