{"id":77,"date":"2025-03-17T16:49:48","date_gmt":"2025-03-17T14:49:48","guid":{"rendered":"https:\/\/sisu.ut.ee\/cepm\/?page_id=77"},"modified":"2025-03-19T14:00:55","modified_gmt":"2025-03-19T12:00:55","slug":"kontakt","status":"publish","type":"page","link":"https:\/\/sisu.ut.ee\/cepm\/kontakt\/","title":{"rendered":"Kontakt"},"content":{"rendered":"<div class=\"person-card person-card--wide border-bottom py-2 mb-4\">\n\t\t<div class=\"row px-2 px-lg-1\">\n\t\t\t<div class=\"col-md-4\">\n\t\t\t\t\t\t\t\t\t<h3 class=\"h4 mb-2\">Reedik M\u00e4gi <\/h3>\n\t\t\t\t\t\t\t<\/div>\n\t\t\t<div class=\"col-md-4\">\n\t\t\t\t\t\t\t\t\t<div class=\"person-card__description mb-2 mb-md-0\">\n\t\t\t\t\t\t<p>Personaalmeditsiini tippkeskuse juht<\/p>\n\n\t\t\t\t\t<\/div>\n\t\t\t\t\t\t\t<\/div>\n\t\t\t<div class=\"col-md-4\">\n\t\t\t\t\t\t\t\t\t<div class=\"person-card__info text-md-end\">\n\t\t\t\t\t\t\t\t\t\t\t\t\t<p class=\"mb-0\">+372 737 4045<\/p>\n\t\t\t\t\t\t\t\t\t\t\t\t\t\t\t\t\t\t\t\t\t\t\t\t\t<a href=\"mailto:reedik.magi@ut.ee\" class=\"mb-0\">reedik.magi@ut.ee<\/a>\n\t\t\t\t\t\t\t\t\t\t\t<\/div>\n\t\t\t\t\t\t\t<\/div>\n\t\t<\/div>\n\t<\/div>\n\n\n<div class=\"person-card person-card--wide border-bottom py-2 mb-4\">\n\t\t<div class=\"row px-2 px-lg-1\">\n\t\t\t<div class=\"col-md-4\">\n\t\t\t\t\t\t\t\t\t<h3 class=\"h4 mb-2\">Lota Vana<\/h3>\n\t\t\t\t\t\t\t<\/div>\n\t\t\t<div class=\"col-md-4\">\n\t\t\t\t\t\t\t\t\t<div class=\"person-card__description mb-2 mb-md-0\">\n\t\t\t\t\t\t<p>Personaalmeditsiini tippkeskuse kommunikatsioonijuht<\/p>\n\n\t\t\t\t\t<\/div>\n\t\t\t\t\t\t\t<\/div>\n\t\t\t<div class=\"col-md-4\">\n\t\t\t\t\t\t\t\t\t<div class=\"person-card__info text-md-end\">\n\t\t\t\t\t\t\t\t\t\t\t\t\t\t\t\t\t\t\t\t\t\t\t\t\t<a href=\"mailto:lota.vana@ut.ee\" class=\"mb-0\">lota.vana@ut.ee<\/a>\n\t\t\t\t\t\t\t\t\t\t\t<\/div>\n\t\t\t\t\t\t\t<\/div>\n\t\t<\/div>\n\t<\/div>\n\n\n\n<h2 class=\"wp-block-heading\">T\u00f6\u00f6gruppide juhid<\/h2>\n\n\n\n<p><\/p>\n\n\n\n<p><strong>Reedik M\u00e4gi, <\/strong>Tartu \u00dclikool<\/p>\n\n\n\n<p><strong>Mait Metspalu<\/strong>, Tartu \u00dclikool<\/p>\n\n\n\n<p><strong>Andres Metspalu,<\/strong> Tartu \u00dclikool<\/p>\n\n\n\n<p><strong>Krista Fischer<\/strong>, Tartu \u00dclikool<\/p>\n\n\n\n<p><strong>Mikk J\u00fcrisson<\/strong>, Tartu \u00dclikool<\/p>\n\n\n\n<p><strong>Andres Salumets<\/strong>, Celvia CC AS<\/p>\n\n\n\n<p><strong>Kaia Palm<\/strong>, Protobios O\u00dc<\/p>\n\n\n\n<p><strong>Marge Unt<\/strong>, Tallinna \u00dclikool<\/p>\n","protected":false},"excerpt":{"rendered":"<p>T\u00f6\u00f6gruppide juhid Reedik M\u00e4gi, Tartu \u00dclikool Mait Metspalu, Tartu \u00dclikool Andres Metspalu, Tartu \u00dclikool Krista Fischer, Tartu \u00dclikool Mikk J\u00fcrisson, Tartu \u00dclikool Andres Salumets, Celvia CC AS Kaia Palm, Protobios O\u00dc Marge Unt, Tallinna \u00dclikool<\/p>\n","protected":false},"author":745,"featured_media":179,"parent":0,"menu_order":0,"comment_status":"closed","ping_status":"closed","template":"","meta":{"_acf_changed":false,"inline_featured_image":false,"footnotes":""},"class_list":["post-77","page","type-page","status-publish","has-post-thumbnail","hentry"],"acf":[],"_links":{"self":[{"href":"https:\/\/sisu.ut.ee\/cepm\/wp-json\/wp\/v2\/pages\/77","targetHints":{"allow":["GET"]}}],"collection":[{"href":"https:\/\/sisu.ut.ee\/cepm\/wp-json\/wp\/v2\/pages"}],"about":[{"href":"https:\/\/sisu.ut.ee\/cepm\/wp-json\/wp\/v2\/types\/page"}],"author":[{"embeddable":true,"href":"https:\/\/sisu.ut.ee\/cepm\/wp-json\/wp\/v2\/users\/745"}],"replies":[{"embeddable":true,"href":"https:\/\/sisu.ut.ee\/cepm\/wp-json\/wp\/v2\/comments?post=77"}],"version-history":[{"count":3,"href":"https:\/\/sisu.ut.ee\/cepm\/wp-json\/wp\/v2\/pages\/77\/revisions"}],"predecessor-version":[{"id":178,"href":"https:\/\/sisu.ut.ee\/cepm\/wp-json\/wp\/v2\/pages\/77\/revisions\/178"}],"wp:featuredmedia":[{"embeddable":true,"href":"https:\/\/sisu.ut.ee\/cepm\/wp-json\/wp\/v2\/media\/179"}],"wp:attachment":[{"href":"https:\/\/sisu.ut.ee\/cepm\/wp-json\/wp\/v2\/media?parent=77"}],"curies":[{"name":"wp","href":"https:\/\/api.w.org\/{rel}","templated":true}]}}