{"id":76,"date":"2025-03-17T16:49:48","date_gmt":"2025-03-17T14:49:48","guid":{"rendered":"https:\/\/sisu.ut.ee\/cepm\/?page_id=76"},"modified":"2025-03-20T16:05:02","modified_gmt":"2025-03-20T14:05:02","slug":"seotud-projektid","status":"publish","type":"page","link":"https:\/\/sisu.ut.ee\/cepm\/seotud-projektid\/","title":{"rendered":"Seotud projektid"},"content":{"rendered":"<p><\/p>\n\n\n\n<div class=\"wp-block-media-text is-stacked-on-mobile\" style=\"grid-template-columns:35% auto\"><figure class=\"wp-block-media-text__media\"><img loading=\"lazy\" decoding=\"async\" width=\"530\" height=\"95\" src=\"https:\/\/sisu.ut.ee\/wp-content\/uploads\/sites\/893\/endotarget.png\" alt=\"\" class=\"wp-image-148 size-full\" srcset=\"https:\/\/sisu.ut.ee\/wp-content\/uploads\/sites\/893\/endotarget.png 530w, https:\/\/sisu.ut.ee\/wp-content\/uploads\/sites\/893\/endotarget-300x54.png 300w\" sizes=\"auto, (max-width: 530px) 100vw, 530px\"><\/figure><div class=\"wp-block-media-text__content\">\n<h2 class=\"wp-block-heading\">ENDOTARGET<\/h2>\n\n\n\n<p>ENDOTARGET uurib seost soolestiku mikrobioomi, soolestiku l\u00e4bilaskvuse ja s\u00fcsteemse endotokseemia vahel, p\u00f6\u00f6rates erilist t\u00e4helepanu kolmele k\u00f5ige levinumale reumaatilisele haigusele (RD): osteoartriit, reumatoidartriit ja spond\u00fclartriit. Eesm\u00e4rk on selgitada\u00a0<strong> (1)<\/strong>\u00a0kolme teguri \u2013 soolestiku mikrobioomi, soolestiku l\u00e4bilaskvus ja s\u00fcsteemne endotokseemia \u2013 rolli RD-de tekkes ja patogeneesis,\u00a0<strong>(2)<\/strong>\u00a0millised s\u00fcndmused ja mehhanismid vastutavad RD-de p\u00e4ritolu eest ning\u00a0<strong>(3)<\/strong>\u00a0soolestiku mikrobioomi m\u00f5ju liigestele. Saadud teadmiste p\u00f5hjal m\u00e4\u00e4ratakse n\u00e4iteks uued riskihindamise biomarkerid ja t\u00f6\u00f6tatakse v\u00e4lja reumaatiliste haiguste riskide prognoosimise t\u00f6\u00f6riist (RDPT), mis aitab arstidel patsientidel klassifitseerida ja haigusi ennetavalt ravida. See t\u00f6\u00f6riist aitab v\u00e4hendada RD tekkeriski ja\/v\u00f5i v\u00e4hendada haiguse aktiivsust.<\/p>\n\n\n\n<div class=\"wp-block-buttons is-layout-flex wp-block-buttons-is-layout-flex\">\n<div class=\"wp-block-button has-custom-width wp-block-button__width-100\"><a class=\"wp-block-button__link wp-element-button\" href=\"https:\/\/endotargetproject.eu\/\">ENDOTARGET<\/a><\/div>\n<\/div>\n<\/div><\/div>\n\n\n\n<div style=\"height:26px\" aria-hidden=\"true\" class=\"wp-block-spacer\"><\/div>\n\n\n\n<div class=\"wp-block-media-text is-stacked-on-mobile\" style=\"grid-template-columns:35% auto\"><figure class=\"wp-block-media-text__media\"><img loading=\"lazy\" decoding=\"async\" width=\"1001\" height=\"395\" src=\"https:\/\/sisu.ut.ee\/wp-content\/uploads\/sites\/893\/optomicslogo_nobackground.png\" alt=\"\" class=\"wp-image-150 size-full\" srcset=\"https:\/\/sisu.ut.ee\/wp-content\/uploads\/sites\/893\/optomicslogo_nobackground.png 1001w, https:\/\/sisu.ut.ee\/wp-content\/uploads\/sites\/893\/optomicslogo_nobackground-300x118.png 300w, https:\/\/sisu.ut.ee\/wp-content\/uploads\/sites\/893\/optomicslogo_nobackground-768x303.png 768w\" sizes=\"auto, (max-width: 1001px) 100vw, 1001px\"><\/figure><div class=\"wp-block-media-text__content\">\n<h2 class=\"wp-block-heading\">Diabeediuuring (OPTOMICS)<\/h2>\n\n\n\n<p>Selles rahvusvahelises teist t\u00fc\u00fcbi diabeedi uuringus t\u00f6\u00f6tatakse uudse metoodika kallal, mis v\u00f5iks aidata teist t\u00fc\u00fcpi diabeeti paremini prognoosida, j\u00e4lgida ja haigusega kaasnevate t\u00fcsistuste tekkimist ennetada. Piltlikult \u00f6eldes tahavad teadlased laialdase andmestiku ja tehnoloogia abil luua niinimetatud digitaalse kaksiku, mis prognoosiks inimese t\u00f5en\u00e4osust haigestuda diabeeti v\u00f5i teeks haiguse olemasolul kindlaks kaasuvate haiguste riski.<\/p>\n\n\n\n<div class=\"wp-block-columns is-layout-flex wp-container-core-columns-is-layout-9d6595d7 wp-block-columns-is-layout-flex\">\n<div class=\"wp-block-column is-layout-flow wp-block-column-is-layout-flow\">\n<div class=\"wp-block-buttons is-layout-flex wp-block-buttons-is-layout-flex\">\n<div class=\"wp-block-button has-custom-width wp-block-button__width-100\"><a class=\"wp-block-button__link wp-element-button\" href=\"https:\/\/geenidoonor.ee\/diabeediuuring\">Diabeediuuring (eesti keeles)<\/a><\/div>\n<\/div>\n<\/div>\n\n\n\n<div class=\"wp-block-column is-layout-flow wp-block-column-is-layout-flow\">\n<div class=\"wp-block-buttons is-layout-flex wp-block-buttons-is-layout-flex\">\n<div class=\"wp-block-button has-custom-width wp-block-button__width-100\"><a class=\"wp-block-button__link wp-element-button\" href=\"https:\/\/optomics.munichimaging.eu\/project\/\">OPTOMICS<\/a><\/div>\n<\/div>\n<\/div>\n<\/div>\n<\/div><\/div>\n\n\n\n<div style=\"height:26px\" aria-hidden=\"true\" class=\"wp-block-spacer\"><\/div>\n\n\n\n<div class=\"wp-block-media-text is-stacked-on-mobile is-vertically-aligned-center\" style=\"grid-template-columns:35% auto\"><figure class=\"wp-block-media-text__media\"><img decoding=\"async\" src=\"https:\/\/sisu.ut.ee\/wp-content\/uploads\/sites\/893\/TeamPerMed-logo-pos-rgb.svg\" alt=\"\" class=\"wp-image-185 size-full\"><\/figure><div class=\"wp-block-media-text__content\">\n<h2 class=\"wp-block-heading\">TeamPerMed<\/h2>\n\n\n\n<p>2023. aastal asutatud Tartu \u00dclikooli ja Tartu \u00dclikooli Kliinikumi personaalmeditsiini keskus TeamPerMed on Eesti valitsuse v\u00f5tmet\u00e4htsusega teaduspartner personaalmeditsiini edendamisel ja tervishoiu \u00fcmberkujundamisel. TeamPerMedi multidistsiplinaarne uurimis- ja koolituskeskus \u00fchendab genoomika, bioinformaatika, andmeteaduse, kliinilise meditsiini, rahvatervise ja sotsiaal-majandusliku anal\u00fc\u00fcsi ekspertteadmised.<\/p>\n\n\n\n<div class=\"wp-block-buttons is-layout-flex wp-block-buttons-is-layout-flex\">\n<div class=\"wp-block-button has-custom-width wp-block-button__width-100\"><a class=\"wp-block-button__link wp-element-button\" href=\"https:\/\/sisu.ut.ee\/permedcenter\/\">TeamPerMed<\/a><\/div>\n<\/div>\n<\/div><\/div>\n\n\n\n<div style=\"height:26px\" aria-hidden=\"true\" class=\"wp-block-spacer\"><\/div>\n\n\n\n<div class=\"wp-block-media-text is-stacked-on-mobile is-vertically-aligned-center\" style=\"grid-template-columns:35% auto\"><figure class=\"wp-block-media-text__media\"><img loading=\"lazy\" decoding=\"async\" width=\"1024\" height=\"560\" src=\"https:\/\/sisu.ut.ee\/wp-content\/uploads\/sites\/893\/INTERVENE-logo-1-1024x560.png\" alt=\"\" class=\"wp-image-152 size-full\" srcset=\"https:\/\/sisu.ut.ee\/wp-content\/uploads\/sites\/893\/INTERVENE-logo-1-1024x560.png 1024w, https:\/\/sisu.ut.ee\/wp-content\/uploads\/sites\/893\/INTERVENE-logo-1-300x164.png 300w, https:\/\/sisu.ut.ee\/wp-content\/uploads\/sites\/893\/INTERVENE-logo-1-768x420.png 768w, https:\/\/sisu.ut.ee\/wp-content\/uploads\/sites\/893\/INTERVENE-logo-1.png 1301w\" sizes=\"auto, (max-width: 1024px) 100vw, 1024px\"><\/figure><div class=\"wp-block-media-text__content\">\n<h2 class=\"wp-block-heading\">INTERVENE<\/h2>\n\n\n\n<p>Genoomi sekveneerimise ja teiste molekulaarsete profiilide koostamise meetodite esilekerkimine koos tervishoiu andmekogude digitaliseerimisega on loonud enneolematud v\u00f5imalused paremateks raviv\u00f5imalusteks. INTERVENE on rahvusvaheline ja interdistsiplinaarne konsortsium, mis p\u00fc\u00fcab \u00e4ra kasutada neid tohutuid, kuid alakasutatud andmeressursse, et luua kliiniliselt kasutatavaid teadmisi haiguste ja \u00fcksikisikutele kohandatud raviv\u00f5imaluste paremaks m\u00f5istmiseks.<\/p>\n\n\n\n<div class=\"wp-block-buttons is-layout-flex wp-block-buttons-is-layout-flex\">\n<div class=\"wp-block-button has-custom-width wp-block-button__width-100\"><a class=\"wp-block-button__link wp-element-button\" href=\"https:\/\/endotargetproject.eu\/\">ENDOTARGET<\/a><\/div>\n<\/div>\n<\/div><\/div>\n\n\n\n<div style=\"height:137px\" aria-hidden=\"true\" class=\"wp-block-spacer\"><\/div>\n\n\n\n<h2 class=\"wp-block-heading\">Teised Eesti teaduse tippkeskused<\/h2>\n\n\n\n<p>Teaduse tippkeskused \u00fchendavad l\u00e4hedaste uurimisteemadega tegelevaid k\u00f5rgetasemelisi teadusr\u00fchmi, et teha rahvusvahelist tippteadust\u00f6\u00f6d ning arendada ja rakendada uuenduslikke ideid. Tippkeskused loovad eeldusi Eesti teaduse koost\u00f6\u00f6- ja konkurentsiv\u00f5ime tugevdamiseks Euroopa teadusruumis.<\/p>\n\n\n\n<p>Tippkeskuste t\u00f6\u00f6d toetatakse Eesti riigi eelarvest.<\/p>\n\n\n\n<p>Tartu \u00dclikool juhib kuut ja on partneriks neljas tippkeskuses.<\/p>\n\n\n\n<p><strong>Tippkeskuste rahastusperiood:\u00a0<\/strong>01.01.2024\u201331.12.2030<\/p>\n\n\n<div class=\"wide-accordion-block page-section page-section--wide\">\n\t\t<div class=\"container-fluid g-0\">\n\t\t\t\t\t\t\t<div class=\"wide-accordion-item\">\n\t\t\t\t\t<a class=\"wide-accordion-btn btn w-100 text-start\" data-bs-toggle=\"collapse\" href=\"#w-accordion-69d03b87b5d59-collapse-1\" role=\"button\" aria-expanded=\"false\" aria-controls=\"w-accordion-69d03b87b5d59-collapse-1\">\n\t\t\t\t\t\t<div class=\"row\">\n\t\t\t\t\t\t\t<div class=\"col-xl-6 offset-xl-3\">\n\t\t\t\t\t\t\t\t<h2 class=\"wide-accordion-btn__title h3 mb-0 text-white\">\n\t\t\t\t\t\t\t\t\tJ\u00e4tkusuutliku rohevesiniku ja energiatehnoloogia tippkeskus\n\t\t\t\t\t\t\t\t<\/h2>\n\t\t\t\t\t\t\t<\/div>\n\t\t\t\t\t\t<\/div>\n\t\t\t\t\t<\/a>\n\t\t\t\t\t<div class=\"collapse\" id=\"w-accordion-69d03b87b5d59-collapse-1\">\n\t\t\t\t\t\t<div class=\"card card-body px-2\">\n\t\t\t\t\t\t\t<div class=\"row\">\n\t\t\t\t\t\t\t\t<div class=\"col-xl-6 offset-xl-3 py-4\">\n\t\t\t\t\t\t\t\t\t<p>Tippkeskus \u00fchendab maailmatasemel roheenergiatehnoloogia uurimisr\u00fchmad Eestis. Tippkeskus keskendub uudsete suure energiatihedusega k\u00fctuseelementide, elektrol\u00fc\u00fcserite, akude, superkondensaatorite, \u00f5hukesekihiliste vesinikusalvestite, t\u00f5husate valgusallikate ning keskkonnahoidlike ja kulut\u00f5husate hoonetesse integreeritavate \u00f5hukesekihiliste fotoelementide arendamisele.<\/p>\n<p>Vesiniku ja energia tootmise ja salvestamise t\u00e4iustatud seadmete esitlemiseks rajatakse demokeskus, et n\u00e4idata neid t\u00f6\u00f6olukorras ning otsida koost\u00f6\u00f6s ettev\u00f5tetega v\u00f5imalusi uute seadmete tootmiseks ja tehnoloogiate turulej\u00f5udmiseks. Tippkeskuse konkurentsieeliseks on uudsed arvutuslikud ja tipptasemel operando-elektrokeemilised s\u00fcnkrotron- ja neutronkiirguse p\u00f5hised meetodid seadmete ja materjalide uuringuks reaalsetes tingimustes. Tippkeskus koolitab nii bakalaureuse\u00f5ppe \u00fcli\u00f5pilasi, magistrante, doktorante ja teadus-arendus eksperte kui ka poliitikakujundajaid.<\/p>\n<p><a href=\"https:\/\/www.etis.ee\/Portal\/Projects\/Display\/2c832030-6d8f-49c1-8a11-b6cffde8c396\">Loe l\u00e4hemalt<\/a><\/p>\n\n\t\t\t\t\t\t\t\t<\/div>\n\t\t\t\t\t\t\t<\/div>\n\t\t\t\t\t\t<\/div>\n\t\t\t\t\t<\/div>\n\t\t\t\t<\/div>\n\t\t\t\t\t\t\t<div class=\"wide-accordion-item\">\n\t\t\t\t\t<a class=\"wide-accordion-btn btn w-100 text-start\" data-bs-toggle=\"collapse\" href=\"#w-accordion-69d03b87b5d59-collapse-2\" role=\"button\" aria-expanded=\"false\" aria-controls=\"w-accordion-69d03b87b5d59-collapse-2\">\n\t\t\t\t\t\t<div class=\"row\">\n\t\t\t\t\t\t\t<div class=\"col-xl-6 offset-xl-3\">\n\t\t\t\t\t\t\t\t<h2 class=\"wide-accordion-btn__title h3 mb-0 text-white\">\n\t\t\t\t\t\t\t\t\tEesti tehisintellekti tippkeskus\n\t\t\t\t\t\t\t\t<\/h2>\n\t\t\t\t\t\t\t<\/div>\n\t\t\t\t\t\t<\/div>\n\t\t\t\t\t<\/a>\n\t\t\t\t\t<div class=\"collapse\" id=\"w-accordion-69d03b87b5d59-collapse-2\">\n\t\t\t\t\t\t<div class=\"card card-body px-2\">\n\t\t\t\t\t\t\t<div class=\"row\">\n\t\t\t\t\t\t\t\t<div class=\"col-xl-6 offset-xl-3 py-4\">\n\t\t\t\t\t\t\t\t\t<p>Tippkeskus arendab uuenduslikke meetodeid, mis aitavad t\u00f6\u00f6tada v\u00e4lja usaldusv\u00e4\u00e4rseid tehisintellektis\u00fcsteeme. Loodud metoodika abil edendatakse tehisintellekti v\u00f5imekust Eestile olulistes valdkondades, nagu e-valitsemine, tervishoid, \u00e4riprotsesside juhtimine ja k\u00fcberturvalisus.<\/p>\n<p>Alusmudelite, n\u00e4iteks suurte keelemudelite, kasutamine suurendab tehisaru v\u00f5imekust keeruliste andmete t\u00f5lgendamisel ja lahenduste loomisel. Tippkeskuse eesm\u00e4rk on edendada uuenduslikke metoodikaid, millega luua t\u00f5husaid ja usaldusv\u00e4\u00e4rseid anal\u00fc\u00fcsi- ja ennustuss\u00fcsteeme, mis kasutavad alusmudeleid; rakendada juhtimismehhanisme ja piiranguid, et tagada keeruliste tehisintellektis\u00fcsteemide vastavus spetsifikatsioonile; kohandada ja t\u00e4iustada tehisintellektis\u00fcsteeme, et parandada rakenduste t\u00f5husust; ja tagada tehisintellektis\u00fcsteemide turvalisus ja privaatsus.<\/p>\n<p><a href=\"https:\/\/www.etis.ee\/Portal\/Projects\/Display\/97213ae6-cd28-4f84-84c2-ac61f7658670\">Loe l\u00e4hemalt<\/a><\/p>\n\n\t\t\t\t\t\t\t\t<\/div>\n\t\t\t\t\t\t\t<\/div>\n\t\t\t\t\t\t<\/div>\n\t\t\t\t\t<\/div>\n\t\t\t\t<\/div>\n\t\t\t\t\t\t\t<div class=\"wide-accordion-item\">\n\t\t\t\t\t<a class=\"wide-accordion-btn btn w-100 text-start\" data-bs-toggle=\"collapse\" href=\"#w-accordion-69d03b87b5d59-collapse-3\" role=\"button\" aria-expanded=\"false\" aria-controls=\"w-accordion-69d03b87b5d59-collapse-3\">\n\t\t\t\t\t\t<div class=\"row\">\n\t\t\t\t\t\t\t<div class=\"col-xl-6 offset-xl-3\">\n\t\t\t\t\t\t\t\t<h2 class=\"wide-accordion-btn__title h3 mb-0 text-white\">\n\t\t\t\t\t\t\t\t\tPersonaalmeditsiini tippkeskus\n\t\t\t\t\t\t\t\t<\/h2>\n\t\t\t\t\t\t\t<\/div>\n\t\t\t\t\t\t<\/div>\n\t\t\t\t\t<\/a>\n\t\t\t\t\t<div class=\"collapse\" id=\"w-accordion-69d03b87b5d59-collapse-3\">\n\t\t\t\t\t\t<div class=\"card card-body px-2\">\n\t\t\t\t\t\t\t<div class=\"row\">\n\t\t\t\t\t\t\t\t<div class=\"col-xl-6 offset-xl-3 py-4\">\n\t\t\t\t\t\t\t\t\t<p>Personaalmeditsiini tippkeskus keskendub vananeva elanikkonna tervisemurede ennetusele ja leevendamisele. Tippkeskuses hakatakse looma riskimudeleid haiguste prognoosimiseks, v\u00f5ttes arvesse inimeste p\u00e4ritolu, keskkonda ja kultuuri, ning otsitakse haigustega seotud biomarkereid. Suurt t\u00e4helepanu p\u00f6\u00f6ratakse seejuures ka elanikkonna kaasamist puudutavatele k\u00fcsimustele \u2013 personaalmeditsiini rakendamiseks on oluline, et inimesed m\u00f5istaksid enda keskset rolli ja vastutust tervise hoidmisel. N\u00e4iteks uuritakse inimeste ootusi meditsiinis\u00fcsteemile ja seda, missuguseid samme nad on ise n\u00f5us tervise hoidmiseks astuma.<\/p>\n<p><a href=\"https:\/\/www.etis.ee\/Portal\/Projects\/Display\/078bc25c-af88-4ad1-8c6f-fa667a4c304d\">Loe l\u00e4hemalt<\/a><\/p>\n\n\t\t\t\t\t\t\t\t<\/div>\n\t\t\t\t\t\t\t<\/div>\n\t\t\t\t\t\t<\/div>\n\t\t\t\t\t<\/div>\n\t\t\t\t<\/div>\n\t\t\t\t\t\t\t<div class=\"wide-accordion-item\">\n\t\t\t\t\t<a class=\"wide-accordion-btn btn w-100 text-start\" data-bs-toggle=\"collapse\" href=\"#w-accordion-69d03b87b5d59-collapse-4\" role=\"button\" aria-expanded=\"false\" aria-controls=\"w-accordion-69d03b87b5d59-collapse-4\">\n\t\t\t\t\t\t<div class=\"row\">\n\t\t\t\t\t\t\t<div class=\"col-xl-6 offset-xl-3\">\n\t\t\t\t\t\t\t\t<h2 class=\"wide-accordion-btn__title h3 mb-0 text-white\">\n\t\t\t\t\t\t\t\t\tEesti juured: rahvastiku ja kultuuri kujunemise transdistsiplinaarsete uuringute tippkeskus\n\t\t\t\t\t\t\t\t<\/h2>\n\t\t\t\t\t\t\t<\/div>\n\t\t\t\t\t\t<\/div>\n\t\t\t\t\t<\/a>\n\t\t\t\t\t<div class=\"collapse\" id=\"w-accordion-69d03b87b5d59-collapse-4\">\n\t\t\t\t\t\t<div class=\"card card-body px-2\">\n\t\t\t\t\t\t\t<div class=\"row\">\n\t\t\t\t\t\t\t\t<div class=\"col-xl-6 offset-xl-3 py-4\">\n\t\t\t\t\t\t\t\t\t<p>Tippkeskus selgitab humanitaaria ja loodusteaduste koost\u00f6\u00f6s Eesti ja naaberalade kultuurilise ja geneetilise mitmekesisuse kujunemislugu. Tippkeskuse fookuses on evolutsioon \u2013 muutused ajas ja ruumis \u2013 selle m\u00f5iste k\u00f5ige mitmekesisemates ilmingutes. Selleks luuakse uuenduslik, eri valdkondi ja meetodeid l\u00f5imiv erialade\u00fclene raamistik inimeste, kultuuride ja keskkonna vastasm\u00f5jude uurimiseks. Tippkeskus uurib L\u00e4\u00e4nemere idakalda rahvaid ja kultuure kujundanud protsesse viimase j\u00e4\u00e4aja j\u00e4rgse asustuse algusest t\u00e4naseni, l\u00e4htudes areaalsest ja \u00f6koloogilisest taustast. Teadust\u00f6\u00f6 kaardistab inimpopulatsioone ja kultuuriilminguid ning neid m\u00f5jutanud abiootilisi (kliima) ja biootilisi (taimed, loomad) tegureid. Tuginedes arheogeneetika, kultuuri- ja keeleuuringute ning paleo\u00f6koloogia koost\u00f6\u00f6s loodavatele paik- ja piirkondlikele t\u00e4ppisandmetele, loovad teadlased detailseid teadmisi siinsete alade rahvastiku ja eripalgelise kultuuri kujunemisest Euroopa kontekstis.<\/p>\n<p><a href=\"https:\/\/www.etis.ee\/Portal\/Projects\/Display\/ebe25f4c-1134-49e7-a208-682dc763b536\">Loe l\u00e4hemalt<\/a><\/p>\n\n\t\t\t\t\t\t\t\t<\/div>\n\t\t\t\t\t\t\t<\/div>\n\t\t\t\t\t\t<\/div>\n\t\t\t\t\t<\/div>\n\t\t\t\t<\/div>\n\t\t\t\t\t\t\t<div class=\"wide-accordion-item\">\n\t\t\t\t\t<a class=\"wide-accordion-btn btn w-100 text-start\" data-bs-toggle=\"collapse\" href=\"#w-accordion-69d03b87b5d59-collapse-5\" role=\"button\" aria-expanded=\"false\" aria-controls=\"w-accordion-69d03b87b5d59-collapse-5\">\n\t\t\t\t\t\t<div class=\"row\">\n\t\t\t\t\t\t\t<div class=\"col-xl-6 offset-xl-3\">\n\t\t\t\t\t\t\t\t<h2 class=\"wide-accordion-btn__title h3 mb-0 text-white\">\n\t\t\t\t\t\t\t\t\tHeaoluteaduste tippkeskus\n\t\t\t\t\t\t\t\t<\/h2>\n\t\t\t\t\t\t\t<\/div>\n\t\t\t\t\t\t<\/div>\n\t\t\t\t\t<\/a>\n\t\t\t\t\t<div class=\"collapse\" id=\"w-accordion-69d03b87b5d59-collapse-5\">\n\t\t\t\t\t\t<div class=\"card card-body px-2\">\n\t\t\t\t\t\t\t<div class=\"row\">\n\t\t\t\t\t\t\t\t<div class=\"col-xl-6 offset-xl-3 py-4\">\n\t\t\t\t\t\t\t\t\t<p>Tippkeskus toob kokku inimest ja tema tegutsemise kontekste uurivad sotsiaal- ja loodusteadlased, et leida uusi viise inimeste heaolu m\u00f5\u00f5tmiseks, m\u00f5istmiseks ning m\u00f5jutamiseks.<\/p>\n<p>Heaolu peegeldab, kuidas on rahuldatud inimeste p\u00f5hivajadused. Selle suurendamine \u00fchiskonnas on nii eesm\u00e4rk omaette kui ka vahend, mis toetab majandusarengut, demokraatiat, s\u00e4ilen\u00f5tkust ja teisi \u00fchiskondlikke v\u00e4\u00e4rtusi. Heaolu suurendamine vajab eri teadusvaldkondi \u00fchendavat l\u00e4henemist, sest see s\u00f5ltub paljudest inimese ja tema elukeskkonna teguritest bioloogilisel, ps\u00fchholoogilisel ja sotsiaalsel anal\u00fc\u00fcsitasemel, moodustades komplekss\u00fcsteemi. Tippkeskuse teadlased uurivad:<\/p>\n<ul>\n<li>Millised bio-ps\u00fchholoogilised ja sotsiaal-ruumilised omadused on seotud heaolu p\u00fcsivamate komponentidega, n\u00e4iteks eluga rahulolu?<\/li>\n<li>Kuidas rulluvad inimestes lahti heaolu d\u00fcnaamilised komponendid, n\u00e4iteks emotsioonid?<\/li>\n<li>Kuidas inimesed ise oma heaolu enesehoole \u00f6kos\u00fcsteemides m\u00f5istavad ja juhivad?<\/li>\n<li>Kuidas heaolu isikustatud ja kohandatud sekkumistega edendada?<\/li>\n<\/ul>\n<p><a href=\"http:\/\/etis.ee\/Portal\/Projects\/Display\/822947c8-6e66-494a-8f2d-9e728d2a6b87\">Loe l\u00e4hemalt<\/a><\/p>\n\n\t\t\t\t\t\t\t\t<\/div>\n\t\t\t\t\t\t\t<\/div>\n\t\t\t\t\t\t<\/div>\n\t\t\t\t\t<\/div>\n\t\t\t\t<\/div>\n\t\t\t\t\t\t\t<div class=\"wide-accordion-item\">\n\t\t\t\t\t<a class=\"wide-accordion-btn btn w-100 text-start\" data-bs-toggle=\"collapse\" href=\"#w-accordion-69d03b87b5d59-collapse-6\" role=\"button\" aria-expanded=\"false\" aria-controls=\"w-accordion-69d03b87b5d59-collapse-6\">\n\t\t\t\t\t\t<div class=\"row\">\n\t\t\t\t\t\t\t<div class=\"col-xl-6 offset-xl-3\">\n\t\t\t\t\t\t\t\t<h2 class=\"wide-accordion-btn__title h3 mb-0 text-white\">\n\t\t\t\t\t\t\t\t\tKestliku maakasutuse tippkeskus\n\t\t\t\t\t\t\t\t<\/h2>\n\t\t\t\t\t\t\t<\/div>\n\t\t\t\t\t\t<\/div>\n\t\t\t\t\t<\/a>\n\t\t\t\t\t<div class=\"collapse\" id=\"w-accordion-69d03b87b5d59-collapse-6\">\n\t\t\t\t\t\t<div class=\"card card-body px-2\">\n\t\t\t\t\t\t\t<div class=\"row\">\n\t\t\t\t\t\t\t\t<div class=\"col-xl-6 offset-xl-3 py-4\">\n\t\t\t\t\t\t\t\t\t<h2><a id=\"heaolu\" class=\"ck-anchor\"><\/a>Heaoluteaduste tippkeskus<\/h2>\n\n\t\t\t\t\t\t\t\t<\/div>\n\t\t\t\t\t\t\t<\/div>\n\t\t\t\t\t\t<\/div>\n\t\t\t\t\t<\/div>\n\t\t\t\t<\/div>\n\t\t\t\t\t<\/div>\n\t<\/div>\n\n\n\n<p><\/p>\n\n\n\n<p><strong><a>Partnerina osaleb Tartu \u00dclikool veel j\u00e4rgmistes tippkeskustes<\/a>:<\/strong><\/p>\n\n\n\n<ul class=\"wp-block-list\">\n<li>Fundamentaalne universum<\/li>\n\n\n\n<li>Strateegilise mineraalse ja s\u00fcsiniku-p\u00f5hise ressursi ringmajanduse tippkeskus<\/li>\n\n\n\n<li>Energiat\u00f5hususe tippkeskus<\/li>\n\n\n\n<li>Agro\u00f6koloogia ja uued kultuurid tulevikus<\/li>\n<\/ul>\n","protected":false},"excerpt":{"rendered":"<p>Teised Eesti teaduse tippkeskused Teaduse tippkeskused \u00fchendavad l\u00e4hedaste uurimisteemadega tegelevaid k\u00f5rgetasemelisi teadusr\u00fchmi, et teha rahvusvahelist tippteadust\u00f6\u00f6d ning arendada ja rakendada uuenduslikke ideid. Tippkeskused loovad eeldusi Eesti teaduse koost\u00f6\u00f6- ja konkurentsiv\u00f5ime tugevdamiseks Euroopa teadusruumis. Tippkeskuste t\u00f6\u00f6d toetatakse Eesti riigi eelarvest. Tartu &#8230;<\/p>\n","protected":false},"author":745,"featured_media":192,"parent":0,"menu_order":0,"comment_status":"closed","ping_status":"closed","template":"","meta":{"_acf_changed":false,"inline_featured_image":false,"footnotes":""},"class_list":["post-76","page","type-page","status-publish","has-post-thumbnail","hentry"],"acf":[],"_links":{"self":[{"href":"https:\/\/sisu.ut.ee\/cepm\/wp-json\/wp\/v2\/pages\/76","targetHints":{"allow":["GET"]}}],"collection":[{"href":"https:\/\/sisu.ut.ee\/cepm\/wp-json\/wp\/v2\/pages"}],"about":[{"href":"https:\/\/sisu.ut.ee\/cepm\/wp-json\/wp\/v2\/types\/page"}],"author":[{"embeddable":true,"href":"https:\/\/sisu.ut.ee\/cepm\/wp-json\/wp\/v2\/users\/745"}],"replies":[{"embeddable":true,"href":"https:\/\/sisu.ut.ee\/cepm\/wp-json\/wp\/v2\/comments?post=76"}],"version-history":[{"count":9,"href":"https:\/\/sisu.ut.ee\/cepm\/wp-json\/wp\/v2\/pages\/76\/revisions"}],"predecessor-version":[{"id":187,"href":"https:\/\/sisu.ut.ee\/cepm\/wp-json\/wp\/v2\/pages\/76\/revisions\/187"}],"wp:featuredmedia":[{"embeddable":true,"href":"https:\/\/sisu.ut.ee\/cepm\/wp-json\/wp\/v2\/media\/192"}],"wp:attachment":[{"href":"https:\/\/sisu.ut.ee\/cepm\/wp-json\/wp\/v2\/media?parent=76"}],"curies":[{"name":"wp","href":"https:\/\/api.w.org\/{rel}","templated":true}]}}