{"id":7,"date":"2024-04-04T03:12:59","date_gmt":"2024-04-04T00:12:59","guid":{"rendered":"https:\/\/sisu.ut.ee\/cemce\/publications-20121\/"},"modified":"2024-04-04T03:15:01","modified_gmt":"2024-04-04T00:15:01","slug":"publications-20121","status":"publish","type":"page","link":"https:\/\/sisu.ut.ee\/cemce\/publications-20121\/","title":{"rendered":"CEMCE publications 2021"},"content":{"rendered":"<p>\n\t\u00a0\n<\/p>\n<ul>\n<li>\n\t\tTeppor, M., \u017dusinaite, E. and Merits, A. (2021). Phosphorylation sites in the hypervariable domain in chikungunya virus nsP3 are crucial for viral replication. <i>Journal of Virology, <\/i><b>95<\/b>(9):e02276-20.\u00a0doi: 10.1128\/JVI.02276-20.\n\t<\/li>\n<li>\n\t\tTeppor, M., \u017dusinaite, E., Karo-Astover, L., Omler, A., Rausalu, K., Lulla, V., Lulla, A. and Merits, A. (2021). Semliki forest virus chimeras with functional replicase modules from related alphaviruses survive by adaptive mutations in functionally important hotspots. <i>Journal of Virology, <\/i>doi: 10.1128\/JVI.00973-21\n\t<\/li>\n<li>\n\t\tLello, L.S., Bartholomeeusen, K., Wang, S., Coppens, S., Fragkoudis, R., Alphey, L., Arien, K.K., Merits, A. and Utt, A. (2021). nsP4 is a major determinant of alphavirus replicase activity and template selectivity. <i>Journal of Virology<\/i>, doi: 10.1128\/JVI.00355-21.\n\t<\/li>\n<li>\n\t\tSzemiel, A.M., Merits, A., Orton, R.J., MacLean, O.A., Pinto, R.M., Wickenhagen, A., Lieber, G., Turnbull, M.L., Wang, S., Furnon, W., Suarez, N., Mair. D., Filipe, A.S., Willett, B.J., Wilson, J.S., Patel, A.H., Thomson, E.C., Palmarini, M., Kohl, A., and Stewart, M.E. In vitro selection of Remdesivir resistance suggests evolutionary predictability of SARS-CoV-2. <i>PLoS Pathogens<\/i>, https:\/\/doi.org\/10.1371\/journal.ppat.1009929\n\t<\/li>\n<li>\n\t\tK\u00f5llo M, Kasari M, Kasari V, Pehk T, J\u00e4rving I, Lopp M,\u00a0J\u00f5ers A, Kanger T. Beilstein Designed whole-cell-catalysis-assisted synthesis of 9,11-secosterols.J Org Chem. 2021 Mar 1;17:581-588. doi: 10.3762\/bjoc.17.52. eCollection 2021.PMID:\u00a033747232\u00a0\n\t<\/li>\n<li>\n\t\tKerkez I, Tulkens PM, Tenson T, Van Bambeke F, Putrin\u0161 M. Uropathogenic Escherichia coli Shows Antibiotic Tolerance and Growth Heterogeneity in an\u00a0<i>In Vitro<\/i>\u00a0Model of Intracellular Infection. Antimicrob Agents Chemother. 2021 Nov 17;65(12):e0146821. doi: 10.1128\/AAC.01468-21. Epub 2021 Sep 27.PMID:\u00a034570646\n\t<\/li>\n<li>\n\t\tKurata T, Brodiazhenko T, Alves Oliveira SR, Roghanian M, Sakaguchi Y, Turnbull KJ, Bulvas O, Takada H, Tamman H, Ainelo A, Pohl R, Rejman D, Tenson T, Suzuki T, Garcia-Pino A, Atkinson GC, Hauryliuk V. RelA-SpoT Homolog toxins pyrophosphorylate the CCA end of tRNA to inhibit protein synthesis.Mol Cell. 2021 Aug 5;81(15):3160-3170.e9. doi: 10.1016\/j.molcel.2021.06.005. Epub 2021 Jun 25.PMID:\u00a034174184\u00a0\n\t<\/li>\n<li>\n\t\tPochopien AA, Beckert B, Kasvandik S, Berninghausen O, Beckmann R,\u00a0Tenson T, Wilson DN.Structure of Gcn1 bound to stalled and colliding 80S ribosomes.Proc Natl Acad Sci U S A. 2021 Apr 6;118(14):e2022756118. doi: 10.1073\/pnas.2022756118.PMID:\u00a033790014\u00a0\n\t<\/li>\n<li>\n\t\tK\u00f5iv V,\u00a0Tenson T. Gluten-degrading bacteria: availability and applications.Appl Microbiol Biotechnol. 2021 Apr;105(8):3045-3059. doi: 10.1007\/s00253-021-11263-5. Epub 2021 Apr 10.PMID:\u00a033837830\u00a0\n\t<\/li>\n<li>\n\t\tCrowe-McAuliffe C, Takada H, Murina V, Polte C, Kasvandik S,\u00a0Tenson T, Ignatova Z, Atkinson GC, Wilson DN, Hauryliuk V. Structural Basis for Bacterial Ribosome-Associated Quality Control by RqcH and RqcP. Mol Cell. 2021 Jan 7;81(1):115-126.e7. doi: 10.1016\/j.molcel.2020.11.002. Epub 2020 Nov 30.PMID:\u00a033259810\n\t<\/li>\n<li>\n\t\tTakada H, Crowe-McAuliffe C, Polte C, Sidorova ZY, Murina V, Atkinson GC, Konevega AL, Ignatova Z, Wilson DN,\u00a0Hauryliuk V. RqcH and RqcP catalyze processive poly-alanine synthesis in a reconstituted ribosome-associated quality control system.Nucleic Acids Res. 2021 Aug 20;49(14):8355-8369. doi: 10.1093\/nar\/gkab589.PMID:\u00a034255840\u00a0\n\t<\/li>\n<li>\n\t\tRoghanian M, Van Nerom K, Takada H, Caballero-Montes J, Tamman H, Kudrin P, Talavera A, Dzhygyr I, Ekstr\u00f6m S, Atkinson GC, Garcia-Pino A,\u00a0Hauryliuk V. (p)ppGpp controls stringent factors by exploiting antagonistic allosteric coupling between catalytic domains.Mol Cell. 2021 Aug 19;81(16):3310-3322.e6. doi: .1016\/j.molcel.2021.07.026.PMID:\u00a034416138\u00a0\n\t<\/li>\n<li>\n\t\tCrowe-McAuliffe C, Murina V, Turnbull KJ, Kasari M, Mohamad M, Polte C, Takada H, Vaitkevicius K, Johansson J, Ignatova Z, Atkinson GC, O\u2019Neill AJ,\u00a0Hauryliuk V, Wilson DN. Structural basis of ABCF-mediated resistance to pleuromutilin, lincosamide, and streptogramin A antibiotics in Gram-positive pathogens. Nat Commun. 2021 Jun 11;12(1):3577. doi: 10.1038\/s41467-021-23753-1.\n\t<\/li>\n<li>\n\t\tJalakas P, Nuhkat M, Vahisalu T, Merilo E, Brosche M, Kollist H. (2021a). Combined Action of Guard Cell Plasma Membrane Rapid- and Slow-Type Anion Channels in Stomatal Regulation. <i>Plant Physiology<\/i>, doi.org\/10.1093\/plphys\/kiab202.\u00a0\n\t<\/li>\n<li>\n\t\tJalakas P, Takahashi Y, Waadt R, Schroeder, JIS, Merilo E. (2021b) Molecular mechanism of\u00a0stomatal closure in response to rising vapor pressure deficit. Viewpoint article, <i>New Phytologist <\/i>232: 468-475. https:\/\/doi.org\/10.1111\/nph.17592.\n\t<\/li>\n<li>\n\t\tHsu P-K, Takahashi Y, Merilo E, Costa A, Zhang L, Kernig, K, Lee KH, Schroeder JI (2021) Raf-like kinases and receptor-like pseudokinase GHR1 are required for stomatal vapor pressure difference response.\u00a0 <i>PNAS <\/i>doi: 10.1073\/pnas.2107280118.\n\t<\/li>\n<li>\n\t\tNuhkat M, Brosche M, Stoelzle-Feix S, Dietrich P, Hedrich R, Roelfsema MRG, Kollist H (2021) Rapid depolarization and cytosolic calcium increase go hand-in-hand in mesophyll cells\u2019 ozone response. <i>New Phytologist, <\/i>232: 1692-1702. https:\/\/doi.org\/10.1111\/nph.17711\n\t<\/li>\n<li>\n\t\tWaadt R,\u00a0 Kudla J, Kollist H (2021) Multiparameter in vivo imaging in plants using genetically encoded fluorescent indicator multiplexing. <i>Plant Physiology<\/i>, 187: 537\u2013549. https:\/\/doi.org\/10.1093\/plphys\/kiab399\n\t<\/li>\n<li>\n\t\tZamora O, Schulze S, Azoulay-Shemer T, Parik H, Unt J, Brosche M, Schroeder JI, Yarmolinsky D, Kollist, H (2021) Jasmonic acid and salicylic acid play minor roles in stomatal regulation by CO2, abscisic acid, darkness, vapor pressure deficit and ozone. <i>The Plant Journal, https:\/\/doi.org\/10.1111\/tpj.15430<\/i>.\n\t<\/li>\n<li>\n\t\tMorales LO, Shapiguzov A, Safronov O, Lepp\u00e4l\u00e4 J, Vaahtera L, Yarmolinsky D, Kollist H, Brosch\u00e9 M (2021) Ozone responses in Arabidopsis: beyond stomatal conductance. <i>Plant Physiology<\/i>, 186: 180\u2013192. doi: 10.1093\/plphys\/kiab097\n\t<\/li>\n<li>\n\t\tAasumets, K., Basikhina, Y., Pohjoism\u00e4ki, J. L., Goffart, S., Gerhold, J. (2021). TFAM knockdown-triggered mtDNA-nucleoid aggregation and a decrease in mtDNA copy number induce the reorganization of nucleoid populations and mitochondria-associated ER-membrane contacts. <i>Biochemistry and Biophysics Reports <\/i>28: 1\u20138.\u00a0\n\t<\/li>\n<\/ul>\n<p>\n\t\u00a0\n<\/p>\n<ul>\n<li>\n\t\tIvanova, L.; Rausalu, K.; O\u0161eka, M.; Kananovich, D. G.; \u017dusinaite, E.; Tammiku-Taul, J.; Lopp, M.; Merits, A.; Karelson, M. (2021). Novel Analogues of the Chikungunya Virus Protease Inhibitor: Molecular Design, Synthesis, and Biological Evaluation. ACS Omega, 6 (16), 10884\u221210896. DOI: 10.1021\/acsomega.1c00625.\n\t<\/li>\n<li>\n\t\tKaasik, M.; Mart\u00f5nova, J.; Erkman, K.; Metsala, A.; J\u00e4rving, I.; Kanger, T. (2021). Enantioselective Michael addition to vinyl phosphonates via hydrogen bond-enhanced halogen bond catalysis. Chemical Science, 21, 7561\u22127568. DOI: 10.1039\/D1SC01029H.\u00a0\n\t<\/li>\n<li>\n\t\tKaldas, K.; Niidu, A.; Preegel, G.; Uustalu, J. M.; Muldma, K.; Lopp, M. (2021). Aspects of kerogen oxidative dissolution in subcritical water using oxygen from air. Oil Shale, 38 (3), 199\u2212214. DOI: 10.3176\/oil.2021.3.02.\u00a0\n\t<\/li>\n<li>\n\t\tKananovich, D.; Elek, G. Z.; Lopp, M.; Borovkov, V. (2021). Aerobic Oxidations in Asymmetric Synthesis: Catalytic Strategies and Recent Developments. Frontiers in Chemistry, 9. DOI: 10.3389\/fchem.2021.614944.\n\t<\/li>\n<li>\n\t\tKimm, M.; J\u00e4rving, I.; O\u0161eka, M.; Kanger, T. (2021). Asymmetric Organocatalytic [2,3]\u2010Wittig Rearrangement of Cyclohexanone Derivatives. European Journal of Organic Chemistry. DOI: 10.1002\/ejoc.202100435.\n\t<\/li>\n<li>\n\t\tKooli, A.; Shalima, T.; Lopu\u0161anskaja, E.; Paju, A.; Lopp, M. (2021). Selective C-alkylation of substituted naphthols under non-aqueous conditions. Tetrahedron, 95, 132278. DOI: 10.1016\/j.tet.2021.132278.\n\t<\/li>\n<li>\n\t\tLopu\u0161anskaja, E.; Kooli, A.; Paju, A.; J\u00e4rving, I.; Lopp, M. (2021). Towards ortho-selective electrophilic substitution\/addition to phenolates in anhydrous solvents. Tetrahedron, 131935. DOI: 10.1016\/j.tet.2021.131935.\n\t<\/li>\n<li>\n\t\tMurre, A.; Erkman, K.; J\u00e4rving, I.; Kanger, T. (2021). Asymmetric Chemoenzymatic One-Pot Synthesis of \u03b1-Hydroxy Half-Esters. ACS Omega, 6 (31), 20686\u221220698. DOI: 10.1021\/acsomega.1c02973.\n\t<\/li>\n<li>\n\t\tTrubits\u00f5n, D.; Mart\u00f5nova, J.; Kudrja\u0161ova, M.; Erkman; K.; J\u00e4rving, I.; Kanger T. (2021). Enantioselective Organocatalytic Michael Addition to Unsaturated Indolyl Ketones. Organic Letters, 23 (5), 1820\u22121824. DOI: 10.1021\/acs.orglett.1c00222.\n\t<\/li>\n<li>\n\t\tB\u00f6hm, M.; Killinger, K.; Dudziak, A.; Pant, P.; J\u00e4nen, K.; Hohoff, S.; Mechtler, K.; \u00d6rd, M.; Loog, M.; Garcia, E.S.; Westermann, S. (2021). Cdc4 phospho-degrons allow differential regulation of ame1&lt;sup&gt;cenp-u&lt;\/sup&gt; protein stability across the cell cycle. eLife, 10. DOI: 10.7554\/eLife.67390.\n\t<\/li>\n<li>\n\t\tFaustova, I.; Bulatovic, L.; Matiyevskaya, F.; Valk, E.; \u00d6rd, M.; Loog, M. (2021). A new linear cyclin docking motif that mediates exclusively S-phase CDK-specific signaling. The EMBO Journal, 40 (2). DOI: 10.15252\/embj.2020105839.\n\t<\/li>\n<li>\n\t\tFaustova, I.; M\u00f6ll, K.; Valk, E.; Loog, M.; \u00d6rd, Ml (2021). Docking to a basic helix promotes specific phosphorylation by G1-Cdk1. International Journal of Molecular Sciences, 22 (17), 9514. DOI: 10.3390\/ijms22179514.\n\t<\/li>\n<li>\n\t\tAsfaha, J.B., \u00d6rd, M., Carlson, C.R., Faustova, I.,\u00a0 Loog, M., Morgan, D.O. (2021). Multisite phosphorylation by Cdk1 initiates delayed negative feedback to control mitotic transcription. Current Biology, Nov 16:S0960-9822(21)01522-0. doi: 10.1016\/j.cub.2021.11.001\n\t<\/li>\n<li>\n\t\tBrumele, B.; Mutso, M.; Telanne, L.; \u00d5unap, K.; Spunde, K.; Abroi, A.; Kurg, R. (2021). Human TRMT112-Methyltransfersae Network consists of seven partners interacting with a common co-factor. International Journal of Molecular Sciences, 22, 13593. DOI: 10.3390\/ijms222413593.\n\t<\/li>\n<li>\n\t\tReinsalu, O.; Samel, A.; Niemeister, E.; Kurg, R. (2021). MAGEA4 Coated Extracellular Vesicles Are Stable and Can Be Assembled In Vitro. International Journal of Molecular Sciences, 22 (10), 5208. DOI: 10.3390\/ijms22105208.\n\t<\/li>\n<li>\n\t\tIvanova, L.; Rausalu, Kai; \u017dusinaite, E.; Tammiku-Taul, J.; Merits, A.; Karelson, M.. 1,3-Thiazolbenzamide Derivatives as Chikungunya Virus nsP2 Protease Inhibitors. <i>ACS Omega<\/i>, 2021, 6 (8), 5786\u22125794. DOI: 10.1021\/acsomega.0c06191. &lt;https:\/\/www.etis.ee\/Portal\/Publications\/Display\/e7200319-fe8a-43bf-908e-447db2ca178f&gt;\n\t<\/li>\n<li>\n\t\tIvanova, L.; Rausalu, K.; O\u0161eka, M.; Kananovich, D. G.; \u017dusinaite, E.; Tammiku-Taul, J.; Lopp, M.; Merits, A.; Karelson, M. Novel Analogues of the Chikungunya Virus Protease Inhibitor: Molecular Design, Synthesis, and Biological Evaluation. <i>ACS Omega<\/i> 2021, 6 (16), 10884\u221210896. DOI: 10.1021\/acsomega.1c00625. &lt;https:\/\/www.etis.ee\/Portal\/Publications\/Display\/87b31ba0-c5e6-487e-b563-f72fd62aca4b&gt;\n\t<\/li>\n<li>\n\t\tSelberg, S.; \u017dusinaite, E.; Herodes, K.; Seli, N.; Kankuri, E.; Merits, A.; Karelson, M. HIV Replication Is Increased by RNA Methylation METTL3\/METTL14\/WTAP Complex Activators. <i>ACS Omega<\/i> 2021, 6, 24, 15957\u201315963. DOI: 10.1021\/acsomega.1c01626 &lt;https:\/\/www.etis.ee\/Portal\/Publications\/Display\/5a8a6315-df89-4bb0-bd22-6a73edfc6b2e&gt;\n\t<\/li>\n<li>\n\t\tPiir, G.; Sild, S.; Maran, U. Binary and multi-class classification for androgen receptor agonists, antagonists and binders. <i>Chemosphere<\/i>, 2021, <i>262<\/i>, 128313. DOI: https:\/\/doi.org\/10.1016\/j.chemosphere.2020.128313\u00a0\n\t<\/li>\n<li>\n\t\t.Rice, M.; Wong, B.; Oja, M.; Samuels, K.; Williams, A. K.; Fong, F.; Sapse, A.-M.; Maran, U.; Korobkova, E. A. A role of flavonoids in cytochrome c-cardiolipin interactions. <i>Bioorg. Med. Chem.<\/i> 2021, 116043<i>.<\/i> DOI: https:\/\/doi.org\/10.1016\/j.bmc.2021.116043\u00a0\n\t<\/li>\n<li>\n\t\tGarc\u00eda-Sosa, A.T.; Maran, U. Combined Na\u00efve Bayesian, Chemical Fingerprints and Molecular Docking Classifiers to Model and Predict Androgen Receptor Binding Data for Environmentally- and Health-Sensitive Substances. <i>Int. J. Mol. Sci.<\/i> 2021, 22, 6695. DOI: https:\/\/doi.org\/10.3390\/ijms22136695\u00a0\n\t<\/li>\n<li>\n\t\tToots, K. M.; Sild, S.; Leis, J.; Acree Jr., W. E.: Maran, U. The quantitative structure-property relationships for the gas-ionic liquid partition coefficient of a large variety of organic compounds in three ionic liquids, <i>Journal of Molecular Liquids<\/i>, 2021, <i>343<\/i>, 117573. DOI: https:\/\/doi.org\/10.1016\/j.molliq.2021.117573\u00a0\n\t<\/li>\n<li>\n\t\tMalmberg, S.; Arulepp, M.; Laanemets, K.; K\u00e4\u00e4rik, M.; Lahe\u00e4\u00e4r, A.; Tarasova, E.; Vassiljeva, V.; Krasnou, I.; Krumme, A. (2021). The Performance of Fibrous CDC Electrodes in Aqueous and Non-Aqueous Electrolytes. <i>C \u2013 Journal of Carbon Research<\/i>, 2021, 7 (2), 46. DOI: https:\/\/doi.org\/10.1016\/10.3390\/c7020046\u00a0\n\t<\/li>\n<li>\n\t\tKumar, Y.; Kibena\u2010P\u00f5ldsepp, E.; Kozlova, J.; Kikas, A.; K\u00e4\u00e4rik, M.; Aruv\u00e4li, J.; Kisand, V.; Leis, J.; Tamm, A.; Tammeveski, K. Bimetal phthalocyanine\u2010modified carbon nanotube\u2010based bifunctional catalysts for zinc\u2010air batteries. <i>ChemElectroChem<\/i>, 2021, 8 (14), 2662\u22122670. DOI: https:\/\/doi.org\/10.1016\/10.1002\/celc.202100498\u00a0\n\t<\/li>\n<li>\n\t\tSokka, A.; Mooste, M.; K\u00e4\u00e4rik, M.; Gudkova, V.; Kozlova, J.; Kikas, A.; Kisand, V.; Treshchalov, A.; Tamm, A.; Paiste, P.; Aruv\u00e4li, J.; Leis, J.; Krumme, A.; Holdcroft, S.; Cavaliere, S.; Jaouen, F.; Tammeveski, K. Iron and cobalt containing electrospun carbon nanofibre-based cathode catalysts for anion exchange membrane fuel cell. <i>International Journal of Hydrogen Energy<\/i>, 2021, 46 (61), 31275\u221231287. DOI: https:\/\/doi.org\/10.1016\/10.1016\/j.ijhydene.2021.07.025\u00a0\n\t<\/li>\n<li>\n\t\tEstrada, F. G. A.; Miccoli, S.; Aniceto, N.; Garcia-Sosa, A. T.; Guedes, R. C. Exploring EZH2-Proteasome Dual-Targeting Drug Discovery through a Computational Strategy to Fight Multiple Myeloma. <i>Molecules<\/i>, 2021, 26 (18), 5574. DOI: 10.3390\/molecules26185574\u00a0\n\t<\/li>\n<li>\n\t\tLiblekas L, Piirsoo A, Laanemets A, Tombak EM, Laanev\u00e4li A, Ustav E, Ustav M, Piirsoo M. Analysis of the Replication Mechanisms of the Human Papillomavirus Genomes. Front Microbiol. 2021 Oct 18;12:738125. doi: 10.3389\/fmicb.2021.738125. eCollection 2021.\n\t<\/li>\n<li>\n\t\tLototskaja E, Sahharov O, Piirsoo M, Kala M, Ustav M, Piirsoo A. Cyclic AMP-Dependent Protein Kinase Exhibits Antagonistic Effects on the Replication Efficiency of Different Human Papillomavirus Types. J Virol. 2021 Jun 10;95(13):e0025121. doi: 10.1128\/JVI.00251-21. Epub 2021 Jun 10.\n\t<\/li>\n<li>\n\t\tKiisholts K, Kurrikoff K, Arukuusk P, Porosk L, Peters M, Salumets A, Langel \u00dc.Cell-Penetrating Peptide and siRNA-Mediated Therapeutic Effects on Endometriosis and Cancer In Vitro Models. Pharmaceutics. 2021 Oct 5;13(10):1618. doi: 10.3390\/pharmaceutics13101618.PMID: 34683911\n\t<\/li>\n<li>\n\t\tKurrikoff K, Vunk B, Langel \u00dc. Status update in the use of cell-penetrating peptides for the delivery of macromolecular therapeutics. Expert Opin. Biol. Ther. 2021 Mar;21(3):361-370. doi: 10.1080\/14712598.2021.1823368. PMID: 32938243\n\t<\/li>\n<li>\n\t\tKurrikoff K, Oskolkov N, Eriste E, Langel \u00dc. Design and Synthesis of a Peptide-Based Glioma-Targeted Drug Delivery Vector gHope2. Methods Mol Biol. 2021;2355:117-129. doi: 10.1007\/978-1-0716-1617-8_11.PMID: 34386955\n\t<\/li>\n<li>\n\t\tPorosk,L., P\u00f5hako, K., Arukuusk, P. and Langel, \u00dc. Cell-Penetrating Peptides Predicted From CASC3, AKIP1, and AHRR Proteins.\u00a0 Front. Pharmacol., 24 August 2021 | https:\/\/doi.org\/10.3389\/fphar.2021.716226\n\t<\/li>\n<li>\n\t\tde Mello, L.R., PoroskL., Louren\u00e7o, T.C., Garcia, B.B.M., Costa, C.A.R, Han, S.W., de Souza, J.S., Langel, \u00dc. and da Silva, E.R. Amyloid-like Self-Assembly of a Hydrophobic Cell-Penetrating Peptide and Its Use as a Carrier for Nucleic Acids.\u00a0 ACS Appl. Bio Mater. 2021, 4, 8, 6404\u20136416 Publication Date:August 4, 2021 https:\/\/doi.org\/10.1021\/acsabm.1c00601\n\t<\/li>\n<\/ul>\n<p>\u00a0<\/p>\n","protected":false},"excerpt":{"rendered":"<p>\u00a0 Teppor, M., \u017dusinaite, E. and Merits, A. (2021). Phosphorylation sites in the hypervariable domain in chikungunya virus nsP3 are crucial for viral replication. Journal of Virology, 95(9):e02276-20.\u00a0doi: 10.1128\/JVI.02276-20. Teppor, M., \u017dusinaite, E., Karo-Astover, L., Omler, A., Rausalu, K., Lulla, &#8230;<\/p>\n","protected":false},"author":39,"featured_media":0,"parent":0,"menu_order":0,"comment_status":"closed","ping_status":"closed","template":"","meta":{"_acf_changed":false,"inline_featured_image":false,"footnotes":""},"class_list":["post-7","page","type-page","status-publish","hentry"],"acf":[],"_links":{"self":[{"href":"https:\/\/sisu.ut.ee\/cemce\/wp-json\/wp\/v2\/pages\/7","targetHints":{"allow":["GET"]}}],"collection":[{"href":"https:\/\/sisu.ut.ee\/cemce\/wp-json\/wp\/v2\/pages"}],"about":[{"href":"https:\/\/sisu.ut.ee\/cemce\/wp-json\/wp\/v2\/types\/page"}],"author":[{"embeddable":true,"href":"https:\/\/sisu.ut.ee\/cemce\/wp-json\/wp\/v2\/users\/39"}],"replies":[{"embeddable":true,"href":"https:\/\/sisu.ut.ee\/cemce\/wp-json\/wp\/v2\/comments?post=7"}],"version-history":[{"count":1,"href":"https:\/\/sisu.ut.ee\/cemce\/wp-json\/wp\/v2\/pages\/7\/revisions"}],"predecessor-version":[{"id":414,"href":"https:\/\/sisu.ut.ee\/cemce\/wp-json\/wp\/v2\/pages\/7\/revisions\/414"}],"wp:attachment":[{"href":"https:\/\/sisu.ut.ee\/cemce\/wp-json\/wp\/v2\/media?parent=7"}],"curies":[{"name":"wp","href":"https:\/\/api.w.org\/{rel}","templated":true}]}}