{"id":52,"date":"2024-04-04T03:13:02","date_gmt":"2024-04-04T00:13:02","guid":{"rendered":"https:\/\/sisu.ut.ee\/cemce\/cemce-publications-2023\/"},"modified":"2024-04-04T03:15:00","modified_gmt":"2024-04-04T00:15:00","slug":"cemce-publications-2023","status":"publish","type":"page","link":"https:\/\/sisu.ut.ee\/cemce\/cemce-publications-2023\/","title":{"rendered":"CEMCE Publications 2023"},"content":{"rendered":"<p>\n\t\u00a0\n<\/p>\n<ul>\n<li style=\"text-align: justify\">\n\t\tCowart, A.; Br\u00fck, M.-L.; \u017doglo, N.; Roithmeyer, H.; Uudsemaa, M.; Trummal, A.;\n\t<\/li>\n<\/ul>\n<p style=\"text-align: justify\">\n\tSelke, K.; Aav, R.; Kalenius, E.; Adamson, J. (2023). Solution- and gas-phase study of\n<\/p>\n<p style=\"text-align: justify\">\n\tbinding of ammonium and bisammonium hydrocarbons to oxacalix[4]arene\n<\/p>\n<p style=\"text-align: justify\">\n\tcarboxylate. RSC Advances, 13 (2), 1041-1048. DOI: 10.1039\/D2RA07614D.\n<\/p>\n<ul>\n<li style=\"text-align: justify\">\n\t\tK\u00f5llo, M., R\u00f5uk, K., J\u00e4rving, I., Pehk, T., Lopp, M. (2023) Towards the total synthesis\n\t<\/li>\n<\/ul>\n<p style=\"text-align: justify\">\n\tof 9,11-secosterol: Linking A,B- and D-rings with Michael addition to sulfone-\n<\/p>\n<p style=\"text-align: justify\">\n\tactivated cyclopentenone\n<\/p>\n<ul>\n<li style=\"text-align: justify\">\n\t\t\u00a0H\u00e4rk, H. H., Porosk. J., de Mello L.R., Arukuusk, P., da Silva, E.,R., Kurrikoff,\n\t<\/li>\n<\/ul>\n<p style=\"text-align: justify\">\n\tK.\u201cModification of the Linker Amino Acid in the Cell-Penetrating Peptide NickFect55\n<\/p>\n<p style=\"text-align: justify\">\n\tLeads to Enhanced pDNA Transfection for In Vivo Applications\u201d Pharmaceutics\n<\/p>\n<p style=\"text-align: justify\">\n\t2023, 15, 883. https:\/\/doi.org\/10.3390\/pharmaceutics15030883.\n<\/p>\n<ul>\n<li style=\"text-align: justify\">\n\t\t\u00a0Porosk, L., H\u00e4rk, H.H., Arukuusk, P., Haljasorg, U., Peterson, P., Kurrikoff, K.\u201cThe\n\t<\/li>\n<\/ul>\n<p style=\"text-align: justify\">\n\tDevelopment of Cell-Penetrating Peptides for Efficient and Selective In Vivo\n<\/p>\n<p style=\"text-align: justify\">\n\tExpression of mRNA in Spleen Tissue\u201d Pharmaceutics 2023, 15, 952.\n<\/p>\n<p style=\"text-align: justify\">\n\thttps:\/\/doi.org\/10.3390\/pharmaceutics15030952.\n<\/p>\n<ul>\n<li style=\"text-align: justify\">\n\t\tP\u00e4ll T, Luidalepp H, Tenson T, Maiv\u00e4li \u00dc.PLoS Biol. 2023 Mar Mar A field-wide\n\t<\/li>\n<\/ul>\n<p style=\"text-align: justify\">\n\tassessment of differential expression profiling by high-throughput sequencing reveals\n<\/p>\n<p style=\"text-align: justify\">\n\twidespread bias. 2;21(3):e3002007. doi: 10.1371\/journal.pbio.3002007. eCollection\n<\/p>\n<p style=\"text-align: justify\">\n\t2023.\n<\/p>\n<ul>\n<li style=\"text-align: justify\">\n\t\t\u00a0Lorenz K, Preem L, Sagor K, Putrin\u0161 M, Tenson T, Kogermann K Development of In\n\t<\/li>\n<\/ul>\n<p style=\"text-align: justify\">\n\tVitro and Ex Vivo Biofilm Models for the Assessment of Antibacterial Fibrous\n<\/p>\n<p style=\"text-align: justify\">\n\tElectrospun Wound Dressings. Mol Pharm. 2023 Feb 6;20(2):1230-1246. doi:\n<\/p>\n<p style=\"text-align: justify\">\n\t10.1021\/acs.molpharmaceut.2c00902. Epub 2023 Jan 20.\n<\/p>\n<ul>\n<li style=\"text-align: justify\">\n\t\tYeh, C., Wang, Y., Takahashi, Y., Kuusk, K., Paul, K., Arjus, T., Yadlos, O.,\n\t<\/li>\n<\/ul>\n<p style=\"text-align: justify\">\n\tSchroeder, J.,Ilves, I., Garcia-Sosa, A. T., Kollist, H. (2023). MPK12 in stomatal CO2\n<\/p>\n<p style=\"text-align: justify\">\n\tsignaling: function beyond its kinase activity. New Phytologist. DOI:\n<\/p>\n<p style=\"text-align: justify\">\n\t10.1111\/nph.18913.\n<\/p>\n<ul>\n<li style=\"text-align: justify\">\n\t\t\u00a0Muuli, K.; Lyu, X.; Mooste, M.; K\u00e4\u00e4rik, M.; Zulevi, B.; Leis, J.; Yu, H.; Cullen, D.A.;\n\t<\/li>\n<\/ul>\n<p style=\"text-align: justify\">\n\tSerov, A.; Tammeveski, K. (2023). Outstanding platinum group metal-free\n<\/p>\n<p style=\"text-align: justify\">\n\tbifunctional catalysts for rechargeable zinc-air batteries. Electrochimica Acta, 446,\n<\/p>\n<p style=\"text-align: justify\">\n\t142126. DOI:10.1016\/j.electacta.2023.142126.\n<\/p>\n<ul>\n<li style=\"text-align: justify\">\n\t\tAkula, S.; Mooste, M.; Kozlova, J.; K\u00e4\u00e4rik, M.; Treshchalov, A.; Kikas, A.; Kisand,\n\t<\/li>\n<\/ul>\n<p style=\"text-align: justify\">\n\tV.; Aruv\u00e4li, J.; Paiste, P.; Tamm, A.; Leis, J.; Tammeveski, K. (2023). Transition\n<\/p>\n<p style=\"text-align: justify\">\n\tmetal (Fe, Co, Mn, Cu) containing nitrogen-doped porous carbon as efficient oxygen\n<\/p>\n<p style=\"text-align: justify\">\n\treduction electrocatalysts for anion exchange membrane fuel cells. Chemical\n<\/p>\n<p style=\"text-align: justify\">\n\tEngineering Journal, 458, 141468. DOI: 10.1016\/j.cej.2023.141468.\n<\/p>\n<ul>\n<li style=\"text-align: justify\">\n\t\t\u00a0Lilloja, J.; Mooste, M.; Kibena-P\u00f5ldsepp, E.; Sarapuu, A.; Kikas, A.; Kisand, V.;\n\t<\/li>\n<\/ul>\n<p style=\"text-align: justify\">\n\tK\u00e4\u00e4rik, M.; Kozlova, J.; Treshchalov, A.; Paiste, P.; Aruv\u00e4li, J.; Leis, J.; Tamm, A.;\n<\/p>\n<p style=\"text-align: justify\">\n\tHoldcroft, S.; Tammeveski, K. (2023).Cobalt-, iron- and nitrogen-containing ordered\n<\/p>\n<p style=\"text-align: justify\">\n\tmesoporous carbon-based catalysts for anion-exchange membrane fuel cell cathode.\n<\/p>\n<p style=\"text-align: justify\">\n\tElectrochimica Acta, 439, 141676. DOI: 10.1016\/j.electacta.2022.141676.\n<\/p>\n<p style=\"text-align: justify\">\n\t\u00a0<\/p>\n","protected":false},"excerpt":{"rendered":"<p>\u00a0 Cowart, A.; Br\u00fck, M.-L.; \u017doglo, N.; Roithmeyer, H.; Uudsemaa, M.; Trummal, A.; Selke, K.; Aav, R.; Kalenius, E.; Adamson, J. (2023). Solution- and gas-phase study of binding of ammonium and bisammonium hydrocarbons to oxacalix[4]arene carboxylate. RSC Advances, 13 (2), &#8230;<\/p>\n","protected":false},"author":39,"featured_media":0,"parent":0,"menu_order":0,"comment_status":"closed","ping_status":"closed","template":"","meta":{"_acf_changed":false,"inline_featured_image":false,"footnotes":""},"class_list":["post-52","page","type-page","status-publish","hentry"],"acf":[],"_links":{"self":[{"href":"https:\/\/sisu.ut.ee\/cemce\/wp-json\/wp\/v2\/pages\/52","targetHints":{"allow":["GET"]}}],"collection":[{"href":"https:\/\/sisu.ut.ee\/cemce\/wp-json\/wp\/v2\/pages"}],"about":[{"href":"https:\/\/sisu.ut.ee\/cemce\/wp-json\/wp\/v2\/types\/page"}],"author":[{"embeddable":true,"href":"https:\/\/sisu.ut.ee\/cemce\/wp-json\/wp\/v2\/users\/39"}],"replies":[{"embeddable":true,"href":"https:\/\/sisu.ut.ee\/cemce\/wp-json\/wp\/v2\/comments?post=52"}],"version-history":[{"count":1,"href":"https:\/\/sisu.ut.ee\/cemce\/wp-json\/wp\/v2\/pages\/52\/revisions"}],"predecessor-version":[{"id":369,"href":"https:\/\/sisu.ut.ee\/cemce\/wp-json\/wp\/v2\/pages\/52\/revisions\/369"}],"wp:attachment":[{"href":"https:\/\/sisu.ut.ee\/cemce\/wp-json\/wp\/v2\/media?parent=52"}],"curies":[{"name":"wp","href":"https:\/\/api.w.org\/{rel}","templated":true}]}}