{"id":22,"date":"2024-04-04T03:13:00","date_gmt":"2024-04-04T00:13:00","guid":{"rendered":"https:\/\/sisu.ut.ee\/cemce\/cemc-publications-2016-2017\/"},"modified":"2024-04-04T03:15:01","modified_gmt":"2024-04-04T00:15:01","slug":"cemc-publications-2016-2017","status":"publish","type":"page","link":"https:\/\/sisu.ut.ee\/cemce\/cemc-publications-2016-2017\/","title":{"rendered":"CEMCE publications 2016"},"content":{"rendered":"<div class=\"page header-first content-top footer-none\" id=\"page\">\n<div id=\"page-wrapper\">\n<div class=\"container clearfix\" id=\"columns\">\n<div class=\"row hg-container\">\n<div class=\"col-md-12\" id=\"content-column\">\n<div class=\"content-inner\">\n\t\t\t\t\t\tCEMCE publications 2016\n<div class=\"at-panel gpanel panel-display content clearfix\" id=\"content-panels\">\n<div class=\"region region-content-top  \">\n<div class=\"block block-os-pages contextual-links-region\" id=\"block-os-pages-main-content\">\n<div class=\"content\">\n<div class=\"node node-page clearfix\" id=\"node-13336\">\n<div class=\"content\">\n<div class=\"field field-name-body field-type-text-with-summary field-label-hidden\">\n<div class=\"field-items\">\n<div class=\"field-item even\">\n<div>\n<div>\n\t\t\t\t\t\t\t\t\t\t\t\t\t\t\t\t\t\u00a0\n\t\t\t\t\t\t\t\t\t\t\t\t\t\t\t\t<\/div>\n<div>\n<p>\n\t\t\t\t\t\t\t\t\t\t\t\t\t\t\t\t\t\t\u00a0\n\t\t\t\t\t\t\t\t\t\t\t\t\t\t\t\t\t<\/p>\n<ol>\n<li>\n\t\t\t\t\t\t\t\t\t\t\t\t\t\t\t\t\t\t\t\u00a0Jakobson, L.; Vaahtera, L.; T\u00f5ldsepp, K.; Nuhkat, Mi.; Wang, C.; Wang, Y.-S.; H\u00f5rak, H.; Valk, E.; Pechter, P.; Sindarovska, Y.; Tang, J.; Xiao, C.; Xu, Y.; Talas, U. G.; Garc\u00eda-Sosa, A. T.; Kangasj\u00e4rvi, S.; Maran, U.; Remm, M.; Roelfsema, M. R. G.; Hu, H.; Kangasj\u00e4rvi, J.; Loog, M.; Schroeder, J. I.; Kollist, H.; &amp; Brosch\u00e9, M. (2016) Natural Variation in Arabidopsis Cvi-0 Accession Reveals an Important Role of MPK12 in Guard Cell CO2 Signaling.\u00a0<em>PLOS Biology<\/em>\u00a014(12), e2000322. DOI:10.1371\/journal.pbio.200032\u00a0<a href=\"http:\/\/journals.plos.org\/plosbiology\/article?id=10.1371\/journal.pbio.2000322\">[Full Text]<\/a>\u00a0\n\t\t\t\t\t\t\t\t\t\t\t\t\t\t\t\t\t\t<\/li>\n<li>\n\t\t\t\t\t\t\t\t\t\t\t\t\t\t\t\t\t\t\tH\u00f5rak H, Sierla M, T\u00f5ldsepp K, Wang C, Wang YS, Nuhkat M, Valk E, Pechter P, Merilo E, Saloj\u00e4rvi J, Overmyer K,\u00a0Loog M, Brosch\u00e9 M, Schroeder JI, Kangasj\u00e4rvi J, Kollist H. (2016). A Dominant Mutation in the HT1 Kinase Uncovers Roles of MAP Kinases and GHR1 in CO2-Induced Stomatal Closure.\u00a0<em>Plant Cell.<\/em>\u00a0Oct;28(10):2493-2509. DOI:\u00a010.1105\/tpc.16.00131\u00a0(<a href=\"http:\/\/www.plantcell.org\/content\/28\/10\/2493\" target=\"_blank\" rel=\"noopener\">Abstract<\/a>)\n\t\t\t\t\t\t\t\t\t\t\t\t\t\t\t\t\t\t<\/li>\n<li>\n\t\t\t\t\t\t\t\t\t\t\t\t\t\t\t\t\t\t\tDas, P.K.; Puusepp, L.; Varghese, F.S.; Utt, A.; Ahola, T.; Kananovich, D.G.; Lopp, M.; Merits, A.; Karelson, M., (2016) Design and Validation of Novel Chikungunya Virus Protease Inhibitors,\u00a0<em>Antimicrobial Agents and Chemotherapy<\/em>, 60(12), 7382-7395, DOI: 10.1128\/AAC.01421-16.\u00a0<a href=\"https:\/\/sisu.ut.ee\/wp-content\/uploads\/sites\/194\/das_et_al_2016.pdf\" target=\"_blank\" rel=\"noopener\">[Full Text]<\/a>\u00a0\n\t\t\t\t\t\t\t\t\t\t\t\t\t\t\t\t\t\t<\/li>\n<li>\n\t\t\t\t\t\t\t\t\t\t\t\t\t\t\t\t\t\t\tTammiku-Taul, J.; Park, R.; Jaanson, K.; Luberg, K.; Dobchev, D. A.; Kananovich, D.; Noole, A.; Mandel, M.; Kaasik, A.; Lopp, M.; Timmusk, T.; Karelson, M., (2016) Indole-like Trk receptor antagonists.\u00a0<em>European Journal of Medicinal Chemistry<\/em>, 121, 41\u2212552, DOI: 10.1016\/j.ejmech.2016.06.003. (<a href=\"http:\/\/www.sciencedirect.com\/science\/article\/pii\/S0223523416304809\" target=\"_blank\" rel=\"noopener\">Abstract<\/a>)\n\t\t\t\t\t\t\t\t\t\t\t\t\t\t\t\t\t\t<\/li>\n<li>\n\t\t\t\t\t\t\t\t\t\t\t\t\t\t\t\t\t\t\tVarghese, F.S.; Rausalu, K.; Hakanen, M.; Saul, S.; K\u00fcmmerer, B.; Susi, P.; Merits, A.; Ahola, T. (2017). Obatoclax inhibits alphavirus membrane fusion by neutralizing the acidic environment of endocytic compartments.\u00a0<em>Antimicrobial Agents and Chemotherapy<\/em>, pii: AAC.02227-16 (<a href=\"http:\/\/aac.asm.org\/content\/early\/2016\/12\/13\/AAC.02227-16.abstract\" target=\"_blank\" rel=\"noopener\">Abstract)<\/a>\n\t\t\t\t\t\t\t\t\t\t\t\t\t\t\t\t\t\t<\/li>\n<li>\n\t\t\t\t\t\t\t\t\t\t\t\t\t\t\t\t\t\t\tMets T, Lippus M, Schryer D, Liiv A, Kasari V, Paier A, Maiv\u00e4li \u00dc, Remme J,\u00a0Tenson T, Kaldalu N. (2016). Toxins MazF and MqsR cleave Escherichia coli rRNA precursors at multiple sites.\u00a0<em>RNA Biol.<\/em>\u00a02016 Nov 18:1-12. doi: 10.1080\/15476286.2016.1259784. [<a href=\"http:\/\/www.tandfonline.com\/doi\/full\/10.1080\/15476286.2016.1259784\" target=\"_blank\" rel=\"noopener\">Abstract<\/a>]\u00a0\n\t\t\t\t\t\t\t\t\t\t\t\t\t\t\t\t\t\t<\/li>\n<li>\n\t\t\t\t\t\t\t\t\t\t\t\t\t\t\t\t\t\t\tAndresen L,\u00a0Tenson T, Hauryliuk V. (2016). Cationic bactericidal peptide 1018 does not specifically target the stringent response alarmone (p)ppGpp.\u00a0<em>Sci Rep<\/em>. 6:36549. doi: 10.1038\/srep36549.\u00a0<a href=\"http:\/\/www.nature.com\/articles\/srep36549\" target=\"_blank\" rel=\"noopener\">[Full Text]<\/a>\n\t\t\t\t\t\t\t\t\t\t\t\t\t\t\t\t\t\t<\/li>\n<li>\n\t\t\t\t\t\t\t\t\t\t\t\t\t\t\t\t\t\t\tAndresen L, Varik V, Tozawa Y, Jimmy S, Lindberg S,\u00a0Tenson T, Hauryliuk V. (2016). Auxotrophy-based High Throughput Screening assay for the identification of Bacillus subtilis stringent response inhibitors.\u00a0<em>Sci Rep<\/em>. 6:35824. doi: 10.1038\/srep35824.\u00a0\u00a0<a href=\"https:\/\/www.ncbi.nlm.nih.gov\/pmc\/articles\/PMC5075769\/\" target=\"_blank\" rel=\"noopener\">[Full Text]<\/a>\n\t\t\t\t\t\t\t\t\t\t\t\t\t\t\t\t\t\t<\/li>\n<li>\n\t\t\t\t\t\t\t\t\t\t\t\t\t\t\t\t\t\t\tKaldalu N, Hauryliuk V,\u00a0Tenson T. (2016). Persisters-as elusive as ever.<em>Appl Microbiol Biotechnol.<\/em>\u00a0100(15):6545-53. doi: 10.1007\/s00253-016-7648-8. Review.\u00a0<a href=\"https:\/\/www.ncbi.nlm.nih.gov\/pmc\/articles\/PMC4939303\/\" target=\"_blank\" rel=\"noopener\">[Full Text]<\/a>\n\t\t\t\t\t\t\t\t\t\t\t\t\t\t\t\t\t\t<\/li>\n<li>\n\t\t\t\t\t\t\t\t\t\t\t\t\t\t\t\t\t\t\tAndrus Metsala, Sergei \u017dari, and T\u00f5nis Kanger. (2016). Aza-Michael reactions of isatin imines: deeper insight and origin of the stereoselectivity.\u00a0<em>ChemCatChem.<\/em>, 2961 \u2013 2967.\u00a0\u00a0[<a href=\"http:\/\/onlinelibrary.wiley.com\/doi\/10.1002\/cctc.201600584\/abstract\" target=\"_blank\" rel=\"noopener\">Abstract<\/a>\n\t\t\t\t\t\t\t\t\t\t\t\t\t\t\t\t\t\t<\/li>\n<\/ol><\/div>\n<\/div>\n<\/div>\n<\/div>\n<\/div>\n<\/div>\n<\/div>\n<\/div>\n<\/div>\n<\/div>\n<\/div>\n<\/div>\n<\/div>\n<\/div>\n<\/div>\n<div id=\"powerby-login\">\n\t\t\t\u00a0\n\t\t<\/div>\n<\/div>\n<\/div>\n<div id=\"extradiv\">\n\t\u00a0\n<\/div>\n<div class=\"region region-page-bottom  \">\n<div>\n<div id=\"sweaver\">\n<div class=\"clearfix\" id=\"sweaver-tabs\">\n<div class=\"close active-tab\">\n\t\t\t\t\t\u00a0\n\t\t\t\t<\/div>\n<div class=\"tab active-tab sweaver_plugin_advanced\" id=\"tab-sweaver_plugin_advanced\">\n\t\t\t\t\t\u00a0\n\t\t\t\t<\/div>\n<\/div>\n<\/div>\n<\/div>\n<\/div>\n","protected":false},"excerpt":{"rendered":"<p>CEMCE publications 2016 \u00a0 \u00a0 \u00a0Jakobson, L.; Vaahtera, L.; T\u00f5ldsepp, K.; Nuhkat, Mi.; Wang, C.; Wang, Y.-S.; H\u00f5rak, H.; Valk, E.; Pechter, P.; Sindarovska, Y.; Tang, J.; Xiao, C.; Xu, Y.; Talas, U. G.; Garc\u00eda-Sosa, A. T.; Kangasj\u00e4rvi, S.; Maran, &#8230;<\/p>\n","protected":false},"author":39,"featured_media":0,"parent":0,"menu_order":0,"comment_status":"closed","ping_status":"closed","template":"","meta":{"_acf_changed":false,"inline_featured_image":false,"footnotes":""},"class_list":["post-22","page","type-page","status-publish","hentry"],"acf":[],"_links":{"self":[{"href":"https:\/\/sisu.ut.ee\/cemce\/wp-json\/wp\/v2\/pages\/22","targetHints":{"allow":["GET"]}}],"collection":[{"href":"https:\/\/sisu.ut.ee\/cemce\/wp-json\/wp\/v2\/pages"}],"about":[{"href":"https:\/\/sisu.ut.ee\/cemce\/wp-json\/wp\/v2\/types\/page"}],"author":[{"embeddable":true,"href":"https:\/\/sisu.ut.ee\/cemce\/wp-json\/wp\/v2\/users\/39"}],"replies":[{"embeddable":true,"href":"https:\/\/sisu.ut.ee\/cemce\/wp-json\/wp\/v2\/comments?post=22"}],"version-history":[{"count":1,"href":"https:\/\/sisu.ut.ee\/cemce\/wp-json\/wp\/v2\/pages\/22\/revisions"}],"predecessor-version":[{"id":399,"href":"https:\/\/sisu.ut.ee\/cemce\/wp-json\/wp\/v2\/pages\/22\/revisions\/399"}],"wp:attachment":[{"href":"https:\/\/sisu.ut.ee\/cemce\/wp-json\/wp\/v2\/media?parent=22"}],"curies":[{"name":"wp","href":"https:\/\/api.w.org\/{rel}","templated":true}]}}