{"id":109,"date":"2024-04-04T03:13:06","date_gmt":"2024-04-04T00:13:06","guid":{"rendered":"https:\/\/sisu.ut.ee\/cemce\/antibiotics-and-molecular-microbiology-group\/"},"modified":"2024-04-26T16:25:06","modified_gmt":"2024-04-26T13:25:06","slug":"antibiotics-and-molecular-microbiology-group","status":"publish","type":"page","link":"https:\/\/sisu.ut.ee\/cemce\/antibiotics-and-molecular-microbiology-group\/","title":{"rendered":"2. Antibiotics and molecular microbiology group"},"content":{"rendered":"<ul>\n<li>Engineering of bacterial cells<\/li>\n<li>Bioinformatic analysis of protein function<\/li>\n<li>Proteomics<\/li>\n<\/ul>\n<hr>\n<p>Lead\u00a0by\u00a0<a href=\"https:\/\/www.etis.ee\/Portal\/Persons\/Display\/8a1e87b6-2c6b-462f-9132-59528ed913b3?language=ENG&amp;tabId=CV_ENG\" target=\"_blank\" rel=\"noopener\">Tanel Tenson\u00a0<\/a>PhD Professor<\/p>\n<table class=\"table table-hover\" style=\"width: 717px; height: 383px;\" border=\"0\">\n<tbody>\n<tr>\n<td align=\"right\" valign=\"top\">\n<p>Vasili Hauryliuk<\/p>\n<p>Niilo Kaldalu<\/p>\n<p>\u00dclo Maiv\u00e4li<\/p>\n<p>Yasuhiko Irie<\/p>\n<p>Marta Putrin\u0161<\/p>\n<p>Toomas Mets<\/p><\/td>\n<td valign=\"top\">\n<p>PhD Senior researcher<\/p>\n<p>PhD Senior researcher<\/p>\n<p>PhD Senior Researcher<\/p>\n<p>PhD Researcher<\/p>\n<p>PhD Researcher<\/p>\n<p>PhD Researcher<\/p><\/td>\n<td valign=\"top\">\n<p><strong>PhD students:<\/strong><\/p>\n<p>Georg Lanno<\/p>\n<p>Thi Thanh Mai Duong<\/p>\n<p>Agnese La Mensa<\/p>\n<p>Ivana Kerkez<\/p>\n<p>Mariliis Hinnu<\/p>\n<p>Liis Preem<\/p>\n<p>Jelena Kiprovskaja laborispetsialist<\/p><\/td>\n<\/tr>\n<\/tbody>\n<\/table>\n<p><img loading=\"lazy\" decoding=\"async\" width=\"2560\" height=\"1402\" class=\"alignnone wp-image-172\" title=\"antibiotics group.jpg\" src=\"https:\/\/sisu.ut.ee\/wp-content\/uploads\/sites\/194\/suur3_1_of_1_1-scaled.jpg\" alt=\"antibiotics group.jpg\" srcset=\"https:\/\/sisu.ut.ee\/wp-content\/uploads\/sites\/194\/suur3_1_of_1_1-scaled.jpg 2560w, https:\/\/sisu.ut.ee\/wp-content\/uploads\/sites\/194\/suur3_1_of_1_1-300x164.jpg 300w, https:\/\/sisu.ut.ee\/wp-content\/uploads\/sites\/194\/suur3_1_of_1_1-1024x561.jpg 1024w, https:\/\/sisu.ut.ee\/wp-content\/uploads\/sites\/194\/suur3_1_of_1_1-768x421.jpg 768w, https:\/\/sisu.ut.ee\/wp-content\/uploads\/sites\/194\/suur3_1_of_1_1-1536x841.jpg 1536w, https:\/\/sisu.ut.ee\/wp-content\/uploads\/sites\/194\/suur3_1_of_1_1-2048x1121.jpg 2048w, https:\/\/sisu.ut.ee\/wp-content\/uploads\/sites\/194\/suur3_1_of_1_1-1920x1051.jpg 1920w\" sizes=\"auto, (max-width: 2560px) 100vw, 2560px\"><\/p>\n","protected":false},"excerpt":{"rendered":"<p>Engineering of bacterial cells Bioinformatic analysis of protein function Proteomics Lead\u00a0by\u00a0Tanel Tenson\u00a0PhD Professor Vasili Hauryliuk Niilo Kaldalu \u00dclo Maiv\u00e4li Yasuhiko Irie Marta Putrin\u0161 Toomas Mets PhD Senior researcher PhD Senior researcher PhD Senior Researcher PhD Researcher PhD Researcher PhD Researcher &#8230;<\/p>\n","protected":false},"author":39,"featured_media":0,"parent":0,"menu_order":0,"comment_status":"closed","ping_status":"closed","template":"","meta":{"_acf_changed":false,"inline_featured_image":false,"footnotes":""},"class_list":["post-109","page","type-page","status-publish","hentry"],"acf":[],"_links":{"self":[{"href":"https:\/\/sisu.ut.ee\/cemce\/wp-json\/wp\/v2\/pages\/109","targetHints":{"allow":["GET"]}}],"collection":[{"href":"https:\/\/sisu.ut.ee\/cemce\/wp-json\/wp\/v2\/pages"}],"about":[{"href":"https:\/\/sisu.ut.ee\/cemce\/wp-json\/wp\/v2\/types\/page"}],"author":[{"embeddable":true,"href":"https:\/\/sisu.ut.ee\/cemce\/wp-json\/wp\/v2\/users\/39"}],"replies":[{"embeddable":true,"href":"https:\/\/sisu.ut.ee\/cemce\/wp-json\/wp\/v2\/comments?post=109"}],"version-history":[{"count":2,"href":"https:\/\/sisu.ut.ee\/cemce\/wp-json\/wp\/v2\/pages\/109\/revisions"}],"predecessor-version":[{"id":465,"href":"https:\/\/sisu.ut.ee\/cemce\/wp-json\/wp\/v2\/pages\/109\/revisions\/465"}],"wp:attachment":[{"href":"https:\/\/sisu.ut.ee\/cemce\/wp-json\/wp\/v2\/media?parent=109"}],"curies":[{"name":"wp","href":"https:\/\/api.w.org\/{rel}","templated":true}]}}