{"id":5,"date":"2024-04-04T02:49:48","date_gmt":"2024-04-03T23:49:48","guid":{"rendered":"https:\/\/sisu.ut.ee\/cees\/teavitusnouded\/"},"modified":"2024-04-04T02:49:57","modified_gmt":"2024-04-03T23:49:57","slug":"teavitusnouded","status":"publish","type":"page","link":"https:\/\/sisu.ut.ee\/cees\/teavitusnouded\/","title":{"rendered":"Teavitusn\u00f5uded"},"content":{"rendered":"<p style=\"text-align: justify\">Tippkeskuse poolt toetatud tegevuste puhul peab t\u00e4itma teavitusn\u00f5udeid etteantud vormis.<\/p>\n<p style=\"text-align: justify\"><span style=\"text-decoration: underline\">Logo tuleks kasutada<\/span>:<\/p>\n<ul style=\"list-style-type: disc\">\n<li>tippkeskuse poolt v\u00e4ljaantavates publikatsioonides,<\/li>\n<li>\u00fcrituste korraldamisel,<\/li>\n<li>tr\u00fckimaterjalidel, sh posterettekanded,<\/li>\n<li>ettekande slaididel,<\/li>\n<li>kleebisena ostetud asjadel (kleebiseid saab Monika Tasa k\u00e4est).<\/li>\n<\/ul>\n<p style=\"text-align: justify\"><span style=\"text-decoration: underline\">Logo kasutamisel tuleks silmas pidada j\u00e4rgmist<\/span>:\u00a0<\/p>\n<ul style=\"list-style-type: disc\">\n<li>kindlasti kasutage perioodi 2014-2020 logosid,<\/li>\n<li>logo proportsioone ei tohi muuta,<\/li>\n<li>logo valget turvaala ei tohi \u00e4ra kaotada,<\/li>\n<li>logo peab olema loetavas suuruses ja n\u00e4htaval kohal,<\/li>\n<li>v\u00e4rvilist logo ei tohi must-valgelt v\u00e4lja tr\u00fckkida,<\/li>\n<li>eestikeelse teksti juurde eestikeelne logo, v\u00f5\u00f5rkeelse teksti juurde ingliskeelne logo.<\/li>\n<\/ul>\n<p style=\"text-align: justify\">Vt illustratiivset materjali <a href=\"https:\/\/www.riigiteataja.ee\/aktilisa\/1160\/9201\/4001\/VV_146m_lisa.pdf#\" target=\"_blank\" data-url=\"https:\/\/www.riigiteataja.ee\/aktilisa\/1160\/9201\/4001\/VV_146m_lisa.pdf#\" rel=\"noopener\">siit<\/a>.<\/p>\n<p style=\"text-align: justify\"><span style=\"text-decoration: underline\">\u00dcrituste korraldamisel tuleks j\u00e4lgida j\u00e4rgmist<\/span>:\u00a0<\/p>\n<ul style=\"list-style-type: disc\">\n<li>igasugune \u00fcritust puudutav info (listiteated, pressiteated, koduleht, plakat) peab v\u00e4hemalt s\u00f5naliselt sisaldama teavitust. Kus see on v\u00f5imalik, kasutada logo.<\/li>\n<li>\u00fcrituse toimumiskohta peab t\u00e4histama etteantud m\u00f5\u00f5tudes rahastajast teavitav plakat.\u00a0<\/li>\n<li>\u00fcritusest osav\u00f5tjate allkirjalehel peab olema logo.<\/li>\n<\/ul>\n<p style=\"text-align: justify\">Korduvkasutatavad plakatid ning allkirjalehtede p\u00f5hjad saab projektide koordinaatori k\u00e4est.<\/p>\n<p><strong>Euroopa Liidu Regionaalarengu Fondi logod<\/strong><\/p>\n<table class=\"table table-hover\" border=\"0\">\n<tbody>\n<tr>\n<td>Eestikeelsed<\/td>\n<td><\/td>\n<\/tr>\n<tr>\n<td><\/td>\n<td>Horisontaalne\u00a0<a href=\"https:\/\/sisu.ut.ee\/sites\/default\/files\/doktorikool.humanitaarteadused\/files\/el_regionaalarengu_fond_horisontaalne_1.jpg\" target=\"_blank\" rel=\"noopener\">.jpg<\/a>\u00a0ja\u00a0<a href=\"https:\/\/sisu.ut.ee\/sites\/default\/files\/doktorikool.humanitaarteadused\/files\/el_regionaalarengu_fond_horisontaalne.pdf\" target=\"_blank\" rel=\"noopener\">.pdf<\/a>\u00a0formaadis<\/td>\n<\/tr>\n<tr>\n<td><\/td>\n<td>Vertikaalne\u00a0<a href=\"https:\/\/sisu.ut.ee\/sites\/default\/files\/doktorikool.humanitaarteadused\/files\/el_regionaalarengu_fond_vertikaalne.jpg\" target=\"_blank\" rel=\"noopener\">.jpg<\/a>\u00a0ja\u00a0<a href=\"https:\/\/sisu.ut.ee\/sites\/default\/files\/doktorikool.humanitaarteadused\/files\/el_regionaalarengu_fond_vertikaalne.pdf\" target=\"_blank\" rel=\"noopener\">.pdf<\/a>\u00a0formaadis<\/td>\n<\/tr>\n<tr>\n<td><\/td>\n<td>Must-valge horisontaalne\u00a0<a href=\"https:\/\/sisu.ut.ee\/sites\/default\/files\/doktorikool.humanitaarteadused\/files\/el_regionaalarengu_fond_horisontaalne_mv.jpg\" target=\"_blank\" rel=\"noopener\">.jpg<\/a>\u00a0ja\u00a0<a href=\"https:\/\/sisu.ut.ee\/sites\/default\/files\/doktorikool.humanitaarteadused\/files\/el_regionaalarengu_fond_horisontaalne_mv.pdf\" target=\"_blank\" rel=\"noopener\">.pdf<\/a>\u00a0formaadis<\/td>\n<\/tr>\n<tr>\n<td><\/td>\n<td>Must-valge vertikaalne\u00a0<a href=\"https:\/\/sisu.ut.ee\/sites\/default\/files\/doktorikool.humanitaarteadused\/files\/el_regionaalarengu_fond_vertikaalne_mv.jpg\" target=\"_blank\" rel=\"noopener\">.jpg<\/a>\u00a0ja\u00a0<a href=\"https:\/\/sisu.ut.ee\/sites\/default\/files\/doktorikool.humanitaarteadused\/files\/el_regionaalarengu_fond_vertikaalne_mv.pdf\" target=\"_blank\" rel=\"noopener\">.pdf<\/a>\u00a0formaadis<\/td>\n<\/tr>\n<\/tbody>\n<\/table>\n<table class=\"table table-hover\" border=\"0\">\n<tbody>\n<tr>\n<td>Ingliskeelsed<\/td>\n<td><\/td>\n<\/tr>\n<tr>\n<td><\/td>\n<td>Vertikaalne\u00a0<a href=\"https:\/\/sisu.ut.ee\/sites\/default\/files\/doktorikool.humanitaarteadused\/files\/ingl_vertik_varv.jpeg\" target=\"_blank\" rel=\"noopener\">.jpg<\/a>\u00a0ja\u00a0<a href=\"https:\/\/sisu.ut.ee\/sites\/default\/files\/doktorikool.humanitaarteadused\/files\/ingl_vertik_mv.pdf\" target=\"_blank\" rel=\"noopener\">.pdf<\/a>\u00a0formaadis<\/td>\n<\/tr>\n<tr>\n<td><\/td>\n<td>Horisontaalne\u00a0<a href=\"https:\/\/sisu.ut.ee\/sites\/default\/files\/doktorikool.humanitaarteadused\/files\/ingl_horis_varv.jpeg\" target=\"_blank\" rel=\"noopener\">.jpg<\/a>\u00a0ja\u00a0<a href=\"https:\/\/sisu.ut.ee\/sites\/default\/files\/doktorikool.humanitaarteadused\/files\/ingl_horis_varv.pdf\" target=\"_blank\" rel=\"noopener\">.pdf<\/a>\u00a0formaadis<\/td>\n<\/tr>\n<tr>\n<td><\/td>\n<td>Must-valge vertikaalne\u00a0<a href=\"https:\/\/sisu.ut.ee\/sites\/default\/files\/doktorikool.humanitaarteadused\/files\/ingl_vertik_mv.jpeg\" target=\"_blank\" rel=\"noopener\">.jpg<\/a>\u00a0ja\u00a0<a href=\"https:\/\/sisu.ut.ee\/sites\/default\/files\/doktorikool.humanitaarteadused\/files\/ingl_vertik_mv.pdf\" target=\"_blank\" rel=\"noopener\">.pdf<\/a>\u00a0formaadis<\/td>\n<\/tr>\n<tr>\n<td><\/td>\n<td>Must-valge horisontaalne\u00a0<a href=\"https:\/\/sisu.ut.ee\/sites\/default\/files\/doktorikool.humanitaarteadused\/files\/ingl_horis_mv.jpeg\" target=\"_blank\" rel=\"noopener\">.jpg<\/a>\u00a0ja\u00a0<a href=\"https:\/\/sisu.ut.ee\/sites\/default\/files\/doktorikool.humanitaarteadused\/files\/ingl_horis_mv.pdf\" target=\"_blank\" rel=\"noopener\">.pdf<\/a>\u00a0formaadis<\/td>\n<\/tr>\n<\/tbody>\n<\/table>\n<p><strong>Slaidip\u00f5hjad ettekannete jaoks<\/strong><\/p>\n<table class=\"table table-hover\" border=\"0\">\n<tbody>\n<tr>\n<td>Eestikeelsed<\/td>\n<td><\/td>\n<\/tr>\n<tr>\n<td><\/td>\n<td><a href=\"https:\/\/sisu.ut.ee\/sites\/default\/files\/doktorikool.humanitaarteadused\/files\/tu_presentatsioon_sinise_taustaga_est.pptx\" target=\"_blank\" rel=\"noopener\">Sinise taustaga<\/a><\/td>\n<\/tr>\n<tr>\n<td><\/td>\n<td><a href=\"https:\/\/sisu.ut.ee\/sites\/default\/files\/doktorikool.humanitaarteadused\/files\/tu_presentatsioon_valge_taust_est.pptx\" target=\"_blank\" rel=\"noopener\">Valge taustaga<\/a><\/td>\n<\/tr>\n<\/tbody>\n<\/table>\n<table class=\"table table-hover\" border=\"0\">\n<tbody>\n<tr>\n<td>Ingliskeelsed<\/td>\n<td><\/td>\n<\/tr>\n<tr>\n<td><\/td>\n<td><a href=\"https:\/\/sisu.ut.ee\/sites\/default\/files\/doktorikool.humanitaarteadused\/files\/tu_presentatsioon_sinise_taustaga_eng.pptx\" target=\"_blank\" rel=\"noopener\">Sinise taustaga<\/a><\/td>\n<\/tr>\n<tr>\n<td><\/td>\n<td><a href=\"https:\/\/sisu.ut.ee\/sites\/default\/files\/doktorikool.humanitaarteadused\/files\/tu_presentatsioon_valge_taust_eng.pptx\" target=\"_blank\" rel=\"noopener\">Valge taustaga<\/a><\/td>\n<\/tr>\n<\/tbody>\n<\/table>\n<p style=\"text-align: justify\">\n<\/p><p><strong>S\u00f5nalise viite n\u00e4ited:<\/strong><\/p>\n<p style=\"text-align: justify\">This study was supported by the Estonian Ministry of Education and Research (IUTXXX), and by the (European Union) European Regional Development Fund (Centre of Excellence in Estonian Studies).<\/p>\n<p style=\"text-align: justify\">This research has been supported by the Centre of Excellence in Estonian Studies (European Union, European Regional Development Fund) and is related to research project IUTXX (Estonian Ministry of Education and Research).<\/p>\n<p style=\"text-align: justify\">Kirjutise\/artikli valmimist on toetanud Euroopa Liidu Regionaalarengu Fond (Eesti-uuringute tippkeskus), ning see on seotud Eesti Haridus- ja Teadusministeeriumi uurimisprojektiga IUTXX.<\/p>\n<p><strong>\u00a0<\/strong><\/p>\n\n<p>Vaata ka\u00a0<a href=\"http:\/\/archimedes.ee\/str\/teavitamine\/periood-2014-2020\/\" target=\"_blank\" rel=\"noopener\">Archimedese kodulehek\u00fclge<\/a>.<\/p>\n<p><strong>\u00a0<\/strong><\/p>\n","protected":false},"excerpt":{"rendered":"<p>Tippkeskuse poolt toetatud tegevuste puhul peab t\u00e4itma teavitusn\u00f5udeid etteantud vormis. Logo tuleks kasutada: tippkeskuse poolt v\u00e4ljaantavates publikatsioonides, \u00fcrituste korraldamisel, tr\u00fckimaterjalidel, sh posterettekanded, ettekande slaididel, kleebisena ostetud asjadel (kleebiseid saab Monika Tasa k\u00e4est). Logo kasutamisel tuleks silmas pidada j\u00e4rgmist:\u00a0 kindlasti kasutage &#8230;<\/p>\n","protected":false},"author":86,"featured_media":0,"parent":0,"menu_order":0,"comment_status":"closed","ping_status":"closed","template":"","meta":{"_acf_changed":false,"inline_featured_image":false,"footnotes":""},"class_list":["post-5","page","type-page","status-publish","hentry"],"acf":[],"_links":{"self":[{"href":"https:\/\/sisu.ut.ee\/cees\/wp-json\/wp\/v2\/pages\/5","targetHints":{"allow":["GET"]}}],"collection":[{"href":"https:\/\/sisu.ut.ee\/cees\/wp-json\/wp\/v2\/pages"}],"about":[{"href":"https:\/\/sisu.ut.ee\/cees\/wp-json\/wp\/v2\/types\/page"}],"author":[{"embeddable":true,"href":"https:\/\/sisu.ut.ee\/cees\/wp-json\/wp\/v2\/users\/86"}],"replies":[{"embeddable":true,"href":"https:\/\/sisu.ut.ee\/cees\/wp-json\/wp\/v2\/comments?post=5"}],"version-history":[{"count":1,"href":"https:\/\/sisu.ut.ee\/cees\/wp-json\/wp\/v2\/pages\/5\/revisions"}],"predecessor-version":[{"id":54,"href":"https:\/\/sisu.ut.ee\/cees\/wp-json\/wp\/v2\/pages\/5\/revisions\/54"}],"wp:attachment":[{"href":"https:\/\/sisu.ut.ee\/cees\/wp-json\/wp\/v2\/media?parent=5"}],"curies":[{"name":"wp","href":"https:\/\/api.w.org\/{rel}","templated":true}]}}