{"id":3,"date":"2024-04-04T02:49:48","date_gmt":"2024-04-03T23:49:48","guid":{"rendered":"https:\/\/sisu.ut.ee\/cees\/avaleht\/"},"modified":"2024-04-09T04:59:21","modified_gmt":"2024-04-09T01:59:21","slug":"avaleht","status":"publish","type":"page","link":"https:\/\/sisu.ut.ee\/cees\/","title":{"rendered":"Eesti uuringute tippkeskus"},"content":{"rendered":"<p style=\"text-align: justify;\"><strong>Eesti-uuringute tippkeskus<\/strong>\u00a0(CEES) koondab 15 uurimisgruppi, milles osaleb \u00fcle 60 doktorikraadiga teadust\u00f6\u00f6taja ning \u00fcle 50 doktorandi Eesti Kirjandusmuuseumist, Tartu \u00dclikoolist, Eesti Keele Instituudist, Tallinna \u00dclikoolist, Eesti Muusika- ja Teatriakadeemiast ja Tallinna Tehnika\u00fclikoolist.<\/p>\n<p style=\"text-align: justify;\">Tippkeskuse eesm\u00e4rgiks on Eesti uuringud k\u00f5ige laiemas m\u00f5ttes, transkultuuriliste ja emblemaatiliste n\u00e4htuste kompleksne uurimine Eesti keele- ja kultuuriruumis, digihumanitaaria ja arvutianal\u00fc\u00fcsi arendamine.<\/p>\n<p style=\"text-align: justify;\">Keskus tegutseb Eesti Kirjandusmuuseumi juures ja selle juht on juhtivteadur Mare K\u00f5iva.<\/p>\n<p style=\"text-align: justify;\">Projekti kogu maksumus on 4819437,90 eurot.<\/p>\n<p style=\"text-align: justify;\">Projekti perioodiks on 2016-2023.<\/p>\n<p style=\"text-align: justify;\">Number\u00a0struktuuritoetuse riiklikus registris: 2014-2020.4.01.15-0015<\/p>\n<p style=\"text-align: justify;\">Tunnus ETIS-es: TK 145<\/p>\n<p style=\"text-align: justify;\">CEESi ametlik koduleht:\u00a0<a href=\"http:\/\/www.folklore.ee\/CEES\/\" target=\"_blank\" rel=\"noopener\" data-url=\"http:\/\/www.folklore.ee\/CEES\/\">http:\/\/www.folklore.ee\/CEES\/<\/a><\/p>\n<p><strong>Tippkeskuse \u00fcritused: <\/strong>rohkem infot\u00a0<a title=\"\" href=\"https:\/\/folklore.ee\/CEES\/?id=6\" target=\"_blank\" rel=\"noopener\" data-url=\"https:\/\/folklore.ee\/CEES\/?id=6\">siin<\/a><\/p>\n<p style=\"text-align: justify;\">\n<\/p>","protected":false},"excerpt":{"rendered":"<p>Eesti-uuringute tippkeskus\u00a0(CEES) koondab 15 uurimisgruppi, milles osaleb \u00fcle 60 doktorikraadiga teadust\u00f6\u00f6taja ning \u00fcle 50 doktorandi Eesti Kirjandusmuuseumist, Tartu \u00dclikoolist, Eesti Keele Instituudist, Tallinna \u00dclikoolist, Eesti Muusika- ja Teatriakadeemiast ja Tallinna Tehnika\u00fclikoolist. Tippkeskuse eesm\u00e4rgiks on Eesti uuringud k\u00f5ige laiemas m\u00f5ttes, transkultuuriliste &#8230;<\/p>\n","protected":false},"author":86,"featured_media":0,"parent":0,"menu_order":0,"comment_status":"closed","ping_status":"closed","template":"","meta":{"_acf_changed":false,"inline_featured_image":false,"footnotes":""},"class_list":["post-3","page","type-page","status-publish","hentry"],"acf":[],"_links":{"self":[{"href":"https:\/\/sisu.ut.ee\/cees\/wp-json\/wp\/v2\/pages\/3","targetHints":{"allow":["GET"]}}],"collection":[{"href":"https:\/\/sisu.ut.ee\/cees\/wp-json\/wp\/v2\/pages"}],"about":[{"href":"https:\/\/sisu.ut.ee\/cees\/wp-json\/wp\/v2\/types\/page"}],"author":[{"embeddable":true,"href":"https:\/\/sisu.ut.ee\/cees\/wp-json\/wp\/v2\/users\/86"}],"replies":[{"embeddable":true,"href":"https:\/\/sisu.ut.ee\/cees\/wp-json\/wp\/v2\/comments?post=3"}],"version-history":[{"count":3,"href":"https:\/\/sisu.ut.ee\/cees\/wp-json\/wp\/v2\/pages\/3\/revisions"}],"predecessor-version":[{"id":105,"href":"https:\/\/sisu.ut.ee\/cees\/wp-json\/wp\/v2\/pages\/3\/revisions\/105"}],"wp:attachment":[{"href":"https:\/\/sisu.ut.ee\/cees\/wp-json\/wp\/v2\/media?parent=3"}],"curies":[{"name":"wp","href":"https:\/\/api.w.org\/{rel}","templated":true}]}}