{"id":268,"date":"2025-02-04T17:55:48","date_gmt":"2025-02-04T15:55:48","guid":{"rendered":"https:\/\/sisu.ut.ee\/caemc\/?page_id=268"},"modified":"2025-03-19T13:24:55","modified_gmt":"2025-03-19T11:24:55","slug":"talvekool-2025","status":"publish","type":"page","link":"https:\/\/sisu.ut.ee\/caemc\/talvekool-2025\/?lang=et","title":{"rendered":"Talvekool 2025"},"content":{"rendered":"<p><strong>CAEMC vanaaja talvekool doktorantidele ja magistrantidele<\/strong><\/p>\n<p>21. ja 22. veebruaril 2025 toimub Tartus Lossi 3 \u00f5ppehoones religiooniuuringute (Kristin Klaus), klassikalise filoloogia (Beatrice Veidenberg) ning \u00fcldajaloo (Elo-Mall Toomet) doktorantide-nooremteadurite poolt korraldatav talvekool vanaajaga tegelevatele doktorantidele ja magistrantidele. Talvekool toimub konverentsi vormis, kus osalejad teevad oma uurimisteema kohta ettekande ning saavad kaaslastelt ja juhendajatelt tagasisidet ning kommentaare.<\/p>\n<p>Miks selline \u00fcritus? Tartu \u00dclikoolis on hulk noori uurijaid, kelle uurimisteemad on seotud vanaaja Vahemereruumi ja L\u00e4his-Ida keelte, kultuuride, religioonide ning ajalooga, tsivilisatsioonide tekkest kuni hilisantiigini. Nende teemadega aga tegeldakse mitmes erinevas osakonnas ning seega ei pruugi asjaosalised alati teada, milliste k\u00fcsimuste, suundade ja probleemidega kolleegid k\u00f5rvalmajades parajasti silmitsi seisavad.<\/p>\n<p>Talvekool toimub Tartus tegutseva rahvusvahelise L\u00e4his-Ida ja Vahemeremaade vanade kultuuride uurimiskeskuse (CAEMC) egiidi all ning selle eesm\u00e4rk on koost\u00f6\u00f6 s\u00fcvendamine, vastastikuse tagasiside kaudu \u00fcksteise abistamine ning laiemalt vanaaja teemadega tegelemise edendamine Tartu \u00dclikoolis.<\/p>\n<p><strong>Talvekooli kava seisuga 4. veebruar 2025<\/strong><\/p>\n<p><strong>Reede, 21.02.2025<\/strong><\/p>\n<p>16.00 Avas\u00f5nad<\/p>\n<p>16.15\u201317.30 I paneel<\/p>\n<p style=\"padding-left: 40px;\">16.15\u201316.40 <strong>Hanna Kangur<\/strong>, \u201eLykophroni \u201eAleksandra\u201c \u2014 \u00f5udselt ilus\u201c<\/p>\n<p style=\"padding-left: 40px;\">16.40\u201317.05 <strong>Eelika Laane-Hannus<\/strong>, \u201eLooduskatastroofidele viitavad motiivid Vana Testamendi prohvetikirjanduse \u201eJHVH p\u00e4eva\u201c tekstides: eksegeetiline anal\u00fc\u00fcs ja hermeneutiline kontekst\u201c<\/p>\n<p style=\"padding-left: 40px;\">17.05\u201317.30 <strong>Sander Tulk<\/strong>, \u201eGenesis 22:1\u201319 interpreted via focalization\u201c<\/p>\n<p><strong>Laup\u00e4eva, 22.02.2025<\/strong><\/p>\n<p>9.00\u20139.50 II paneel<\/p>\n<p style=\"padding-left: 40px;\">9.00\u20139.25 <strong>Andres N\u00f5mmik<\/strong>, \u201eK\u00fcprose ja Vilistia vahelised sidemed varasel rauaajal (12. \u201311. sajandil eKr)\u201c<\/p>\n<p style=\"padding-left: 40px;\">9.25\u20139.50 <strong>Alexandros Drosinakis<\/strong>, \u201eFrom \u201estrongholds\u2019\u2019 to Poleis? Continuities and Discontinuities in the Emergence of Polis in the Cyclades\u201c<\/p>\n<p>9.50\u201310.10 Kohvipaus<\/p>\n<p>10.10\u201311.00 III paneel<\/p>\n<p style=\"padding-left: 40px;\">10.10\u201310.35 <strong>Silver Soov\u00e4li<\/strong>, \u201ePhilippose doktriin \u2013 h\u00fcbriids\u00f5da Vana-Kreekas\u201c<\/p>\n<p style=\"padding-left: 40px;\">10.35\u201311.00 <strong>Eduard Bela\u0161<\/strong>, \u201eGladiaatorid kui Rooma s\u00f5jav\u00e4e eri\u00fcksus\u201c<\/p>\n<p>11.00\u201311.10 Sirutuspaus<\/p>\n<p>11.10\u201312.25 IV paneel<\/p>\n<p style=\"padding-left: 40px;\">11.10\u201311.35 <strong>Elo-Mall Toomet<\/strong>, \u201eAriadne Knossose ja Ateena vahel\u201c<\/p>\n<p style=\"padding-left: 40px;\">11.35\u201312.00 <strong>Agne Pilvisto<\/strong>, \u201e\u00dcks kummaline lugu jumalannast ja vee muundavast v\u00e4est\u201c<\/p>\n<p style=\"padding-left: 40px;\">12.00\u201312.25 <strong>Siim S\u00f5kkal<\/strong>, \u201eEpikuurlus \u2013 Kreeka ja India filosoofiliste \u00f5petuste s\u00fcntees\u201c<\/p>\n<p>12.25\u201314.00 L\u00f5unapaus<\/p>\n<p>14.00\u201315.15 V paneel<\/p>\n<p style=\"padding-left: 40px;\">14.00\u201314.25 <strong>Beatrice Veidenberg<\/strong>, \u201eTrag\u00f6\u00f6dia koor ja emotsioon\u201c<\/p>\n<p style=\"padding-left: 40px;\">14.25\u201314.50 <strong>Annabel J\u00fcrgens<\/strong>, \u201eNaised Kreeka draamas Peloponnesose s\u00f5ja perioodil\u201c<\/p>\n<p style=\"padding-left: 40px;\">14.50\u201315.15 <strong>Meeta K\u00f5ljalg<\/strong>, \u201e<em>Anthologia Palatina<\/em> naisautorite epigrammid\u201c<\/p>\n<p>15.15\u201315.35 Kohvipaus<\/p>\n<p>15.35\u201316.50 VI paneel<\/p>\n<p style=\"padding-left: 40px;\">15.35\u201316.00 <strong>Vallo Kask<\/strong>, \u201ePlatoni dialoogi \u201eTimaios\u201c varased t\u00f5lked ladina keelde (Cicero, Calcidius)\u201c<\/p>\n<p style=\"padding-left: 40px;\">16.00\u201316.25 <strong>Anni Arukask<\/strong>, \u201eSappho meetrumite semantika\u201c<\/p>\n<p style=\"padding-left: 40px;\">16.25\u201317.00 <strong>Kristin Klaus<\/strong>, \u201eV\u00e4rsside l\u00fchendamine poeetilise teksti struktureerimise tehnikana Iiobi raamatu vanakreekakeelses t\u00f5lkes\u201c<\/p>\n<p>\u00a0<\/p>\n<p>Fotomeenutus<\/p>\n<p><img loading=\"lazy\" decoding=\"async\" class=\"aligncenter wp-image-278 size-full\" src=\"https:\/\/sisu.ut.ee\/wp-content\/uploads\/sites\/162\/484904582_1114383267040263_3782367078686826189_n.jpg\" alt=\"\" width=\"775\" height=\"785\" srcset=\"https:\/\/sisu.ut.ee\/wp-content\/uploads\/sites\/162\/484904582_1114383267040263_3782367078686826189_n.jpg 775w, https:\/\/sisu.ut.ee\/wp-content\/uploads\/sites\/162\/484904582_1114383267040263_3782367078686826189_n-296x300.jpg 296w, https:\/\/sisu.ut.ee\/wp-content\/uploads\/sites\/162\/484904582_1114383267040263_3782367078686826189_n-768x778.jpg 768w\" sizes=\"auto, (max-width: 775px) 100vw, 775px\"><\/p>\n","protected":false},"excerpt":{"rendered":"<p>CAEMC vanaaja talvekool doktorantidele ja magistrantidele 21. ja 22. veebruaril 2025 toimub Tartus Lossi 3 \u00f5ppehoones religiooniuuringute (Kristin Klaus), klassikalise filoloogia (Beatrice Veidenberg) ning \u00fcldajaloo (Elo-Mall Toomet) doktorantide-nooremteadurite poolt korraldatav talvekool vanaajaga tegelevatele doktorantidele ja magistrantidele. Talvekool toimub konverentsi vormis, &#8230;<\/p>\n","protected":false},"author":82,"featured_media":0,"parent":0,"menu_order":0,"comment_status":"closed","ping_status":"closed","template":"","meta":{"_acf_changed":false,"inline_featured_image":false,"footnotes":""},"class_list":["post-268","page","type-page","status-publish","hentry"],"acf":[],"_links":{"self":[{"href":"https:\/\/sisu.ut.ee\/caemc\/wp-json\/wp\/v2\/pages\/268","targetHints":{"allow":["GET"]}}],"collection":[{"href":"https:\/\/sisu.ut.ee\/caemc\/wp-json\/wp\/v2\/pages"}],"about":[{"href":"https:\/\/sisu.ut.ee\/caemc\/wp-json\/wp\/v2\/types\/page"}],"author":[{"embeddable":true,"href":"https:\/\/sisu.ut.ee\/caemc\/wp-json\/wp\/v2\/users\/82"}],"replies":[{"embeddable":true,"href":"https:\/\/sisu.ut.ee\/caemc\/wp-json\/wp\/v2\/comments?post=268"}],"version-history":[{"count":5,"href":"https:\/\/sisu.ut.ee\/caemc\/wp-json\/wp\/v2\/pages\/268\/revisions"}],"predecessor-version":[{"id":281,"href":"https:\/\/sisu.ut.ee\/caemc\/wp-json\/wp\/v2\/pages\/268\/revisions\/281"}],"wp:attachment":[{"href":"https:\/\/sisu.ut.ee\/caemc\/wp-json\/wp\/v2\/media?parent=268"}],"curies":[{"name":"wp","href":"https:\/\/api.w.org\/{rel}","templated":true}]}}