{"id":22,"date":"2024-04-04T02:04:27","date_gmt":"2024-04-03T23:04:27","guid":{"rendered":"https:\/\/sisu.ut.ee\/caemc\/caemc-publications\/"},"modified":"2025-01-08T23:49:51","modified_gmt":"2025-01-08T21:49:51","slug":"caemc-publications","status":"publish","type":"page","link":"https:\/\/sisu.ut.ee\/caemc\/caemc-publications\/","title":{"rendered":"Publications"},"content":{"rendered":"<p style=\"text-align: center;\"><strong>A list of most important publications related to CAEMC and its members<\/strong><\/p>\n<p>\u00a0<\/p>\n<p>\u00a0<\/p>\n<p style=\"text-align: center;\"><strong>2024<\/strong><\/p>\n<p>K\u00f5iv, Mait; Kletter, Raz (ed.) (2024). <em>Responses to the 12th Century BC Collapse. Recovery and Restructuration in the Early Iron Age Near East and Mediterranean. Proceedings of the 9th Melammu Workshop, Tartu, 7\u20139 June 2019<\/em>. (Melammu Workshops and Monographs; 10.) M\u00fcnster: Zaphon. [<a href=\"https:\/\/www.zaphon.de\/epages\/83179382.sf\/de_DE\/?ObjectPath=\/Shops\/83179382\/Products\/%22ISBN%20978-3-96327-276-9%22\" target=\"_blank\" rel=\"noopener\">Zaphon<\/a>]<\/p>\n<p style=\"text-align: center;\"><strong>2022<\/strong><\/p>\n<p>K\u00f5iv, Mait; L\u00e4\u00e4nemets, M\u00e4rt; Dro\u00df-Kr\u00fcpe, Kerstin; Fink, Sebastian (ed.) (2022).\u00a0<em>Crisis in Early Religion<\/em>. (Universal- und kulturhistorische Studien. Studies in Universal and Cultural History.) Wiesbaden: Springer. <a href=\"https:\/\/doi.org\/10.1007\/978-3-658-36989-7\" target=\"_blank\" rel=\"noopener\">https:\/\/doi.org\/10.1007\/978-3-658-36989-7<\/a><\/p>\n<p>K\u00f5iv, Mait; Sazonov, Vladimir (ed.) (2022).\u00a0<em>Power and Opposition in the Ancient Near Eastern and Mediterranean World<\/em>. (Studia Antiqua et Archaeologica; 28.1.) Ia\u0219i: \u201cAl. I. Cuza\u201d University of Ia\u0219i. [<a href=\"http:\/\/saa.uaic.ro\/wp-content\/uploads\/SAA.28.1.2022.pdf\" target=\"_blank\" rel=\"noopener\">Download full volume<\/a> or see <a href=\"http:\/\/saa.uaic.ro\/issues\/no-xxviii-1-dec-2022\/\" target=\"_blank\" rel=\"noopener\">individual articles<\/a>]<\/p>\n<p style=\"text-align: center;\"><strong>2016<\/strong><\/p>\n<p>K\u00e4mmerer, Thomas R.; K\u00f5iv, Mait; Sazonov, Vladimir (ed.) (2016).\u00a0<em>Kings, Gods and People:\u00a0Establishing Monarchies in the Ancient World<\/em>. (Alter Orient und Altes Testament; 390\/4;\u00a0Acta Antiqua Mediterranea et Orientalia; 4.) M\u00fcnster: Ugarit-Verlag. [<a href=\"http:\/\/www.eisenbrauns.com\/item\/KAMKINGSG\" target=\"_blank\" rel=\"noopener\">Eisenbrauns<\/a>]<\/p>\n<p>Sazonov, Vladimir (2016).\u00a0<em>Die assyrischen K\u00f6nigstitel und -epitheta vom Anfang bis Tukulti-Ninurta I. und seinen Nachfolgern.<\/em>\u00a0(State Archives of Assyria Studies; 25.).\u00a0Neo-Assyrian Text Corpus Project \u2013 NATCP. [<a href=\"http:\/\/www.eisenbrauns.com\/item\/SAZASSYRI\" target=\"_blank\" rel=\"noopener\">Eisenbrauns<\/a>]<\/p>\n<p style=\"text-align: center;\"><strong>2015<\/strong><\/p>\n<p>Espak, Peeter (2015). <em>The God Enki in Sumerian Royal Ideology and Mythology<\/em>. (Philippika; 87.) Wiesbaden: Harrassowitz. [<a href=\"http:\/\/www.harrassowitz-verlag.de\/title_991.ahtml\" target=\"_blank\" rel=\"noopener\">Harrassowitz<\/a>]<\/p>\n<p>Espak, Peeter; L\u00e4\u00e4nemets, M\u00e4rt; Sazonov, Vladimir (ed.) (2015). <em>When Gods Spoke: Researches and Reflections on Religious Phenomena and Artefacts. Studia in honorem Tarmo Kulmar<\/em>. (Studia Orientalia Tartuensia. Series Nova; 6.) Tartu: University of Tartu Press. [<a href=\"http:\/\/www.tyk.ee\/history-1\/00000011742\" target=\"_blank\" rel=\"noopener\">University of Tartu Press<\/a>]<\/p>\n<p>K\u00e4mmerer, Thomas R.; K\u00f5iv, Mait (ed.) (2015). <em>Cultures in Comparison: Religion and Politics in Ancient Mediterranean Regions<\/em>. (Alter Orient und Altes Testament; 390\/3;\u00a0Acta Antiqua Mediterranea et Orientalia; 3.) M\u00fcnster: Ugarit-Verlag. [<a href=\"http:\/\/www.eisenbrauns.com\/item\/KAMCULTUR\" target=\"_blank\" rel=\"noopener\">Eisenbrauns<\/a>]<\/p>\n<p style=\"text-align: center;\"><strong>2013<\/strong><\/p>\n<p>K\u00e4mmerer, Thomas R.; Rogge, Sabine (ed.) (2013).\u00a0<em>Patterns of Urban Societies<\/em>. (Alter Orient und Altes Testament; 390\/2; Acta Antiqua Mediterranea et Orientalia; 2.) M\u00fcnster: Ugarit-Verlag. [<a href=\"http:\/\/www.eisenbrauns.com\/item\/KAMPATTER\" target=\"_blank\" rel=\"noopener\">Eisenbrauns<\/a>]<\/p>\n<p style=\"text-align: center;\"><strong>2011<\/strong><\/p>\n<p style=\"text-align: left;\">K\u00e4mmerer, Thomas R. (ed.) (2011).\u00a0<em>Identities and Societies in the Ancient East-Mediterranean Regions: Comparative Approaches<\/em>. (Alter Orient und Altes Testament; 390\/1; Acta Antiqua Mediterranea et Orientalia; 1.) M\u00fcnster: Ugarit-Verlag. [<a href=\"http:\/\/www.eisenbrauns.com\/item\/KAMIDENTI\" target=\"_blank\" rel=\"noopener\">Eisenbrauns<\/a>]<\/p>\n<p>\u00a0<\/p>\n","protected":false},"excerpt":{"rendered":"<p>A list of most important publications related to CAEMC and its members \u00a0 \u00a0 2024 K\u00f5iv, Mait; Kletter, Raz (ed.) (2024). Responses to the 12th Century BC Collapse. Recovery and Restructuration in the Early Iron Age Near East and Mediterranean. &#8230;<\/p>\n","protected":false},"author":81,"featured_media":0,"parent":0,"menu_order":0,"comment_status":"closed","ping_status":"closed","template":"","meta":{"_acf_changed":false,"inline_featured_image":false,"footnotes":""},"class_list":["post-22","page","type-page","status-publish","hentry"],"acf":[],"_links":{"self":[{"href":"https:\/\/sisu.ut.ee\/caemc\/wp-json\/wp\/v2\/pages\/22","targetHints":{"allow":["GET"]}}],"collection":[{"href":"https:\/\/sisu.ut.ee\/caemc\/wp-json\/wp\/v2\/pages"}],"about":[{"href":"https:\/\/sisu.ut.ee\/caemc\/wp-json\/wp\/v2\/types\/page"}],"author":[{"embeddable":true,"href":"https:\/\/sisu.ut.ee\/caemc\/wp-json\/wp\/v2\/users\/81"}],"replies":[{"embeddable":true,"href":"https:\/\/sisu.ut.ee\/caemc\/wp-json\/wp\/v2\/comments?post=22"}],"version-history":[{"count":3,"href":"https:\/\/sisu.ut.ee\/caemc\/wp-json\/wp\/v2\/pages\/22\/revisions"}],"predecessor-version":[{"id":258,"href":"https:\/\/sisu.ut.ee\/caemc\/wp-json\/wp\/v2\/pages\/22\/revisions\/258"}],"wp:attachment":[{"href":"https:\/\/sisu.ut.ee\/caemc\/wp-json\/wp\/v2\/media?parent=22"}],"curies":[{"name":"wp","href":"https:\/\/api.w.org\/{rel}","templated":true}]}}