{"id":15,"date":"2024-04-04T02:04:26","date_gmt":"2024-04-03T23:04:26","guid":{"rendered":"https:\/\/sisu.ut.ee\/caemc\/kursused\/"},"modified":"2024-04-08T16:59:31","modified_gmt":"2024-04-08T13:59:31","slug":"kursused","status":"publish","type":"page","link":"https:\/\/sisu.ut.ee\/caemc\/kursused\/?lang=et","title":{"rendered":"Kursused ja loengud"},"content":{"rendered":"<p style=\"text-align: center\"><strong>\u00a0<\/strong><\/p>\n<p><a href=\"https:\/\/www.is.ut.ee\/pls\/ois\/tere.tulemast?viit=4595425\" target=\"_blank\" rel=\"noopener\">FLAJ.07.002<\/a>\u00a0<em>Vanaaeg<\/em>\u00a0(6 EAP). \u00dclevaade muistse L\u00e4his-Ida (Mesopotaamia, Egiptus, Anatoolia, Kaanan, Iraan), antiik-Kreeka ja Rooma ajaloost ja t\u00e4htsamates uurimisprobleemidest, tsivilisatsioonide tekkest Rooma imperiumi languseni. (Mait K\u00f5iv) \u2013\u00a0toimub 2016 s\u00fcgissemestril<\/p>\n<p><a href=\"https:\/\/www.is.ut.ee\/pls\/ois\/tere.tulemast?viit=4595426\" target=\"_blank\" rel=\"noopener\">FLAJ.07.200<\/a>\u00a0<em>Tsivilisatsiooni ja riikluse kujunemine: teooriad ja seadusp\u00e4rasused<\/em>\u00a0(6EAP). (Mait K\u00f5iv)\u00a0\u2013 toimub 2017 kevadsemestril<\/p>\n<p><a href=\"https:\/\/www.is.ut.ee\/pls\/ois\/tere.tulemast?viit=4595427\" target=\"_blank\" rel=\"noopener\">FLAJ.07.206<\/a>\u00a0<em>Vanakreeka religioon ja m\u00fctoloogia<\/em>\u00a0(6EAP). Kreeka religiooni ajalugu Kreeta-M\u00fckeene ajaj\u00e4rgust klassikalise perioodini. Rituaalide \u00fcldlaad. Panteon ja t\u00e4htsamad m\u00fc\u00fcdid ning nende rituaalne kontekst. (Mait K\u00f5iv)\u00a0\u2013 toimub 2017 kevadsemestril<\/p>\n<p><a href=\"https:\/\/www.is.ut.ee\/pls\/ois\/tere.tulemast?viit=4595428\" target=\"_blank\" rel=\"noopener\">FLAJ.07.208<\/a>\u00a0<em>\u00dcldajaloo seminar<\/em>\u00a0(4 EAP). M\u00fctoloogilise, legendaarse ja ajalooliselt t\u00f5ep\u00e4rase vahekord muistse L\u00e4his-Ida ja Vana-Kreeka ajalooallikais. (Mait K\u00f5iv)\u00a0\u2013 toimub 2017 kevadsemestril<\/p>\n<p>Kl\u00f5psates ainekoodil, j\u00f5uate <a style=\"background-color: #ffffff\" href=\"http:\/\/ois.ut.ee\" target=\"_blank\" rel=\"noopener\">Tartu \u00dclikooli \u00f5ppeinfos\u00fcsteemi<\/a><\/p>\n","protected":false},"excerpt":{"rendered":"<p>\u00a0 FLAJ.07.002\u00a0Vanaaeg\u00a0(6 EAP). \u00dclevaade muistse L\u00e4his-Ida (Mesopotaamia, Egiptus, Anatoolia, Kaanan, Iraan), antiik-Kreeka ja Rooma ajaloost ja t\u00e4htsamates uurimisprobleemidest, tsivilisatsioonide tekkest Rooma imperiumi languseni. (Mait K\u00f5iv) \u2013\u00a0toimub 2016 s\u00fcgissemestril FLAJ.07.200\u00a0Tsivilisatsiooni ja riikluse kujunemine: teooriad ja seadusp\u00e4rasused\u00a0(6EAP). (Mait K\u00f5iv)\u00a0\u2013 toimub 2017 kevadsemestril &#8230;<\/p>\n","protected":false},"author":81,"featured_media":0,"parent":0,"menu_order":0,"comment_status":"closed","ping_status":"closed","template":"","meta":{"_acf_changed":false,"inline_featured_image":false,"footnotes":""},"class_list":["post-15","page","type-page","status-publish","hentry"],"acf":[],"_links":{"self":[{"href":"https:\/\/sisu.ut.ee\/caemc\/wp-json\/wp\/v2\/pages\/15","targetHints":{"allow":["GET"]}}],"collection":[{"href":"https:\/\/sisu.ut.ee\/caemc\/wp-json\/wp\/v2\/pages"}],"about":[{"href":"https:\/\/sisu.ut.ee\/caemc\/wp-json\/wp\/v2\/types\/page"}],"author":[{"embeddable":true,"href":"https:\/\/sisu.ut.ee\/caemc\/wp-json\/wp\/v2\/users\/81"}],"replies":[{"embeddable":true,"href":"https:\/\/sisu.ut.ee\/caemc\/wp-json\/wp\/v2\/comments?post=15"}],"version-history":[{"count":1,"href":"https:\/\/sisu.ut.ee\/caemc\/wp-json\/wp\/v2\/pages\/15\/revisions"}],"predecessor-version":[{"id":88,"href":"https:\/\/sisu.ut.ee\/caemc\/wp-json\/wp\/v2\/pages\/15\/revisions\/88"}],"wp:attachment":[{"href":"https:\/\/sisu.ut.ee\/caemc\/wp-json\/wp\/v2\/media?parent=15"}],"curies":[{"name":"wp","href":"https:\/\/api.w.org\/{rel}","templated":true}]}}