{"id":12,"date":"2024-04-04T02:04:26","date_gmt":"2024-04-03T23:04:26","guid":{"rendered":"https:\/\/sisu.ut.ee\/caemc\/liikmed\/"},"modified":"2024-04-04T02:04:41","modified_gmt":"2024-04-03T23:04:41","slug":"liikmed","status":"publish","type":"page","link":"https:\/\/sisu.ut.ee\/caemc\/liikmed\/?lang=et","title":{"rendered":"Liikmed"},"content":{"rendered":"<p>\n\t<strong>Keskuse institutsionaalsed liikmed:<\/strong>\n<\/p>\n<ul>\n<li>\n\t\tTartu \u00dclikooli ajaloo ja arheoloogia instituut\n\t<\/li>\n<li>\n\t\tTartu \u00dclikooli usuteaduskond\n\t<\/li>\n<li>\n\t\tTartu \u00dclikooli maailma keelte ja kultuuride instituudi klassikalise filoloogia osakond\n\t<\/li>\n<li>\n\t\tTartu \u00dclikooli orientalistikakeskus\n\t<\/li>\n<li>\n\t\tM\u00fcnsteri \u00dclikooli antiikajaloo seminar (Seminar f\u00fcr Alte Geschichte)\n\t<\/li>\n<li>\n\t\tM\u00fcnsteri \u00dclikooli muistse L\u00e4his-Ida filoloogia ja ajaloo instituut \u00a0(Institut f\u00fcr Altorientalische Philologie und Vorderasiatische Altertumskunde)\n\t<\/li>\n<li>\n\t\tHelsingi \u00dclikooli usuteaduskonna Piibli-uuringute osakond\n\t<\/li>\n<li>\n\t\tKirjastus Ugarit-Verlag, M\u00fcnster\n\t<\/li>\n<\/ul>\n<p>\n\tCAEMC on avatud koost\u00f6\u00f6le akadeemiliste \u00fcksuste ja organisatsioonidega kogu maailmast.\n<\/p>\n<p>\n\t<strong>N\u00f5ukogu liikmed:<\/strong>\n<\/p>\n<ul>\n<li>\n\t\tMait K\u00f5iv\u00a0(esimees) \u2013\u00a0mait.koiv@ut.ee\n\t<\/li>\n<li>\n\t\tThomas R. K\u00e4mmerer (auesimees)\u00a0\u2013 thomas.kaemmerer@ugarit-verlag.de\n\t<\/li>\n<li>\n\t\tAndreas Johandi\u00a0\u2013 andreas.johandi@ut.ee\n\t<\/li>\n<li>\n\t\tUrmas N\u00f5mmik\u00a0\u2013 urmas.nommik@ut.ee\n\t<\/li>\n<li>\n\t\tJanika P\u00e4ll\u00a0\u2013 janka.pall@ut.ee\n\t<\/li>\n<li>\n\t\tVladimir Sazonov\u00a0\u2013 vladimir.sazonov@ut.ee\n\t<\/li>\n<li>\n\t\tElo-Mall Toomet\u00a0\u2013 elo-mall.toomet@ut.ee\n\t<\/li>\n<li>\n\t\tIvo Volt\u00a0\u2013 ivo.volt@ut.ee\n\t<\/li>\n<\/ul>\n","protected":false},"excerpt":{"rendered":"<p>Keskuse institutsionaalsed liikmed: Tartu \u00dclikooli ajaloo ja arheoloogia instituut Tartu \u00dclikooli usuteaduskond Tartu \u00dclikooli maailma keelte ja kultuuride instituudi klassikalise filoloogia osakond Tartu \u00dclikooli orientalistikakeskus M\u00fcnsteri \u00dclikooli antiikajaloo seminar (Seminar f\u00fcr Alte Geschichte) M\u00fcnsteri \u00dclikooli muistse L\u00e4his-Ida filoloogia ja ajaloo &#8230;<\/p>\n","protected":false},"author":81,"featured_media":0,"parent":0,"menu_order":0,"comment_status":"closed","ping_status":"closed","template":"","meta":{"_acf_changed":false,"inline_featured_image":false,"footnotes":""},"class_list":["post-12","page","type-page","status-publish","hentry"],"acf":[],"_links":{"self":[{"href":"https:\/\/sisu.ut.ee\/caemc\/wp-json\/wp\/v2\/pages\/12","targetHints":{"allow":["GET"]}}],"collection":[{"href":"https:\/\/sisu.ut.ee\/caemc\/wp-json\/wp\/v2\/pages"}],"about":[{"href":"https:\/\/sisu.ut.ee\/caemc\/wp-json\/wp\/v2\/types\/page"}],"author":[{"embeddable":true,"href":"https:\/\/sisu.ut.ee\/caemc\/wp-json\/wp\/v2\/users\/81"}],"replies":[{"embeddable":true,"href":"https:\/\/sisu.ut.ee\/caemc\/wp-json\/wp\/v2\/comments?post=12"}],"version-history":[{"count":1,"href":"https:\/\/sisu.ut.ee\/caemc\/wp-json\/wp\/v2\/pages\/12\/revisions"}],"predecessor-version":[{"id":91,"href":"https:\/\/sisu.ut.ee\/caemc\/wp-json\/wp\/v2\/pages\/12\/revisions\/91"}],"wp:attachment":[{"href":"https:\/\/sisu.ut.ee\/caemc\/wp-json\/wp\/v2\/media?parent=12"}],"curies":[{"name":"wp","href":"https:\/\/api.w.org\/{rel}","templated":true}]}}