{"id":11,"date":"2024-04-04T02:04:26","date_gmt":"2024-04-03T23:04:26","guid":{"rendered":"https:\/\/sisu.ut.ee\/caemc\/keskusest\/"},"modified":"2025-03-19T13:21:11","modified_gmt":"2025-03-19T11:21:11","slug":"keskusest","status":"publish","type":"page","link":"https:\/\/sisu.ut.ee\/caemc\/keskusest\/?lang=et","title":{"rendered":"Keskusest"},"content":{"rendered":"<p>\u00a0<\/p>\n<p style=\"text-align: center;\"><strong>Tere tulemast L\u00e4his-Ida ja Vahemeremaade vanade kultuuride uurimiskeskuse <\/strong><strong>(CAEMC) kodulehele!<\/strong><\/p>\n<p><!--break--><\/p>\n<p>CAEMC on l\u00fchend keskuse ingliskeelsest nimest (Research Center of Ancient Near Eastern and Mediterranean Cultures). Keskus on rajatud Tartu \u00dclikooli juurde, kuid koondab partnereid ka v\u00e4lis\u00fclikoolidest. Keskuse tegevuse p\u00f5hilised v\u00e4ljundid on konverentside ja teiste teadus\u00fcrituste korraldamine ning publikatsioonide v\u00e4ljaandmine.<\/p>\n<p style=\"text-align: center;\"><strong>TULEKUL<\/strong><\/p>\n<p style=\"text-align: center;\"><strong>Rahvusvaheline konverents, 13.\u201314. juuni 2025 Tartus:<\/strong><\/p>\n<p style=\"text-align: center;\"><strong><a href=\"http:\/\/caemc.ut.ee\/icaem-2025\">ICAEM 2025: Mobility in the Ancient Near East and Mediterranean: Movements of People, Objects and Ideas<\/a><\/strong><\/p>\n<p><img loading=\"lazy\" decoding=\"async\" class=\"aligncenter wp-image-245 size-large\" src=\"https:\/\/sisu.ut.ee\/wp-content\/uploads\/sites\/162\/marine.pano-1-1024x321.jpg\" alt=\"\" width=\"1024\" height=\"321\" srcset=\"https:\/\/sisu.ut.ee\/wp-content\/uploads\/sites\/162\/marine.pano-1-1024x321.jpg 1024w, https:\/\/sisu.ut.ee\/wp-content\/uploads\/sites\/162\/marine.pano-1-300x94.jpg 300w, https:\/\/sisu.ut.ee\/wp-content\/uploads\/sites\/162\/marine.pano-1-768x241.jpg 768w, https:\/\/sisu.ut.ee\/wp-content\/uploads\/sites\/162\/marine.pano-1-1536x482.jpg 1536w, https:\/\/sisu.ut.ee\/wp-content\/uploads\/sites\/162\/marine.pano-1.jpg 1833w\" sizes=\"auto, (max-width: 1024px) 100vw, 1024px\"><\/p>\n","protected":false},"excerpt":{"rendered":"<p>\u00a0 Tere tulemast L\u00e4his-Ida ja Vahemeremaade vanade kultuuride uurimiskeskuse (CAEMC) kodulehele! CAEMC on l\u00fchend keskuse ingliskeelsest nimest (Research Center of Ancient Near Eastern and Mediterranean Cultures). Keskus on rajatud Tartu \u00dclikooli juurde, kuid koondab partnereid ka v\u00e4lis\u00fclikoolidest. Keskuse tegevuse p\u00f5hilised &#8230;<\/p>\n","protected":false},"author":81,"featured_media":0,"parent":0,"menu_order":0,"comment_status":"closed","ping_status":"closed","template":"","meta":{"_acf_changed":false,"inline_featured_image":false,"footnotes":""},"class_list":["post-11","page","type-page","status-publish","hentry"],"acf":[],"_links":{"self":[{"href":"https:\/\/sisu.ut.ee\/caemc\/wp-json\/wp\/v2\/pages\/11","targetHints":{"allow":["GET"]}}],"collection":[{"href":"https:\/\/sisu.ut.ee\/caemc\/wp-json\/wp\/v2\/pages"}],"about":[{"href":"https:\/\/sisu.ut.ee\/caemc\/wp-json\/wp\/v2\/types\/page"}],"author":[{"embeddable":true,"href":"https:\/\/sisu.ut.ee\/caemc\/wp-json\/wp\/v2\/users\/81"}],"replies":[{"embeddable":true,"href":"https:\/\/sisu.ut.ee\/caemc\/wp-json\/wp\/v2\/comments?post=11"}],"version-history":[{"count":11,"href":"https:\/\/sisu.ut.ee\/caemc\/wp-json\/wp\/v2\/pages\/11\/revisions"}],"predecessor-version":[{"id":277,"href":"https:\/\/sisu.ut.ee\/caemc\/wp-json\/wp\/v2\/pages\/11\/revisions\/277"}],"wp:attachment":[{"href":"https:\/\/sisu.ut.ee\/caemc\/wp-json\/wp\/v2\/media?parent=11"}],"curies":[{"name":"wp","href":"https:\/\/api.w.org\/{rel}","templated":true}]}}