{"id":9,"date":"2024-04-04T06:42:34","date_gmt":"2024-04-04T03:42:34","guid":{"rendered":"https:\/\/sisu.ut.ee\/c19majandus\/uurimisruhm\/"},"modified":"2024-04-04T06:42:54","modified_gmt":"2024-04-04T03:42:54","slug":"uurimisruhm","status":"publish","type":"page","link":"https:\/\/sisu.ut.ee\/c19majandus\/uurimisruhm\/","title":{"rendered":"Uurimisr\u00fchm"},"content":{"rendered":"<p>\n\t\u00a0\n<\/p>\n<p style=\"text-align: justify\">\n\t<span lang=\"ET\"><span style=\"line-height:107%\">Uuringut teevad\u00a0<span style=\"color:#800080\"><strong>Tartu \u00dclikool<\/strong><\/span> (juhtpartner), <span style=\"color:#800080\"><strong>SA Poliitikauuringute Keskus Praxis<\/strong><\/span> ja <span style=\"color:#800080\"><strong>Eesti Rakendusuuringute Keskus CentAR O\u00dc<\/strong><\/span>. Tartu \u00dclikoolist osalevad uuringus sotsiaalteaduste valdkonnast majandusteaduskond ja Johan Skytte poliitikauuringute instituut (IT m\u00f5ju-uuringute keskus CITIS). <\/span><\/span>\n<\/p>\n<p style=\"text-align: justify\">\n\t<a data-url=\"https:\/\/www.ut.ee\/et\" href=\"https:\/\/www.ut.ee\/et\" target=\"_blank\" title=\"\" rel=\"noopener\">Tartu \u00dclikoolis<\/a> <span lang=\"ET\"><span style=\"line-height:107%\">toimub teadusel p\u00f5hinev \u00f5ppet\u00f6\u00f6 meditsiinist filosoofiani ning geneetikast informaatikani. Tartu \u00dclikoolis on 4 valdkonda: humanitaarteaduste ja kunstide valdkond, sotsiaalteaduste valdkond, meditsiiniteaduste valdkond ning loodus- ja t\u00e4ppisteaduste valdkond. <\/span><\/span><a data-url=\"https:\/\/majandus.ut.ee\/et\" href=\"https:\/\/majandus.ut.ee\/et\" target=\"_blank\" title=\"\" rel=\"noopener\">Tartu \u00dclikooli majandusteaduskond<\/a><span lang=\"ET\"><span style=\"line-height:107%\"> on majandus-, juhtimis- ja ettev\u00f5tlusalase hariduse pakkuja Eestis. <\/span><\/span><a data-url=\"https:\/\/skytte.ut.ee\/et\" href=\"https:\/\/skytte.ut.ee\/et\" target=\"_blank\" title=\"\" rel=\"noopener\">Johan Skytte poliitikauuringute instituudi IT m\u00f5ju-uuringute keskus CITIS<\/a><span lang=\"ET\"><span style=\"line-height:107%\"> on 2015. aastal asutatud integreeritud \u00f5ppe- ja uurimiskeskus, mille eesm\u00e4rk on kasutada erinevate Eesti avalike e-teenuste (nt e-valimised, mobiilne parkimine, e-tervis, digitaalne ID, e-residentsus, jne) suurandmeid, et hinnata nende teenuste majanduslikku, poliitilist ja sotsiaalset m\u00f5ju.\u00a0<\/span><\/span>\n<\/p>\n<p style=\"text-align: justify\">\n\t<a data-url=\"http:\/\/www.praxis.ee\/\" href=\"http:\/\/www.praxis.ee\/\" target=\"_blank\" title=\"\" rel=\"noopener\">SA Poliitikauuringute Keskus Praxis<\/a> on kodanikualgatuslik, s\u00f5ltumatu ja avalikes huvides tegutsev m\u00f5ttekoda. Praxis loodi 2000. aastal ning on n\u00fc\u00fcdseks arenenud Kesk- ja Ida-Euroopa \u00fcheks suurimaks sotsiaal-majanduslike teemade m\u00f5ttekojaks. <span lang=\"ET\" style=\"line-height:107%\">Praxis viib uuringuid ellu ennek\u00f5ike viies fookusvaldkonnas \u2013 (a) haridus; (b) majandus; (c) kodaniku\u00fchiskond ja riigivalitsemine; (d) tervis; (e) t\u00f6\u00f6- ja sotsiaalelu. Iga valdkonna uurimiseks on Praxises oma ala ekspertanal\u00fc\u00fctikutest koosnevad uurimismeeskonnad<\/span>.\n<\/p>\n<p style=\"text-align: justify\">\n\t<a data-url=\"https:\/\/centar.ee\/\" href=\"https:\/\/centar.ee\/\" target=\"_blank\" title=\"\" rel=\"noopener\">Eesti Rakendusuuringute Keskus CentAR O\u00dc<\/a> on 2007. aastal rakendusuuringute teostamiseks loodud ettev\u00f5te. CentAR teostab uuringuid nii era- kui avalikus sektoris, keskendudes peamiselt t\u00f6\u00f6turu-, sotsiaal- ja hariduse, aga ka transpordi ja ettev\u00f5tluse valdkonna anal\u00fc\u00fcsidele. CentARi peamiseks tugevuseks on lai anal\u00fc\u00fcsimeetodite arsenal, mis v\u00f5imaldab eriilmelistele anal\u00fc\u00fcsiprobleemidele leida sobiliku metoodilise lahenduse. CentARi p\u00f5hiliseks tegevuseks on rakendusuuringute teostamine alates uuringu metoodika kavandamisest ning l\u00f5petades tulemuste anal\u00fc\u00fcsimise ja esitlemisega.\n<\/p>\n<p>\n\t<u><span lang=\"ET\"><span style=\"line-height:107%\"><span>T\u00f6\u00f6pakettide (TP) jaotus on allj\u00e4rgnev:<\/span><\/span><\/span><\/u>\n<\/p>\n<p>\n\t<img loading=\"lazy\" decoding=\"async\" width=\"2520\" height=\"1639\" class=\"alignnone wp-image-55\" style=\"width: 650px;height: 423px\" src=\"https:\/\/sisu.ut.ee\/wp-content\/uploads\/sites\/461\/c-19_toopaketid3.png\" title=\"c-19_toopaketid3.png\" alt=\"T\u00f6\u00f6pakettide jaotus\" srcset=\"https:\/\/sisu.ut.ee\/wp-content\/uploads\/sites\/461\/c-19_toopaketid3.png 2520w, https:\/\/sisu.ut.ee\/wp-content\/uploads\/sites\/461\/c-19_toopaketid3-300x195.png 300w, https:\/\/sisu.ut.ee\/wp-content\/uploads\/sites\/461\/c-19_toopaketid3-1024x666.png 1024w, https:\/\/sisu.ut.ee\/wp-content\/uploads\/sites\/461\/c-19_toopaketid3-768x500.png 768w, https:\/\/sisu.ut.ee\/wp-content\/uploads\/sites\/461\/c-19_toopaketid3-1536x999.png 1536w, https:\/\/sisu.ut.ee\/wp-content\/uploads\/sites\/461\/c-19_toopaketid3-2048x1332.png 2048w, https:\/\/sisu.ut.ee\/wp-content\/uploads\/sites\/461\/c-19_toopaketid3-1920x1249.png 1920w\" sizes=\"auto, (max-width: 2520px) 100vw, 2520px\"><\/p>\n","protected":false},"excerpt":{"rendered":"<p>\u00a0 Uuringut teevad\u00a0Tartu \u00dclikool (juhtpartner), SA Poliitikauuringute Keskus Praxis ja Eesti Rakendusuuringute Keskus CentAR O\u00dc. Tartu \u00dclikoolist osalevad uuringus sotsiaalteaduste valdkonnast majandusteaduskond ja Johan Skytte poliitikauuringute instituut (IT m\u00f5ju-uuringute keskus CITIS). Tartu \u00dclikoolis toimub teadusel p\u00f5hinev \u00f5ppet\u00f6\u00f6 meditsiinist filosoofiani ning &#8230;<\/p>\n","protected":false},"author":193,"featured_media":0,"parent":0,"menu_order":0,"comment_status":"closed","ping_status":"closed","template":"","meta":{"_acf_changed":false,"inline_featured_image":false,"footnotes":""},"class_list":["post-9","page","type-page","status-publish","hentry"],"acf":[],"_links":{"self":[{"href":"https:\/\/sisu.ut.ee\/c19majandus\/wp-json\/wp\/v2\/pages\/9","targetHints":{"allow":["GET"]}}],"collection":[{"href":"https:\/\/sisu.ut.ee\/c19majandus\/wp-json\/wp\/v2\/pages"}],"about":[{"href":"https:\/\/sisu.ut.ee\/c19majandus\/wp-json\/wp\/v2\/types\/page"}],"author":[{"embeddable":true,"href":"https:\/\/sisu.ut.ee\/c19majandus\/wp-json\/wp\/v2\/users\/193"}],"replies":[{"embeddable":true,"href":"https:\/\/sisu.ut.ee\/c19majandus\/wp-json\/wp\/v2\/comments?post=9"}],"version-history":[{"count":1,"href":"https:\/\/sisu.ut.ee\/c19majandus\/wp-json\/wp\/v2\/pages\/9\/revisions"}],"predecessor-version":[{"id":98,"href":"https:\/\/sisu.ut.ee\/c19majandus\/wp-json\/wp\/v2\/pages\/9\/revisions\/98"}],"wp:attachment":[{"href":"https:\/\/sisu.ut.ee\/c19majandus\/wp-json\/wp\/v2\/media?parent=9"}],"curies":[{"name":"wp","href":"https:\/\/api.w.org\/{rel}","templated":true}]}}