{"id":5,"date":"2024-04-04T06:42:33","date_gmt":"2024-04-04T03:42:33","guid":{"rendered":"https:\/\/sisu.ut.ee\/c19majandus\/avaleht\/"},"modified":"2024-05-07T15:19:54","modified_gmt":"2024-05-07T12:19:54","slug":"avaleht","status":"publish","type":"page","link":"https:\/\/sisu.ut.ee\/c19majandus\/","title":{"rendered":"Avaleht"},"content":{"rendered":"<div><\/div>\n<div><span style=\"font-size: 15px;\"><span style=\"color: #800080;\"><span style=\"font-family: Georgia,serif;\"><strong>RITA C-19 majandus<\/strong> ehk <strong>COVID-19 seotud majandusm\u00f5jude ning nende pehmendamiseks m\u00f5eldud poliitikameetmete t\u00f5hususe hindamise projekti<\/strong>\u00a0eesm\u00e4rk on toetada riiki koroonapandeemia t\u00f5ttu kehtestatud tegevuspiirangute m\u00f5ju hindamisel ja teadmistep\u00f5hise kriisipoliitika kujundamisel.<\/span><\/span><\/span><\/div>\n<div><\/div>\n<table class=\"table table-hover\" style=\"width: 250px;\" border=\"0\" cellspacing=\"1\" cellpadding=\"1\" align=\"right\">\n<tbody>\n<tr>\n<td><img loading=\"lazy\" decoding=\"async\" width=\"500\" height=\"333\" class=\"alignnone wp-image-32\" style=\"width: 225px; height: 150px; float: right;\" title=\"vanalinn1.jpeg\" src=\"https:\/\/sisu.ut.ee\/wp-content\/uploads\/sites\/461\/vanalinn1.jpeg\" alt=\"vanalinn\" srcset=\"https:\/\/sisu.ut.ee\/wp-content\/uploads\/sites\/461\/vanalinn1.jpeg 500w, https:\/\/sisu.ut.ee\/wp-content\/uploads\/sites\/461\/vanalinn1-300x200.jpeg 300w\" sizes=\"auto, (max-width: 500px) 100vw, 500px\">\n<p><img loading=\"lazy\" decoding=\"async\" width=\"1050\" height=\"700\" class=\"alignnone wp-image-31\" style=\"width: 225px; height: 150px; float: right;\" title=\"eurosendid.jpeg\" src=\"https:\/\/sisu.ut.ee\/wp-content\/uploads\/sites\/461\/eurosendid.jpeg\" alt=\"Foto: unsplash.com\" srcset=\"https:\/\/sisu.ut.ee\/wp-content\/uploads\/sites\/461\/eurosendid.jpeg 1050w, https:\/\/sisu.ut.ee\/wp-content\/uploads\/sites\/461\/eurosendid-300x200.jpeg 300w, https:\/\/sisu.ut.ee\/wp-content\/uploads\/sites\/461\/eurosendid-1024x683.jpeg 1024w, https:\/\/sisu.ut.ee\/wp-content\/uploads\/sites\/461\/eurosendid-768x512.jpeg 768w\" sizes=\"auto, (max-width: 1050px) 100vw, 1050px\"><\/p><\/td>\n<\/tr>\n<tr>\n<td style=\"text-align: right;\"><span style=\"font-size: 8px;\"><em>Fotod: unsplash.co<\/em><\/span><\/td>\n<\/tr>\n<\/tbody>\n<\/table>\n<p style=\"text-align: justify;\"><span style=\"font-family: Georgia,serif;\"><span style=\"color: #696969;\">2019. aasta l\u00f5pus Wuhanist alguse saanud COVID-19 viiruse puhang m\u00f5jutab majan<\/span><\/span><span style=\"font-family: Georgia, serif;\">dust kogu maailmas, seda nii otseselt (inimeste haigestumisest tulenevad m\u00f5jud) kui kaudselt (riikide poolsed meetmed viiruse leviku piiramiseks). Riikide poolt rakendatud COVID-19 piirangute majanduslikke m\u00f5jusid leevendavad meetmed on olnud k\u00fcllaltki mitmekesised, kuid senini\u00a0puudub anal\u00fc\u00fcs, millised kriisileevendusmeetmed on olnud t\u00f5husaimad ning millised on parimad valikud majanduse taastamiseks ja j\u00e4rgmisteks viiruslaineteks ettevalmistamiseks. Uuringu eesm\u00e4rgiks on saada ajakohast ja kvaliteetset infot pandeemiast tingitud kriisi ning selle leevendamiseks v\u00e4lja t\u00f6\u00f6tatud kriisileevendusmeetmete m\u00f5ju kohta, mida oleks v\u00f5imalik kasutada poliitikaotsuste (vanade meetmetega j\u00e4tkamine, uute v\u00e4lja t\u00f6\u00f6tamine) tegemiseks.<\/span><\/p>\n<p><span style=\"font-family: Georgia,serif;\"><span style=\"color: #696969;\">Selles projektis on p\u00f5hir\u00f5hk <u><strong>kvaliteedil<\/strong><\/u>, <u><strong>kiirusel<\/strong> <\/u>ja uurimismeeskonna <u><strong>valmisolekul ametkonda jooksvalt n\u00f5ustada<\/strong><\/u>.<\/span><\/span><\/p>\n","protected":false},"excerpt":{"rendered":"<p>RITA C-19 majandus ehk COVID-19 seotud majandusm\u00f5jude ning nende pehmendamiseks m\u00f5eldud poliitikameetmete t\u00f5hususe hindamise projekti\u00a0eesm\u00e4rk on toetada riiki koroonapandeemia t\u00f5ttu kehtestatud tegevuspiirangute m\u00f5ju hindamisel ja teadmistep\u00f5hise kriisipoliitika kujundamisel. Fotod: unsplash.co 2019. aasta l\u00f5pus Wuhanist alguse saanud COVID-19 viiruse puhang m\u00f5jutab &#8230;<\/p>\n","protected":false},"author":193,"featured_media":0,"parent":0,"menu_order":0,"comment_status":"closed","ping_status":"closed","template":"","meta":{"_acf_changed":false,"inline_featured_image":false,"footnotes":""},"class_list":["post-5","page","type-page","status-publish","hentry"],"acf":[],"_links":{"self":[{"href":"https:\/\/sisu.ut.ee\/c19majandus\/wp-json\/wp\/v2\/pages\/5","targetHints":{"allow":["GET"]}}],"collection":[{"href":"https:\/\/sisu.ut.ee\/c19majandus\/wp-json\/wp\/v2\/pages"}],"about":[{"href":"https:\/\/sisu.ut.ee\/c19majandus\/wp-json\/wp\/v2\/types\/page"}],"author":[{"embeddable":true,"href":"https:\/\/sisu.ut.ee\/c19majandus\/wp-json\/wp\/v2\/users\/193"}],"replies":[{"embeddable":true,"href":"https:\/\/sisu.ut.ee\/c19majandus\/wp-json\/wp\/v2\/comments?post=5"}],"version-history":[{"count":3,"href":"https:\/\/sisu.ut.ee\/c19majandus\/wp-json\/wp\/v2\/pages\/5\/revisions"}],"predecessor-version":[{"id":115,"href":"https:\/\/sisu.ut.ee\/c19majandus\/wp-json\/wp\/v2\/pages\/5\/revisions\/115"}],"wp:attachment":[{"href":"https:\/\/sisu.ut.ee\/c19majandus\/wp-json\/wp\/v2\/media?parent=5"}],"curies":[{"name":"wp","href":"https:\/\/api.w.org\/{rel}","templated":true}]}}