{"id":17,"date":"2024-04-04T06:42:35","date_gmt":"2024-04-04T03:42:35","guid":{"rendered":"https:\/\/sisu.ut.ee\/c19majandus\/uudised\/"},"modified":"2024-04-04T06:42:53","modified_gmt":"2024-04-04T03:42:53","slug":"uudised","status":"publish","type":"page","link":"https:\/\/sisu.ut.ee\/c19majandus\/uudised\/","title":{"rendered":"Uudised"},"content":{"rendered":"<p>\n\t<strong><a data-url=\"https:\/\/arileht.delfi.ee\/artikkel\/92614957\/analuus-tootukassa-palgahuvitis-sailitas-kumneid-tuhandeid-tookohti?fbclid=IwAR2I7YzpE6HVWxfxD33XJotbJNuL4q42BQVaA3uubhMfSJI9Zf_nAVCFl4g\" href=\"https:\/\/arileht.delfi.ee\/artikkel\/92614957\/analuus-tootukassa-palgahuvitis-sailitas-kumneid-tuhandeid-tookohti?fbclid=IwAR2I7YzpE6HVWxfxD33XJotbJNuL4q42BQVaA3uubhMfSJI9Zf_nAVCFl4g\" target=\"_blank\" title=\"\" rel=\"noopener\">Anal\u00fc\u00fcs: COVID-19 pandeemia sotsiaal-majanduslik m\u00f5ju: Pandeemia regionaalne m\u00f5ju<\/a>\u00a0<\/strong>\n<\/p>\n<p>\n\t<em>M\u00f5ttekoda Praxis, 11.02.2022<\/em>\n<\/p>\n<p>\n\tProjekti 2. t\u00f6\u00f6r\u00fchma t\u00f6\u00f6na sai veebruaris 202s\u00a0valmis\u00a0poliitikaanal\u00fc\u00fcs COVID-19 pandeemia sotsiaal-majanduslikust regionaalsest m\u00f5just. Anal\u00fc\u00fcsist selgus,\u00a0et pandeemia negatiivne m\u00f5ju t\u00f6\u00f6tusele ja t\u00f6\u00f6h\u00f5ivele ilmnes k\u00f5igis Eesti maakondades, ent enim on kriis tabanud kahte \u00e4\u00e4rmust \u2013 j\u00f5ukat\u00a0Harjumaad ning juba varasemalt suure mahaj\u00e4\u00e4musega Ida-Virumaad.\u00a0\n<\/p>\n<p>\n\tLoe l\u00e4hemalt:<a data-url=\"https:\/\/www.praxis.ee\/wp-content\/uploads\/2021\/01\/Pandeemia-regionaalne-moju.pdf\" href=\"https:\/\/www.praxis.ee\/wp-content\/uploads\/2021\/01\/Pandeemia-regionaalne-moju.pdf\" target=\"_blank\" title=\"\" rel=\"noopener\">\u00a0https:\/\/www.praxis.ee\/wp-content\/uploads\/2021\/01\/Pandeemia-regionaalne-moju.pdf<\/a>\n<\/p>\n<p>\n\t\u2014\u2014\u2014\u2014\u2014\u2014\n<\/p>\n<p>\n\t<strong><a data-url=\"https:\/\/arileht.delfi.ee\/artikkel\/92614957\/analuus-tootukassa-palgahuvitis-sailitas-kumneid-tuhandeid-tookohti?fbclid=IwAR2I7YzpE6HVWxfxD33XJotbJNuL4q42BQVaA3uubhMfSJI9Zf_nAVCFl4g\" href=\"https:\/\/arileht.delfi.ee\/artikkel\/92614957\/analuus-tootukassa-palgahuvitis-sailitas-kumneid-tuhandeid-tookohti?fbclid=IwAR2I7YzpE6HVWxfxD33XJotbJNuL4q42BQVaA3uubhMfSJI9Zf_nAVCFl4g\" target=\"_blank\" title=\"\" rel=\"noopener\">Anal\u00fc\u00fcs: COVID-19 pandeemia sotsiaal-majanduslik m\u00f5ju noortele<\/a>\u00a0<\/strong>\n<\/p>\n<p>\n\t<em>M\u00f5ttekoda Praxis, 18.11.2021<\/em>\n<\/p>\n<p>\n\tProjekti 2. t\u00f6\u00f6r\u00fchma t\u00f6\u00f6na sai novembris 2021 valmis\u00a0poliitikaanal\u00fc\u00fcs COVID-19 pandeemia sotsiaal-majanduslikust m\u00f5just noortele. Anal\u00fc\u00fcsist selgus,\u00a0et Eesti noored on saanud pandeemia ajal finantsiliselt kannatada, suurenenud on noorte t\u00f6\u00f6tus ning tuntakse muret oma rahalise olukorra p\u00e4rast. Erinevalt paljudest OECD riikidest Eestis spetsiaalselt noortele m\u00f5eldud t\u00f6\u00f6turu- ega finantsmeetmeid pandeemia m\u00f5ju leevendamiseks kasutusele ei v\u00f5etud..\n<\/p>\n<p>\n\tLoe l\u00e4hemalt:\u00a0<a data-url=\"http:\/\/www.praxis.ee\/wp-content\/uploads\/2021\/01\/Poliitikaanaluus-noored.pdf\" href=\"http:\/\/www.praxis.ee\/wp-content\/uploads\/2021\/01\/Poliitikaanaluus-noored.pdf\" target=\"_blank\" title=\"\" rel=\"noopener\">http:\/\/www.praxis.ee\/wp-content\/uploads\/2021\/01\/Poliitikaanaluus-noored.pdf<\/a>\n<\/p>\n<p>\n\t\u2014\u2014\u2014\u2014\u2014\u2014\n<\/p>\n<p>\n\t<strong><a data-url=\"https:\/\/arileht.delfi.ee\/artikkel\/92614957\/analuus-tootukassa-palgahuvitis-sailitas-kumneid-tuhandeid-tookohti?fbclid=IwAR2I7YzpE6HVWxfxD33XJotbJNuL4q42BQVaA3uubhMfSJI9Zf_nAVCFl4g\" href=\"https:\/\/arileht.delfi.ee\/artikkel\/92614957\/analuus-tootukassa-palgahuvitis-sailitas-kumneid-tuhandeid-tookohti?fbclid=IwAR2I7YzpE6HVWxfxD33XJotbJNuL4q42BQVaA3uubhMfSJI9Zf_nAVCFl4g\" target=\"_blank\" title=\"\" rel=\"noopener\">Anal\u00fc\u00fcs: COVID-19 pandeemia sotsiaal-majanduslik m\u00f5ju soolisele v\u00f5rd\u00f5iguslikkusele<\/a><\/strong>\n<\/p>\n<p>\n\t<em>M\u00f5ttekoda Praxis, 10.06.2021<\/em>\n<\/p>\n<p>\n\tProjekti 2. t\u00f6\u00f6r\u00fchma t\u00f6\u00f6na sai juunis 2021 valmis\u00a0poliitikaanal\u00fc\u00fcs COVID-19 pandeemia sotsiaal-majanduslikust m\u00f5just soolisele v\u00f5rd\u00f5iguslikkusele. Anal\u00fc\u00fcsist selgus,\u00a0et poliitikakujunduses sooperspektiivi arvesse ei v\u00f5etud ning ehkki sotsiaalpoliitika ja soolise v\u00f5rd\u00f5iguslikkusega tegelevad poliitikakujundajad teadvustavad, et pandeemia v\u00f5is naisi m\u00f5jutada negatiivsemalt kui mehi, on tegelikus Eesti poliitikakujunduses sooperspektiivist l\u00e4htutud v\u00e4ga v\u00e4he. Tulemustena soovitatakse poliitikakujundajatel\u00a0toetada lapsevanemate, naiste ja meeste\u00a0edukat toimetulekut kriisiga, sh ennek\u00f5ike t\u00f6\u00f6- ja pereelu \u00fchitamist ning (vaimset) tervist senisest tugevamalt, t\u00f6\u00f6tades v\u00e4lja vastavad tugimeetmed, mis v\u00f5tavad arvesse vajaduste mitmekesisust nii sugude kui ka\u00a0teiste gruppide\u00a0l\u00f5ikes.\n<\/p>\n<p>\n\tLoe l\u00e4hemalt:\u00a0<a data-url=\"http:\/\/www.praxis.ee\/wp-content\/uploads\/2021\/01\/Pandeemia_ja_sooline_vordoiguslikkus_poliitikaanaluus-2.pdf\" href=\"http:\/\/www.praxis.ee\/wp-content\/uploads\/2021\/01\/Pandeemia_ja_sooline_vordoiguslikkus_poliitikaanaluus-2.pdf\" target=\"_blank\" title=\"\" rel=\"noopener\">http:\/\/www.praxis.ee\/wp-content\/uploads\/2021\/01\/Pandeemia_ja_sooline_vordoiguslikkus_poliitikaanaluus-2.pdf<\/a>\n<\/p>\n<p>\n\t\u2014\u2014\u2014\u2014\u2014\u2014\n<\/p>\n<p>\n\t<strong><a data-url=\"https:\/\/arileht.delfi.ee\/artikkel\/92614957\/analuus-tootukassa-palgahuvitis-sailitas-kumneid-tuhandeid-tookohti?fbclid=IwAR2I7YzpE6HVWxfxD33XJotbJNuL4q42BQVaA3uubhMfSJI9Zf_nAVCFl4g\" href=\"https:\/\/arileht.delfi.ee\/artikkel\/92614957\/analuus-tootukassa-palgahuvitis-sailitas-kumneid-tuhandeid-tookohti?fbclid=IwAR2I7YzpE6HVWxfxD33XJotbJNuL4q42BQVaA3uubhMfSJI9Zf_nAVCFl4g\" target=\"_blank\" title=\"\" rel=\"noopener\">Anal\u00fc\u00fcs: Meetmed t\u00f6\u00f6tute toetamiseks ja vaesuse ennetamiseks<\/a><\/strong>\n<\/p>\n<p>\n\t<em>M\u00f5ttekoda Praxis, 4.05.2021<\/em>\n<\/p>\n<p>\n\tProjekti 2. t\u00f6\u00f6r\u00fchma t\u00f6\u00f6na sai mais 2021 valmis\u00a0poliitikaanal\u00fc\u00fcs meetmetest t\u00f6\u00f6tute toetamiseks ja vaesuse ennetamiseks. Anal\u00fc\u00fcsist selgus,\u00a0et l\u00e4hikuudel on h\u00fcvitiste l\u00f5ppemise t\u00f5ttu igakuiselt lisandumas tuhandeid inimesi, kellel puudub igasugune sissetulek. Tulemustena soovitatakse pikaajalise t\u00f6\u00f6tuse ennetamiseks\u00a0kaaluda\u00a0aktiivsete t\u00f6\u00f6turumeetmete\u202fkohandamist, et\u00a0soodustada\u00a0nende\u00a0laiemat\u00a0kasutamist\u00a0ja t\u00f6\u00f6tute t\u00f6\u00f6le naasmist.\n<\/p>\n<p>\n\tLoe l\u00e4hemalt:\u00a0<a data-url=\"http:\/\/www.praxis.ee\/wp-content\/uploads\/2021\/01\/Meetmed-tootute-toimetuleku-toetamiseks-poliitikaanaluus.pdf\" href=\"http:\/\/www.praxis.ee\/wp-content\/uploads\/2021\/01\/Meetmed-tootute-toimetuleku-toetamiseks-poliitikaanaluus.pdf\" target=\"_blank\" title=\"\" rel=\"noopener\">http:\/\/www.praxis.ee\/wp-content\/uploads\/2021\/01\/Meetmed-tootute-toimetuleku-toetamiseks-poliitikaanaluus.pdf<\/a>\n<\/p>\n<p>\n\t\u2014\u2014\u2014\u2014\u2014\u2014\n<\/p>\n<p>\n\t<strong><a data-url=\"https:\/\/arileht.delfi.ee\/artikkel\/92614957\/analuus-tootukassa-palgahuvitis-sailitas-kumneid-tuhandeid-tookohti?fbclid=IwAR2I7YzpE6HVWxfxD33XJotbJNuL4q42BQVaA3uubhMfSJI9Zf_nAVCFl4g\" href=\"https:\/\/arileht.delfi.ee\/artikkel\/92614957\/analuus-tootukassa-palgahuvitis-sailitas-kumneid-tuhandeid-tookohti?fbclid=IwAR2I7YzpE6HVWxfxD33XJotbJNuL4q42BQVaA3uubhMfSJI9Zf_nAVCFl4g\" target=\"_blank\" title=\"\" rel=\"noopener\">Anal\u00fc\u00fcs: Puue ja pandeemia \u2013 COVID-19 kriisi m\u00f5ju puuetega inimestele ja puuetega laste vanematele<\/a><\/strong>\n<\/p>\n<p>\n\t<em>M\u00f5ttekoda Praxis, 22.04.2021<\/em>\n<\/p>\n<p>\n\tProjekti 2. t\u00f6\u00f6r\u00fchma t\u00f6\u00f6na sai aprillis 2021 valmis\u00a0poliitikaanal\u00fc\u00fcs COVID-19 kriisi m\u00f5just puuetega inimestele ja puuetega laste vanematele. Anal\u00fc\u00fcsist selgus,\u00a0et puuetega inimeste ligip\u00e4\u00e4s infole, teenustele ja kaupadele on pandeemia ajal halvenenud. Samuti toodi v\u00e4lja, et riigipoolne kriisikommunikatsioon on olnud eba\u00fchtlane, s\u00f5numid segased v\u00f5i keskendunud viiruse levikule.\n<\/p>\n<p>\n\tLoe l\u00e4hemalt:\u00a0<a data-url=\"http:\/\/www.praxis.ee\/wp-content\/uploads\/2021\/01\/Puue-ja-pandeemia-poliitikaanaluus.pdf\" href=\"http:\/\/www.praxis.ee\/wp-content\/uploads\/2021\/01\/Puue-ja-pandeemia-poliitikaanaluus.pdf\" target=\"_blank\" title=\"\" rel=\"noopener\">http:\/\/www.praxis.ee\/wp-content\/uploads\/2021\/01\/Puue-ja-pandeemia-poliitikaanaluus.pdf<\/a>\n<\/p>\n<p>\n\t\u2014\u2014\u2014\u2014\u2014\u2014\n<\/p>\n<p>\n\t<strong><a data-url=\"https:\/\/arileht.delfi.ee\/artikkel\/92614957\/analuus-tootukassa-palgahuvitis-sailitas-kumneid-tuhandeid-tookohti?fbclid=IwAR2I7YzpE6HVWxfxD33XJotbJNuL4q42BQVaA3uubhMfSJI9Zf_nAVCFl4g\" href=\"https:\/\/arileht.delfi.ee\/artikkel\/92614957\/analuus-tootukassa-palgahuvitis-sailitas-kumneid-tuhandeid-tookohti?fbclid=IwAR2I7YzpE6HVWxfxD33XJotbJNuL4q42BQVaA3uubhMfSJI9Zf_nAVCFl4g\" target=\"_blank\" title=\"\" rel=\"noopener\">Anal\u00fc\u00fcs: T\u00f6\u00f6tukassa palgah\u00fcvitis s\u00e4ilitas k\u00fcmneid tuhandeid t\u00f6\u00f6kohti<\/a><\/strong>\n<\/p>\n<p>\n\t<em>\u00c4rileht, 22.02.2021<\/em>\n<\/p>\n<p>\n\tV\u00e4rskest uuringust selgub, et t\u00f6\u00f6tukassa t\u00f6\u00f6tasu h\u00fcvitised aitasid \u00e4ra hoida ebav\u00f5rdsuse m\u00e4rkimisv\u00e4\u00e4rse suurenemise.\n<\/p>\n<p>\n\tLoe l\u00e4hemalt:\u00a0<a data-url=\"https:\/\/arileht.delfi.ee\/artikkel\/92614957\/analuus-tootukassa-palgahuvitis-sailitas-kumneid-tuhandeid-tookohti?fbclid=IwAR2I7YzpE6HVWxfxD33XJotbJNuL4q42BQVaA3uubhMfSJI9Zf_nAVCFl4g\" href=\"https:\/\/arileht.delfi.ee\/artikkel\/92614957\/analuus-tootukassa-palgahuvitis-sailitas-kumneid-tuhandeid-tookohti?fbclid=IwAR2I7YzpE6HVWxfxD33XJotbJNuL4q42BQVaA3uubhMfSJI9Zf_nAVCFl4g\" target=\"_blank\" title=\"\" rel=\"noopener\">https:\/\/arileht.delfi.ee\/artikkel\/92614957\/analuus-tootukassa-palgahuvitis-sailitas-kumneid-tuhandeid-tookohti?fbclid=IwAR2I7YzpE6HVWxfxD33XJotbJNuL4q42BQVaA3uubhMfSJI9Zf_nAVCFl4g<\/a>\n<\/p>\n<p>\n\t\u2014\u2014\u2014\u2014\u2014\u2014\n<\/p>\n<p>\n\t<strong><a data-url=\"http:\/\/www.praxis.ee\/wp-content\/uploads\/2021\/01\/Tootukassa-tootasu-huvitis-poliitikaanaluus.pdf\" href=\"http:\/\/www.praxis.ee\/wp-content\/uploads\/2021\/01\/Tootukassa-tootasu-huvitis-poliitikaanaluus.pdf\" target=\"_blank\" title=\"\" rel=\"noopener\">T\u00f6\u00f6tukassa t\u00f6\u00f6tasu h\u00fcvitis \u2013 poliitikaanal\u00fc\u00fcs, M\u00f5ttekoda Praxis<\/a><\/strong>\n<\/p>\n<p>\n\t<em>M\u00f5ttekoda Praxis, 22.02.2021<\/em>\n<\/p>\n<p>\n\tProjekti 2. t\u00f6\u00f6r\u00fchma t\u00f6\u00f6na sai veebruaris 2021 valmis T\u00f6\u00f6tukassa t\u00f6\u00f6tasu h\u00fcvitise poliitikaanal\u00fc\u00fcs. T\u00f6\u00f6st\u00a0selgus, et t\u00f6\u00f6tukassa t\u00f6\u00f6tasu h\u00fcvitised aitasid \u00e4ra hoida ebav\u00f5rdsuse m\u00e4rkimisv\u00e4\u00e4rse suurenemise.\n<\/p>\n<p>\n\tP\u00f5hjalik \u00fclevaade t\u00f6\u00f6 tulemustest on leitav\u00a0Praxise kodulehelt:\u00a0<a data-url=\"http:\/\/www.praxis.ee\/wp-content\/uploads\/2021\/01\/Tootukassa-tootasu-huvitis-poliitikaanaluus.pdf\" href=\"http:\/\/www.praxis.ee\/wp-content\/uploads\/2021\/01\/Tootukassa-tootasu-huvitis-poliitikaanaluus.pdf\" target=\"_blank\" title=\"\" rel=\"noopener\">http:\/\/www.praxis.ee\/wp-content\/uploads\/2021\/01\/Tootukassa-tootasu-huvitis-poliitikaanaluus.pdf<\/a>\u00a0\n<\/p>\n<p>\n\t\u2014\u2014\u2014\u2014\u2014\u2014\n<\/p>\n<p>\n\t<strong><a data-url=\"https:\/\/worksup.com\/app\/#\/event\/agenda\/plan\" href=\"https:\/\/worksup.com\/app\/#\/event\/agenda\/plan\" target=\"_blank\" title=\"\" rel=\"noopener\">Konsortsiumi juht prof. Raul Eamets tutvustas alanud uuringut koroonakonverentsil<\/a><\/strong>\n<\/p>\n<p>\n\t<em>Tartu \u00dclikooli konverents \u201cArukas kohanemine koroonaviirusega\u201d, 27.11.2020<\/em>\n<\/p>\n<p>\n\tKonsortsiumi juht prof. Raul Eamets tutvustas 27. novembril 2020 Tartu \u00dclikooli korraldatud koroonakonverentsil \u201cArukas kohanemine\u201d alanud uuringut ettekandega \u201cKoroonaviiruse sotsiaalmajandluslikud m\u00f5jud Eestis ning rakendatud kriisimeetmete t\u00f5husus\u201d.\n<\/p>\n<p>\n\tKonverentsi ettekanded on leitavad:\u00a0<a href=\"https:\/\/koroonakonverents.ut.ee\/\" target=\"_blank\" title=\"\" rel=\"noopener\">https:\/\/koroonakonverents.ut.ee\/<\/a>\n<\/p>\n<p>\n\tEsitlused on j\u00e4relvaadatavad:\u00a0<a href=\"https:\/\/worksup.com\/app\/#\/join?id=KOROONAKONVERENTS\" target=\"_blank\" title=\"\" rel=\"noopener\">worksupi keskkonnas<\/a>\n<\/p>\n<p>\n\t\u00a0<\/p>\n","protected":false},"excerpt":{"rendered":"<p>Anal\u00fc\u00fcs: COVID-19 pandeemia sotsiaal-majanduslik m\u00f5ju: Pandeemia regionaalne m\u00f5ju\u00a0 M\u00f5ttekoda Praxis, 11.02.2022 Projekti 2. t\u00f6\u00f6r\u00fchma t\u00f6\u00f6na sai veebruaris 202s\u00a0valmis\u00a0poliitikaanal\u00fc\u00fcs COVID-19 pandeemia sotsiaal-majanduslikust regionaalsest m\u00f5just. Anal\u00fc\u00fcsist selgus,\u00a0et pandeemia negatiivne m\u00f5ju t\u00f6\u00f6tusele ja t\u00f6\u00f6h\u00f5ivele ilmnes k\u00f5igis Eesti maakondades, ent enim on kriis tabanud &#8230;<\/p>\n","protected":false},"author":193,"featured_media":0,"parent":0,"menu_order":0,"comment_status":"closed","ping_status":"closed","template":"","meta":{"_acf_changed":false,"inline_featured_image":false,"footnotes":""},"class_list":["post-17","page","type-page","status-publish","hentry"],"acf":[],"_links":{"self":[{"href":"https:\/\/sisu.ut.ee\/c19majandus\/wp-json\/wp\/v2\/pages\/17","targetHints":{"allow":["GET"]}}],"collection":[{"href":"https:\/\/sisu.ut.ee\/c19majandus\/wp-json\/wp\/v2\/pages"}],"about":[{"href":"https:\/\/sisu.ut.ee\/c19majandus\/wp-json\/wp\/v2\/types\/page"}],"author":[{"embeddable":true,"href":"https:\/\/sisu.ut.ee\/c19majandus\/wp-json\/wp\/v2\/users\/193"}],"replies":[{"embeddable":true,"href":"https:\/\/sisu.ut.ee\/c19majandus\/wp-json\/wp\/v2\/comments?post=17"}],"version-history":[{"count":1,"href":"https:\/\/sisu.ut.ee\/c19majandus\/wp-json\/wp\/v2\/pages\/17\/revisions"}],"predecessor-version":[{"id":90,"href":"https:\/\/sisu.ut.ee\/c19majandus\/wp-json\/wp\/v2\/pages\/17\/revisions\/90"}],"wp:attachment":[{"href":"https:\/\/sisu.ut.ee\/c19majandus\/wp-json\/wp\/v2\/media?parent=17"}],"curies":[{"name":"wp","href":"https:\/\/api.w.org\/{rel}","templated":true}]}}