{"id":15,"date":"2024-04-04T06:42:35","date_gmt":"2024-04-04T03:42:35","guid":{"rendered":"https:\/\/sisu.ut.ee\/c19majandus\/avakohtumine-18112020\/"},"modified":"2024-04-04T06:42:53","modified_gmt":"2024-04-04T03:42:53","slug":"avakohtumine-18112020","status":"publish","type":"page","link":"https:\/\/sisu.ut.ee\/c19majandus\/avakohtumine-18112020\/","title":{"rendered":"1. Avakohtumine 18.11.2020"},"content":{"rendered":"<p>18. november 2020 MS Teamsi keskkonnas virtuaalse koosolekuna toimunud juhtkomisjoni ja t\u00f6\u00f6r\u00fchmade avakohtumise materjalid:<br><\/p><div class=\"wp-block-group attached-files-group is-layout-constrained wp-block-group-is-layout-constrained\"><div class=\"wp-block-file\"><a href=\"https:\/\/sisu.ut.ee\/wp-content\/uploads\/sites\/461\/paevakava_avakohtumine_18.11.2020.pdf\" target=\"_blank\" rel=\"noreferrer noopener\">paevakava_avakohtumine_18.11.2020.pdf<\/a><\/div><div class=\"wp-block-file\"><a href=\"https:\/\/sisu.ut.ee\/wp-content\/uploads\/sites\/461\/toopakettide_esitlus_avakohtumine_18.11.2020.pdf\" target=\"_blank\" rel=\"noreferrer noopener\">toopakettide_esitlus_avakohtumine_18.11.2020.pdf<\/a><\/div><div class=\"wp-block-file\"><a href=\"https:\/\/sisu.ut.ee\/wp-content\/uploads\/sites\/461\/kokkuvote_avakohtumine_18.11.2020.pdf\" target=\"_blank\" rel=\"noreferrer noopener\">kokkuvote_avakohtumine_18.11.2020.pdf<\/a><\/div><\/div>","protected":false},"excerpt":{"rendered":"<p>18. november 2020 MS Teamsi keskkonnas virtuaalse koosolekuna toimunud juhtkomisjoni ja t\u00f6\u00f6r\u00fchmade avakohtumise materjalid:<\/p>\n","protected":false},"author":193,"featured_media":0,"parent":0,"menu_order":0,"comment_status":"closed","ping_status":"closed","template":"","meta":{"_acf_changed":false,"inline_featured_image":false,"footnotes":""},"class_list":["post-15","page","type-page","status-publish","hentry"],"acf":[],"_links":{"self":[{"href":"https:\/\/sisu.ut.ee\/c19majandus\/wp-json\/wp\/v2\/pages\/15","targetHints":{"allow":["GET"]}}],"collection":[{"href":"https:\/\/sisu.ut.ee\/c19majandus\/wp-json\/wp\/v2\/pages"}],"about":[{"href":"https:\/\/sisu.ut.ee\/c19majandus\/wp-json\/wp\/v2\/types\/page"}],"author":[{"embeddable":true,"href":"https:\/\/sisu.ut.ee\/c19majandus\/wp-json\/wp\/v2\/users\/193"}],"replies":[{"embeddable":true,"href":"https:\/\/sisu.ut.ee\/c19majandus\/wp-json\/wp\/v2\/comments?post=15"}],"version-history":[{"count":2,"href":"https:\/\/sisu.ut.ee\/c19majandus\/wp-json\/wp\/v2\/pages\/15\/revisions"}],"predecessor-version":[{"id":107,"href":"https:\/\/sisu.ut.ee\/c19majandus\/wp-json\/wp\/v2\/pages\/15\/revisions\/107"}],"wp:attachment":[{"href":"https:\/\/sisu.ut.ee\/c19majandus\/wp-json\/wp\/v2\/media?parent=15"}],"curies":[{"name":"wp","href":"https:\/\/api.w.org\/{rel}","templated":true}]}}