{"id":12,"date":"2024-04-04T06:42:34","date_gmt":"2024-04-04T03:42:34","guid":{"rendered":"https:\/\/sisu.ut.ee\/c19majandus\/kontakt\/"},"modified":"2024-05-07T15:29:23","modified_gmt":"2024-05-07T12:29:23","slug":"kontakt","status":"publish","type":"page","link":"https:\/\/sisu.ut.ee\/c19majandus\/kontakt\/","title":{"rendered":"Kontakt"},"content":{"rendered":"<div><\/div>\n<div>\n<div><span style=\"color: #800080;\"><strong>Sisulised k\u00fcsimused:<\/strong><\/span><\/div>\n<div style=\"margin-left: 40px;\"><strong>Janno J\u00e4rve<\/strong><\/div>\n<div style=\"margin-left: 40px;\">Projektijuht<\/div>\n<div style=\"margin-left: 40px;\"><span lang=\"ET\"><span style=\"line-height: 107%;\">Eesti Rakendusuuringute Keskus CentAR O\u00dc<\/span><\/span><\/div>\n<div style=\"margin-left: 40px;\">R\u00e4vala 11-8, 10143 Tallinn<\/div>\n<div style=\"margin-left: 40px;\">Tel: 617 3306<\/div>\n<div style=\"margin-left: 40px;\">E-post: janno.jarve@centar.ee<\/div>\n<div><\/div>\n<div><span style=\"color: #800080;\"><strong>Tehnilised ja korralduslikud k\u00fcsimused:<\/strong><\/span><\/div>\n<div style=\"margin-left: 40px;\"><strong>Kaidi N\u00f5mmela<\/strong><\/div>\n<div style=\"margin-left: 40px;\">Projekti koordinaator<\/div>\n<div style=\"margin-left: 40px;\">Johan Skytte poliitikauuringute instituut,<\/div>\n<div style=\"margin-left: 40px;\">sotsiaalteaduslike rakendusuuringute keskus (RAKE)<\/div>\n<div style=\"margin-left: 40px;\">Tartu \u00dclikool<\/div>\n<div style=\"margin-left: 40px;\">Lossi 36-329, 51003 Tartu<\/div>\n<div style=\"margin-left: 40px;\">Tel: 737 6373<\/div>\n<div style=\"margin-left: 40px;\">E-post: kaidi.nommela@ut.ee<\/div>\n<\/div>\n<div><\/div>\n<div><em>T\u00f6\u00f6r\u00fchmajuhtide e-post: tp_c19majandus@lists.ut.ee<\/em><\/div>\n<div><em>Juhtkomisjoni e-post: jk_c19majandus@lists.ut.ee<\/em><\/div>\n<div><\/div>\n<div>\n<table class=\"table table-hover\" style=\"width: 500px;\" border=\"0\" cellspacing=\"1\" cellpadding=\"1\">\n<tbody>\n<tr>\n<td style=\"width: 200px; vertical-align: top;\">\n<div><span style=\"color: #800080;\"><strong>Lisainfo RITA programmist:<\/strong><\/span><\/div>\n<div>\n<div style=\"margin-left: 40px;\"><b>Liina Eek<\/b><\/div>\n<div style=\"margin-left: 40px;\">RITA programmi juht<\/div>\n<div style=\"margin-left: 40px;\">SA Eesti Teadusagentuur<\/div>\n<div style=\"margin-left: 40px;\">Soola 8, 51004 Tartu<\/div>\n<div style=\"margin-left: 40px;\">Tel: 730 7383<\/div>\n<div style=\"margin-left: 40px;\">E-post: liina.eek@etag.ee<\/div>\n<\/div>\n<\/td>\n<\/tr>\n<\/tbody>\n<\/table>\n<\/div>\n","protected":false},"excerpt":{"rendered":"<p>Sisulised k\u00fcsimused: Janno J\u00e4rve Projektijuht Eesti Rakendusuuringute Keskus CentAR O\u00dc R\u00e4vala 11-8, 10143 Tallinn Tel: 617 3306 E-post: janno.jarve@centar.ee Tehnilised ja korralduslikud k\u00fcsimused: Kaidi N\u00f5mmela Projekti koordinaator Johan Skytte poliitikauuringute instituut, sotsiaalteaduslike rakendusuuringute keskus (RAKE) Tartu \u00dclikool Lossi 36-329, 51003 &#8230;<\/p>\n","protected":false},"author":193,"featured_media":0,"parent":0,"menu_order":0,"comment_status":"closed","ping_status":"closed","template":"","meta":{"_acf_changed":false,"inline_featured_image":false,"footnotes":""},"class_list":["post-12","page","type-page","status-publish","hentry"],"acf":[],"_links":{"self":[{"href":"https:\/\/sisu.ut.ee\/c19majandus\/wp-json\/wp\/v2\/pages\/12","targetHints":{"allow":["GET"]}}],"collection":[{"href":"https:\/\/sisu.ut.ee\/c19majandus\/wp-json\/wp\/v2\/pages"}],"about":[{"href":"https:\/\/sisu.ut.ee\/c19majandus\/wp-json\/wp\/v2\/types\/page"}],"author":[{"embeddable":true,"href":"https:\/\/sisu.ut.ee\/c19majandus\/wp-json\/wp\/v2\/users\/193"}],"replies":[{"embeddable":true,"href":"https:\/\/sisu.ut.ee\/c19majandus\/wp-json\/wp\/v2\/comments?post=12"}],"version-history":[{"count":4,"href":"https:\/\/sisu.ut.ee\/c19majandus\/wp-json\/wp\/v2\/pages\/12\/revisions"}],"predecessor-version":[{"id":120,"href":"https:\/\/sisu.ut.ee\/c19majandus\/wp-json\/wp\/v2\/pages\/12\/revisions\/120"}],"wp:attachment":[{"href":"https:\/\/sisu.ut.ee\/c19majandus\/wp-json\/wp\/v2\/media?parent=12"}],"curies":[{"name":"wp","href":"https:\/\/api.w.org\/{rel}","templated":true}]}}