{"id":10,"date":"2024-04-04T06:42:34","date_gmt":"2024-04-04T03:42:34","guid":{"rendered":"https:\/\/sisu.ut.ee\/c19majandus\/tulemused\/"},"modified":"2024-04-04T06:42:54","modified_gmt":"2024-04-04T03:42:54","slug":"tulemused","status":"publish","type":"page","link":"https:\/\/sisu.ut.ee\/c19majandus\/tulemused\/","title":{"rendered":"Tulemused"},"content":{"rendered":"<p>\n\t<strong>Avalikult k\u00e4ttesaadavad publikatsioonid ja muud materjalid:<\/strong>\n<\/p>\n<p style=\"margin-top:0cm;margin-right:0cm;margin-bottom:6.0pt;text-align:left\">\n\t<span style=\"color:#800080\"><b>Projekti \u201cC-19 Majandus\u201d l\u00f5ppraport:<\/b><\/span>\n<\/p>\n<ul>\n<li>\n<p>\n\t\t\tTartu \u00dclikool,\u00a0Poliitikauuringute Keskus Praxis, Eesti Rakendusuuringute Keskus CentAR (2022). RITA C-19 Majandus \u2013 COVID-19 seotud majandusm\u00f5jude ning nende pehmendamiseks m\u00f5eldud poliitikameetmete t\u00f5hususe hindamine.\u00a0K\u00e4ttesaadav:\u00a0<a data-url=\"https:\/\/etag.ee\/wp-content\/uploads\/2022\/06\/RITA-C-19-majandus_C19-lopparuanne.pdf\" href=\"https:\/\/etag.ee\/wp-content\/uploads\/2022\/06\/RITA-C-19-majandus_C19-lopparuanne.pdf\" target=\"_blank\" title=\"\" rel=\"noopener\">https:\/\/etag.ee\/wp-content\/uploads\/2022\/06\/RITA-C-19-majandus_C19-lopparuanne.pdf<\/a>\n\t\t<\/p>\n<\/li>\n<\/ul>\n<p style=\"margin-top:0cm;margin-right:0cm;margin-bottom:6.0pt;text-align:left\">\n\t<span style=\"color:#800080\"><b>I. COVID19 kriisi ja selle leevendusmeetmete m\u00f5ju haavatavamatele gruppidele Eestis <\/b><\/span>\n<\/p>\n<ul>\n<li>\n<p>\n\t\t\tLaurim\u00e4e, M., Koppel, K.\u00a0(2022). COVID-19 sotsiaal-majanduslik m\u00f5ju: Pandeemia regionaalne m\u00f5ju. Tallinn: Poliitikauuringute Keskus Praxis. K\u00e4ttesaadav:\u00a0<a data-url=\"https:\/\/www.praxis.ee\/wp-content\/uploads\/2021\/01\/Pandeemia-regionaalne-moju.pdf\" href=\"https:\/\/www.praxis.ee\/wp-content\/uploads\/2021\/01\/Pandeemia-regionaalne-moju.pdf\" target=\"_blank\" title=\"\" rel=\"noopener\">https:\/\/www.praxis.ee\/wp-content\/uploads\/2021\/01\/Pandeemia-regionaalne-moju.pdf<\/a>\n\t\t<\/p>\n<\/li>\n<li>\n<p>\n\t\t\tSepper, M.-L., Anniste, K. (2022). COVID-19 pandeemia ja 65+ inimesed \u2013 vanemaealistelt on \u00f5ppida kriisiga toimetulekut. Tallinn: Poliitikauuringute Keskus Praxis. K\u00e4ttesaadav:\u00a0<a data-url=\"https:\/\/www.praxis.ee\/wp-content\/uploads\/2021\/01\/COVID-19_Eakate-toimetuleku-analuus_Praxis_2022.pdf\" href=\"https:\/\/www.praxis.ee\/wp-content\/uploads\/2021\/01\/COVID-19_Eakate-toimetuleku-analuus_Praxis_2022.pdf\" target=\"_blank\" title=\"\" rel=\"noopener\">https:\/\/www.praxis.ee\/wp-content\/uploads\/2021\/01\/COVID-19_Eakate-toimetuleku-analuus_Praxis_2022.pdf<\/a>\n\t\t<\/p>\n<\/li>\n<li>\n<p>\n\t\t\tHaugas, S., Allemann, M., Anniste, K.\u00a0(2021). COVID-19 sotsiaal-majanduslik m\u00f5ju noortele:\u00a0Viiruskriis kui noorte t\u00f6\u00f6h\u00f5ive ja vaimse tervise kriis. Tallinn: Poliitikauuringute Keskus Praxis. K\u00e4ttesaadav:\u00a0<a data-url=\"https:\/\/www.praxis.ee\/wp-content\/uploads\/2021\/01\/COVID_19_moju_noortele_lopparuanne_241121.pdf\" href=\"https:\/\/www.praxis.ee\/wp-content\/uploads\/2021\/01\/COVID_19_moju_noortele_lopparuanne_241121.pdf\" target=\"_blank\" title=\"\" rel=\"noopener\">https:\/\/www.praxis.ee\/wp-content\/uploads\/2021\/01\/COVID_19_moju_noortele_lopparuanne_241121.pdf<\/a>\n\t\t<\/p>\n<\/li>\n<li>\n<p>\n\t\t\tKoppel, K., Laurim\u00e4e, M. (2021). COVID-19 sotsiaal-majanduslik m\u00f5ju: V\u00f5la\u00f5iguslikud t\u00f6\u00f6suhted ja sotsiaalkaitse pandeemia esimese laine ajal. Tallinn: Poliitikauuringute Keskus Praxis. K\u00e4ttesaadav:\u00a0<a data-url=\"https:\/\/www.praxis.ee\/wp-content\/uploads\/2021\/01\/Volaoiguslikud-toosuhted-pandeemia-ajal.pdf\" href=\"https:\/\/www.praxis.ee\/wp-content\/uploads\/2021\/01\/Volaoiguslikud-toosuhted-pandeemia-ajal.pdf\" target=\"_blank\" title=\"\" rel=\"noopener\">https:\/\/www.praxis.ee\/wp-content\/uploads\/2021\/01\/Volaoiguslikud-toosuhted-pandeemia-ajal.pdf<\/a>\n\t\t<\/p>\n<\/li>\n<li>\n<p>\n\t\t\tHaugas, S.,\u00a0Sepper, M.-L. (2021). COVID-19 sotsiaal-majanduslik m\u00f5ju soolisele v\u00f5rd\u00f5iguslikkusele. Tallinn: Poliitikauuringute Keskus Praxis. K\u00e4ttesaadav:\u00a0<a data-url=\"http:\/\/www.praxis.ee\/wp-content\/uploads\/2021\/01\/Pandeemia_ja_sooline_vordoiguslikkus_poliitikaanaluus-2.pdf\" href=\"http:\/\/www.praxis.ee\/wp-content\/uploads\/2021\/01\/Pandeemia_ja_sooline_vordoiguslikkus_poliitikaanaluus-2.pdf\" target=\"_blank\" title=\"\" rel=\"noopener\">http:\/\/www.praxis.ee\/wp-content\/uploads\/2021\/01\/Pandeemia_ja_sooline_vordoiguslikkus_poliitikaanaluus-2.pdf<\/a>\n\t\t<\/p>\n<\/li>\n<li>\n<p>\n\t\t\tLaurim\u00e4e, M.,\u00a0Koppel, K. (2021). COVID-19 sotsiaal-majanduslik m\u00f5ju: Meetmed t\u00f6\u00f6tute toetamiseks ja vaesuse ennetamiseks. Tallinn: Poliitikauuringute Keskus Praxis. K\u00e4ttesaadav:\u00a0<a data-url=\"http:\/\/www.praxis.ee\/wp-content\/uploads\/2021\/01\/Meetmed-tootute-toimetuleku-toetamiseks-poliitikaanaluus.pdf\" href=\"http:\/\/www.praxis.ee\/wp-content\/uploads\/2021\/01\/Meetmed-tootute-toimetuleku-toetamiseks-poliitikaanaluus.pdf\" target=\"_blank\" title=\"\" rel=\"noopener\">http:\/\/www.praxis.ee\/wp-content\/uploads\/2021\/01\/Meetmed-tootute-toimetuleku-toetamiseks-poliitikaanaluus.pdf<\/a>\n\t\t<\/p>\n<\/li>\n<li>\n<p>\n\t\t\tSepper, M-L., Haugas, S., Siimsen, I., Koppel, K. (2021). Puue ja pandeemia \u2013 COVID-19 kriisi m\u00f5ju puuetega inimestele ja puuetega laste vanematele. Tallinn: Poliitikauuringute Keskus Praxis. K\u00e4ttesaadav:\u00a0<a data-url=\"http:\/\/www.praxis.ee\/wp-content\/uploads\/2021\/01\/Meetmed-tootute-toimetuleku-toetamiseks-poliitikaanaluus.pdf\" href=\"http:\/\/www.praxis.ee\/wp-content\/uploads\/2021\/01\/Meetmed-tootute-toimetuleku-toetamiseks-poliitikaanaluus.pdf\" target=\"_blank\" title=\"\" rel=\"noopener\">http:\/\/www.praxis.ee\/wp-content\/uploads\/2021\/01\/Meetmed-tootute-toimetuleku-toetamiseks-poliitikaanaluus.pdf<\/a>\n\t\t<\/p>\n<\/li>\n<li>\n<p>\n\t\t\tKoppel, K., Laurim\u00e4e, M (2021). T\u00f6\u00f6tukassa t\u00f6\u00f6tasu h\u00fcvitis, Praxise poliitikaanal\u00fc\u00fcs. Tallinn: Poliitikauuringute Keskus Praxis. K\u00e4ttesaadav:<em>\u00a0<\/em><a data-url=\"http:\/\/www.praxis.ee\/wp-content\/uploads\/2021\/01\/Tootukassa-tootasu-huvitis-poliitikaanaluus.pdf\" href=\"http:\/\/www.praxis.ee\/wp-content\/uploads\/2021\/01\/Tootukassa-tootasu-huvitis-poliitikaanaluus.pdf\" target=\"_blank\" title=\"\" rel=\"noopener\">http:\/\/www.praxis.ee\/wp-content\/uploads\/2021\/01\/Tootukassa-tootasu-huvitis-poliitikaanaluus.pdf<\/a>\n\t\t<\/p>\n<\/li>\n<li>\n\t\t<span>Koppel, K. &amp; Laurim\u00e4e, M. (2021). Socio-economic impact of COVID-19: Salary subsidy paid by the Unemployment Insurance Fund in 2020. Tallinn: Praxis Centre for Policy Studies. Available here: <\/span><a data-url=\"https:\/\/www.praxis.ee\/wp-content\/uploads\/2021\/01\/Salary-subsidy-analysis.pdf\" href=\"https:\/\/www.praxis.ee\/wp-content\/uploads\/2021\/01\/Salary-subsidy-analysis.pdf\" target=\"_blank\" title=\"\" rel=\"noopener\">https:\/\/www.praxis.ee\/wp-content\/uploads\/2021\/01\/Salary-subsidy-analysis.pdf<\/a>\n\t<\/li>\n<\/ul>\n<p style=\"margin-top:0cm;margin-right:0cm;margin-bottom:6.0pt;text-align:left\">\n\t<span style=\"color:#800080\"><b>II. COVID19 kriisi m\u00f5ju majandusele<\/b><\/span>\n<\/p>\n<ul>\n<li>\n<p>\n\t\t\tCentAR, CITIS (2022). \u00a0C-19 makromudel.\u00a0Eesti Rakendusuuringute Keskus CentAR O\u00dc, CITIS.\u00a0K\u00e4ttesaadav:\u00a0<a data-url=\"https:\/\/apps.centar.ee\/io-makromudel\/\" href=\"https:\/\/apps.centar.ee\/io-makromudel\/\" target=\"_blank\" title=\"\" rel=\"noopener\">https:\/\/apps.centar.ee\/io-makromudel\/<\/a>\n\t\t<\/p>\n<\/li>\n<li>\n<p>\n\t\t\tCentAR, CITIS (2022). \u00a0C-19 makromudeli\u00a0metoodikaraport.\u00a0Eesti Rakendusuuringute Keskus CentAR O\u00dc, CITIS.\u00a0K\u00e4ttesaadav:\u00a0<a data-url=\"https:\/\/raportid.centar.ee\/2022_RITAC19_metoodikaraport.html\" href=\"https:\/\/raportid.centar.ee\/2022_RITAC19_metoodikaraport.html\" target=\"_blank\" title=\"\" rel=\"noopener\">https:\/\/raportid.centar.ee\/2022_RITAC19_metoodikaraport.html<\/a>\n\t\t<\/p>\n<\/li>\n<li>\n<p>\n\t\t\tCentAR (2022). Pakkumise \/ kasutamise tabelid ja multiplikaatorid v1.1.\u00a0Eesti Rakendusuuringute Keskus CentAR O\u00dc.\u00a0K\u00e4ttesaadav:\u00a0<a data-url=\"https:\/\/raportid.centar.ee\/2022_RITAC19_PKT_multiplikaatorid_v1.1.html\" href=\"https:\/\/raportid.centar.ee\/2022_RITAC19_PKT_multiplikaatorid_v1.1.html\" target=\"_blank\" title=\"\" rel=\"noopener\">https:\/\/raportid.centar.ee\/2022_RITAC19_PKT_multiplikaatorid_v1.1.html<\/a>\n\t\t<\/p>\n<\/li>\n<li>\n<p>\n\t\t\tCentAR (2022). Covid-kriisiga kaasnev majandusstruktuuri muutus.\u00a0Eesti Rakendusuuringute Keskus CentAR O\u00dc.\u00a0K\u00e4ttesaadav:\u00a0<a data-url=\"https:\/\/raportid.centar.ee\/2022_RITAC19_majanduse_struktuur.html\" href=\"https:\/\/raportid.centar.ee\/2022_RITAC19_majanduse_struktuur.html\" target=\"_blank\" title=\"\" rel=\"noopener\">https:\/\/raportid.centar.ee\/2022_RITAC19_majanduse_struktuur.html<\/a>\n\t\t<\/p>\n<\/li>\n<li>\n<p>\n\t\t\tCITIS (2022). V\u00e4lisn\u00f5udlus. CITIS.\u00a0K\u00e4ttesaadav:\u00a0<a data-url=\"https:\/\/raportid.centar.ee\/2022_RITAC19_valisnoudlus.html\" href=\"https:\/\/raportid.centar.ee\/2022_RITAC19_valisnoudlus.html\" target=\"_blank\" title=\"\" rel=\"noopener\">https:\/\/raportid.centar.ee\/2022_RITAC19_valisnoudlus.html<\/a>\n\t\t<\/p>\n<\/li>\n<li>\n<p>\n\t\t\tCentAR (2021). Toitlustusettev\u00f5tete toetamine vaut\u0161erite kaudu.\u00a0Eesti Rakendusuuringute Keskus CentAR O\u00dc.\u00a0K\u00e4ttesaadav:\u00a0<a data-url=\"https:\/\/raportid.centar.ee\/2022_RITAC19_vautser_v1.1.html\" href=\"https:\/\/raportid.centar.ee\/2022_RITAC19_vautser_v1.1.html\" target=\"_blank\" title=\"\" rel=\"noopener\">https:\/\/raportid.centar.ee\/2022_RITAC19_vautser_v1.1.html<\/a>\n\t\t<\/p>\n<\/li>\n<li>\n<p>\n\t\t\tCentAR (2021). Eriotstarbeline puhkus t\u00f6\u00f6tavatele vanematele.\u00a0Eesti Rakendusuuringute Keskus CentAR O\u00dc.\u00a0K\u00e4ttesaadav:\u00a0<a data-url=\"https:\/\/raportid.centar.ee\/2022_RITAC19_vanemapuhkus.html\" href=\"https:\/\/raportid.centar.ee\/2022_RITAC19_vanemapuhkus.html\" target=\"_blank\" title=\"\" rel=\"noopener\">https:\/\/raportid.centar.ee\/2022_RITAC19_vanemapuhkus.html<\/a>\n\t\t<\/p>\n<\/li>\n<li>\n<p>\n\t\t\tCentAR (2021). Kas COVID-19 kriis suurendas sissetulekute ebav\u00f5rdsust?\u00a0Eesti Rakendusuuringute Keskus CentAR O\u00dc.\u00a0K\u00e4ttesaadav:\u00a0<a data-url=\"https:\/\/raportid.centar.ee\/2022_RITAC19_sissetulekute_ebavordsus.html\" href=\"https:\/\/raportid.centar.ee\/2022_RITAC19_sissetulekute_ebavordsus.html\" target=\"_blank\" title=\"\" rel=\"noopener\">https:\/\/raportid.centar.ee\/2022_RITAC19_sissetulekute_ebavordsus.html<\/a>\n\t\t<\/p>\n<\/li>\n<li>\n<p>\n\t\t\tCentAR (2021). L\u00f5pptarbimise kasvu liikumine l\u00e4bi majanduse. Eesti Rakendusuuringute Keskus CentAR O\u00dc.\u00a0K\u00e4ttesaadav: <a data-url=\"https:\/\/centar.shinyapps.io\/io-raw-bwlinks-estonia\/\" href=\"https:\/\/centar.shinyapps.io\/io-raw-bwlinks-estonia\/\" target=\"_blank\" title=\"\" rel=\"noopener\">https:\/\/centar.shinyapps.io\/io-raw-bwlinks-estonia\/<\/a>\u00a0\n\t\t<\/p>\n<\/li>\n<li>\n<p>\n\t\t\tCentAR (2021). Kuhu l\u00e4heb toodang? Eesti Rakendusuuringute Keskus CentAR O\u00dc. K\u00e4ttesaadav: <a data-url=\"https:\/\/centar.shinyapps.io\/io-raw-fwlinks-estonia\/\" href=\"https:\/\/centar.shinyapps.io\/io-raw-fwlinks-estonia\/\" target=\"_blank\" title=\"\" rel=\"noopener\">https:\/\/centar.shinyapps.io\/io-raw-fwlinks-estonia\/<\/a>\n\t\t<\/p>\n<\/li>\n<\/ul>\n<p style=\"margin-top:0cm;margin-right:0cm;margin-bottom:6.0pt;text-align:left\">\n\t<span style=\"color:#800080\"><b>III. Rahvusvahelise kogemuse anal\u00fc\u00fcs ja s\u00fcntees<\/b><\/span>\n<\/p>\n<ul>\n<li>\n<p>\n\t\t\t<span>Tartu \u00dclikool, Centar, Praxis (2022). K\u00e4ibemaksum\u00e4\u00e4ra ajutise langetamise simuleeritud m\u00f5jud, T\u00dc. K\u00e4ttesaadav: <\/span><a data-url=\"https:\/\/kodu.ut.ee\/~avork\/files\/citis\/Raport_kaibemaks.html\u00a0\" href=\"https:\/\/kodu.ut.ee\/~avork\/files\/citis\/Raport_kaibemaks.html%C2%A0\" target=\"_blank\" title=\"\" rel=\"noopener\">https:\/\/kodu.ut.ee\/~avork\/files\/citis\/Raport_kaibemaks.html\u00a0<\/a>\n\t\t<\/p>\n<\/li>\n<li>\n<p>\n\t\t\tLaurim\u00e4e, M.; Koppel, K. 2021. COVID-19 sotsiaal-majanduslik m\u00f5ju: Meetmed t\u00f6\u00f6tute toetamiseks ja vaesuse ennetamiseks. Tallinn: Poliitikauuringute Keskus Praxis. K\u00e4ttesaadav: <a data-url=\"https:\/\/www.praxis.ee\/wp-content\/uploads\/2021\/01\/Meetmed-tootute-toimetuleku-toetamiseks-poliitikaanaluus.pdf\" href=\"https:\/\/www.praxis.ee\/wp-content\/uploads\/2021\/01\/Meetmed-tootute-toimetuleku-toetamiseks-poliitikaanaluus.pdf\" target=\"_blank\" title=\"\" rel=\"noopener\">https:\/\/www.praxis.ee\/wp-content\/uploads\/2021\/01\/Meetmed-tootute-toimetuleku-toetamiseks-poliitikaanaluus.pdf<\/a>\n\t\t<\/p>\n<\/li>\n<\/ul>\n<p>\n\t\u00a0\n<\/p>\n<p>\n\t<strong>Projekti pikenduse \u201cUkraina kriisiga seotud teemade uurimine\u201d avalikult k\u00e4ttesaadavad publikatsioonid:<\/strong>\n<\/p>\n<ul>\n<li>\n<p>\n\t\t\tAnniste, K.; Espenberg, K. (2022). Ukraina s\u00f5jap\u00f5genikud Eestis. Teemapaber nr 1: Sissejuhatus. Metoodika. S\u00f5jap\u00f5genike profiil. Tartu \u00dclikool, Poliitikauuringute keskus Praxis. K\u00e4ttesaadav: <a data-url=\"https:\/\/skytte.ut.ee\/sites\/default\/files\/2023-02\/RITA_sissejuhatus.pdf\" href=\"https:\/\/skytte.ut.ee\/sites\/default\/files\/2023-02\/RITA_sissejuhatus.pdf\" target=\"_blank\" title=\"\" rel=\"noopener\">https:\/\/skytte.ut.ee\/sites\/default\/files\/2023-02\/RITA_sissejuhatus.pdf<\/a>\n\t\t<\/p>\n<\/li>\n<li>\n<p>\n\t\t\tLees, K.; Espenberg, K. (2022). Ukraina s\u00f5jap\u00f5genikud Eestis. Teemapaber nr 2: Majutus. Tartu. Tartu \u00dclikool. K\u00e4ttesaadav:\u00a0<a data-url=\"https:\/\/skytte.ut.ee\/sites\/default\/files\/2023-02\/RITA_majutus.pdf\" href=\"https:\/\/skytte.ut.ee\/sites\/default\/files\/2023-02\/RITA_majutus.pdf\" target=\"_blank\" title=\"\" rel=\"noopener\">https:\/\/skytte.ut.ee\/sites\/default\/files\/2023-02\/RITA_majutus.pdf<\/a>\n\t\t<\/p>\n<\/li>\n<li>\n<p>\n\t\t\tKendrali, E., Allemann, M., Kletter, T. (2023). Ukraina s\u00f5jap\u00f5genikud Eestis. Teemapaber nr 3: Haridus. Tallinn: Poliitikauuringute Keskus Praxis. K\u00e4ttesaadav:\u00a0<a data-url=\"https:\/\/www.praxis.ee\/?download=&amp;kccpid=&amp;kcccount=https:\/\/www.praxis.ee\/wp-content\/uploads\/2023\/02\/Teemapaber_haridus.pdf\" href=\"https:\/\/www.praxis.ee\/?download=&amp;kccpid=&amp;kcccount=https:\/\/www.praxis.ee\/wp-content\/uploads\/2023\/02\/Teemapaber_haridus.pdf\" target=\"_blank\" title=\"\" rel=\"noopener\">https:\/\/www.praxis.ee\/?download=&amp;kccpid=&amp;kcccount=https:\/\/www.praxis.ee\/wp-content\/uploads\/2023\/02\/Teemapaber_haridus.pdf<\/a>\n\t\t<\/p>\n<\/li>\n<li>\n<p>\n\t\t\tLees, K.; Espenberg, K. (2022). Ukraina s\u00f5jap\u00f5genikud Eestis. Teemapaber nr 4: T\u00f6\u00f6turg. Tartu. Tartu \u00dclikool. K\u00e4ttesaadav: <a data-url=\"https:\/\/skytte.ut.ee\/sites\/default\/files\/2023-02\/RITA_t%C3%B6%C3%B6turg.pdf\" href=\"https:\/\/skytte.ut.ee\/sites\/default\/files\/2023-02\/RITA_t%C3%B6%C3%B6turg.pdf\" target=\"_blank\" title=\"\" rel=\"noopener\">https:\/\/skytte.ut.ee\/sites\/default\/files\/2023-02\/RITA_t%C3%B6%C3%B6turg.pdf<\/a>\n\t\t<\/p>\n<\/li>\n<li>\n<p>\n\t\t\tKender, E. (2023) Ukraina s\u00f5jap\u00f5genikud Eestis. Teemapaber nr 5: Tervis. Tallinn: Poliitikauuringute Keskus Praxis. K\u00e4ttesaadav: <a data-url=\"https:\/\/www.praxis.ee\/?download=&amp;kccpid=&amp;kcccount=https:\/\/www.praxis.ee\/wp-content\/uploads\/2023\/02\/Teemapaber_tervis.pdf\" href=\"https:\/\/www.praxis.ee\/?download=&amp;kccpid=&amp;kcccount=https:\/\/www.praxis.ee\/wp-content\/uploads\/2023\/02\/Teemapaber_tervis.pdf\" target=\"_blank\" title=\"\" rel=\"noopener\">https:\/\/www.praxis.ee\/?download=&amp;kccpid=&amp;kcccount=https:\/\/www.praxis.ee\/wp-content\/uploads\/2023\/02\/Teemapaber_tervis.pdf<\/a>\n\t\t<\/p>\n<\/li>\n<li>\n<p>\n\t\t\tLees, K.; Espenberg, K. (2022). Ukraina s\u00f5jap\u00f5genikud Eestis. Teemapaber nr 6: Toimetulek. Tartu. Tartu \u00dclikool. [<a href=\"https:\/\/skytte.ut.ee\/sites\/default\/files\/2023-02\/RITA_toimetulek.pdf\">https:\/\/skytte.ut.ee\/sites\/default\/files\/2023-02\/RITA_toimetulek.pdf<\/a>]\n\t\t<\/p>\n<\/li>\n<li>\n<p>\n\t\t\tEspenberg, K., Lehes, L., Saapar, M. (2022). Ukraina s\u00f5jap\u00f5genikud Eestis. Teemapaber nr 7: Kohanemine Eestis. Tartu. Tartu \u00dclikool. K\u00e4ttesaadav:\u00a0<a href=\"https:\/\/skytte.ut.ee\/sites\/default\/files\/2023-02\/RITA_kohanemine.pdf\">https:\/\/skytte.ut.ee\/sites\/default\/files\/2023-02\/RITA_kohanemine.pdf<\/a>\n\t\t<\/p>\n<\/li>\n<li>\n<p>\n\t\t\tAnniste, K., Lehes, L. (2022). Ukraina s\u00f5jap\u00f5genikud Eestis. Teemapaber nr 8: Tagasir\u00e4nne. Tallinn: Poliitikauuringute Keskus Praxis. K\u00e4ttesaadav:\u00a0<a href=\"https:\/\/www.praxis.ee\/?download=&amp;kccpid=&amp;kcccount=https:\/\/www.praxis.ee\/wp-content\/uploads\/2023\/02\/RITA_tagasiranne.pdf\">https:\/\/www.praxis.ee\/?download=&amp;kccpid=&amp;kcccount=https:\/\/www.praxis.ee\/wp-content\/uploads\/2023\/02\/RITA_tagasiranne.pdf<\/a>\n\t\t<\/p>\n<\/li>\n<li>\n<p>\n\t\t\tTrankmann, S.; Espenberg, K. (2023). Ukraina s\u00f5jap\u00f5genikud Eestis, kes ei t\u00f6\u00f6ta ega otsi t\u00f6\u00f6d. Tartu. Tartu \u00dclikool. (Avaldamisel)\n\t\t<\/p>\n<\/li>\n<li>\n<p>\n\t\t\tAnspal, S., J\u00e4rve, J., Kallaste, E., S\u00f5mer, M, Kadarik, K., Kivi, L. H. (2022). Mitteaktiivsed ajutise kaitse saajad, Eesti Rakendusuuringute Keskus CentAR. K\u00e4ttesaadav:\u00a0<a href=\"https:\/\/raportid.centar.ee\/%202022_RITAC19II_Mitteaktiivsed_AK_saanud.html\">https:\/\/raportid.centar.ee\/ 2022_RITAC19II_Mitteaktiivsed_AK_saanud.html<\/a>\n\t\t<\/p>\n<\/li>\n<li>\n<p>\n\t\t\tAnspal, S., J\u00e4rve, J., Kallaste, E., S\u00f5mer, M, Kadarik, K., Kivi, L. H. (2023). Ukraina s\u00f5jap\u00f5genike kulutuste m\u00f5ju Eesti majandusele, Eesti Rakendusuuringute Keskus CentAR. K\u00e4ttesaadav: <a href=\"https:\/\/raportid.centar.ee\/%202023_RITAC19II_Sojapogenike_moju_majandusele.html\">https:\/\/raportid.centar.ee\/ 2023_RITAC19II_Sojapogenike_moju_majandusele.html<\/a>\n\t\t<\/p>\n<\/li>\n<li align=\"left\" style=\"text-align:left\">\n<p>\n\t\t\tAnspal, S., J\u00e4rve, J., Kallaste, E., S\u00f5mer, M, Kadarik, K., Kivi, L. H. (2023). Ettev\u00f5tte t\u00f6\u00f6tajate kodakondsuse seosed ajutise kaitse saanute v\u00e4rbamisega Eesti registriandmete p\u00f5hjal, Eesti Rakendusuuringute Keskus CentAR. K\u00e4ttesaadav: <a href=\"https:\/\/raportid.centar.ee\/2022_RITAC19II_hoive_ja_kodakonsus.html\">https:\/\/raportid.centar.ee\/2022_RITAC19II_hoive_ja_kodakonsus.html<\/a>\n\t\t<\/p>\n<\/li>\n<li align=\"left\" style=\"text-align:left\">\n<p>\n\t\t\tCentAR (2023).\u00a0 Ajutise kaitse (AK) saanute jooksev t\u00f6\u00f6turustatistika. Eesti Rakendusuuringute Keskus CentAR. Rakendus on k\u00e4ttesaadav:\u00a0<a href=\"https:\/\/apps.centar.ee\/ak_tooturg\/\">https:\/\/apps.centar.ee\/ak_tooturg\/<\/a>\n\t\t<\/p>\n<\/li>\n<\/ul>\n<p>\n\t\u00a0<\/p>\n","protected":false},"excerpt":{"rendered":"<p>Avalikult k\u00e4ttesaadavad publikatsioonid ja muud materjalid: Projekti \u201cC-19 Majandus\u201d l\u00f5ppraport: Tartu \u00dclikool,\u00a0Poliitikauuringute Keskus Praxis, Eesti Rakendusuuringute Keskus CentAR (2022). RITA C-19 Majandus \u2013 COVID-19 seotud majandusm\u00f5jude ning nende pehmendamiseks m\u00f5eldud poliitikameetmete t\u00f5hususe hindamine.\u00a0K\u00e4ttesaadav:\u00a0https:\/\/etag.ee\/wp-content\/uploads\/2022\/06\/RITA-C-19-majandus_C19-lopparuanne.pdf I. COVID19 kriisi ja selle leevendusmeetmete m\u00f5ju &#8230;<\/p>\n","protected":false},"author":193,"featured_media":0,"parent":0,"menu_order":0,"comment_status":"closed","ping_status":"closed","template":"","meta":{"_acf_changed":false,"inline_featured_image":false,"footnotes":""},"class_list":["post-10","page","type-page","status-publish","hentry"],"acf":[],"_links":{"self":[{"href":"https:\/\/sisu.ut.ee\/c19majandus\/wp-json\/wp\/v2\/pages\/10","targetHints":{"allow":["GET"]}}],"collection":[{"href":"https:\/\/sisu.ut.ee\/c19majandus\/wp-json\/wp\/v2\/pages"}],"about":[{"href":"https:\/\/sisu.ut.ee\/c19majandus\/wp-json\/wp\/v2\/types\/page"}],"author":[{"embeddable":true,"href":"https:\/\/sisu.ut.ee\/c19majandus\/wp-json\/wp\/v2\/users\/193"}],"replies":[{"embeddable":true,"href":"https:\/\/sisu.ut.ee\/c19majandus\/wp-json\/wp\/v2\/comments?post=10"}],"version-history":[{"count":1,"href":"https:\/\/sisu.ut.ee\/c19majandus\/wp-json\/wp\/v2\/pages\/10\/revisions"}],"predecessor-version":[{"id":97,"href":"https:\/\/sisu.ut.ee\/c19majandus\/wp-json\/wp\/v2\/pages\/10\/revisions\/97"}],"wp:attachment":[{"href":"https:\/\/sisu.ut.ee\/c19majandus\/wp-json\/wp\/v2\/media?parent=10"}],"curies":[{"name":"wp","href":"https:\/\/api.w.org\/{rel}","templated":true}]}}