{"id":9,"date":"2024-04-04T07:28:33","date_gmt":"2024-04-04T04:28:33","guid":{"rendered":"https:\/\/sisu.ut.ee\/bss\/kompleksparingu-tutvustus\/"},"modified":"2024-04-04T07:28:43","modified_gmt":"2024-04-04T04:28:43","slug":"kompleksparingu-tutvustus","status":"publish","type":"page","link":"https:\/\/sisu.ut.ee\/bss\/kompleksparingu-tutvustus\/","title":{"rendered":"Kompleksp\u00e4ringu tutvustus"},"content":{"rendered":"<p style=\"margin-top:12.0pt;margin-right:0cm;margin-bottom:.0001pt;margin-left:0cm\">\n\t<span style=\"line-height:normal\"><span><span><span style=\"color:black\">Kompleksp\u00e4ring t\u00e4iendab EKI s\u00f5nastike avalikku liidest v\u00f5imalustega, mida l\u00f5viosa s\u00f5nastike kasutajaist ei vaja, kuid millest asjatundja sageli puudust tunneb. <\/span><\/span><\/span><\/span>\n<\/p>\n<p style=\"margin: 12pt 0cm 0.0001pt;text-align: right\">\n\t<img loading=\"lazy\" decoding=\"async\" width=\"1033\" height=\"682\" class=\"alignnone wp-image-25\" src=\"https:\/\/sisu.ut.ee\/wp-content\/uploads\/sites\/519\/kompleks.jpg\" title=\"kompleks.jpg\" alt=\"m\" srcset=\"https:\/\/sisu.ut.ee\/wp-content\/uploads\/sites\/519\/kompleks.jpg 1033w, https:\/\/sisu.ut.ee\/wp-content\/uploads\/sites\/519\/kompleks-300x198.jpg 300w, https:\/\/sisu.ut.ee\/wp-content\/uploads\/sites\/519\/kompleks-1024x676.jpg 1024w, https:\/\/sisu.ut.ee\/wp-content\/uploads\/sites\/519\/kompleks-768x507.jpg 768w\" sizes=\"auto, (max-width: 1033px) 100vw, 1033px\">Allikas:\u00a0https:\/\/www.eki.ee\/dict\/bss\/\n<\/p>\n<p style=\"margin-top:12.0pt;margin-right:0cm;margin-bottom:.0001pt;margin-left:0cm\">\n\t\u00a0\n<\/p>\n<p style=\"margin-top:12.0pt;margin-right:0cm;margin-bottom:.0001pt;margin-left:0cm\">\n\t<span style=\"line-height:normal\"><span><span><span style=\"color:black\">Kompleksp\u00e4ringuga saab<\/span><\/span><\/span><\/span>\n<\/p>\n<ul style=\"list-style-type:square\">\n<li style=\"margin-right:12.0pt\">\n\t\t<span style=\"line-height:normal\"><span><span><span><span style=\"color:black\">otsida erim\u00e4rke (nt r\u00f5hum\u00e4rgid, samuti sulud m\u00e4rks\u00f5nas, jutum\u00e4rgid jne);<\/span><\/span><\/span><\/span><\/span>\n\t<\/li>\n<li style=\"margin-right:12.0pt\">\n\t\t<span style=\"line-height:normal\"><span><span><span><span style=\"color:black\">otsida mitme tunnuse j\u00e4rgi korraga ning konstrueerida piisavalt keerukaid loogikaavaldisi, kasutades sulge ja eitust. Samas ei eeldata kasutajalt erilise metakeele omandamist, vajaliku saab kirja panna tavalises hiirega kl\u00f5psitavas veebiliideses;<\/span><\/span><\/span><\/span><\/span>\n\t<\/li>\n<li style=\"margin-right:12.0pt\">\n\t\t<span style=\"line-height:normal\"><span><span><span><span style=\"color:black\">otsida atribuute (kirjeldus allpool). Kui avalik liides v\u00f5imaldab otsida lihtsalt m\u00e4rks\u00f5na, siis kompleksp\u00e4ringus saab n\u00e4iteks t\u00e4psustada \u201cm\u00e4rks\u00f5na k\u00fcll, aga mitte l\u00fchend\u201d;<\/span><\/span><\/span><\/span><\/span>\n\t<\/li>\n<li style=\"margin-right:12.0pt\">\n\t\t<span style=\"line-height:normal\"><span><span><span><span style=\"color:black\">saada vastuseks k\u00f5ik tulemused korraga.<\/span><\/span><\/span><\/span><\/span>\n\t<\/li>\n<\/ul>\n<p style=\"margin-top:12.0pt;margin-right:0cm;margin-bottom:.0001pt;margin-left:0cm\">\n\t<span style=\"line-height:normal\"><span><span><span style=\"color:black\">Kompleksp\u00e4ring ei eelda kasutajalt p\u00f5rmugi rohkem kui tavaline t\u00f6\u00f6kuulutus: varasemat t\u00f6\u00f6kogemust, motivatsiooni, stressitaluvust jms. Loomulikult pakume omalt poolt konkurentsiv\u00f5imelisi p\u00e4ringutulemusi ja s\u00f5bralikku kollektiivi \ud83d\ude42<\/span><\/span><\/span><\/span>\n<\/p>\n<p style=\"margin-top:12.0pt;margin-right:0cm;margin-bottom:.0001pt\">\n\t\u200b\u200b\u200b\u200b\u200b\u200b\u200b\n<\/p>\n<p style=\"margin-top:2.0pt;margin-right:0cm;margin-bottom:.0001pt;margin-left:0cm\">\n\t\u00a0<\/p>\n","protected":false},"excerpt":{"rendered":"<p>Kompleksp\u00e4ring t\u00e4iendab EKI s\u00f5nastike avalikku liidest v\u00f5imalustega, mida l\u00f5viosa s\u00f5nastike kasutajaist ei vaja, kuid millest asjatundja sageli puudust tunneb. Allikas:\u00a0https:\/\/www.eki.ee\/dict\/bss\/ \u00a0 Kompleksp\u00e4ringuga saab otsida erim\u00e4rke (nt r\u00f5hum\u00e4rgid, samuti sulud m\u00e4rks\u00f5nas, jutum\u00e4rgid jne); otsida mitme tunnuse j\u00e4rgi korraga ning konstrueerida piisavalt &#8230;<\/p>\n","protected":false},"author":261,"featured_media":0,"parent":0,"menu_order":0,"comment_status":"closed","ping_status":"closed","template":"","meta":{"_acf_changed":false,"inline_featured_image":false,"footnotes":""},"class_list":["post-9","page","type-page","status-publish","hentry"],"acf":[],"_links":{"self":[{"href":"https:\/\/sisu.ut.ee\/bss\/wp-json\/wp\/v2\/pages\/9","targetHints":{"allow":["GET"]}}],"collection":[{"href":"https:\/\/sisu.ut.ee\/bss\/wp-json\/wp\/v2\/pages"}],"about":[{"href":"https:\/\/sisu.ut.ee\/bss\/wp-json\/wp\/v2\/types\/page"}],"author":[{"embeddable":true,"href":"https:\/\/sisu.ut.ee\/bss\/wp-json\/wp\/v2\/users\/261"}],"replies":[{"embeddable":true,"href":"https:\/\/sisu.ut.ee\/bss\/wp-json\/wp\/v2\/comments?post=9"}],"version-history":[{"count":1,"href":"https:\/\/sisu.ut.ee\/bss\/wp-json\/wp\/v2\/pages\/9\/revisions"}],"predecessor-version":[{"id":46,"href":"https:\/\/sisu.ut.ee\/bss\/wp-json\/wp\/v2\/pages\/9\/revisions\/46"}],"wp:attachment":[{"href":"https:\/\/sisu.ut.ee\/bss\/wp-json\/wp\/v2\/media?parent=9"}],"curies":[{"name":"wp","href":"https:\/\/api.w.org\/{rel}","templated":true}]}}