{"id":8,"date":"2024-04-04T07:28:33","date_gmt":"2024-04-04T04:28:33","guid":{"rendered":"https:\/\/sisu.ut.ee\/bss\/linkimine-ja-portimine\/"},"modified":"2024-04-04T07:28:43","modified_gmt":"2024-04-04T04:28:43","slug":"linkimine-ja-portimine","status":"publish","type":"page","link":"https:\/\/sisu.ut.ee\/bss\/linkimine-ja-portimine\/","title":{"rendered":"Linkimine ja portimine"},"content":{"rendered":"<p style=\"margin-top:12.0pt;margin-right:0cm;margin-bottom:.0001pt;margin-left:0cm\">\n\t<span style=\"line-height:normal\"><span><span><span style=\"color:black\">Lihtsalt linkida v\u00f5ib alati, kui tulemusena avatakse uus t\u00fchi leht ja kuvatakse sellel p\u00e4ringuvastus. Minimaalsel kujul on link <b>http:\/\/www.eki.ee\/dict\/bss\/<\/b>, koos otsitava m\u00e4rks\u00f5naga <b>http:\/\/www.eki.ee\/dict\/bss\/index.cgi?Q=m\u00e4rks\u00f5na<\/b> (vt lisaks EKI juhiseid).<\/span><\/span><\/span><\/span>\n<\/p>\n<p style=\"margin-top:2.0pt;margin-right:0cm;margin-bottom:.0001pt;margin-left:0cm\">\n\t\u00a0\n<\/p>\n<p style=\"margin-top:2.0pt;margin-right:0cm;margin-bottom:.0001pt;margin-left:0cm\">\n\t<span><i><span><span style=\"color:black\">EKI materjale tohib paigutada oma lehek\u00fcljele j\u00e4rgmistel tingimustel<\/span><\/span><\/i><\/span>\n<\/p>\n<ol>\n<li>\n\t\t<span style=\"color:black\"><span style=\"line-height:normal\"><span><span>P\u00e4ringulahtri v\u00f5i vastuste k\u00f5rval peab olema EKI logo v\u00f5i materjali p\u00e4ritolu n\u00e4itav tekst. Logo\/tekst peab olema vormistatud lingina sellele eki.ee lehele, kust materjal p\u00e4rineb<\/span><\/span><\/span><\/span>\n\t<\/li>\n<li>\n\t\t<span style=\"color:black\"><span style=\"line-height:normal\"><span><span>Lehek\u00fclg peab olema veebis ligip\u00e4\u00e4setav ilma registreerimisn\u00f5udeta.<\/span><\/span><\/span><\/span>\n\t<\/li>\n<li>\n\t\t<span style=\"color:black\"><span style=\"line-height:normal\"><span><span>Muuta v\u00f5ib v\u00e4ljan\u00e4gemist, aga mitte sisu.<\/span><\/span><\/span><\/span>\n\t<\/li>\n<\/ol>\n","protected":false},"excerpt":{"rendered":"<p>Lihtsalt linkida v\u00f5ib alati, kui tulemusena avatakse uus t\u00fchi leht ja kuvatakse sellel p\u00e4ringuvastus. Minimaalsel kujul on link http:\/\/www.eki.ee\/dict\/bss\/, koos otsitava m\u00e4rks\u00f5naga http:\/\/www.eki.ee\/dict\/bss\/index.cgi?Q=m\u00e4rks\u00f5na (vt lisaks EKI juhiseid). \u00a0 EKI materjale tohib paigutada oma lehek\u00fcljele j\u00e4rgmistel tingimustel P\u00e4ringulahtri v\u00f5i vastuste k\u00f5rval &#8230;<\/p>\n","protected":false},"author":261,"featured_media":0,"parent":0,"menu_order":0,"comment_status":"closed","ping_status":"closed","template":"","meta":{"_acf_changed":false,"inline_featured_image":false,"footnotes":""},"class_list":["post-8","page","type-page","status-publish","hentry"],"acf":[],"_links":{"self":[{"href":"https:\/\/sisu.ut.ee\/bss\/wp-json\/wp\/v2\/pages\/8","targetHints":{"allow":["GET"]}}],"collection":[{"href":"https:\/\/sisu.ut.ee\/bss\/wp-json\/wp\/v2\/pages"}],"about":[{"href":"https:\/\/sisu.ut.ee\/bss\/wp-json\/wp\/v2\/types\/page"}],"author":[{"embeddable":true,"href":"https:\/\/sisu.ut.ee\/bss\/wp-json\/wp\/v2\/users\/261"}],"replies":[{"embeddable":true,"href":"https:\/\/sisu.ut.ee\/bss\/wp-json\/wp\/v2\/comments?post=8"}],"version-history":[{"count":1,"href":"https:\/\/sisu.ut.ee\/bss\/wp-json\/wp\/v2\/pages\/8\/revisions"}],"predecessor-version":[{"id":47,"href":"https:\/\/sisu.ut.ee\/bss\/wp-json\/wp\/v2\/pages\/8\/revisions\/47"}],"wp:attachment":[{"href":"https:\/\/sisu.ut.ee\/bss\/wp-json\/wp\/v2\/media?parent=8"}],"curies":[{"name":"wp","href":"https:\/\/api.w.org\/{rel}","templated":true}]}}