{"id":7,"date":"2024-04-04T07:28:33","date_gmt":"2024-04-04T04:28:33","guid":{"rendered":"https:\/\/sisu.ut.ee\/bss\/kiiespikker\/"},"modified":"2024-04-04T07:28:43","modified_gmt":"2024-04-04T04:28:43","slug":"kiiespikker","status":"publish","type":"page","link":"https:\/\/sisu.ut.ee\/bss\/kiiespikker\/","title":{"rendered":"Kiirspikker"},"content":{"rendered":"<p style=\"margin-top:12.0pt;margin-right:0cm;margin-bottom:.0001pt;margin-left:0cm\">\n\t<a data-url=\"http:\/\/www.eki.ee\/dict\/bss\/\" href=\"http:\/\/www.eki.ee\/dict\/bss\/\" target=\"_blank\" title=\"\" rel=\"noopener\">Baltisaksa s\u00f5naraamatu<\/a> (2019) leiate Eesti Keele Instituudi (EKI) kodulehelt S\u00f5naraamatute alajaotusest kakskeelsete s\u00f5naraamatute alt.\u00a0\n<\/p>\n<p style=\"margin-top:12.0pt;margin-right:0cm;margin-bottom:.0001pt;margin-left:0cm\">\n\t<span style=\"line-height:normal\"><span><span><span style=\"color:black\">Kirjutage soovitud s\u00f5na p\u00e4ringuv\u00e4ljale ja vajutage otsingunuppu. <\/span><\/span><\/span><\/span>\n<\/p>\n<p style=\"margin-top:12.0pt;margin-right:0cm;margin-bottom:.0001pt;margin-left:0cm\">\n\t<img loading=\"lazy\" decoding=\"async\" width=\"1741\" height=\"743\" class=\"alignnone wp-image-21\" src=\"https:\/\/sisu.ut.ee\/wp-content\/uploads\/sites\/519\/bbs.jpg\" title=\"bbs.jpg\" alt=\"n\" srcset=\"https:\/\/sisu.ut.ee\/wp-content\/uploads\/sites\/519\/bbs.jpg 1741w, https:\/\/sisu.ut.ee\/wp-content\/uploads\/sites\/519\/bbs-300x128.jpg 300w, https:\/\/sisu.ut.ee\/wp-content\/uploads\/sites\/519\/bbs-1024x437.jpg 1024w, https:\/\/sisu.ut.ee\/wp-content\/uploads\/sites\/519\/bbs-768x328.jpg 768w, https:\/\/sisu.ut.ee\/wp-content\/uploads\/sites\/519\/bbs-1536x656.jpg 1536w\" sizes=\"auto, (max-width: 1741px) 100vw, 1741px\">\n<\/p>\n<p style=\"margin-bottom: 0.0001pt;text-align: right\">\n\tAllikas:\u00a0http:\/\/www.eki.ee\/dict\/bss\/\n<\/p>\n<p style=\"margin-bottom:.0001pt\">\n\t<span style=\"line-height:normal\"><span><span><span style=\"color:black\">Isegi kui te ei tea t\u00e4pselt, kuidas s\u00f5na kirjutada, ilma vastuseta te ei j\u00e4\u00e4. P\u00e4ringumootor otsib soovitud s\u00f5na esmalt valitud artikli osast, seej\u00e4rel vajadusel muudest t\u00f5en\u00e4olistest artikliosadest, kui sealtki midagi ei leita, proovib otsida ligil\u00e4hedaselt sarnaseid s\u00f5nu.<\/span><\/span><\/span><\/span>\n<\/p>\n<p style=\"margin-bottom:.0001pt\">\n\t<span style=\"line-height:normal\">\u00a0 \u00a0 \u00a0 \u00a0 \u00a0 \u00a0 \u00a0 \u00a0-&gt;<span><span><span style=\"color:black\">\u00a0vt <b>statistika<\/b> all <b>t\u00e4psed \/ ebat\u00e4psed<\/b> otsingus\u00f5nad (<b>naiteid<\/b> viimastest!)<\/span><\/span><\/span><\/span>\n<\/p>\n<p style=\"margin-top:12.0pt;margin-right:0cm;margin-bottom:.0001pt;margin-left:0cm\">\n\t<span style=\"line-height:normal\"><span><span><span style=\"color:black\">V\u00f5ib juhtuda, et ebat\u00e4pse p\u00e4ringu l\u00f5petab teade <b>ajapiirangu<\/b> \u00fcletamise kohta. Sel juhul v\u00f5ib olla kindel, et ei sellist ega ka mitte sarnast s\u00f5na selles s\u00f5naraamatus ei ole. <\/span><\/span><\/span><\/span>\n<\/p>\n<p style=\"margin-bottom:.0001pt\">\n\t<span style=\"line-height:normal\"><span><span><span style=\"color:black\">Ajapiirangu kasutamise saab v\u00e4lja l\u00fclitada. Valikuv\u00f5imalused leiate ikoonilt\u00a0<\/span><\/span><\/span><\/span><img loading=\"lazy\" decoding=\"async\" width=\"1543\" height=\"820\" class=\"alignnone wp-image-23\" src=\"https:\/\/sisu.ut.ee\/wp-content\/uploads\/sites\/519\/mark2.jpg\" title=\"mark2.jpg\" alt=\"m\" srcset=\"https:\/\/sisu.ut.ee\/wp-content\/uploads\/sites\/519\/mark2.jpg 1543w, https:\/\/sisu.ut.ee\/wp-content\/uploads\/sites\/519\/mark2-300x159.jpg 300w, https:\/\/sisu.ut.ee\/wp-content\/uploads\/sites\/519\/mark2-1024x544.jpg 1024w, https:\/\/sisu.ut.ee\/wp-content\/uploads\/sites\/519\/mark2-768x408.jpg 768w, https:\/\/sisu.ut.ee\/wp-content\/uploads\/sites\/519\/mark2-1536x816.jpg 1536w\" sizes=\"auto, (max-width: 1543px) 100vw, 1543px\">\n<\/p>\n<p style=\"margin: 12pt 0cm 0.0001pt;text-align: right\">\n\t<span style=\"line-height:normal\"><span><span><span style=\"color:black\">Allikas:\u00a0http:\/\/www.eki.ee\/dict\/bss\/\u00a0<\/span><\/span><\/span><\/span>\n<\/p>\n<p style=\"margin-top:12.0pt;margin-right:0cm;margin-bottom:.0001pt;margin-left:0cm\">\n\t<span style=\"line-height:normal\"><span><span><span style=\"color:black\">Tulemusrikkam on uus p\u00e4ring, kasutades asendusm\u00e4rkidega otsingumaske ehk regulaaravaldisi (<b>Suchmasken<\/b>), nt:<\/span><\/span><\/span><\/span>\n<\/p>\n<ul style=\"list-style-type:square\">\n<li style=\"margin-right:12.0pt\">\n\t\t<span style=\"line-height:150%\"><span><span><span style=\"line-height:150%\"><span><span style=\"color:black\">0 v\u00f5i suvaline arv t\u00e4hem\u00e4rke:\u00a0 \u00a0 \u00a0 \u00a0 \u00a0 \u00a0 \u00a0 \u00a0 \u00a0 \u00a0 \u00a0<b>auf*, *wagen, *bauer*, guts*er, hin*n <\/b><\/span><\/span><\/span><\/span><\/span><\/span>\n\t<\/li>\n<li style=\"margin-right:12.0pt\">\n\t\t<span style=\"line-height:150%\"><span><span><span style=\"line-height:150%\"><span><span style=\"color:black\">1 t\u00e4hem\u00e4rk: \u00a0\u00a0\u00a0\u00a0\u00a0\u00a0\u00a0\u00a0\u00a0\u00a0\u00a0\u00a0\u00a0\u00a0\u00a0\u00a0\u00a0\u00a0\u00a0\u00a0\u00a0\u00a0\u00a0\u00a0\u00a0\u00a0\u00a0\u00a0\u00a0\u00a0\u00a0\u00a0\u00a0\u00a0\u00a0\u00a0\u00a0\u00a0\u00a0\u00a0\u00a0\u00a0\u00a0\u00a0\u00a0\u00a0\u00a0\u00a0<b>schl???en, st???ig<\/b><\/span><\/span><\/span><\/span><\/span><\/span>\n\t<\/li>\n<li style=\"margin-right:12.0pt\">\n\t\t<span style=\"line-height:150%\"><span><span><span style=\"line-height:150%\"><span><span style=\"color:black\">V\u00f5ib ka kombineerida:<b> \u00a0\u00a0\u00a0\u00a0\u00a0\u00a0\u00a0\u00a0\u00a0\u00a0\u00a0\u00a0\u00a0\u00a0\u00a0\u00a0\u00a0\u00a0\u00a0\u00a0\u00a0\u00a0\u00a0\u00a0\u00a0\u00a0\u00a0\u00a0\u00a0\u00a0\u00a0b?ll*n, br?ss*<\/b><\/span><\/span><\/span><\/span><\/span><\/span>\n\t<\/li>\n<li style=\"margin-right:12.0pt;margin-bottom:.0001pt\">\n\t\t<span style=\"line-height:150%\"><span><span><span style=\"line-height:150%\"><span><span style=\"color:black\">[abc] \u00fcks eeldatav t\u00e4ht on a, b v\u00f5i c:\u00a0 \u00a0 \u00a0 \u00a0 \u00a0\u00a0<b>*tr[a\u00e4iu]nk*<\/b>, <b>*verb[aiu]nd*, ???[kt]sch<\/b><\/span><\/span><\/span><\/span><\/span><\/span>\n\t<\/li>\n<\/ul>\n<p style=\"margin-right:12.0pt;margin-bottom:.0001pt\">\n\t<span style=\"line-height:normal\"><span><span style=\"color:black\">Kui kasutada regulaaravaldisi, on p\u00e4ring alati <b>t\u00f5stutundetu<\/b>. <\/span><\/span><\/span>\n<\/p>\n<p style=\"margin-right:12.0pt\">\n\t<span style=\"line-height:normal\"><b><span><span style=\"color:black\">NB!<\/span><\/span><\/b><span><span style=\"color:black\"> \u00fcldse ei saa otsida k\u00f5ikv\u00f5imalikke m\u00e4rke (fraseoloogiam\u00e4rki \u2206, tulenemism\u00e4rki &lt;, sulge, <b>punkti<\/b> jms), <b>t\u00e4hendusnumbreid<\/b> jt sedalaadi vormistuselemente.<\/span><\/span><\/span>\n<\/p>\n<p style=\"margin-right:12.0pt\">\n\t<span style=\"line-height:normal\"><span><span style=\"color:black\">Baltisaksa s\u00f5nastikus\u00a0on m\u00e4rks\u00f5nadeks terve rida afikseid (-<b>ei, -ung, ab-<\/b> jne), neid saab siiski otsida, kasutades jutum\u00e4rke. <\/span><\/span><\/span>\n<\/p>\n<p style=\"margin-right:12.0pt\">\n\t<span style=\"line-height:normal\"><span><span style=\"color:black\">Teine v\u00f5imalus: otsida <b>gramm. info<\/b> alt <b>pr\u00e4f<\/b> v\u00f5i <b>suff <\/b>(AGA: praegu ei ole k\u00f5ik m\u00e4rgendid veel sisestatud)<\/span><\/span><\/span>\n<\/p>\n<p style=\"margin-right: 12pt;text-align: right\">\n\t<img loading=\"lazy\" decoding=\"async\" width=\"1567\" height=\"233\" class=\"alignnone wp-image-24\" src=\"https:\/\/sisu.ut.ee\/wp-content\/uploads\/sites\/519\/mark3.jpg\" title=\"mark3.jpg\" alt=\"n\" srcset=\"https:\/\/sisu.ut.ee\/wp-content\/uploads\/sites\/519\/mark3.jpg 1567w, https:\/\/sisu.ut.ee\/wp-content\/uploads\/sites\/519\/mark3-300x45.jpg 300w, https:\/\/sisu.ut.ee\/wp-content\/uploads\/sites\/519\/mark3-1024x152.jpg 1024w, https:\/\/sisu.ut.ee\/wp-content\/uploads\/sites\/519\/mark3-768x114.jpg 768w, https:\/\/sisu.ut.ee\/wp-content\/uploads\/sites\/519\/mark3-1536x228.jpg 1536w\" sizes=\"auto, (max-width: 1567px) 100vw, 1567px\">Allikas:\u00a0http:\/\/www.eki.ee\/dict\/bss\/\n<\/p>\n<p style=\"margin-right: 12pt;text-align: right\">\n\t<\/p><div class=\"accordion mb-3\">\n        <div class=\"accordion-item accordion-item--white\">\n        <h2 class=\"accordion-header\" id=\"accordion-69dee97127656-heading\">\n            <button class=\"accordion-button collapsed\" type=\"button\" data-bs-toggle=\"collapse\" data-bs-target=\"#accordion-69dee97127656-collapse\" aria-expanded=\"true\" aria-controls=\"accordion-69dee97127656-collapse\">N\u00e4puharjutus 1<\/button>\n        <\/h2>\n        <div id=\"accordion-69dee97127656-collapse\" class=\"accordion-collapse collapse\" aria-labelledby=\"accordion-69dee97127656-heading\">\n            <div class=\"accordion-body\">Esitage p\u00e4ring m\u00f5ne huvipakkuva s\u00f5na(osa) kohta, nt kind, lauf(en), wagen, brot, alt. Kas tulemus rahuldas?\u00a0<br>Laiendage \/ kitsendage p\u00e4ringut vastavalt vajadusele (otsige kogu artiklist).<br><\/div>\n        <\/div>\n        <\/div>\n    <\/div>\n","protected":false},"excerpt":{"rendered":"<p>Baltisaksa s\u00f5naraamatu (2019) leiate Eesti Keele Instituudi (EKI) kodulehelt S\u00f5naraamatute alajaotusest kakskeelsete s\u00f5naraamatute alt.\u00a0 Kirjutage soovitud s\u00f5na p\u00e4ringuv\u00e4ljale ja vajutage otsingunuppu. Allikas:\u00a0http:\/\/www.eki.ee\/dict\/bss\/ Isegi kui te ei tea t\u00e4pselt, kuidas s\u00f5na kirjutada, ilma vastuseta te ei j\u00e4\u00e4. P\u00e4ringumootor otsib soovitud s\u00f5na &#8230;<\/p>\n","protected":false},"author":261,"featured_media":0,"parent":0,"menu_order":0,"comment_status":"closed","ping_status":"closed","template":"","meta":{"_acf_changed":false,"inline_featured_image":false,"footnotes":""},"class_list":["post-7","page","type-page","status-publish","hentry"],"acf":[],"_links":{"self":[{"href":"https:\/\/sisu.ut.ee\/bss\/wp-json\/wp\/v2\/pages\/7","targetHints":{"allow":["GET"]}}],"collection":[{"href":"https:\/\/sisu.ut.ee\/bss\/wp-json\/wp\/v2\/pages"}],"about":[{"href":"https:\/\/sisu.ut.ee\/bss\/wp-json\/wp\/v2\/types\/page"}],"author":[{"embeddable":true,"href":"https:\/\/sisu.ut.ee\/bss\/wp-json\/wp\/v2\/users\/261"}],"replies":[{"embeddable":true,"href":"https:\/\/sisu.ut.ee\/bss\/wp-json\/wp\/v2\/comments?post=7"}],"version-history":[{"count":1,"href":"https:\/\/sisu.ut.ee\/bss\/wp-json\/wp\/v2\/pages\/7\/revisions"}],"predecessor-version":[{"id":48,"href":"https:\/\/sisu.ut.ee\/bss\/wp-json\/wp\/v2\/pages\/7\/revisions\/48"}],"wp:attachment":[{"href":"https:\/\/sisu.ut.ee\/bss\/wp-json\/wp\/v2\/media?parent=7"}],"curies":[{"name":"wp","href":"https:\/\/api.w.org\/{rel}","templated":true}]}}