{"id":5,"date":"2024-04-04T07:28:33","date_gmt":"2024-04-04T04:28:33","guid":{"rendered":"https:\/\/sisu.ut.ee\/bss\/tulemuste-varvimine\/"},"modified":"2024-04-04T07:28:43","modified_gmt":"2024-04-04T04:28:43","slug":"tulemuste-varvimine","status":"publish","type":"page","link":"https:\/\/sisu.ut.ee\/bss\/tulemuste-varvimine\/","title":{"rendered":"Tulemuste v\u00e4rvimine"},"content":{"rendered":"<p>\n\t<span><span style=\"line-height:107%\"><span>Tavap\u00e4ringus on <span style=\"background:yellow\"><span style=\"background-color:#ffff66\">heledam kollakas <\/span><\/span>taust minimaalsel \u00fcksusel, mille sees on leitud vaste,<\/span><\/span><\/span>\n<\/p>\n<p style=\"text-align: right\">\n\t<img loading=\"lazy\" decoding=\"async\" width=\"972\" height=\"657\" class=\"alignnone wp-image-20\" src=\"https:\/\/sisu.ut.ee\/wp-content\/uploads\/sites\/519\/brot.jpg\" title=\"brot.jpg\" alt=\"n\" srcset=\"https:\/\/sisu.ut.ee\/wp-content\/uploads\/sites\/519\/brot.jpg 972w, https:\/\/sisu.ut.ee\/wp-content\/uploads\/sites\/519\/brot-300x203.jpg 300w, https:\/\/sisu.ut.ee\/wp-content\/uploads\/sites\/519\/brot-768x519.jpg 768w\" sizes=\"auto, (max-width: 972px) 100vw, 972px\">Allikas:\u00a0\u00a0https:\/\/www.eki.ee\/dict\/bss\/index.cgi?Q=brot&amp;F=MX&amp;C06=et\n<\/p>\n<p>\n\t\u00a0\n<\/p>\n<p>\n\t<span><span style=\"line-height:107%\"><span><span style=\"background:yellow\"><span style=\"background-color:#ffcc33\">Kollane <\/span><\/span>taust on <span style=\"background:yellow\"><span style=\"background-color:#ffcc33\">t\u00e4psel vastel<\/span><\/span>. Kompleksp\u00e4ringu tulemused on v\u00e4rvideta.<\/span><\/span><\/span><img loading=\"lazy\" decoding=\"async\" width=\"955\" height=\"583\" class=\"alignnone wp-image-19\" src=\"https:\/\/sisu.ut.ee\/wp-content\/uploads\/sites\/519\/koogel.jpg\" title=\"koogel.jpg\" alt=\"k\" srcset=\"https:\/\/sisu.ut.ee\/wp-content\/uploads\/sites\/519\/koogel.jpg 955w, https:\/\/sisu.ut.ee\/wp-content\/uploads\/sites\/519\/koogel-300x183.jpg 300w, https:\/\/sisu.ut.ee\/wp-content\/uploads\/sites\/519\/koogel-768x469.jpg 768w\" sizes=\"auto, (max-width: 955px) 100vw, 955px\">\n<\/p>\n<p style=\"text-align: right\">\n\tAllikas:\u00a0\u00a0https:\/\/www.eki.ee\/dict\/bss\/index.cgi?Q=Hoppelpoppel<\/p>\n","protected":false},"excerpt":{"rendered":"<p>Tavap\u00e4ringus on heledam kollakas taust minimaalsel \u00fcksusel, mille sees on leitud vaste, Allikas:\u00a0\u00a0https:\/\/www.eki.ee\/dict\/bss\/index.cgi?Q=brot&amp;F=MX&amp;C06=et \u00a0 Kollane taust on t\u00e4psel vastel. Kompleksp\u00e4ringu tulemused on v\u00e4rvideta. Allikas:\u00a0\u00a0https:\/\/www.eki.ee\/dict\/bss\/index.cgi?Q=Hoppelpoppel<\/p>\n","protected":false},"author":261,"featured_media":0,"parent":0,"menu_order":0,"comment_status":"closed","ping_status":"closed","template":"","meta":{"_acf_changed":false,"inline_featured_image":false,"footnotes":""},"class_list":["post-5","page","type-page","status-publish","hentry"],"acf":[],"_links":{"self":[{"href":"https:\/\/sisu.ut.ee\/bss\/wp-json\/wp\/v2\/pages\/5","targetHints":{"allow":["GET"]}}],"collection":[{"href":"https:\/\/sisu.ut.ee\/bss\/wp-json\/wp\/v2\/pages"}],"about":[{"href":"https:\/\/sisu.ut.ee\/bss\/wp-json\/wp\/v2\/types\/page"}],"author":[{"embeddable":true,"href":"https:\/\/sisu.ut.ee\/bss\/wp-json\/wp\/v2\/users\/261"}],"replies":[{"embeddable":true,"href":"https:\/\/sisu.ut.ee\/bss\/wp-json\/wp\/v2\/comments?post=5"}],"version-history":[{"count":1,"href":"https:\/\/sisu.ut.ee\/bss\/wp-json\/wp\/v2\/pages\/5\/revisions"}],"predecessor-version":[{"id":50,"href":"https:\/\/sisu.ut.ee\/bss\/wp-json\/wp\/v2\/pages\/5\/revisions\/50"}],"wp:attachment":[{"href":"https:\/\/sisu.ut.ee\/bss\/wp-json\/wp\/v2\/media?parent=5"}],"curies":[{"name":"wp","href":"https:\/\/api.w.org\/{rel}","templated":true}]}}