{"id":4,"date":"2024-04-04T07:28:33","date_gmt":"2024-04-04T04:28:33","guid":{"rendered":"https:\/\/sisu.ut.ee\/bss\/artikli-osad\/"},"modified":"2024-04-04T07:28:43","modified_gmt":"2024-04-04T04:28:43","slug":"artikli-osad","status":"publish","type":"page","link":"https:\/\/sisu.ut.ee\/bss\/artikli-osad\/","title":{"rendered":"Artikli osad"},"content":{"rendered":"<p class=\"CxSpFirst\">\n\tIga s\u00f5naraamatu artikkel koosneb kindlatest osadest:\u00a0\n<\/p>\n<ul>\n<li class=\"CxSpFirst\">\n\t\t<span style=\"color:black\"><span>M\u00e4rks\u00f5na <\/span><\/span>\n\t<\/li>\n<li class=\"CxSpMiddle\">\n\t\t<span style=\"color:black\"><span>Laiendatud m\u00e4rks\u00f5na (fraaside paremaks otsimiseks)<\/span><\/span>\n\t<\/li>\n<li class=\"CxSpMiddle\">\n\t\t<span style=\"color:black\"><span><span style=\"line-height:107%\"><span>Grammatiline info: <b>Wortart, Artikel, [Rektion], id, Name, synt. Gebrauch (Vt, Vi, Vr, attr, adv); Hilfsverb h\/s<\/b><\/span><\/span><\/span><\/span>\n\t<\/li>\n<li class=\"CxSpMiddle\" style=\"text-align: right\">\n\t\t<span style=\"color:black\"><span><span style=\"line-height:107%\"><span>\u00a0\u00a0\u00a0\u00a0\u00a0<\/span><\/span><\/span><\/span><img loading=\"lazy\" decoding=\"async\" width=\"982\" height=\"807\" class=\"alignnone wp-image-16\" src=\"https:\/\/sisu.ut.ee\/wp-content\/uploads\/sites\/519\/grammatische_inform.jpg\" title=\"grammatische_inform.jpg\" alt=\"m\" srcset=\"https:\/\/sisu.ut.ee\/wp-content\/uploads\/sites\/519\/grammatische_inform.jpg 982w, https:\/\/sisu.ut.ee\/wp-content\/uploads\/sites\/519\/grammatische_inform-300x247.jpg 300w, https:\/\/sisu.ut.ee\/wp-content\/uploads\/sites\/519\/grammatische_inform-768x631.jpg 768w\" sizes=\"auto, (max-width: 982px) 100vw, 982px\">\u00a0Allikas:\u00a0http:\/\/www.eki.ee\/dict\/bss\/lyhendid.html\n\t<\/li>\n<li class=\"CxSpMiddle\">\n\t\t<span style=\"color:black\"><span>Stiil ja erialad\u00a0 \u00a0 \u00a0 \u00a0 \u00a0 \u00a0 \u00a0 \u00a0 \u00a0<\/span><\/span>\n\t<\/li>\n<li class=\"CxSpMiddle\">\n\t\t<img loading=\"lazy\" decoding=\"async\" width=\"932\" height=\"697\" class=\"alignnone wp-image-17\" src=\"https:\/\/sisu.ut.ee\/wp-content\/uploads\/sites\/519\/stiil.jpg\" title=\"stiil.jpg\" alt=\"m\" srcset=\"https:\/\/sisu.ut.ee\/wp-content\/uploads\/sites\/519\/stiil.jpg 932w, https:\/\/sisu.ut.ee\/wp-content\/uploads\/sites\/519\/stiil-300x224.jpg 300w, https:\/\/sisu.ut.ee\/wp-content\/uploads\/sites\/519\/stiil-768x574.jpg 768w\" sizes=\"auto, (max-width: 932px) 100vw, 932px\">\n\t<\/li>\n<li class=\"CxSpMiddle\" style=\"text-align: right\">\n\t\tAllikas:\u00a0https:\/\/www.eki.ee\/dict\/bss\/lyhendid.html\u00a0\n\t<\/li>\n<li class=\"CxSpMiddle\">\n\t\t<span style=\"color:black\"><span>L\u00e4htekeel\u00a0 \u00a0 \u00a0 \u00a0 \u00a0 \u00a0 \u00a0 \u00a0 \u00a0 \u00a0 \u00a0 \u00a0 \u00a0<\/span><\/span>\n\t<\/li>\n<li class=\"CxSpMiddle\" style=\"text-align: right\">\n\t\t<img loading=\"lazy\" decoding=\"async\" width=\"912\" height=\"775\" class=\"alignnone wp-image-18\" src=\"https:\/\/sisu.ut.ee\/wp-content\/uploads\/sites\/519\/keel.jpg\" title=\"keel.jpg\" alt=\"m\" srcset=\"https:\/\/sisu.ut.ee\/wp-content\/uploads\/sites\/519\/keel.jpg 912w, https:\/\/sisu.ut.ee\/wp-content\/uploads\/sites\/519\/keel-300x255.jpg 300w, https:\/\/sisu.ut.ee\/wp-content\/uploads\/sites\/519\/keel-768x653.jpg 768w\" sizes=\"auto, (max-width: 912px) 100vw, 912px\"><span style=\"color:black\"><span>Allikas:\u00a0https:\/\/www.eki.ee\/dict\/bss\/lyhendid.html<\/span><\/span>\n\t<\/li>\n<li class=\"CxSpMiddle\">\n\t\t<span style=\"color:black\"><span>Allikas (kirjalikud allikad, informandid, nende p\u00e4ritolu)<\/span><\/span>\n\t<\/li>\n<li class=\"CxSpMiddle\">\n\t\t<span style=\"color:black\"><span>Seletus (definitsioon)<\/span><\/span>\n\t<\/li>\n<li class=\"CxSpMiddle\">\n\t\t<span style=\"color:black\"><span>Vasted (saksa) kirjakeeles, eesti ja l\u00e4ti keeles<\/span><\/span>\n\t<\/li>\n<li class=\"CxSpMiddle\">\n\t\t<span style=\"color:black\"><span>Igalt poolt<\/span><\/span>\n\t<\/li>\n<\/ul>\n<p style=\"margin-top:12.0pt;margin-right:0cm;margin-bottom:.0001pt;margin-left:0cm\">\n\t<\/p><div class=\"accordion mb-3\">\n        <div class=\"accordion-item accordion-item--white\">\n        <h2 class=\"accordion-header\" id=\"accordion-69dbc5d68a4df-heading\">\n            <button class=\"accordion-button collapsed\" type=\"button\" data-bs-toggle=\"collapse\" data-bs-target=\"#accordion-69dbc5d68a4df-collapse\" aria-expanded=\"true\" aria-controls=\"accordion-69dbc5d68a4df-collapse\">N\u00e4ide<\/button>\n        <\/h2>\n        <div id=\"accordion-69dbc5d68a4df-collapse\" class=\"accordion-collapse collapse\" aria-labelledby=\"accordion-69dbc5d68a4df-heading\">\n            <div class=\"accordion-body\">Nii saab n\u00e4iteks p\u00e4ringuga brot (osas \u2018M\u00e4rks\u00f5na\u2019) \u00fcheainsa artikli, kuid *brot* esineb \u00fchel v\u00f5i teisel moel kokku 178 m\u00e4rks\u00f5nas (millest veebilehe tavaversioonis n\u00e4eb ainult 100 esimest), 13 definitsioonis, 3 artiklis saksakeelses vastes. Kui otsida *brot* \u2019igalt poolt\u2019, saab tulemuseks 703 artiklit, millest n\u00e4eb j\u00e4lle 100 esimest.<\/div>\n        <\/div>\n        <\/div>\n    <\/div>\n\n<p style=\"margin-top:12.0pt;margin-right:0cm;margin-bottom:.0001pt;margin-left:0cm\">\n\t<span style=\"line-height:normal\"><span><span><span style=\"color:black\">Suurema hulga vastuste puhul<b> piirame p\u00e4ringut <\/b>v\u00f5i kasutame<b> kompleksp\u00e4ringut.<\/b><\/span><\/span><\/span><\/span><\/p>\n","protected":false},"excerpt":{"rendered":"<p>Iga s\u00f5naraamatu artikkel koosneb kindlatest osadest:\u00a0 M\u00e4rks\u00f5na Laiendatud m\u00e4rks\u00f5na (fraaside paremaks otsimiseks) Grammatiline info: Wortart, Artikel, [Rektion], id, Name, synt. Gebrauch (Vt, Vi, Vr, attr, adv); Hilfsverb h\/s \u00a0\u00a0\u00a0\u00a0\u00a0\u00a0Allikas:\u00a0http:\/\/www.eki.ee\/dict\/bss\/lyhendid.html Stiil ja erialad\u00a0 \u00a0 \u00a0 \u00a0 \u00a0 \u00a0 \u00a0 \u00a0 \u00a0 &#8230;<\/p>\n","protected":false},"author":261,"featured_media":0,"parent":0,"menu_order":0,"comment_status":"closed","ping_status":"closed","template":"","meta":{"_acf_changed":false,"inline_featured_image":false,"footnotes":""},"class_list":["post-4","page","type-page","status-publish","hentry"],"acf":[],"_links":{"self":[{"href":"https:\/\/sisu.ut.ee\/bss\/wp-json\/wp\/v2\/pages\/4","targetHints":{"allow":["GET"]}}],"collection":[{"href":"https:\/\/sisu.ut.ee\/bss\/wp-json\/wp\/v2\/pages"}],"about":[{"href":"https:\/\/sisu.ut.ee\/bss\/wp-json\/wp\/v2\/types\/page"}],"author":[{"embeddable":true,"href":"https:\/\/sisu.ut.ee\/bss\/wp-json\/wp\/v2\/users\/261"}],"replies":[{"embeddable":true,"href":"https:\/\/sisu.ut.ee\/bss\/wp-json\/wp\/v2\/comments?post=4"}],"version-history":[{"count":1,"href":"https:\/\/sisu.ut.ee\/bss\/wp-json\/wp\/v2\/pages\/4\/revisions"}],"predecessor-version":[{"id":51,"href":"https:\/\/sisu.ut.ee\/bss\/wp-json\/wp\/v2\/pages\/4\/revisions\/51"}],"wp:attachment":[{"href":"https:\/\/sisu.ut.ee\/bss\/wp-json\/wp\/v2\/media?parent=4"}],"curies":[{"name":"wp","href":"https:\/\/api.w.org\/{rel}","templated":true}]}}