{"id":3,"date":"2024-04-04T07:28:33","date_gmt":"2024-04-04T04:28:33","guid":{"rendered":"https:\/\/sisu.ut.ee\/bss\/avaleht\/"},"modified":"2024-04-04T07:28:43","modified_gmt":"2024-04-04T04:28:43","slug":"avaleht","status":"publish","type":"page","link":"https:\/\/sisu.ut.ee\/bss\/","title":{"rendered":"Avaleht"},"content":{"rendered":"<p>\n\t\u00a0\n<\/p>\n<p>\n\t<em><span style=\"font-size:22px\"><strong>Juhiseid baltisaksa s\u00f5naraamatu veebiversiooni kasutamiseks<\/strong><\/span><\/em>\n<\/p>\n<p>\n\t<span style=\"font-size:22px\"><strong><img loading=\"lazy\" decoding=\"async\" width=\"982\" height=\"282\" class=\"alignnone wp-image-13\" src=\"https:\/\/sisu.ut.ee\/wp-content\/uploads\/sites\/519\/bbs2.jpg\" title=\"bbs2.jpg\" alt=\"m\" srcset=\"https:\/\/sisu.ut.ee\/wp-content\/uploads\/sites\/519\/bbs2.jpg 982w, https:\/\/sisu.ut.ee\/wp-content\/uploads\/sites\/519\/bbs2-300x86.jpg 300w, https:\/\/sisu.ut.ee\/wp-content\/uploads\/sites\/519\/bbs2-768x221.jpg 768w\" sizes=\"auto, (max-width: 982px) 100vw, 982px\"><\/strong><\/span>\n<\/p>\n<p>\n\tKas olete veebis\u00f5nastikke kasutades m\u00e4rganud ja kasutanud all vasakus nurgas rohelist kolme pikitriibuga nupukest? Kui mitte, siis on aeg t\u00e4psemalt j\u00e4rele uurida, milliseid otsinguv\u00f5imalusi veebis\u00f5naraamatud endas tegelikult peidavad.\u00a0\n<\/p>\n<p>\n\t<\/p><div class=\"accordion mb-3\">\n        <div class=\"accordion-item accordion-item--white\">\n        <h2 class=\"accordion-header\" id=\"accordion-69dbc5d68ff02-heading\">\n            <button class=\"accordion-button collapsed\" type=\"button\" data-bs-toggle=\"collapse\" data-bs-target=\"#accordion-69dbc5d68ff02-collapse\" aria-expanded=\"true\" aria-controls=\"accordion-69dbc5d68ff02-collapse\">\u00dclesanne veebis\u00f5nastike maastikuga tutvumiseks <\/button>\n        <\/h2>\n        <div id=\"accordion-69dbc5d68ff02-collapse\" class=\"accordion-collapse collapse\" aria-labelledby=\"accordion-69dbc5d68ff02-heading\">\n            <div class=\"accordion-body\">Mine Eesti Keele Instituudi kodulehek\u00fcljele ja uuri j\u00e4rele, kas\u00a0veebis\u00f5nastikel, mida Sa tavap\u00e4raselt kasutad,\u00a0on ka\u00a0sama (funktsiooniga) nupp.<\/div>\n        <\/div>\n        <\/div>\n    <\/div>\n\n<p>\n\t\u00a0\n<\/p>\n<p>\n\tAntud juhendmaterjal on m\u00f5eldud nii filoloogia\u00a0kui ajaloo erialade \u00fcli\u00f5pilastele ja \u00f5ppej\u00f5ududele. Selle eesm\u00e4rgiks on abistada veebis\u00f5nastiku kasutajaid\u00a0liht- ja kompleksp\u00e4ringute koostamisel. Materjali l\u00e4bi t\u00f6\u00f6tamiseks kulub kuni kaks akadeemilist tundi.\n<\/p>\n<p>\n\t\u00a0\n<\/p>\n<p>\n\t<\/p><div class=\"accordion mb-3\">\n        <div class=\"accordion-item accordion-item--white\">\n        <h2 class=\"accordion-header\" id=\"accordion-69dbc5d68ff1b-heading\">\n            <button class=\"accordion-button collapsed\" type=\"button\" data-bs-toggle=\"collapse\" data-bs-target=\"#accordion-69dbc5d68ff1b-collapse\" aria-expanded=\"true\" aria-controls=\"accordion-69dbc5d68ff1b-collapse\">\u00d5piv\u00e4ljundid<\/button>\n        <\/h2>\n        <div id=\"accordion-69dbc5d68ff1b-collapse\" class=\"accordion-collapse collapse\" aria-labelledby=\"accordion-69dbc5d68ff1b-heading\">\n            <div class=\"accordion-body\">P\u00e4rast juhendmaterjaliga tutvumist\n\n<p>\n\ttead liht- ja kompleksp\u00e4ringu erinevusi ja v\u00f5imalusi<br>tunned leksikograafia p\u00f5him\u00f5isteid<\/p><\/div>\n        <\/div>\n        <\/div>\n    <\/div>\n\n<p>\n\t\u00a0\n<\/p>\n<ul>\n<\/ul>\n<p>\n\t<span style=\"color:#0000ff\">Juhendmaterjali on koostanud Anne Arold \u201cEesti keele seletava s\u00f5naraamatu\u201d (EKSS) materjalide alusel.\u00a0See on loodud\u00a0HARNO\u00a0projekti raames\u00a0<strong>\u201cV\u00f5\u00f5rkeeltega seotud erialaste digip\u00e4devuste arendamine T\u00dc maailma keelte ja kultuuride kolled\u017eis (VEDA)\u201d<\/strong>.<\/span>\n<\/p>\n<p>\n\t<img loading=\"lazy\" decoding=\"async\" width=\"1883\" height=\"614\" class=\"alignnone wp-image-15\" src=\"https:\/\/sisu.ut.ee\/wp-content\/uploads\/sites\/519\/haridus-_ja_noorteamet_vapp_est_rgb.jpg\" title=\"haridus-_ja_noorteamet_vapp_est_rgb.jpg\" alt=\"b\" srcset=\"https:\/\/sisu.ut.ee\/wp-content\/uploads\/sites\/519\/haridus-_ja_noorteamet_vapp_est_rgb.jpg 1883w, https:\/\/sisu.ut.ee\/wp-content\/uploads\/sites\/519\/haridus-_ja_noorteamet_vapp_est_rgb-300x98.jpg 300w, https:\/\/sisu.ut.ee\/wp-content\/uploads\/sites\/519\/haridus-_ja_noorteamet_vapp_est_rgb-1024x334.jpg 1024w, https:\/\/sisu.ut.ee\/wp-content\/uploads\/sites\/519\/haridus-_ja_noorteamet_vapp_est_rgb-768x250.jpg 768w, https:\/\/sisu.ut.ee\/wp-content\/uploads\/sites\/519\/haridus-_ja_noorteamet_vapp_est_rgb-1536x501.jpg 1536w\" sizes=\"auto, (max-width: 1883px) 100vw, 1883px\"><img loading=\"lazy\" decoding=\"async\" width=\"1000\" height=\"292\" class=\"alignnone wp-image-14\" src=\"https:\/\/sisu.ut.ee\/wp-content\/uploads\/sites\/519\/it_akadeemia_logo_rgb.jpg\" title=\"it_akadeemia_logo_rgb.jpg\" alt=\"n\" srcset=\"https:\/\/sisu.ut.ee\/wp-content\/uploads\/sites\/519\/it_akadeemia_logo_rgb.jpg 1000w, https:\/\/sisu.ut.ee\/wp-content\/uploads\/sites\/519\/it_akadeemia_logo_rgb-300x88.jpg 300w, https:\/\/sisu.ut.ee\/wp-content\/uploads\/sites\/519\/it_akadeemia_logo_rgb-768x224.jpg 768w\" sizes=\"auto, (max-width: 1000px) 100vw, 1000px\"><\/p>\n","protected":false},"excerpt":{"rendered":"<p>\u00a0 Juhiseid baltisaksa s\u00f5naraamatu veebiversiooni kasutamiseks Kas olete veebis\u00f5nastikke kasutades m\u00e4rganud ja kasutanud all vasakus nurgas rohelist kolme pikitriibuga nupukest? Kui mitte, siis on aeg t\u00e4psemalt j\u00e4rele uurida, milliseid otsinguv\u00f5imalusi veebis\u00f5naraamatud endas tegelikult peidavad.\u00a0 \u00dclesanne veebis\u00f5nastike maastikuga tutvumiseks Mine Eesti &#8230;<\/p>\n","protected":false},"author":261,"featured_media":0,"parent":0,"menu_order":0,"comment_status":"closed","ping_status":"closed","template":"","meta":{"_acf_changed":false,"inline_featured_image":false,"footnotes":""},"class_list":["post-3","page","type-page","status-publish","hentry"],"acf":[],"_links":{"self":[{"href":"https:\/\/sisu.ut.ee\/bss\/wp-json\/wp\/v2\/pages\/3","targetHints":{"allow":["GET"]}}],"collection":[{"href":"https:\/\/sisu.ut.ee\/bss\/wp-json\/wp\/v2\/pages"}],"about":[{"href":"https:\/\/sisu.ut.ee\/bss\/wp-json\/wp\/v2\/types\/page"}],"author":[{"embeddable":true,"href":"https:\/\/sisu.ut.ee\/bss\/wp-json\/wp\/v2\/users\/261"}],"replies":[{"embeddable":true,"href":"https:\/\/sisu.ut.ee\/bss\/wp-json\/wp\/v2\/comments?post=3"}],"version-history":[{"count":1,"href":"https:\/\/sisu.ut.ee\/bss\/wp-json\/wp\/v2\/pages\/3\/revisions"}],"predecessor-version":[{"id":52,"href":"https:\/\/sisu.ut.ee\/bss\/wp-json\/wp\/v2\/pages\/3\/revisions\/52"}],"wp:attachment":[{"href":"https:\/\/sisu.ut.ee\/bss\/wp-json\/wp\/v2\/media?parent=3"}],"curies":[{"name":"wp","href":"https:\/\/api.w.org\/{rel}","templated":true}]}}