{"id":12,"date":"2024-04-04T07:28:33","date_gmt":"2024-04-04T04:28:33","guid":{"rendered":"https:\/\/sisu.ut.ee\/bss\/harjutusvara\/"},"modified":"2024-04-04T07:28:43","modified_gmt":"2024-04-04T04:28:43","slug":"harjutusvara","status":"publish","type":"page","link":"https:\/\/sisu.ut.ee\/bss\/harjutusvara\/","title":{"rendered":"Harjutusvara"},"content":{"rendered":"<div class=\"WordSection1\">\n<p>\n\t\t\u00a0\n\t<\/p>\n<p>\n\t\t<strong>J\u00e4rgnevad harjutused on m\u00f5eldud iseseisvaks pusimiseks, et kompleksp\u00e4ringute v\u00f5imaluste piire veebis\u00f5nastikus kompida\u00a0 (ja nihutada) \ud83d\ude42<\/strong>\n\t<\/p>\n<p>\n\t\t\u00a0\n\t<\/p>\n<p>\n\t\t<span lang=\"DE\"><span style=\"line-height:107%\"><span>1. Leidke m\u00e4rks\u00f5nad, mille saksakeelsetes <\/span><\/span><\/span><span><span style=\"line-height:107%\"><span>vaste<\/span><\/span><\/span><span lang=\"DE\"><span style=\"line-height:107%\"><span>tes esineb t\u00fcvi<\/span><\/span><\/span> <b><i><span lang=\"DE\"><span style=\"line-height:107%\"><span>trink- <\/span><\/span><\/span><\/i><\/b><span lang=\"DE\"><span style=\"line-height:107%\"><span>(k.a<b> <i>betrunken<\/i><\/b>)<\/span><\/span><\/span>\n\t<\/p>\n<p style=\"margin-left:14.2pt\">\n\t\t<span lang=\"DE\"><span style=\"line-height:107%\"><span>Milliste prefiksitega verbe leiate? Milliseid t\u00e4hendusi need kannavad? <\/span><\/span><\/span><span lang=\"EN-GB\"><span style=\"line-height:107%\"><span>Kas tulemuste hulgas on stilistiliselt markeeritud s\u00f5nu? Millised s\u00f5nad kuulusid \u00fcli\u00f5pilaste keelde?<\/span><\/span><\/span>\n\t<\/p>\n<p>\n\t\t<span><span style=\"line-height:107%\"><span>2. Leidke veel s\u00f5nu, mis on s\u00f5naraamatus m\u00e4rgendatud kui \u00fcli\u00f5pilaskeelde kuuluvad s\u00f5nad.<\/span><\/span><\/span>\n\t<\/p>\n<p>\n\t\t<span><span style=\"line-height:107%\"><span>3. Milliste s\u00f5nadega nimetati baltisaksa keeles piimanahka? <\/span><\/span><\/span>\n\t<\/p>\n<p>\n\t\t<span><span style=\"line-height:107%\"><span>4. Kuidas saaks otsida k\u00fcpsetiste (jookide, s\u00f5idukite, riietusesemete, taimede jne) nimetusi?<\/span><\/span><\/span>\n\t<\/p>\n<p>\n\t\t<span><span style=\"line-height:107%\"><span>5. Leidke m\u00e4rks\u00f5nad, mis on et\u00fcmoloogiliselt seotud l\u00e4ti \/ eesti \/ vene \/ prantsuse keelega.<\/span><\/span><\/span>\n\t<\/p>\n<p>\n\t\t6.\u00a0<span><span style=\"line-height:107%\"><span>Leidke k\u00f5ik p\u00fcsi\u00fchendid (idioomid), milles esineb s\u00f5na <b><i>alt.<\/i><\/b><\/span><\/span><\/span>\n\t<\/p>\n<p>\n\t\t<span><span style=\"line-height:107%\"><span>7. Leidke stilistilise markeeringuga (nt s\u00f5imus\u00f5nu, madalkeelseid, naljatlevaid) s\u00f5nu, millel on s\u00f5nastikus olemas s\u00fcnon\u00fc\u00fcmid.<\/span><\/span><\/span>\n\t<\/p>\n<p>\n\t\t<span><span style=\"line-height:107%\"><span>8. Kui palju <b>verbe<\/b> <b>prefiksiga<\/b> <b><i>ab<\/i><\/b>\u2013 on s\u00f5nastikus m\u00e4rks\u00f5nadena? <\/span><\/span><\/span>\n\t<\/p>\n<p>\n\t\t9.\u00a0<span><span style=\"line-height:107%\"><span>Leidke <b>\u00fche<\/b> p\u00e4ringuga k\u00f5ik <b><i>her<\/i>-verbid<\/b>: <b><i>herab-, heran-, herbei-, herauf-<\/i><\/b> jne.<\/span><\/span><\/span>\n\t<\/p>\n<p>\n\t\t<span><span style=\"line-height:107%\"><span>10. Leidke artiklid, mille aluseks on teiste hulgas m\u00f5ni <b>Ariste<\/b> kirjutis \/ <b>Tartust \/ P\u00e4rnust \/ Rakverest p\u00e4rit informandilt<\/b> saadud info.<\/span><\/span><\/span>\n\t<\/p>\n<p>\n\t\t<span><span style=\"line-height:107%\"><span>11. Tutvuge m\u00f5ne \u00fclevaateartikliga<\/span><\/span><\/span><span lang=\"DE\"><span style=\"line-height:107%\"><span>: <\/span><\/span><\/span>\n\t<\/p>\n<\/div>\n<p>\u00a0<\/p>\n<p style=\"margin-top:0cm;margin-right:0cm;margin-bottom:.0001pt;margin-left:18.0pt\">\n\t<span><span style=\"line-height:107%\"><span>Abk\u00fcrzungen<\/span><\/span><\/span>\n<\/p>\n<p style=\"margin-top:0cm;margin-right:0cm;margin-bottom:.0001pt;margin-left:18.0pt\">\n\t<b><span><span style=\"line-height:107%\"><span>Adverbien<\/span><\/span><\/span><\/b>\n<\/p>\n<p style=\"margin-top:0cm;margin-right:0cm;margin-bottom:.0001pt;margin-left:18.0pt\">\n\t<span><span style=\"line-height:107%\"><span>alte baltische T\u00e4nze<\/span><\/span><\/span>\n<\/p>\n<p style=\"margin-top:0cm;margin-right:0cm;margin-bottom:.0001pt;margin-left:18.0pt\">\n\t<span><span style=\"line-height:107%\"><span>Anrede<\/span><\/span><\/span>\n<\/p>\n<p style=\"margin-top:0cm;margin-right:0cm;margin-bottom:.0001pt;margin-left:18.0pt\">\n\t<span><span style=\"line-height:107%\"><span>Artikelgebrauch<\/span><\/span><\/span>\n<\/p>\n<p style=\"margin-top:0cm;margin-right:0cm;margin-bottom:.0001pt;margin-left:18.0pt\">\n\t<span><span style=\"line-height:107%\"><span>Aussprache<\/span><\/span><\/span>\n<\/p>\n<p style=\"margin-top:0cm;margin-right:0cm;margin-bottom:.0001pt;margin-left:18.0pt\">\n\t<span><span style=\"line-height:107%\"><span>Frage<\/span><\/span><\/span>\n<\/p>\n<p style=\"margin-top:0cm;margin-right:0cm;margin-bottom:.0001pt;margin-left:18.0pt\">\n\t<span><span style=\"line-height:107%\"><span>Geb\u00e4ck<\/span><\/span><\/span>\n<\/p>\n<p style=\"margin-top:0cm;margin-right:0cm;margin-bottom:.0001pt;margin-left:18.0pt\">\n\t<b><span><span style=\"line-height:107%\"><span>Halbdeutsch<\/span><\/span><\/span><\/b>\n<\/p>\n<p style=\"margin-top:0cm;margin-right:0cm;margin-bottom:.0001pt;margin-left:18.0pt\">\n\t<b><span><span style=\"line-height:107%\"><span>Interjektionen<\/span><\/span><\/span><\/b>\n<\/p>\n<p style=\"margin-top:0cm;margin-right:0cm;margin-bottom:.0001pt;margin-left:18.0pt\">\n\t<b><span><span style=\"line-height:107%\"><span>Kinderspiele<\/span><\/span><\/span><\/b>\n<\/p>\n<p style=\"margin-top:0cm;margin-right:0cm;margin-bottom:.0001pt;margin-left:18.0pt\">\n\t<span><span style=\"line-height:107%\"><span>Komparativ<\/span><\/span><\/span>\n<\/p>\n<p style=\"margin-top:0cm;margin-right:0cm;margin-bottom:.0001pt;margin-left:18.0pt\">\n\t<span><span style=\"line-height:107%\"><span>Kosekleinerungen<\/span><\/span><\/span>\n<\/p>\n<p style=\"margin-top:0cm;margin-right:0cm;margin-bottom:.0001pt;margin-left:18.0pt\">\n\t<span><span style=\"line-height:107%\"><span>Lettizismen<\/span><\/span><\/span>\n<\/p>\n<p style=\"margin-top:0cm;margin-right:0cm;margin-bottom:.0001pt;margin-left:18.0pt\">\n\t<span><span style=\"line-height:107%\"><span>Modalverben<\/span><\/span><\/span>\n<\/p>\n<p style=\"margin-top:0cm;margin-right:0cm;margin-bottom:.0001pt;margin-left:18.0pt\">\n\t<span><span style=\"line-height:107%\"><span>Nominalflexion<\/span><\/span><\/span>\n<\/p>\n<p style=\"margin-top:0cm;margin-right:0cm;margin-bottom:.0001pt;margin-left:18.0pt\">\n\t<span><span style=\"line-height:107%\"><span>Possessivpronomen<\/span><\/span><\/span>\n<\/p>\n<p style=\"margin-top:0cm;margin-right:0cm;margin-bottom:.0001pt;margin-left:18.0pt\">\n\t<span><span style=\"line-height:107%\"><span>Rektion<\/span><\/span><\/span>\n<\/p>\n<p style=\"margin-top:0cm;margin-right:0cm;margin-bottom:.0001pt;margin-left:18.0pt\">\n\t<b><span><span style=\"line-height:107%\"><span>Satzbau<\/span><\/span><\/span><\/b>\n<\/p>\n<p style=\"margin-top:0cm;margin-right:0cm;margin-bottom:.0001pt;margin-left:18.0pt\">\n\t<span><span style=\"line-height:107%\"><span>Schmuck<\/span><\/span><\/span>\n<\/p>\n<p style=\"margin-top:0cm;margin-right:0cm;margin-bottom:.0001pt;margin-left:18.0pt\">\n\t<span><span style=\"line-height:107%\"><span>Verbflexion<\/span><\/span><\/span>\n<\/p>\n<p style=\"margin-top:0cm;margin-right:0cm;margin-bottom:.0001pt;margin-left:18.0pt\">\n\t<span><span style=\"line-height:107%\"><span>Vornamen<\/span><\/span><\/span>\n<\/p>\n<p style=\"margin-top:0cm;margin-right:0cm;margin-bottom:.0001pt;margin-left:18.0pt\">\n\t<b><span><span style=\"line-height:107%\"><span>W\u00e4hrungen<\/span><\/span><\/span><\/b>\n<\/p>\n<p style=\"margin-top:0cm;margin-right:0cm;margin-bottom:.0001pt;margin-left:18.0pt\">\n\t<span><span style=\"line-height:107%\"><span>Weihnachtssitten<\/span><\/span><\/span>\n<\/p>\n<p style=\"margin-top:0cm;margin-right:0cm;margin-bottom:.0001pt;margin-left:18.0pt\">\n\t<span><span style=\"line-height:107%\"><span>Wendungen<\/span><\/span><\/span>\n<\/p>\n<p style=\"margin-top:0cm;margin-right:0cm;margin-bottom:.0001pt;margin-left:18.0pt\">\n\t<span><span style=\"line-height:107%\"><span>Wortbildung<\/span><\/span><\/span><\/p>\n","protected":false},"excerpt":{"rendered":"<p>\u00a0 J\u00e4rgnevad harjutused on m\u00f5eldud iseseisvaks pusimiseks, et kompleksp\u00e4ringute v\u00f5imaluste piire veebis\u00f5nastikus kompida\u00a0 (ja nihutada) \ud83d\ude42 \u00a0 1. Leidke m\u00e4rks\u00f5nad, mille saksakeelsetes vastetes esineb t\u00fcvi trink- (k.a betrunken) Milliste prefiksitega verbe leiate? Milliseid t\u00e4hendusi need kannavad? Kas tulemuste hulgas on &#8230;<\/p>\n","protected":false},"author":261,"featured_media":0,"parent":0,"menu_order":0,"comment_status":"closed","ping_status":"closed","template":"","meta":{"_acf_changed":false,"inline_featured_image":false,"footnotes":""},"class_list":["post-12","page","type-page","status-publish","hentry"],"acf":[],"_links":{"self":[{"href":"https:\/\/sisu.ut.ee\/bss\/wp-json\/wp\/v2\/pages\/12","targetHints":{"allow":["GET"]}}],"collection":[{"href":"https:\/\/sisu.ut.ee\/bss\/wp-json\/wp\/v2\/pages"}],"about":[{"href":"https:\/\/sisu.ut.ee\/bss\/wp-json\/wp\/v2\/types\/page"}],"author":[{"embeddable":true,"href":"https:\/\/sisu.ut.ee\/bss\/wp-json\/wp\/v2\/users\/261"}],"replies":[{"embeddable":true,"href":"https:\/\/sisu.ut.ee\/bss\/wp-json\/wp\/v2\/comments?post=12"}],"version-history":[{"count":1,"href":"https:\/\/sisu.ut.ee\/bss\/wp-json\/wp\/v2\/pages\/12\/revisions"}],"predecessor-version":[{"id":43,"href":"https:\/\/sisu.ut.ee\/bss\/wp-json\/wp\/v2\/pages\/12\/revisions\/43"}],"wp:attachment":[{"href":"https:\/\/sisu.ut.ee\/bss\/wp-json\/wp\/v2\/media?parent=12"}],"curies":[{"name":"wp","href":"https:\/\/api.w.org\/{rel}","templated":true}]}}