{"id":10,"date":"2024-04-04T07:28:33","date_gmt":"2024-04-04T04:28:33","guid":{"rendered":"https:\/\/sisu.ut.ee\/bss\/naiteid\/"},"modified":"2024-04-04T07:28:43","modified_gmt":"2024-04-04T04:28:43","slug":"naiteid","status":"publish","type":"page","link":"https:\/\/sisu.ut.ee\/bss\/naiteid\/","title":{"rendered":"N\u00e4iteid"},"content":{"rendered":"<p>\n\t<span style=\"font-size:18px\"><strong>\u2026\u00a0\u00a0lihtsast keeruliseni<\/strong><\/span>\n<\/p>\n<p>\n\t\u00a0\n<\/p>\n<p style=\"margin-top:2.0pt;margin-right:0cm;margin-bottom:.0001pt;margin-left:0cm\">\n\t<span style=\"color:#33cccc\"><span style=\"font-size:16px\"><span><b><span style=\"line-height:107%\">Tahan k\u00f5iki artikleid<\/span><\/b><\/span><\/span><\/span>\n<\/p>\n<p style=\"margin-top:12.0pt;margin-right:0cm;margin-bottom:.0001pt;margin-left:0cm\">\n\t<span style=\"line-height:normal\"><span><span><span style=\"color:black\">See pole m\u00f5istlik ja selle eest v\u00f5ib kinni minna \ud83d\ude42 aga k\u00f5ige lihtsam kompleksp\u00e4ring n\u00e4eb kirjeldamise m\u00f5ttes v\u00e4lja nii:<\/span><\/span><\/span><\/span>\n<\/p>\n<p style=\"margin: 12pt 0cm 0.0001pt;text-align: right\">\n\t<img loading=\"lazy\" decoding=\"async\" width=\"965\" height=\"478\" class=\"alignnone wp-image-26\" src=\"https:\/\/sisu.ut.ee\/wp-content\/uploads\/sites\/519\/n1.jpg\" title=\"n1.jpg\" alt=\"n\" srcset=\"https:\/\/sisu.ut.ee\/wp-content\/uploads\/sites\/519\/n1.jpg 965w, https:\/\/sisu.ut.ee\/wp-content\/uploads\/sites\/519\/n1-300x149.jpg 300w, https:\/\/sisu.ut.ee\/wp-content\/uploads\/sites\/519\/n1-768x380.jpg 768w\" sizes=\"auto, (max-width: 965px) 100vw, 965px\">Allikas:\u00a0http:\/\/www.eki.ee\/dict\/xp\/index.cgi?dictid=bss\n<\/p>\n<p style=\"margin-top:12.0pt;margin-right:0cm;margin-bottom:.0001pt;margin-left:0cm\">\n\t\u00a0\n<\/p>\n<p style=\"margin-bottom:.0001pt\">\n\t\u00a0\n<\/p>\n<p style=\"margin-bottom:.0001pt\">\n\t<span style=\"color:#33cccc\"><span style=\"font-size:16px\"><b><span style=\"line-height:107%\">Tahan s\u00f5naraamatu k\u00f5iki m\u00e4rks\u00f5nu<\/span><\/b><\/span><\/span>\n<\/p>\n<p style=\"margin-bottom:.0001pt\">\n\t\u00a0\n<\/p>\n<p>\n\t<span><span style=\"color:black\">Lihtsalt t\u00e4helepanu juhtimiseks, et mitte iga \u201cartikkel\u201d ei pruugi sisaldada elementi m\u00e4rks\u00f5na. Asendage eelnevas n\u00e4ites \u201cmistahes\u201d t\u00e4pse elemendi sildiga \u201cm\u00e4rks\u00f5na\u201d.<\/span><\/span>\n<\/p>\n<p>\n\t<img loading=\"lazy\" decoding=\"async\" width=\"961\" height=\"472\" class=\"alignnone wp-image-27\" src=\"https:\/\/sisu.ut.ee\/wp-content\/uploads\/sites\/519\/n2.jpg\" title=\"n2.jpg\" alt=\"m\" srcset=\"https:\/\/sisu.ut.ee\/wp-content\/uploads\/sites\/519\/n2.jpg 961w, https:\/\/sisu.ut.ee\/wp-content\/uploads\/sites\/519\/n2-300x147.jpg 300w, https:\/\/sisu.ut.ee\/wp-content\/uploads\/sites\/519\/n2-768x377.jpg 768w\" sizes=\"auto, (max-width: 961px) 100vw, 961px\">\n<\/p>\n<p style=\"text-align: right\">\n\tAllikas:\u00a0http:\/\/www.eki.ee\/dict\/xp\/index.cgi?dictid=bss\n<\/p>\n<p style=\"margin-top:2.0pt;margin-right:0cm;margin-bottom:.0001pt;margin-left:0cm\">\n\t<span style=\"color:#33cccc\"><span><b><span style=\"line-height:107%\">Tahan k\u00f5iki m\u00e4\u00e4rs\u00f5nu \/ tegus\u00f5nu \/ h\u00fc\u00fcds\u00f5nu \/ eesliiteid \/ nimis\u00f5nu<\/span><\/b> <\/span><\/span>\n<\/p>\n<p style=\"margin-top:2.0pt;margin-right:0cm;margin-bottom:.0001pt;margin-left:0cm\">\n\t\u00a0\n<\/p>\n<p style=\"margin-bottom:.0001pt\">\n\t<span><span style=\"color:black\">See on v\u00f5imalik, sest BSS-s on s\u00f5naliigid\/erialad\/stiilid\/\u2026 eraldi m\u00e4rgendatud. <\/span><\/span><span><span style=\"color:black\">Erandiks on <b>nimis\u00f5na<\/b>, millel ei ole m\u00e4rgendit \u2019subst\u2019, kuid mis on leitavad kompleksp\u00e4ringu abil, kui valida otsingu 2. kastis <b>subst-sugu: artikkel:<\/b> <b>d* <\/b>(v\u00f5i konkreetne artikkel). Kogu s\u00f5naraamatu peale leiab p\u00e4ring praegu \u00fcle 18000 nimis\u00f5na, seega oleks m\u00f5istlik p\u00e4ringut piirata. K-ga algavaid nimis\u00f5nu leitakse hetkel ca 2000, K-ga algavaid meessoost s\u00f5nu 888. Suur- ja v\u00e4iket\u00e4hti kompleksp\u00e4ring ei erista.<\/span><\/span>\n<\/p>\n<p style=\"text-align: right\">\n\t<img loading=\"lazy\" decoding=\"async\" width=\"977\" height=\"466\" class=\"alignnone wp-image-28\" src=\"https:\/\/sisu.ut.ee\/wp-content\/uploads\/sites\/519\/n3.jpg\" title=\"n3.jpg\" alt=\"m\" srcset=\"https:\/\/sisu.ut.ee\/wp-content\/uploads\/sites\/519\/n3.jpg 977w, https:\/\/sisu.ut.ee\/wp-content\/uploads\/sites\/519\/n3-300x143.jpg 300w, https:\/\/sisu.ut.ee\/wp-content\/uploads\/sites\/519\/n3-768x366.jpg 768w\" sizes=\"auto, (max-width: 977px) 100vw, 977px\">Allikashttp:\/\/www.eki.ee\/dict\/xp\/index.cgi?dictid=bss:\u00a0\n<\/p>\n<p style=\"margin-top:2.0pt;margin-right:0cm;margin-bottom:.0001pt;margin-left:0cm\">\n\t<\/p><div class=\"accordion mb-3\">\n        <div class=\"accordion-item accordion-item--white\">\n        <h2 class=\"accordion-header\" id=\"accordion-69dee96d5f85a-heading\">\n            <button class=\"accordion-button collapsed\" type=\"button\" data-bs-toggle=\"collapse\" data-bs-target=\"#accordion-69dee96d5f85a-collapse\" aria-expanded=\"true\" aria-controls=\"accordion-69dee96d5f85a-collapse\">N\u00e4puharjutus 2<\/button>\n        <\/h2>\n        <div id=\"accordion-69dee96d5f85a-collapse\" class=\"accordion-collapse collapse\" aria-labelledby=\"accordion-69dee96d5f85a-heading\">\n            <div class=\"accordion-body\">Leidke k\u00f5ik (h\u00fc\u00fcd)s\u00f5nad, mis l\u00f5pevad -tsch v\u00f5i -ksch -ga.<\/div>\n        <\/div>\n        <\/div>\n    <\/div>\n\n<p style=\"margin-top:2.0pt;margin-right:0cm;margin-bottom:.0001pt;margin-left:0cm\">\n\t\u00a0\n<\/p>\n<p style=\"margin-top:2.0pt;margin-right:0cm;margin-bottom:.0001pt;margin-left:0cm\">\n\t<\/p><div class=\"accordion mb-3\">\n        <div class=\"accordion-item accordion-item--white\">\n        <h2 class=\"accordion-header\" id=\"accordion-69dee96d5f860-heading\">\n            <button class=\"accordion-button collapsed\" type=\"button\" data-bs-toggle=\"collapse\" data-bs-target=\"#accordion-69dee96d5f860-collapse\" aria-expanded=\"true\" aria-controls=\"accordion-69dee96d5f860-collapse\">N\u00e4puharjutus 3<\/button>\n        <\/h2>\n        <div id=\"accordion-69dee96d5f860-collapse\" class=\"accordion-collapse collapse\" aria-labelledby=\"accordion-69dee96d5f860-heading\">\n            <div class=\"accordion-body\">Leidke omaduss\u00f5nad, mis \u00a0l\u00f5pevad -ig \/ -lich v\u00f5i -isch-ga<\/div>\n        <\/div>\n        <\/div>\n    <\/div>\n\n<p style=\"margin-top:2.0pt;margin-right:0cm;margin-bottom:.0001pt;margin-left:0cm\">\n\t<span style=\"color:#33cccc\"><span><b><span style=\"line-height:107%\">Tahan m\u00e4rks\u00f5nu, kus oleks *sss* \/ *\u00df* \/ *-* \/.<\/span><\/b><\/span><\/span>\n<\/p>\n<p style=\"margin-bottom:.0001pt\">\n\t<span style=\"line-height:normal\"><span><span><span style=\"color:black\">Sidekriipsuga s\u00f5nade otsimisel \u00e4rge unustage kontrollida, kas erim\u00e4rkide tingimus on sisse l\u00fclitatud:<\/span><\/span><\/span><\/span>\n<\/p>\n<p style=\"margin-bottom: 0.0001pt;text-align: right\">\n\t<img loading=\"lazy\" decoding=\"async\" width=\"966\" height=\"467\" class=\"alignnone wp-image-29\" src=\"https:\/\/sisu.ut.ee\/wp-content\/uploads\/sites\/519\/n4.jpg\" title=\"n4.jpg\" alt=\"m\" srcset=\"https:\/\/sisu.ut.ee\/wp-content\/uploads\/sites\/519\/n4.jpg 966w, https:\/\/sisu.ut.ee\/wp-content\/uploads\/sites\/519\/n4-300x145.jpg 300w, https:\/\/sisu.ut.ee\/wp-content\/uploads\/sites\/519\/n4-768x371.jpg 768w\" sizes=\"auto, (max-width: 966px) 100vw, 966px\">Allikas:\u00a0http:\/\/www.eki.ee\/dict\/xp\/index.cgi?dictid=bss\n<\/p>\n<p style=\"margin-bottom:.0001pt\">\n\t\u00a0\n<\/p>\n<p style=\"margin-top:2.0pt;margin-right:0cm;margin-bottom:.0001pt;margin-left:0cm\">\n\t<span style=\"color:#33cccc\"><span><b><span style=\"line-height:107%\">Tahan neid artikleid, milles m\u00e4rks\u00f5na *adel* vasteks on \/ ei ole *aad*<\/span><\/b><\/span><\/span>\n<\/p>\n<p style=\"margin-top:2.0pt;margin-right:0cm;margin-bottom:.0001pt;margin-left:0cm\">\n\t\u00a0\n<\/p>\n<p style=\"margin-bottom:.0001pt\">\n\t<span style=\"line-height:normal\"><span><span><span style=\"color:black\">See p\u00e4ring vajab kahte tingimust. T\u00e4itke kaks kasti ja kasutage nende vahel loogilist JA-d (nii ongi vaikimisi, midagi muuta ei tule). Esimesse kasti paneme esimese tingimuse, m\u00e4rks\u00f5nas esineb *adel*.\u00a0Teise kasti paneme tingimuse \u201cvastes on *aad*\u201c (kui seda ei taha, teha eituse kasti <\/span><\/span><\/span><b><span><span><span style=\"color:black\">\u02c5<\/span><\/span><\/span><\/b><span><span><span style=\"color:black\">):<\/span><\/span><\/span><\/span>\n<\/p>\n<p style=\"margin-bottom: 0.0001pt;text-align: right\">\n\t<img loading=\"lazy\" decoding=\"async\" width=\"962\" height=\"468\" class=\"alignnone wp-image-30\" src=\"https:\/\/sisu.ut.ee\/wp-content\/uploads\/sites\/519\/n5.jpg\" title=\"n5.jpg\" alt=\"m\" srcset=\"https:\/\/sisu.ut.ee\/wp-content\/uploads\/sites\/519\/n5.jpg 962w, https:\/\/sisu.ut.ee\/wp-content\/uploads\/sites\/519\/n5-300x146.jpg 300w, https:\/\/sisu.ut.ee\/wp-content\/uploads\/sites\/519\/n5-768x374.jpg 768w\" sizes=\"auto, (max-width: 962px) 100vw, 962px\">Allikas:\u00a0http:\/\/www.eki.ee\/dict\/xp\/index.cgi?dictid=bss\n<\/p>\n<p style=\"margin-bottom:.0001pt\">\n\t\u00a0\n<\/p>\n<p style=\"margin-bottom:.0001pt\">\n\t<\/p><div class=\"accordion mb-3\">\n        <div class=\"accordion-item accordion-item--white\">\n        <h2 class=\"accordion-header\" id=\"accordion-69dee96d5f862-heading\">\n            <button class=\"accordion-button collapsed\" type=\"button\" data-bs-toggle=\"collapse\" data-bs-target=\"#accordion-69dee96d5f862-collapse\" aria-expanded=\"true\" aria-controls=\"accordion-69dee96d5f862-collapse\">N\u00e4puharjutus 4<\/button>\n        <\/h2>\n        <div id=\"accordion-69dee96d5f862-collapse\" class=\"accordion-collapse collapse\" aria-labelledby=\"accordion-69dee96d5f862-heading\">\n            <div class=\"accordion-body\">Leidke m\u00e4rks\u00f5nad, mille eestikeelsetes vastetes on mees.<\/div>\n        <\/div>\n        <\/div>\n    <\/div>\n\n<p style=\"margin-top:2.0pt;margin-right:0cm;margin-bottom:.0001pt;margin-left:0cm\">\n\t<span><span><span style=\"line-height:107%\"><span><span style=\"color:black\">Tahan mitme erialam\u00e4rgendiga s\u00f5nu, mitmeosalisi m\u00e4rks\u00f5nu, suurt\u00e4helist AIDSi, n\u00e4itelauseid kindla rektsiooni kohta, \u2026<\/span><\/span><\/span><\/span><\/span>\n<\/p>\n<p style=\"margin-bottom:.0001pt\">\n\t<span style=\"line-height:normal\"><span><span><span style=\"color:black\">Selliseid p\u00e4ringuid kompleksp\u00e4ringu liides <b>ei v\u00f5imalda<\/b>. <\/span><\/span><\/span><\/span>\n<\/p>\n<p style=\"margin-top:12.0pt;margin-right:0cm;margin-bottom:.0001pt;margin-left:0cm\">\n\t<span style=\"line-height:normal\"><span><span><span style=\"color:black\">Keerukamaid avaldisi on m\u00f5istlik enne kokkupanekut eraldi tingimustena katsetada, aga kui midagi ei t\u00f6\u00f6ta ootusp\u00e4raselt, andke m\u00e4rku EKI veebihaldurile. Konkreetsete soovide n\u00e4ited ning nende t\u00e4itmise viis v\u00f5i teostamatus on k\u00e4esoleva teksti lisanduseks teretulnud.<\/span><\/span><\/span><\/span>\n<\/p>\n<p>\n\t<strong>Head m\u00e4ngimist!<\/strong><\/p>\n","protected":false},"excerpt":{"rendered":"<p>\u2026\u00a0\u00a0lihtsast keeruliseni \u00a0 Tahan k\u00f5iki artikleid See pole m\u00f5istlik ja selle eest v\u00f5ib kinni minna \ud83d\ude42 aga k\u00f5ige lihtsam kompleksp\u00e4ring n\u00e4eb kirjeldamise m\u00f5ttes v\u00e4lja nii: Allikas:\u00a0http:\/\/www.eki.ee\/dict\/xp\/index.cgi?dictid=bss \u00a0 \u00a0 Tahan s\u00f5naraamatu k\u00f5iki m\u00e4rks\u00f5nu \u00a0 Lihtsalt t\u00e4helepanu juhtimiseks, et mitte iga \u201cartikkel\u201d &#8230;<\/p>\n","protected":false},"author":261,"featured_media":0,"parent":0,"menu_order":0,"comment_status":"closed","ping_status":"closed","template":"","meta":{"_acf_changed":false,"inline_featured_image":false,"footnotes":""},"class_list":["post-10","page","type-page","status-publish","hentry"],"acf":[],"_links":{"self":[{"href":"https:\/\/sisu.ut.ee\/bss\/wp-json\/wp\/v2\/pages\/10","targetHints":{"allow":["GET"]}}],"collection":[{"href":"https:\/\/sisu.ut.ee\/bss\/wp-json\/wp\/v2\/pages"}],"about":[{"href":"https:\/\/sisu.ut.ee\/bss\/wp-json\/wp\/v2\/types\/page"}],"author":[{"embeddable":true,"href":"https:\/\/sisu.ut.ee\/bss\/wp-json\/wp\/v2\/users\/261"}],"replies":[{"embeddable":true,"href":"https:\/\/sisu.ut.ee\/bss\/wp-json\/wp\/v2\/comments?post=10"}],"version-history":[{"count":1,"href":"https:\/\/sisu.ut.ee\/bss\/wp-json\/wp\/v2\/pages\/10\/revisions"}],"predecessor-version":[{"id":45,"href":"https:\/\/sisu.ut.ee\/bss\/wp-json\/wp\/v2\/pages\/10\/revisions\/45"}],"wp:attachment":[{"href":"https:\/\/sisu.ut.ee\/bss\/wp-json\/wp\/v2\/media?parent=10"}],"curies":[{"name":"wp","href":"https:\/\/api.w.org\/{rel}","templated":true}]}}