{"id":6,"date":"2024-04-04T00:19:01","date_gmt":"2024-04-03T21:19:01","guid":{"rendered":"https:\/\/sisu.ut.ee\/breketravi\/3-ennetavad-meetmed-retentsiooniperioodil\/"},"modified":"2024-04-12T09:47:38","modified_gmt":"2024-04-12T06:47:38","slug":"3-ennetavad-meetmed-retentsiooniperioodil","status":"publish","type":"page","link":"https:\/\/sisu.ut.ee\/breketravi\/3-ennetavad-meetmed-retentsiooniperioodil\/","title":{"rendered":"3. H\u00fcgieen kinnitusperioodi ajal"},"content":{"rendered":"<p>Ennetavad meetmed kinnitusperioodi ajal ehk\u00a0retentsiooniperioodil on:<\/p>\n<ul>\n<li>suuh\u00fcgieeni kontroll,<\/li>\n<li>fluoriidide aplikatsioon,<\/li>\n<li>remineralisatsioon,<\/li>\n<li>toitumisalane n\u00f5ustamine.<\/li>\n<\/ul>\n<p>P\u00e4rast ortodontilist ravi breketitega on vaja ravitulemuse s\u00e4ilitamiseks kasutada kinnitusaparaate. Suust eemaldatavad kinnitusaparaadid v\u00f5imaldavad hambaid paremini pesta. Pesemist vajab ka kinnitusaparaat ise. Pese suust eemaldatavat aparaati n\u00e4iteks vana hambaharja ja n\u00f5udepesuvahendiga. Hammaste k\u00fclge kinnitatud kinnitusaparaat vajab hoolsat puhastamist, et v\u00e4ltida hambakivi teket. Sagedamini tekib hambakivi alumiste eeshammaste taha igeme\u00e4\u00e4rde. Et seal on ka kinnituskaar, on puhastamine raskendatud, kuid v\u00f5imalik.<\/p>\n<p><img loading=\"lazy\" decoding=\"async\" width=\"800\" height=\"162\" class=\"alignnone wp-image-14 aligncenter\" style=\"margin-left: auto; margin-right: auto;\" title=\"kinnitused3.png\" src=\"https:\/\/sisu.ut.ee\/wp-content\/uploads\/sites\/119\/kinnitused3.png\" alt=\"kinnitused3.png\" srcset=\"https:\/\/sisu.ut.ee\/wp-content\/uploads\/sites\/119\/kinnitused3.png 800w, https:\/\/sisu.ut.ee\/wp-content\/uploads\/sites\/119\/kinnitused3-300x61.png 300w, https:\/\/sisu.ut.ee\/wp-content\/uploads\/sites\/119\/kinnitused3-768x156.png 768w\" sizes=\"auto, (max-width: 800px) 100vw, 800px\"><\/p>\n<p>Vahetult p\u00e4rast breketite eemaldamist on kasulik minna hambaarsti v\u00f5i suuh\u00fcgienisti juurde, et kontrollida hammaste tervist. Spetsialist m\u00e4\u00e4rab\u00a0 vajadusel ka ravikuuri, mis aitab taastada hambapinnad. N\u00e4iteks lakitakse hambaid fluori sisaldava lakiga.<\/p>\n<p>Kui te ei ole varem tervisliku toitumise peale m\u00f5elnud, siis ei ole kunagi hilja, v\u00f5ite alati n\u00f5u k\u00fcsida. N\u00f5uannetest on kasu siis, kui neid ka j\u00e4rgida.<\/p>\n<p>Lisalugemine:<\/p>\n<ul>\n<li><a style=\"background-color: #ffffff;\" href=\"http:\/\/www.eestiortodont.ee\/22476\/hygieen-breketravi-ajal\" target=\"_blank\" rel=\"noopener\">http:\/\/www.eestiortodont.ee\/22476\/hygieen-breketravi-ajal<\/a><\/li>\n<li><a style=\"background-color: #ffffff;\" href=\"http:\/\/kiku.hambaarst.ee\/suukool\/\" target=\"_blank\" rel=\"noopener\">http:\/\/kiku.hambaarst.ee\/suukool\/<\/a><\/li>\n<\/ul>\n","protected":false},"excerpt":{"rendered":"<p>Ennetavad meetmed kinnitusperioodi ajal ehk\u00a0retentsiooniperioodil on: suuh\u00fcgieeni kontroll, fluoriidide aplikatsioon, remineralisatsioon, toitumisalane n\u00f5ustamine. P\u00e4rast ortodontilist ravi breketitega on vaja ravitulemuse s\u00e4ilitamiseks kasutada kinnitusaparaate. Suust eemaldatavad kinnitusaparaadid v\u00f5imaldavad hambaid paremini pesta. Pesemist vajab ka kinnitusaparaat ise. Pese suust eemaldatavat aparaati n\u00e4iteks &#8230;<\/p>\n","protected":false},"author":2,"featured_media":0,"parent":0,"menu_order":0,"comment_status":"closed","ping_status":"closed","template":"","meta":{"_acf_changed":false,"inline_featured_image":false,"footnotes":""},"class_list":["post-6","page","type-page","status-publish","hentry"],"acf":[],"_links":{"self":[{"href":"https:\/\/sisu.ut.ee\/breketravi\/wp-json\/wp\/v2\/pages\/6","targetHints":{"allow":["GET"]}}],"collection":[{"href":"https:\/\/sisu.ut.ee\/breketravi\/wp-json\/wp\/v2\/pages"}],"about":[{"href":"https:\/\/sisu.ut.ee\/breketravi\/wp-json\/wp\/v2\/types\/page"}],"author":[{"embeddable":true,"href":"https:\/\/sisu.ut.ee\/breketravi\/wp-json\/wp\/v2\/users\/2"}],"replies":[{"embeddable":true,"href":"https:\/\/sisu.ut.ee\/breketravi\/wp-json\/wp\/v2\/comments?post=6"}],"version-history":[{"count":2,"href":"https:\/\/sisu.ut.ee\/breketravi\/wp-json\/wp\/v2\/pages\/6\/revisions"}],"predecessor-version":[{"id":59,"href":"https:\/\/sisu.ut.ee\/breketravi\/wp-json\/wp\/v2\/pages\/6\/revisions\/59"}],"wp:attachment":[{"href":"https:\/\/sisu.ut.ee\/breketravi\/wp-json\/wp\/v2\/media?parent=6"}],"curies":[{"name":"wp","href":"https:\/\/api.w.org\/{rel}","templated":true}]}}