{"id":97,"date":"2024-04-04T08:55:00","date_gmt":"2024-04-04T05:55:00","guid":{"rendered":"https:\/\/sisu.ut.ee\/biopohikool\/samblikud\/"},"modified":"2024-04-04T08:56:54","modified_gmt":"2024-04-04T05:56:54","slug":"samblikud","status":"publish","type":"page","link":"https:\/\/sisu.ut.ee\/biopohikool\/samblikud\/","title":{"rendered":"2. Samblikud"},"content":{"rendered":"<h4>\n\t2.1. Mis on samblikud?<br>\n<\/h4>\n<p>\n\tSamblik on liitorganism, kus elavad vastastikku kasulikus kooselus seen ja fotos\u00fcnteesiv organism, s.o. ainurakne rohevetikas v\u00f5i sinivetikase ts\u00fcanobakter.\u00a0 Samblikud kuuluvad seeneriiki.\n<\/p>\n<p>\n\tSamblikud on omap\u00e4rased maismaaorganismid:\n<\/p>\n<ul>\n<li>\n\t\tSamblikud kasvavad puudel, maapinnal ja kividel.\n\t<\/li>\n<li>\n\t\tSamblikud kasvavad v\u00e4ga aeglaselt.\n\t<\/li>\n<li>\n\t\tSambliku keha on tallus, see ei ole eristunud organiteks.\n\t<\/li>\n<li>\n\t\tSamblikud on liitorganismid.\n\t<\/li>\n<li>\n\t\tSamblike kehas elavad s\u00fcmbioosis seeneniidid ja \u00fcherakulised rohevetikad v\u00f5i sinikud ehk ts\u00fcanobakterid.\n\t<\/li>\n<li>\n\t\tEnamasti kuulub sambliku moodustanud seen kottseente hulka, fotobionte on aga teada 25 perekonda rohevetikaid ja 15 perekonda ts\u00fcanobaktereid.\n\t<\/li>\n<li>\n\t\tSamblikud kuuluvad seeneriiki.\n\t<\/li>\n<li>\n\t\tEestis kasvab \u00fcle 900 samblikuliigi, maailmas ligi 18 000 liiki.\n\t<\/li>\n<\/ul>\n<p>\n\tSambliku keha nimetatakse talluseks, mis pealt ja alt on kaetud tiheda koorkihiga, mis moodustub seeneniidistikust. \u00dclemise koorkihi all asuvad rohevetikad v\u00f5i ts\u00fcanobakterid, mis fotos\u00fcnteesivad.\n<\/p>\n<p style=\"text-align: center\">\n\t<img loading=\"lazy\" decoding=\"async\" width=\"703\" height=\"547\" class=\"alignnone wp-image-274\" style=\"width: 600px;height: 467px\" src=\"https:\/\/sisu.ut.ee\/wp-content\/uploads\/sites\/648\/samblik_ehitus.png\" title=\"Sambliku ehitus (1)\" alt=\"Sambliku ehitus\" srcset=\"https:\/\/sisu.ut.ee\/wp-content\/uploads\/sites\/648\/samblik_ehitus.png 703w, https:\/\/sisu.ut.ee\/wp-content\/uploads\/sites\/648\/samblik_ehitus-300x233.png 300w\" sizes=\"auto, (max-width: 703px) 100vw, 703px\">\n<\/p>\n<p style=\"text-align: center\">\n\t\u00a0\n<\/p>\n<p>\n\tSamblikke on v\u00e4ga erineva kujuga.\n<\/p>\n<table class=\"table table-hover\" border=\"1\" cellpadding=\"5\" cellspacing=\"0\" style=\"width: 100%\">\n<thead>\n<tr>\n<th scope=\"col\">\n\t\t\t\t<strong>Kooriksamblikud<\/strong>\n\t\t\t<\/th>\n<th scope=\"col\">\n\t\t\t\tLehtsamblikud\n\t\t\t<\/th>\n<th scope=\"col\">\n\t\t\t\tP\u00f5\u00f5sassamblikud\n\t\t\t<\/th>\n<\/tr>\n<\/thead>\n<tbody>\n<tr>\n<td style=\"width: 33%\">\n<ul>\n<li>\n\t\t\t\t\t\tKasvavad sileda v\u00f5i teralise koorikuna .\n\t\t\t\t\t<\/li>\n<li>\n\t\t\t\t\t\tN\u00e4iteks kollane varjusamblik\n\t\t\t\t\t<\/li>\n<\/ul>\n<p>\n\t\t\t\t\t<img loading=\"lazy\" decoding=\"async\" width=\"298\" height=\"183\" class=\"alignnone wp-image-276\" style=\"width: 293px;height: 180px\" src=\"https:\/\/sisu.ut.ee\/wp-content\/uploads\/sites\/648\/kollane_varjusamblik.png\" title=\"Kollane varjusamblik (2)\" alt=\"Kollane varjusamblik\">\n\t\t\t\t<\/p>\n<\/td>\n<td style=\"width: 33%\">\n<ul>\n<li>\n\t\t\t\t\t\tLehtjas v\u00f5i plaatja kujuga tallus.\n\t\t\t\t\t<\/li>\n<li>\n\t\t\t\t\t\tN\u00e4iteks harilik hallsamblik\n\t\t\t\t\t<\/li>\n<\/ul>\n<p>\n\t\t\t\t\t<img loading=\"lazy\" decoding=\"async\" width=\"800\" height=\"600\" class=\"alignnone wp-image-273\" style=\"width: 240px;height: 180px\" src=\"https:\/\/sisu.ut.ee\/wp-content\/uploads\/sites\/648\/hypogymnia_physodes_on_a_larch.jpg\" title=\"Harilik hallsamblik (3)\" alt=\"Harilik hallsamblik\" srcset=\"https:\/\/sisu.ut.ee\/wp-content\/uploads\/sites\/648\/hypogymnia_physodes_on_a_larch.jpg 800w, https:\/\/sisu.ut.ee\/wp-content\/uploads\/sites\/648\/hypogymnia_physodes_on_a_larch-300x225.jpg 300w, https:\/\/sisu.ut.ee\/wp-content\/uploads\/sites\/648\/hypogymnia_physodes_on_a_larch-768x576.jpg 768w\" sizes=\"auto, (max-width: 800px) 100vw, 800px\">\n\t\t\t\t<\/p>\n<\/td>\n<td>\n<ul>\n<li>\n\t\t\t\t\t\tMeenutavad v\u00e4ikesi p\u00f5\u00f5said\n\t\t\t\t\t<\/li>\n<li>\n\t\t\t\t\t\tN\u00e4iteks harilik p\u00f5drasamblik\n\t\t\t\t\t<\/li>\n<\/ul>\n<p>\n\t\t\t\t\t<img loading=\"lazy\" decoding=\"async\" width=\"800\" height=\"600\" class=\"alignnone wp-image-275\" style=\"width: 240px;height: 180px\" src=\"https:\/\/sisu.ut.ee\/wp-content\/uploads\/sites\/648\/cladonia_rangiferina.jpg\" title=\"Harilik p\u00f5drasamblik (4)\" alt=\"Harilik p\u00f5drasamblik\" srcset=\"https:\/\/sisu.ut.ee\/wp-content\/uploads\/sites\/648\/cladonia_rangiferina.jpg 800w, https:\/\/sisu.ut.ee\/wp-content\/uploads\/sites\/648\/cladonia_rangiferina-300x225.jpg 300w, https:\/\/sisu.ut.ee\/wp-content\/uploads\/sites\/648\/cladonia_rangiferina-768x576.jpg 768w\" sizes=\"auto, (max-width: 800px) 100vw, 800px\">\n\t\t\t\t<\/p>\n<\/td>\n<\/tr>\n<\/tbody>\n<\/table>\n<p>\u00a0<\/p>\n<p>\n\tSamblikel on paljunemiseks ja levimiseks mitmesuguseid mooduseid: viljakehades tekivad eosed, talluse t\u00fckkidega.\n<\/p>\n<p>\n\t\u00a0\n<\/p>\n<h4>\n\t2.2. Milline on samblike t\u00e4htsus looduses ja inimese elus?<br>\n<\/h4>\n<ul>\n<li>\n\t\tSamblikud suudavad kasvada ekstreemsetes tingimustes\n\t<\/li>\n<li>\n\t\tSamblikud on esmase mullakihi tekitajad kividel ja kaljudel\n\t<\/li>\n<li>\n\t\tSamblikud on toiduks p\u00f5hjap\u00f5tradele\n\t<\/li>\n<li>\n\t\tSamblikke kasutatakse geoloogiliste objektide vanuse m\u00e4\u00e4ramiseks\n\t<\/li>\n<li>\n\t\tSamblikke kasutatakse ravimite valmistamisel, n\u00e4iteks\u00a0 Islandi k\u00e4ok\u00f5rv\n\t<\/li>\n<li>\n\t\tSamblikke kasutatakse \u00f5hu puhtuse hindamiseks<br>\u00a0\n\t<\/li>\n<\/ul>\n<h5>\n\tViited allikatele<br>\n<\/h5>\n<p>\n\t(1) Sambliku ehitus\u00a0https:\/\/en.wikipedia.org\/wiki\/Lichen#\/media\/File:Lichen_cross_section_%E2%80%93_heteromeric_thallus.svg<br>(2) Kollane varjusamblik<br>(3) Harilik hallsamblik\u00a0https:\/\/et.wikipedia.org\/wiki\/Harilik_hallsamblik<br>(4) Harilik p\u00f5drasamblik\u00a0<a data-url=\"https:\/\/commons.wikimedia.org\/wiki\/File:Cladonia_rangiferina_BG4_(2).JPG\" href=\"https:\/\/commons.wikimedia.org\/wiki\/File:Cladonia_rangiferina_BG4_(2).JPG\" target=\"_blank\" title=\"\" rel=\"noopener\">https:\/\/commons.wikimedia.org\/wiki\/File:Cladonia_rangiferina_BG4_(2).JPG<\/a><\/p>\n","protected":false},"excerpt":{"rendered":"<p>2.1. Mis on samblikud? Samblik on liitorganism, kus elavad vastastikku kasulikus kooselus seen ja fotos\u00fcnteesiv organism, s.o. ainurakne rohevetikas v\u00f5i sinivetikase ts\u00fcanobakter.\u00a0 Samblikud kuuluvad seeneriiki. Samblikud on omap\u00e4rased maismaaorganismid: Samblikud kasvavad puudel, maapinnal ja kividel. Samblikud kasvavad v\u00e4ga aeglaselt. Sambliku &#8230;<\/p>\n","protected":false},"author":345,"featured_media":0,"parent":0,"menu_order":0,"comment_status":"closed","ping_status":"closed","template":"","meta":{"_acf_changed":false,"inline_featured_image":false,"footnotes":""},"class_list":["post-97","page","type-page","status-publish","hentry"],"acf":[],"_links":{"self":[{"href":"https:\/\/sisu.ut.ee\/biopohikool\/wp-json\/wp\/v2\/pages\/97","targetHints":{"allow":["GET"]}}],"collection":[{"href":"https:\/\/sisu.ut.ee\/biopohikool\/wp-json\/wp\/v2\/pages"}],"about":[{"href":"https:\/\/sisu.ut.ee\/biopohikool\/wp-json\/wp\/v2\/types\/page"}],"author":[{"embeddable":true,"href":"https:\/\/sisu.ut.ee\/biopohikool\/wp-json\/wp\/v2\/users\/345"}],"replies":[{"embeddable":true,"href":"https:\/\/sisu.ut.ee\/biopohikool\/wp-json\/wp\/v2\/comments?post=97"}],"version-history":[{"count":1,"href":"https:\/\/sisu.ut.ee\/biopohikool\/wp-json\/wp\/v2\/pages\/97\/revisions"}],"predecessor-version":[{"id":543,"href":"https:\/\/sisu.ut.ee\/biopohikool\/wp-json\/wp\/v2\/pages\/97\/revisions\/543"}],"wp:attachment":[{"href":"https:\/\/sisu.ut.ee\/biopohikool\/wp-json\/wp\/v2\/media?parent=97"}],"curies":[{"name":"wp","href":"https:\/\/api.w.org\/{rel}","templated":true}]}}