{"id":96,"date":"2024-04-04T08:54:59","date_gmt":"2024-04-04T05:54:59","guid":{"rendered":"https:\/\/sisu.ut.ee\/biopohikool\/16-milline-seente-eluviis\/"},"modified":"2024-04-04T08:56:54","modified_gmt":"2024-04-04T05:56:54","slug":"16-milline-seente-eluviis","status":"publish","type":"page","link":"https:\/\/sisu.ut.ee\/biopohikool\/16-milline-seente-eluviis\/","title":{"rendered":"1.6. Milline on seente eluviis?"},"content":{"rendered":"<p style=\"text-align: center\">\n\tSeened v\u00f5ivad olla\u00a0<strong>lagundajad,\u00a0<\/strong>tagades ainete ringk\u00e4igu looduses.\u00a0\n<\/p>\n<p>\n\tInimesele\u00a0 v\u00f5ib majavamm, kes on samuti lagundaja, p\u00f5hjustada majanduslikku kahju, h\u00e4vitades puithooneid.\n<\/p>\n<p style=\"text-align:center\">\n\t<img loading=\"lazy\" decoding=\"async\" width=\"250\" height=\"187\" class=\"alignnone wp-image-268\" style=\"width: 250px;height: 187px\" src=\"https:\/\/sisu.ut.ee\/wp-content\/uploads\/sites\/648\/majavamm.jpg\" title=\"Majavamm (1)\" alt=\"Majavamm Serpula lacrymans\">\n<\/p>\n<p>\n\tSeente seas on hulgaliselt\u00a0<strong>parasiitse eluviisiga<\/strong>\u00a0liike. N\u00e4iteks parasiitseen tungaltera esineb k\u00f5igil k\u00f5rrelistel. N\u00f5iad kasutasid tungaltera oma kunstis. Siiski on tungaltera t\u00e4nap\u00e4evani asendamatu meditsiinis \u2013 tema preparaate vajatakse g\u00fcnekoloogias.\u00a0\n<\/p>\n<p>\n\tLoomadel, kaasa arvatud inimesel, on mitmeid seenhaigusi. N\u00e4iteks suu\u00f5\u00f5nes soor v\u00f5i k\u00fc\u00fcneseen.\n<\/p>\n<table class=\"table table-hover\">\n<thead>\n<tr>\n<td>\n\t\t\t\t\t<img loading=\"lazy\" decoding=\"async\" width=\"800\" height=\"1040\" class=\"alignnone wp-image-269\" style=\"width: 154px;height: 200px\" src=\"https:\/\/sisu.ut.ee\/wp-content\/uploads\/sites\/648\/human_tongue_infected_with_oral_candidiasis.jpg\" title=\"Soor (2)\" alt=\"Soor\" srcset=\"https:\/\/sisu.ut.ee\/wp-content\/uploads\/sites\/648\/human_tongue_infected_with_oral_candidiasis.jpg 800w, https:\/\/sisu.ut.ee\/wp-content\/uploads\/sites\/648\/human_tongue_infected_with_oral_candidiasis-231x300.jpg 231w, https:\/\/sisu.ut.ee\/wp-content\/uploads\/sites\/648\/human_tongue_infected_with_oral_candidiasis-788x1024.jpg 788w, https:\/\/sisu.ut.ee\/wp-content\/uploads\/sites\/648\/human_tongue_infected_with_oral_candidiasis-768x998.jpg 768w\" sizes=\"auto, (max-width: 800px) 100vw, 800px\">\n\t\t\t\t<\/td>\n<td>\n\t\t\t\t\t\u00a0\n\t\t\t\t<\/td>\n<td>\n\t\t\t\t\t<img loading=\"lazy\" decoding=\"async\" width=\"450\" height=\"441\" class=\"alignnone wp-image-270\" style=\"width: 204px;height: 200px\" src=\"https:\/\/sisu.ut.ee\/wp-content\/uploads\/sites\/648\/oncymycosis.jpg\" title=\"K\u00fc\u00fcneseen (3)\" alt=\"K\u00fc\u00fcneseen\" srcset=\"https:\/\/sisu.ut.ee\/wp-content\/uploads\/sites\/648\/oncymycosis.jpg 450w, https:\/\/sisu.ut.ee\/wp-content\/uploads\/sites\/648\/oncymycosis-300x294.jpg 300w\" sizes=\"auto, (max-width: 450px) 100vw, 450px\"><span>\u00a0<\/span>\n\t\t\t\t<\/td>\n<\/tr>\n<\/thead>\n<tbody>\n\t\t<\/tbody>\n<\/table>\n<p>\u00a0<\/p>\n<p>\n\tSeened v\u00f5ivad elada s\u00fcmbioosis taimede v\u00f5i loomadega. N\u00e4iteks:\n<\/p>\n<ul>\n<li>\n\t\tAlgelised seened elavad m\u00e4letsejaliste vatsas, aidates lagundada tselluloosi.\n\t<\/li>\n<li>\n\t\tS\u00fcmbioos sipelgatega \u2013 toidavad seent ja s\u00f6\u00f6vad seeneniidistikku.\n\t<\/li>\n<li>\n\t\tS\u00fcmbioos \u00fcraskite ja seente vahel \u2013 levitavad ja s\u00f6\u00f6vad.\n\t<\/li>\n<li>\n\t\t<strong>M\u00fckoriisa\u00a0<\/strong>on s\u00fcmbioos seene ja taimejuure vahel. Seen varustab taime vee ja mineraalainetega ja saab taimelt vastu orgaanilisi aineid.\n\t<\/li>\n<\/ul>\n<p>\n\tM\u00f5ni seen muudab elu jooksul oma eluviisi, n\u00e4iteks torikulised.\u00a0 Alguses kasvades puul on ta parasiit, hiljem, kui puu on surnud, j\u00e4tkab kasvamist lagundajana.\n<\/p>\n<p style=\"text-align: center\">\n\t<img loading=\"lazy\" decoding=\"async\" width=\"1920\" height=\"1440\" class=\"alignnone wp-image-272\" style=\"width: 400px;height: 300px\" src=\"https:\/\/sisu.ut.ee\/wp-content\/uploads\/sites\/648\/fomes_fomentarius_2010_g2.jpg\" title=\"Torikulised: tuletael (4)\" alt=\"Torikulised: tuletael\" srcset=\"https:\/\/sisu.ut.ee\/wp-content\/uploads\/sites\/648\/fomes_fomentarius_2010_g2.jpg 1920w, https:\/\/sisu.ut.ee\/wp-content\/uploads\/sites\/648\/fomes_fomentarius_2010_g2-300x225.jpg 300w, https:\/\/sisu.ut.ee\/wp-content\/uploads\/sites\/648\/fomes_fomentarius_2010_g2-1024x768.jpg 1024w, https:\/\/sisu.ut.ee\/wp-content\/uploads\/sites\/648\/fomes_fomentarius_2010_g2-768x576.jpg 768w, https:\/\/sisu.ut.ee\/wp-content\/uploads\/sites\/648\/fomes_fomentarius_2010_g2-1536x1152.jpg 1536w\" sizes=\"auto, (max-width: 1920px) 100vw, 1920px\">\n<\/p>\n<h5>\n\tAllikate viited<br>\n<\/h5>\n<p>\n\t(1)\u00a0\u00a0Majavamm https:\/\/et.wikipedia.org\/wiki\/Majavamm#\/media\/Fail:Majavamm.jpg<br>(2) Soor\u00a0https:\/\/de.wikipedia.org\/wiki\/Candidose#\/media\/Datei:Human_tongue_infected_with_oral_candidiasis.jpg<br>(3) K\u00fc\u00fcneseen\u00a0https:\/\/en.wikipedia.org\/wiki\/Onychomycosis#\/media\/File:Oncymycosis.JPG<br>(4) Torikulised: tuletael\u00a0https:\/\/et.wikipedia.org\/wiki\/Tuletael#\/media\/Fail:Fomes_fomentarius_2010_G2.jpg<\/p>\n","protected":false},"excerpt":{"rendered":"<p>Seened v\u00f5ivad olla\u00a0lagundajad,\u00a0tagades ainete ringk\u00e4igu looduses.\u00a0 Inimesele\u00a0 v\u00f5ib majavamm, kes on samuti lagundaja, p\u00f5hjustada majanduslikku kahju, h\u00e4vitades puithooneid. Seente seas on hulgaliselt\u00a0parasiitse eluviisiga\u00a0liike. N\u00e4iteks parasiitseen tungaltera esineb k\u00f5igil k\u00f5rrelistel. N\u00f5iad kasutasid tungaltera oma kunstis. Siiski on tungaltera t\u00e4nap\u00e4evani asendamatu meditsiinis &#8230;<\/p>\n","protected":false},"author":345,"featured_media":0,"parent":0,"menu_order":0,"comment_status":"closed","ping_status":"closed","template":"","meta":{"_acf_changed":false,"inline_featured_image":false,"footnotes":""},"class_list":["post-96","page","type-page","status-publish","hentry"],"acf":[],"_links":{"self":[{"href":"https:\/\/sisu.ut.ee\/biopohikool\/wp-json\/wp\/v2\/pages\/96","targetHints":{"allow":["GET"]}}],"collection":[{"href":"https:\/\/sisu.ut.ee\/biopohikool\/wp-json\/wp\/v2\/pages"}],"about":[{"href":"https:\/\/sisu.ut.ee\/biopohikool\/wp-json\/wp\/v2\/types\/page"}],"author":[{"embeddable":true,"href":"https:\/\/sisu.ut.ee\/biopohikool\/wp-json\/wp\/v2\/users\/345"}],"replies":[{"embeddable":true,"href":"https:\/\/sisu.ut.ee\/biopohikool\/wp-json\/wp\/v2\/comments?post=96"}],"version-history":[{"count":1,"href":"https:\/\/sisu.ut.ee\/biopohikool\/wp-json\/wp\/v2\/pages\/96\/revisions"}],"predecessor-version":[{"id":544,"href":"https:\/\/sisu.ut.ee\/biopohikool\/wp-json\/wp\/v2\/pages\/96\/revisions\/544"}],"wp:attachment":[{"href":"https:\/\/sisu.ut.ee\/biopohikool\/wp-json\/wp\/v2\/media?parent=96"}],"curies":[{"name":"wp","href":"https:\/\/api.w.org\/{rel}","templated":true}]}}