{"id":94,"date":"2024-04-04T08:54:59","date_gmt":"2024-04-04T05:54:59","guid":{"rendered":"https:\/\/sisu.ut.ee\/biopohikool\/14-hallikud\/"},"modified":"2024-04-04T08:56:54","modified_gmt":"2024-04-04T05:56:54","slug":"14-hallikud","status":"publish","type":"page","link":"https:\/\/sisu.ut.ee\/biopohikool\/14-hallikud\/","title":{"rendered":"1.4. Hallikud"},"content":{"rendered":"<h4>\n\t1.4.1.\u00a0\u00a0Millised seened on hallikud?<br>\n<\/h4>\n<table class=\"table table-hover\" border=\"1\" cellpadding=\"5\" cellspacing=\"0\" style=\"width: 100%\">\n<thead>\n<tr>\n<th scope=\"col\">\n\t\t\t\t<strong>Nutthallitus<\/strong>\n\t\t\t<\/th>\n<th scope=\"col\">\n\t\t\t\t<strong>Pintselhallik<\/strong>\n\t\t\t<\/th>\n<\/tr>\n<\/thead>\n<tbody>\n<tr>\n<td>\n<ul>\n<li>\n\t\t\t\t\t\tEosed asuvad eospeades.\n\t\t\t\t\t<\/li>\n<li>\n\t\t\t\t\t\tSeeneh\u00fc\u00fcfil puuduvad vaheseinad, seega on h\u00fc\u00fcf hulgatuumne.\n\t\t\t\t\t<\/li>\n<\/ul>\n<p>\n\t\t\t\t\t<img loading=\"lazy\" decoding=\"async\" width=\"2152\" height=\"2560\" class=\"alignnone wp-image-263\" style=\"width: 252px;height: 300px\" src=\"https:\/\/sisu.ut.ee\/wp-content\/uploads\/sites\/648\/schade_hogere_planten_zwammen_mucor_mucedo_bestanddeelnr_193-0995-scaled.jpg\" title=\"Nutthallitus (1)\" alt=\"Nutthallitus (1)\" srcset=\"https:\/\/sisu.ut.ee\/wp-content\/uploads\/sites\/648\/schade_hogere_planten_zwammen_mucor_mucedo_bestanddeelnr_193-0995-scaled.jpg 2152w, https:\/\/sisu.ut.ee\/wp-content\/uploads\/sites\/648\/schade_hogere_planten_zwammen_mucor_mucedo_bestanddeelnr_193-0995-252x300.jpg 252w, https:\/\/sisu.ut.ee\/wp-content\/uploads\/sites\/648\/schade_hogere_planten_zwammen_mucor_mucedo_bestanddeelnr_193-0995-861x1024.jpg 861w, https:\/\/sisu.ut.ee\/wp-content\/uploads\/sites\/648\/schade_hogere_planten_zwammen_mucor_mucedo_bestanddeelnr_193-0995-768x914.jpg 768w, https:\/\/sisu.ut.ee\/wp-content\/uploads\/sites\/648\/schade_hogere_planten_zwammen_mucor_mucedo_bestanddeelnr_193-0995-1291x1536.jpg 1291w, https:\/\/sisu.ut.ee\/wp-content\/uploads\/sites\/648\/schade_hogere_planten_zwammen_mucor_mucedo_bestanddeelnr_193-0995-1722x2048.jpg 1722w, https:\/\/sisu.ut.ee\/wp-content\/uploads\/sites\/648\/schade_hogere_planten_zwammen_mucor_mucedo_bestanddeelnr_193-0995-1920x2284.jpg 1920w\" sizes=\"auto, (max-width: 2152px) 100vw, 2152px\">\n\t\t\t\t<\/p>\n<\/td>\n<td>\n<ul>\n<li>\n\t\t\t\t\t\tEosed moodustuvad pintslitaoliselt harunevate seeneniitide tippudes.\n\t\t\t\t\t<\/li>\n<li>\n\t\t\t\t\t\tH\u00fc\u00fcf on ristvaheseintega jaotunud rakkudeks.\n\t\t\t\t\t<\/li>\n<\/ul>\n<p>\n\t\t\t\t\t<img loading=\"lazy\" decoding=\"async\" width=\"800\" height=\"600\" class=\"alignnone wp-image-264\" style=\"width: 400px;height: 300px\" src=\"https:\/\/sisu.ut.ee\/wp-content\/uploads\/sites\/648\/penicillium.jpg\" title=\"Pintselhallik (2)\" alt=\"Pintselhallik\" srcset=\"https:\/\/sisu.ut.ee\/wp-content\/uploads\/sites\/648\/penicillium.jpg 800w, https:\/\/sisu.ut.ee\/wp-content\/uploads\/sites\/648\/penicillium-300x225.jpg 300w, https:\/\/sisu.ut.ee\/wp-content\/uploads\/sites\/648\/penicillium-768x576.jpg 768w\" sizes=\"auto, (max-width: 800px) 100vw, 800px\">\n\t\t\t\t<\/p>\n<\/td>\n<\/tr>\n<\/tbody>\n<\/table>\n<p>\u00a0<\/p>\n<h4>\n\t1.4.2.\u00a0Milline on hallitusseente t\u00e4htsus?<br>\n<\/h4>\n<ul>\n<li>\n\t\tHallitusseened eraldavad toksiine ehk m\u00fcrke, seega hallitanud toidu s\u00f6\u00f6mine v\u00f5ib olla eluohtlik.\n\t<\/li>\n<li>\n\t\tInimesed v\u00f5ivad hallitusseente suhtes olla allergilised.\n\t<\/li>\n<li>\n\t\tHallitusseened kasvavad soojades niisketes ruumides, kahjustades nii ruumi siseviimistlust kui inimese tervist.\n\t<\/li>\n<li>\n\t\tHallitusseentest saab antibiootikume (ravimit\u00f6\u00f6stuses).\n\t<\/li>\n<li>\n\t\tKasutatakse toiduainet\u00f6\u00f6stuses hallitusjuustu ja salaamivorsti valmistamisel.\n\t<\/li>\n<\/ul>\n<p>\n\t\u00a0\n<\/p>\n<h5>\n\tViited allikatele<br>\n<\/h5>\n<p>\n\t(1) Nutthallitus\u00a0https:\/\/commons.wikimedia.org\/wiki\/File:Schade,_hogere_planten,_zwammen,_mucor_mucedo,_Bestanddeelnr_193-0995.jpg\n<\/p>\n<p>\n\t(2) Pintselhallik https:\/\/commons.wikimedia.org\/wiki\/File:9A_400x.jpg<\/p>\n","protected":false},"excerpt":{"rendered":"<p>1.4.1.\u00a0\u00a0Millised seened on hallikud? Nutthallitus Pintselhallik Eosed asuvad eospeades. Seeneh\u00fc\u00fcfil puuduvad vaheseinad, seega on h\u00fc\u00fcf hulgatuumne. Eosed moodustuvad pintslitaoliselt harunevate seeneniitide tippudes. H\u00fc\u00fcf on ristvaheseintega jaotunud rakkudeks. \u00a0 1.4.2.\u00a0Milline on hallitusseente t\u00e4htsus? Hallitusseened eraldavad toksiine ehk m\u00fcrke, seega hallitanud toidu &#8230;<\/p>\n","protected":false},"author":345,"featured_media":0,"parent":0,"menu_order":0,"comment_status":"closed","ping_status":"closed","template":"","meta":{"_acf_changed":false,"inline_featured_image":false,"footnotes":""},"class_list":["post-94","page","type-page","status-publish","hentry"],"acf":[],"_links":{"self":[{"href":"https:\/\/sisu.ut.ee\/biopohikool\/wp-json\/wp\/v2\/pages\/94","targetHints":{"allow":["GET"]}}],"collection":[{"href":"https:\/\/sisu.ut.ee\/biopohikool\/wp-json\/wp\/v2\/pages"}],"about":[{"href":"https:\/\/sisu.ut.ee\/biopohikool\/wp-json\/wp\/v2\/types\/page"}],"author":[{"embeddable":true,"href":"https:\/\/sisu.ut.ee\/biopohikool\/wp-json\/wp\/v2\/users\/345"}],"replies":[{"embeddable":true,"href":"https:\/\/sisu.ut.ee\/biopohikool\/wp-json\/wp\/v2\/comments?post=94"}],"version-history":[{"count":1,"href":"https:\/\/sisu.ut.ee\/biopohikool\/wp-json\/wp\/v2\/pages\/94\/revisions"}],"predecessor-version":[{"id":546,"href":"https:\/\/sisu.ut.ee\/biopohikool\/wp-json\/wp\/v2\/pages\/94\/revisions\/546"}],"wp:attachment":[{"href":"https:\/\/sisu.ut.ee\/biopohikool\/wp-json\/wp\/v2\/media?parent=94"}],"curies":[{"name":"wp","href":"https:\/\/api.w.org\/{rel}","templated":true}]}}