{"id":9,"date":"2024-04-04T08:54:49","date_gmt":"2024-04-04T05:54:49","guid":{"rendered":"https:\/\/sisu.ut.ee\/biopohikool\/34-vosu\/"},"modified":"2024-04-04T08:56:58","modified_gmt":"2024-04-04T05:56:58","slug":"34-vosu","status":"publish","type":"page","link":"https:\/\/sisu.ut.ee\/biopohikool\/34-vosu\/","title":{"rendered":"3.4. V\u00d5SU"},"content":{"rendered":"<p>\n\t3.4.1. Mis on v\u00f5su?\u00a0\n<\/p>\n<p>\n\tV\u00f5su on taime maapealne osa. V\u00f5su moodustavad vars, lehed ja pungad. Asukoha j\u00e4rgi varrel eristatakse ladva- ja k\u00fclgpungi. Osa k\u00fclgpungi j\u00e4\u00e4b p\u00fcsima, ilma et nad edasi areneksid. Neid pungi nimetatakse\u00a0<strong>uinupungadeks.\u00a0<\/strong>Nad \u00e4rkavad alles siis, kui osa v\u00f5sust on h\u00e4vinud. N\u00e4iteks siis, kui hekke p\u00fcgatakse.\n<\/p>\n<p>\n\t\u00a0<img decoding=\"async\" alt=\"\" role=\"presentation\" src=\"https:\/\/moodle.ut.ee\/pluginfile.php\/2322755\/mod_book\/chapter\/57654\/image.png\">\n<\/p>\n<p>\n\t<strong>Joonis 11.\u00a0<\/strong>V\u00f5su.\u00a0<br>\u00a0\n<\/p>\n<p>\n\t3.4.2. Millised on muundunud v\u00f5sud?\u00a0\n<\/p>\n<p>Muundunud v\u00f5sudeks on mugul, risoom ja sibul .\u00a0<\/p>\n<p>\n\t<img loading=\"lazy\" decoding=\"async\" width=\"611\" height=\"238\" class=\"alignnone wp-image-158\" src=\"https:\/\/sisu.ut.ee\/wp-content\/uploads\/sites\/648\/muundunud_vosud.png\" title=\"muundunud_vosud.png\" alt=\"Muundunud v\u00f5sud\" srcset=\"https:\/\/sisu.ut.ee\/wp-content\/uploads\/sites\/648\/muundunud_vosud.png 611w, https:\/\/sisu.ut.ee\/wp-content\/uploads\/sites\/648\/muundunud_vosud-300x117.png 300w\" sizes=\"auto, (max-width: 611px) 100vw, 611px\">\n<\/p>\n<p>\n\t<strong>Joonis 12.<\/strong>\u00a0Muundunud v\u00f5sud.\u00a0\n<\/p>\n<p>\n\tMuundunud v\u00f5sudel v\u00f5ib eristada pungasid, mis puuduvad juurtel.\n<\/p>\n<p>\n\tKartuli viljaks on\u00a0<strong>mari,\u00a0<\/strong>mugul on muundunud v\u00f5su. Kartulit paljundatakse mugulate abil\u00a0\u00a0<strong>vegetatiivselt.<\/strong><\/p>\n","protected":false},"excerpt":{"rendered":"<p>3.4.1. Mis on v\u00f5su?\u00a0 V\u00f5su on taime maapealne osa. V\u00f5su moodustavad vars, lehed ja pungad. Asukoha j\u00e4rgi varrel eristatakse ladva- ja k\u00fclgpungi. Osa k\u00fclgpungi j\u00e4\u00e4b p\u00fcsima, ilma et nad edasi areneksid. Neid pungi nimetatakse\u00a0uinupungadeks.\u00a0Nad \u00e4rkavad alles siis, kui osa v\u00f5sust &#8230;<\/p>\n","protected":false},"author":345,"featured_media":0,"parent":0,"menu_order":0,"comment_status":"closed","ping_status":"closed","template":"","meta":{"_acf_changed":false,"inline_featured_image":false,"footnotes":""},"class_list":["post-9","page","type-page","status-publish","hentry"],"acf":[],"_links":{"self":[{"href":"https:\/\/sisu.ut.ee\/biopohikool\/wp-json\/wp\/v2\/pages\/9","targetHints":{"allow":["GET"]}}],"collection":[{"href":"https:\/\/sisu.ut.ee\/biopohikool\/wp-json\/wp\/v2\/pages"}],"about":[{"href":"https:\/\/sisu.ut.ee\/biopohikool\/wp-json\/wp\/v2\/types\/page"}],"author":[{"embeddable":true,"href":"https:\/\/sisu.ut.ee\/biopohikool\/wp-json\/wp\/v2\/users\/345"}],"replies":[{"embeddable":true,"href":"https:\/\/sisu.ut.ee\/biopohikool\/wp-json\/wp\/v2\/comments?post=9"}],"version-history":[{"count":1,"href":"https:\/\/sisu.ut.ee\/biopohikool\/wp-json\/wp\/v2\/pages\/9\/revisions"}],"predecessor-version":[{"id":631,"href":"https:\/\/sisu.ut.ee\/biopohikool\/wp-json\/wp\/v2\/pages\/9\/revisions\/631"}],"wp:attachment":[{"href":"https:\/\/sisu.ut.ee\/biopohikool\/wp-json\/wp\/v2\/media?parent=9"}],"curies":[{"name":"wp","href":"https:\/\/api.w.org\/{rel}","templated":true}]}}