{"id":85,"date":"2024-04-04T08:54:58","date_gmt":"2024-04-04T05:54:58","guid":{"rendered":"https:\/\/sisu.ut.ee\/biopohikool\/82-milline-imetajate-tahtsus-looduses-ja-inimese-elus\/"},"modified":"2024-04-04T08:56:54","modified_gmt":"2024-04-04T05:56:54","slug":"82-milline-imetajate-tahtsus-looduses-ja-inimese-elus","status":"publish","type":"page","link":"https:\/\/sisu.ut.ee\/biopohikool\/82-milline-imetajate-tahtsus-looduses-ja-inimese-elus\/","title":{"rendered":"8.2.\tMilline on imetajate t\u00e4htsus looduses ja inimese elus?"},"content":{"rendered":"<ul dir=\"ltr\">\n<li>\n\t\tImetajad on t\u00e4htsal kohal toiduahelas. Kiskjad reguleerivad saakloomade arvukust ja murravad eelk\u00f5ige n\u00f5rku v\u00f5i haigeid loomi.\u00a0\n\t<\/li>\n<li>\n\t\tTaimtoidulised imetajad v\u00f5ivad tekitada metsakahjustusi ja h\u00e4vitada kultuurtaimi.\u00a0\n\t<\/li>\n<li>\n\t\tImetajad s\u00f6\u00f6vad vilju ja levitavad taimede seemneid.\u00a0\n\t<\/li>\n<li>\n\t\tErinevat liiki imetajad on inimesele lemmikloomadeks.\u00a0\n\t<\/li>\n<li>\n\t\tP\u00f5llumajandusloomad on inimesele toiduks.\u00a0\n\t<\/li>\n<li>\n\t\tLoomanahku kasutatakse r\u00f5ivat\u00f6\u00f6stuses.\n\t<\/li>\n<li>\n\t\tImetajad levitavad haigusi (paelussi, kirpe, marutaudi).\n\t<\/li>\n<\/ul>\n","protected":false},"excerpt":{"rendered":"<p>Imetajad on t\u00e4htsal kohal toiduahelas. Kiskjad reguleerivad saakloomade arvukust ja murravad eelk\u00f5ige n\u00f5rku v\u00f5i haigeid loomi.\u00a0 Taimtoidulised imetajad v\u00f5ivad tekitada metsakahjustusi ja h\u00e4vitada kultuurtaimi.\u00a0 Imetajad s\u00f6\u00f6vad vilju ja levitavad taimede seemneid.\u00a0 Erinevat liiki imetajad on inimesele lemmikloomadeks.\u00a0 P\u00f5llumajandusloomad on inimesele &#8230;<\/p>\n","protected":false},"author":345,"featured_media":0,"parent":0,"menu_order":0,"comment_status":"closed","ping_status":"closed","template":"","meta":{"_acf_changed":false,"inline_featured_image":false,"footnotes":""},"class_list":["post-85","page","type-page","status-publish","hentry"],"acf":[],"_links":{"self":[{"href":"https:\/\/sisu.ut.ee\/biopohikool\/wp-json\/wp\/v2\/pages\/85","targetHints":{"allow":["GET"]}}],"collection":[{"href":"https:\/\/sisu.ut.ee\/biopohikool\/wp-json\/wp\/v2\/pages"}],"about":[{"href":"https:\/\/sisu.ut.ee\/biopohikool\/wp-json\/wp\/v2\/types\/page"}],"author":[{"embeddable":true,"href":"https:\/\/sisu.ut.ee\/biopohikool\/wp-json\/wp\/v2\/users\/345"}],"replies":[{"embeddable":true,"href":"https:\/\/sisu.ut.ee\/biopohikool\/wp-json\/wp\/v2\/comments?post=85"}],"version-history":[{"count":1,"href":"https:\/\/sisu.ut.ee\/biopohikool\/wp-json\/wp\/v2\/pages\/85\/revisions"}],"predecessor-version":[{"id":555,"href":"https:\/\/sisu.ut.ee\/biopohikool\/wp-json\/wp\/v2\/pages\/85\/revisions\/555"}],"wp:attachment":[{"href":"https:\/\/sisu.ut.ee\/biopohikool\/wp-json\/wp\/v2\/media?parent=85"}],"curies":[{"name":"wp","href":"https:\/\/api.w.org\/{rel}","templated":true}]}}