{"id":82,"date":"2024-04-04T08:54:58","date_gmt":"2024-04-04T05:54:58","guid":{"rendered":"https:\/\/sisu.ut.ee\/biopohikool\/72-milline-lindude-tahtsus-looduses-ja-inimese-elus\/"},"modified":"2024-04-04T08:56:54","modified_gmt":"2024-04-04T05:56:54","slug":"72-milline-lindude-tahtsus-looduses-ja-inimese-elus","status":"publish","type":"page","link":"https:\/\/sisu.ut.ee\/biopohikool\/72-milline-lindude-tahtsus-looduses-ja-inimese-elus\/","title":{"rendered":"7.2.\tMilline on lindude t\u00e4htsus looduses ja inimese elus?"},"content":{"rendered":"<ul>\n<li>\n\t\tLinnud on t\u00e4htsad toiduahelas. Nad toituvad seemnetest, pungadest, putukatest, kaladest, roomajatest, teistest lindudest ja imetajatest.\u00a0\n\t<\/li>\n<li>\n\t\tLinnud aitavad tolmeldada taimi, levitada seemneid ja h\u00e4vitada kahjurputukaid.\u00a0\n\t<\/li>\n<li>\n\t\tInimene kasvatab linde toiduks.\u00a0\n\t<\/li>\n<li>\n\t\tLinnusulgedest valmistatakse patju, tekke, jopesid.\u00a0\u00a0\n\t<\/li>\n<li>\n\t\tLindusid peetakse lemmikloomadena.\u00a0\n\t<\/li>\n<li>\n\t\tLinnus\u00f5nnikut kasutatakse v\u00e4etisena.\u00a0\n\t<\/li>\n<li>\n\t\tLinnud levitavad inimesele ohtlikke nakkushaigusi.\n\t<\/li>\n<\/ul>\n<h4>\n\tLindude mitmekesisus<br>\n<\/h4>\n<p>Linnud erinevad v\u00e4limuselt, toitumiselt, elupaiga, lennuv\u00f5ime ja r\u00e4nnete poolest.\u00a0<strong>R\u00f6\u00f6vlindudeks<\/strong>\u00a0on kalakotkas, raudkull.<strong>\u00a0Segatoidulisteks<\/strong>\u00a0lindudeks on leevike, varblane.\u00a0<strong>\u00a0Lennuv\u00f5imetuteks<\/strong>\u00a0lindudeks on pingviin ja jaanalind.\u00a0<strong>Paigalinnud\u00a0<\/strong>j\u00e4\u00e4vad talveks meile<strong>, hulgulinnud\u00a0<\/strong>v\u00f5tavad ette l\u00fchikesi toitumis- v\u00f5i pesitsemisr\u00e4ndeid ja<strong>\u00a0r\u00e4ndlinnud\u00a0<\/strong>vahetavad oma elupaika s\u00f5ltuvalt aastaajast.<\/p>\n","protected":false},"excerpt":{"rendered":"<p>Linnud on t\u00e4htsad toiduahelas. Nad toituvad seemnetest, pungadest, putukatest, kaladest, roomajatest, teistest lindudest ja imetajatest.\u00a0 Linnud aitavad tolmeldada taimi, levitada seemneid ja h\u00e4vitada kahjurputukaid.\u00a0 Inimene kasvatab linde toiduks.\u00a0 Linnusulgedest valmistatakse patju, tekke, jopesid.\u00a0\u00a0 Lindusid peetakse lemmikloomadena.\u00a0 Linnus\u00f5nnikut kasutatakse v\u00e4etisena.\u00a0 Linnud &#8230;<\/p>\n","protected":false},"author":345,"featured_media":0,"parent":0,"menu_order":0,"comment_status":"closed","ping_status":"closed","template":"","meta":{"_acf_changed":false,"inline_featured_image":false,"footnotes":""},"class_list":["post-82","page","type-page","status-publish","hentry"],"acf":[],"_links":{"self":[{"href":"https:\/\/sisu.ut.ee\/biopohikool\/wp-json\/wp\/v2\/pages\/82","targetHints":{"allow":["GET"]}}],"collection":[{"href":"https:\/\/sisu.ut.ee\/biopohikool\/wp-json\/wp\/v2\/pages"}],"about":[{"href":"https:\/\/sisu.ut.ee\/biopohikool\/wp-json\/wp\/v2\/types\/page"}],"author":[{"embeddable":true,"href":"https:\/\/sisu.ut.ee\/biopohikool\/wp-json\/wp\/v2\/users\/345"}],"replies":[{"embeddable":true,"href":"https:\/\/sisu.ut.ee\/biopohikool\/wp-json\/wp\/v2\/comments?post=82"}],"version-history":[{"count":1,"href":"https:\/\/sisu.ut.ee\/biopohikool\/wp-json\/wp\/v2\/pages\/82\/revisions"}],"predecessor-version":[{"id":558,"href":"https:\/\/sisu.ut.ee\/biopohikool\/wp-json\/wp\/v2\/pages\/82\/revisions\/558"}],"wp:attachment":[{"href":"https:\/\/sisu.ut.ee\/biopohikool\/wp-json\/wp\/v2\/media?parent=82"}],"curies":[{"name":"wp","href":"https:\/\/api.w.org\/{rel}","templated":true}]}}