{"id":8,"date":"2024-04-04T08:54:49","date_gmt":"2024-04-04T05:54:49","guid":{"rendered":"https:\/\/sisu.ut.ee\/biopohikool\/33-seeme-ja-eos\/"},"modified":"2024-04-04T08:56:58","modified_gmt":"2024-04-04T05:56:58","slug":"33-seeme-ja-eos","status":"publish","type":"page","link":"https:\/\/sisu.ut.ee\/biopohikool\/33-seeme-ja-eos\/","title":{"rendered":"3.3. SEEME ja EOS"},"content":{"rendered":"<h4>\n\t3.3.1. Mille poolest erineb eos seemnest?\u00a0<br>\n<\/h4>\n<p>\n\tSeemnete ja eoste abil taimed paljunevad ja levivad uutele\u00a0kasvukohtadele, ometi on nad erineva ehitusega. Seeme koosneb paljudest rakkudest, eos \u00fchest rakust. Seeme esineb paljaseemne-ja katteseemnetaimedel. Eosed s\u00f5najalgtaimedel ja sammaltaimedel.\u00a0<br>\u00a0\n<\/p>\n<h4>\n\t3.2.2. Missugune on seemne ehitus?\u00a0<br>\n<\/h4>\n<p>Seemnes v\u00f5ib olla \u00fcks v\u00f5i kaks idulehte, selle alusel jaotatakse katteseemnetaimed \u00fcheiduehelisteks ja kaheidulehelisteks.\u00a0<\/p>\n<p><strong>Tabel 6.\u00a0<\/strong>\u00dche- ja kaheiduleheliste seemnete v\u00f5rdlus.\u00a0<\/p>\n<table class=\"table table-hover\" border=\"1\" cellpadding=\"0\" cellspacing=\"0\">\n<tbody>\n<tr>\n<th scope=\"col\">\n<p>\n\t\t\t\t\t<strong>Erinevused<\/strong>\n\t\t\t\t<\/p>\n<\/th>\n<th scope=\"col\">\n<p>\n\t\t\t\t\t<strong>Kaheiduleheline seeme<\/strong>\n\t\t\t\t<\/p>\n<\/th>\n<th scope=\"col\">\n<p>\n\t\t\t\t\t<strong>\u00dcheiduleheline seeme<\/strong>\n\t\t\t\t<\/p>\n<\/th>\n<\/tr>\n<tr>\n<td valign=\"top\" width=\"127\">\n<p>\n\t\t\t\t\t\u00a0\n\t\t\t\t<\/p>\n<\/td>\n<td valign=\"top\" width=\"204\">\n<p>\n\t\t\t\t\t1.\u00a0Kaks idulehte, milles asub toitekude.\n\t\t\t\t<\/p>\n<p>\n\t\t\t\t\t2.\u00a0Seemnekest on kergesti eemaldatav\n\t\t\t\t<\/p>\n<\/td>\n<td valign=\"top\" width=\"235\">\n<p>\n\t\t\t\t\t1.\u00a0\u00dcks iduleht ja toitekude asub eraldi.\n\t\t\t\t<\/p>\n<p>\n\t\t\t\t\t2.\u00a0Seemnekest on viljakestaga kokku kasvanud.\n\t\t\t\t<\/p>\n<\/td>\n<\/tr>\n<tr>\n<td valign=\"top\" width=\"127\">\n<p>\n\t\t\t\t\t<strong>Sarnasused<\/strong>\n\t\t\t\t<\/p>\n<\/td>\n<td colspan=\"2\" valign=\"top\" width=\"440\">\n<p>\n\t\t\t\t\tSeemnetel esineb seemnekest, idu ja toitekude. Idu koosneb\u00a0idujuurest, iduvarrest, idupungast ning \u00fchest v\u00f5i kahest idulehest.\n\t\t\t\t<\/p>\n<\/td>\n<\/tr>\n<\/tbody>\n<\/table>\n<p>\u00a0<\/p>\n<p>\n\t<img loading=\"lazy\" decoding=\"async\" width=\"715\" height=\"415\" class=\"alignnone wp-image-156\" src=\"https:\/\/sisu.ut.ee\/wp-content\/uploads\/sites\/648\/kaheidulehelise_ja_uheidulehelise_seemne_ehitus.png\" title=\"kaheidulehelise_ja_uheidulehelise_seemne_ehitus.png\" alt=\"Kaheidulehelise ja \u00fcheidulehelise seemne ehitus\" srcset=\"https:\/\/sisu.ut.ee\/wp-content\/uploads\/sites\/648\/kaheidulehelise_ja_uheidulehelise_seemne_ehitus.png 715w, https:\/\/sisu.ut.ee\/wp-content\/uploads\/sites\/648\/kaheidulehelise_ja_uheidulehelise_seemne_ehitus-300x174.png 300w\" sizes=\"auto, (max-width: 715px) 100vw, 715px\">\n<\/p>\n<p>\n\t<strong>Joonis 9.<\/strong>\u00a0Kaheidulehelise ja \u00fcheidulehelise seemne ehitus.\u00a0\n<\/p>\n<p>\u00a0<\/p>\n<h4>\n\t3.3.3. Missuguseid tingimusi vajavad seemned idanemiseks?<br>\n<\/h4>\n<p>\n\tSeeme vajab idanemiseks\u00a0<strong>soojust,<\/strong><strong>\u00a0<\/strong><strong>niiskust<\/strong><strong>\u00a0<\/strong><strong>ja\u00a0<\/strong><strong>\u00f5hku.<\/strong>\u00a0Valgust ei ole seemnete idanemiseks vaja.\u00a0\n<\/p>\n<p>\n\tJoonisel on n\u00e4ha, et seemned ei idane, kui vesi puudub v\u00f5i vett k\u00fclluses (seemned on \u00fcleni veega kaetud), sest siis ei ole idanemiseks vajalikku hapnikku.\u00a0\n<\/p>\n<p>\n\t\u00a0\n<\/p>\n<p>\n\t<img loading=\"lazy\" decoding=\"async\" width=\"709\" height=\"780\" class=\"alignnone wp-image-157\" src=\"https:\/\/sisu.ut.ee\/wp-content\/uploads\/sites\/648\/seemnete_idanemine.png\" title=\"seemnete_idanemine.png\" alt=\"seemnete idanemine\" srcset=\"https:\/\/sisu.ut.ee\/wp-content\/uploads\/sites\/648\/seemnete_idanemine.png 709w, https:\/\/sisu.ut.ee\/wp-content\/uploads\/sites\/648\/seemnete_idanemine-273x300.png 273w\" sizes=\"auto, (max-width: 709px) 100vw, 709px\">\n<\/p>\n<p>\n\tJoonis 9.\u00a0 Milliseid tingimusi on vaja seemnete idanemiseks?\u00a0<\/p>\n","protected":false},"excerpt":{"rendered":"<p>3.3.1. Mille poolest erineb eos seemnest?\u00a0 Seemnete ja eoste abil taimed paljunevad ja levivad uutele\u00a0kasvukohtadele, ometi on nad erineva ehitusega. Seeme koosneb paljudest rakkudest, eos \u00fchest rakust. Seeme esineb paljaseemne-ja katteseemnetaimedel. Eosed s\u00f5najalgtaimedel ja sammaltaimedel.\u00a0\u00a0 3.2.2. Missugune on seemne ehitus?\u00a0 &#8230;<\/p>\n","protected":false},"author":345,"featured_media":0,"parent":0,"menu_order":0,"comment_status":"closed","ping_status":"closed","template":"","meta":{"_acf_changed":false,"inline_featured_image":false,"footnotes":""},"class_list":["post-8","page","type-page","status-publish","hentry"],"acf":[],"_links":{"self":[{"href":"https:\/\/sisu.ut.ee\/biopohikool\/wp-json\/wp\/v2\/pages\/8","targetHints":{"allow":["GET"]}}],"collection":[{"href":"https:\/\/sisu.ut.ee\/biopohikool\/wp-json\/wp\/v2\/pages"}],"about":[{"href":"https:\/\/sisu.ut.ee\/biopohikool\/wp-json\/wp\/v2\/types\/page"}],"author":[{"embeddable":true,"href":"https:\/\/sisu.ut.ee\/biopohikool\/wp-json\/wp\/v2\/users\/345"}],"replies":[{"embeddable":true,"href":"https:\/\/sisu.ut.ee\/biopohikool\/wp-json\/wp\/v2\/comments?post=8"}],"version-history":[{"count":1,"href":"https:\/\/sisu.ut.ee\/biopohikool\/wp-json\/wp\/v2\/pages\/8\/revisions"}],"predecessor-version":[{"id":632,"href":"https:\/\/sisu.ut.ee\/biopohikool\/wp-json\/wp\/v2\/pages\/8\/revisions\/632"}],"wp:attachment":[{"href":"https:\/\/sisu.ut.ee\/biopohikool\/wp-json\/wp\/v2\/media?parent=8"}],"curies":[{"name":"wp","href":"https:\/\/api.w.org\/{rel}","templated":true}]}}