{"id":78,"date":"2024-04-04T08:54:57","date_gmt":"2024-04-04T05:54:57","guid":{"rendered":"https:\/\/sisu.ut.ee\/biopohikool\/62-milline-roomajate-tahtsus-looduses-ja-inimese-elus\/"},"modified":"2024-04-04T08:56:55","modified_gmt":"2024-04-04T05:56:55","slug":"62-milline-roomajate-tahtsus-looduses-ja-inimese-elus","status":"publish","type":"page","link":"https:\/\/sisu.ut.ee\/biopohikool\/62-milline-roomajate-tahtsus-looduses-ja-inimese-elus\/","title":{"rendered":"6.2.\tMilline on roomajate t\u00e4htsus looduses ja inimese elus?"},"content":{"rendered":"<p>Roomajad on t\u00e4htsad toiduahelas. Enamik roomajaid on r\u00f6\u00f6vloomad, kilpkonnade hulgas leidub ka taimtoidulisi. Roomajad on toiduks nii lindudele kui ka imetajatele. Inimene on kasutanud roomajate nahka kottide ja jalatsite valmistamiseks ning kilpkonna luid ehete tegemiseks.\u00a0 Kilpkonna munad ja krokodilli liha on delikatessiks. M\u00fcrgised maod on inimesele ohtlikud. M\u00fcrkmadude m\u00fcrki kasutatakse ravimit\u00f6\u00f6stuses. T\u00e4nap\u00e4eval on inimene rajanud krokodilli, kilpkonnade ja madude farme oma vajaduste rahuldamiseks.<\/p>\n","protected":false},"excerpt":{"rendered":"<p>Roomajad on t\u00e4htsad toiduahelas. Enamik roomajaid on r\u00f6\u00f6vloomad, kilpkonnade hulgas leidub ka taimtoidulisi. Roomajad on toiduks nii lindudele kui ka imetajatele. Inimene on kasutanud roomajate nahka kottide ja jalatsite valmistamiseks ning kilpkonna luid ehete tegemiseks.\u00a0 Kilpkonna munad ja krokodilli liha &#8230;<\/p>\n","protected":false},"author":345,"featured_media":0,"parent":0,"menu_order":0,"comment_status":"closed","ping_status":"closed","template":"","meta":{"_acf_changed":false,"inline_featured_image":false,"footnotes":""},"class_list":["post-78","page","type-page","status-publish","hentry"],"acf":[],"_links":{"self":[{"href":"https:\/\/sisu.ut.ee\/biopohikool\/wp-json\/wp\/v2\/pages\/78","targetHints":{"allow":["GET"]}}],"collection":[{"href":"https:\/\/sisu.ut.ee\/biopohikool\/wp-json\/wp\/v2\/pages"}],"about":[{"href":"https:\/\/sisu.ut.ee\/biopohikool\/wp-json\/wp\/v2\/types\/page"}],"author":[{"embeddable":true,"href":"https:\/\/sisu.ut.ee\/biopohikool\/wp-json\/wp\/v2\/users\/345"}],"replies":[{"embeddable":true,"href":"https:\/\/sisu.ut.ee\/biopohikool\/wp-json\/wp\/v2\/comments?post=78"}],"version-history":[{"count":1,"href":"https:\/\/sisu.ut.ee\/biopohikool\/wp-json\/wp\/v2\/pages\/78\/revisions"}],"predecessor-version":[{"id":562,"href":"https:\/\/sisu.ut.ee\/biopohikool\/wp-json\/wp\/v2\/pages\/78\/revisions\/562"}],"wp:attachment":[{"href":"https:\/\/sisu.ut.ee\/biopohikool\/wp-json\/wp\/v2\/media?parent=78"}],"curies":[{"name":"wp","href":"https:\/\/api.w.org\/{rel}","templated":true}]}}