{"id":75,"date":"2024-04-04T08:54:57","date_gmt":"2024-04-04T05:54:57","guid":{"rendered":"https:\/\/sisu.ut.ee\/biopohikool\/52-milline-kahepaiksete-tahtsus-looduses-ja-inimese-elus\/"},"modified":"2024-04-04T08:56:55","modified_gmt":"2024-04-04T05:56:55","slug":"52-milline-kahepaiksete-tahtsus-looduses-ja-inimese-elus","status":"publish","type":"page","link":"https:\/\/sisu.ut.ee\/biopohikool\/52-milline-kahepaiksete-tahtsus-looduses-ja-inimese-elus\/","title":{"rendered":"5.2.\tMilline on kahepaiksete t\u00e4htsus looduses ja inimese elus?"},"content":{"rendered":"<p>\n\tKahepaiksed on t\u00e4htsal kohal toiduahelas, nad h\u00e4vitavad kahjurputukaid.\n<\/p>\n<p>Kahepaiksete arvukus on viimasel ajal kiiresti v\u00e4henenud ja selles on s\u00fc\u00fcdi eelk\u00f5ige inimene ja saastatud keskkond. Prantsusmaal on konnaliha delikatess. Eestis elab 11 liiki kahepaikseid ja k\u00f5ik nad on looduskaitse all.<br>\u00a0<\/p>\n<h4>\n\t<strong>Kahepaiksete mitmekesisus<\/strong><br>\n<\/h4>\n<p>Konnad jagatakse kahte r\u00fchma: sabata konnad (mudakonn, k\u00e4rnkonn) ja sabakonnad (t\u00e4hnikvesilik).\u00a0<strong>Sabakonnalistel s\u00e4ilib saba ka t\u00e4iskasvanueas<\/strong>. K\u00e4rnkonnadel on m\u00fcrgin\u00e4\u00e4rmed. Konnade elupaigad on erinevad: puudel elavad lehekonnad, vees tiigikonnad, maismaal k\u00e4rnkonnad ja rohukonnad.<\/p>\n<div id=\"gtx-trans\" style=\"position: absolute;left: -145px;top: 109px\">\n<div class=\"gtx-trans-icon\">\n\t\t\u00a0\n\t<\/div>\n<\/div>\n","protected":false},"excerpt":{"rendered":"<p>Kahepaiksed on t\u00e4htsal kohal toiduahelas, nad h\u00e4vitavad kahjurputukaid. Kahepaiksete arvukus on viimasel ajal kiiresti v\u00e4henenud ja selles on s\u00fc\u00fcdi eelk\u00f5ige inimene ja saastatud keskkond. Prantsusmaal on konnaliha delikatess. Eestis elab 11 liiki kahepaikseid ja k\u00f5ik nad on looduskaitse all.\u00a0 Kahepaiksete &#8230;<\/p>\n","protected":false},"author":345,"featured_media":0,"parent":0,"menu_order":0,"comment_status":"closed","ping_status":"closed","template":"","meta":{"_acf_changed":false,"inline_featured_image":false,"footnotes":""},"class_list":["post-75","page","type-page","status-publish","hentry"],"acf":[],"_links":{"self":[{"href":"https:\/\/sisu.ut.ee\/biopohikool\/wp-json\/wp\/v2\/pages\/75","targetHints":{"allow":["GET"]}}],"collection":[{"href":"https:\/\/sisu.ut.ee\/biopohikool\/wp-json\/wp\/v2\/pages"}],"about":[{"href":"https:\/\/sisu.ut.ee\/biopohikool\/wp-json\/wp\/v2\/types\/page"}],"author":[{"embeddable":true,"href":"https:\/\/sisu.ut.ee\/biopohikool\/wp-json\/wp\/v2\/users\/345"}],"replies":[{"embeddable":true,"href":"https:\/\/sisu.ut.ee\/biopohikool\/wp-json\/wp\/v2\/comments?post=75"}],"version-history":[{"count":1,"href":"https:\/\/sisu.ut.ee\/biopohikool\/wp-json\/wp\/v2\/pages\/75\/revisions"}],"predecessor-version":[{"id":565,"href":"https:\/\/sisu.ut.ee\/biopohikool\/wp-json\/wp\/v2\/pages\/75\/revisions\/565"}],"wp:attachment":[{"href":"https:\/\/sisu.ut.ee\/biopohikool\/wp-json\/wp\/v2\/media?parent=75"}],"curies":[{"name":"wp","href":"https:\/\/api.w.org\/{rel}","templated":true}]}}