{"id":69,"date":"2024-04-04T08:54:56","date_gmt":"2024-04-04T05:54:56","guid":{"rendered":"https:\/\/sisu.ut.ee\/biopohikool\/3-kuidas-me-ruhmitame-selgroogseid-loomi\/"},"modified":"2024-04-04T08:56:55","modified_gmt":"2024-04-04T05:56:55","slug":"3-kuidas-me-ruhmitame-selgroogseid-loomi","status":"publish","type":"page","link":"https:\/\/sisu.ut.ee\/biopohikool\/3-kuidas-me-ruhmitame-selgroogseid-loomi\/","title":{"rendered":"3. KUIDAS ME R\u00dcHMITAME SELGROOGSEID LOOMI?"},"content":{"rendered":"<p>\n\t<img loading=\"lazy\" decoding=\"async\" width=\"816\" height=\"405\" class=\"alignnone wp-image-228\" src=\"https:\/\/sisu.ut.ee\/wp-content\/uploads\/sites\/648\/selgroogsed.png\" title=\"Joonis 1. Selgroogsed loomad\" alt=\"Joonis 1. Selgroogsed loomad\" srcset=\"https:\/\/sisu.ut.ee\/wp-content\/uploads\/sites\/648\/selgroogsed.png 816w, https:\/\/sisu.ut.ee\/wp-content\/uploads\/sites\/648\/selgroogsed-300x149.png 300w, https:\/\/sisu.ut.ee\/wp-content\/uploads\/sites\/648\/selgroogsed-768x381.png 768w\" sizes=\"auto, (max-width: 816px) 100vw, 816px\">\n<\/p>\n<p>\n\t<strong>Kui palju on erinevaid selgroogseid loomi maailmas?<\/strong>\n<\/p>\n<p>\n\t\u00a0\n<\/p>\n<ul id=\"yui_3_17_2_1_1697368923871_48\">\n<li>\n\t\tImetajad 5 500\n\t<\/li>\n<li>\n\t\tLinnud 10 000\n\t<\/li>\n<li>\n\t\tRoomajad 9300\n\t<\/li>\n<li>\n\t\tKahepaiksed 6 800\n\t<\/li>\n<li>\n\t\tLuukalad 27 000\n\t<\/li>\n<li>\n\t\tK\u00f5hrkalu 900\n\t<\/li>\n<li>\n\t\tS\u00f5\u00f5rsuud 80\n\t<\/li>\n<\/ul>\n<p>\n\t<img loading=\"lazy\" decoding=\"async\" width=\"430\" height=\"420\" class=\"alignnone wp-image-229\" src=\"https:\/\/sisu.ut.ee\/wp-content\/uploads\/sites\/648\/selgroogsed_diagramm.png\" title=\"Joonis 2. Selgroogsete loomade diagramm\" alt=\"Joonis 2. Selgroogsete loomade diagramm\" srcset=\"https:\/\/sisu.ut.ee\/wp-content\/uploads\/sites\/648\/selgroogsed_diagramm.png 430w, https:\/\/sisu.ut.ee\/wp-content\/uploads\/sites\/648\/selgroogsed_diagramm-300x293.png 300w\" sizes=\"auto, (max-width: 430px) 100vw, 430px\">\n<\/p>\n<p>\n\t\u00a0<\/p>\n","protected":false},"excerpt":{"rendered":"<p>Kui palju on erinevaid selgroogseid loomi maailmas? \u00a0 Imetajad 5 500 Linnud 10 000 Roomajad 9300 Kahepaiksed 6 800 Luukalad 27 000 K\u00f5hrkalu 900 S\u00f5\u00f5rsuud 80 \u00a0<\/p>\n","protected":false},"author":345,"featured_media":0,"parent":0,"menu_order":0,"comment_status":"closed","ping_status":"closed","template":"","meta":{"_acf_changed":false,"inline_featured_image":false,"footnotes":""},"class_list":["post-69","page","type-page","status-publish","hentry"],"acf":[],"_links":{"self":[{"href":"https:\/\/sisu.ut.ee\/biopohikool\/wp-json\/wp\/v2\/pages\/69","targetHints":{"allow":["GET"]}}],"collection":[{"href":"https:\/\/sisu.ut.ee\/biopohikool\/wp-json\/wp\/v2\/pages"}],"about":[{"href":"https:\/\/sisu.ut.ee\/biopohikool\/wp-json\/wp\/v2\/types\/page"}],"author":[{"embeddable":true,"href":"https:\/\/sisu.ut.ee\/biopohikool\/wp-json\/wp\/v2\/users\/345"}],"replies":[{"embeddable":true,"href":"https:\/\/sisu.ut.ee\/biopohikool\/wp-json\/wp\/v2\/comments?post=69"}],"version-history":[{"count":1,"href":"https:\/\/sisu.ut.ee\/biopohikool\/wp-json\/wp\/v2\/pages\/69\/revisions"}],"predecessor-version":[{"id":571,"href":"https:\/\/sisu.ut.ee\/biopohikool\/wp-json\/wp\/v2\/pages\/69\/revisions\/571"}],"wp:attachment":[{"href":"https:\/\/sisu.ut.ee\/biopohikool\/wp-json\/wp\/v2\/media?parent=69"}],"curies":[{"name":"wp","href":"https:\/\/api.w.org\/{rel}","templated":true}]}}