{"id":68,"date":"2024-04-04T08:54:56","date_gmt":"2024-04-04T05:54:56","guid":{"rendered":"https:\/\/sisu.ut.ee\/biopohikool\/2-mis-uhist-koikidel-selgroogsetel-loomadel\/"},"modified":"2024-04-04T08:56:55","modified_gmt":"2024-04-04T05:56:55","slug":"2-mis-uhist-koikidel-selgroogsetel-loomadel","status":"publish","type":"page","link":"https:\/\/sisu.ut.ee\/biopohikool\/2-mis-uhist-koikidel-selgroogsetel-loomadel\/","title":{"rendered":"2. MIS ON \u00dcHIST K\u00d5IKIDEL SELGROOGSETEL LOOMADEL?"},"content":{"rendered":"<p dir=\"ltr\">\n\tOrganismid jaotatakse r\u00fchmadesse p\u00f5lvnemise ja ehitusliku sarnasuse alusel. Selgroogsetel loomadel asub toes ehk skelett keha sisemuses.\n<\/p>\n<p dir=\"ltr\">\n\t<strong>Selgroogsetele loomadele iseloomulikud tunnused:<\/strong>\n<\/p>\n<ol>\n<li>\n\t\tSisemine luuline toes, mis koosneb selgrool\u00fclidest, j\u00e4semete- ja koljuluudest.\n\t<\/li>\n<li>\n\t\tPea- ja seljaaju paiknevad selgmisel poolel.\n\t<\/li>\n<li>\n\t\tPeaaju ja meeleelundid on h\u00e4sti arenenud.\u00a0\n\t<\/li>\n<li>\n\t\tS\u00fcda paikneb k\u00f5htmisel poolel ning on kahe- kuni neljaosaline.\n\t<\/li>\n<li>\n\t\tVeri voolab veresoontes, seega on neil kinnine vereringe.\n\t<\/li>\n<li>\n\t\tH\u00e4sti arenenud lihastik.\n\t<\/li>\n<li>\n\t\tLahksugulised loomad \u2013 on olemas emas- ja isasloomad.\n\t<\/li>\n<li>\n\t\tPaljunevad suguliselt \u2013 toimub munaraku viljastamine.\n\t<\/li>\n<li>\n\t\tAreng toimub moondega- j\u00e4rglased ei sarnane esialgu vanematega (kalad, kahepaiksed) v\u00f5i otseselt \u2013 j\u00e4rglased sarnanevad vanematega (roomajad, linnud, imetajad).\n\t<\/li>\n<\/ol>\n<div id=\"gtx-trans\" style=\"position: absolute;left: -18px;top: 26px\">\n<div class=\"gtx-trans-icon\">\n\t\t\u00a0\n\t<\/div>\n<\/div>\n","protected":false},"excerpt":{"rendered":"<p>Organismid jaotatakse r\u00fchmadesse p\u00f5lvnemise ja ehitusliku sarnasuse alusel. Selgroogsetel loomadel asub toes ehk skelett keha sisemuses. Selgroogsetele loomadele iseloomulikud tunnused: Sisemine luuline toes, mis koosneb selgrool\u00fclidest, j\u00e4semete- ja koljuluudest. Pea- ja seljaaju paiknevad selgmisel poolel. Peaaju ja meeleelundid on h\u00e4sti &#8230;<\/p>\n","protected":false},"author":345,"featured_media":0,"parent":0,"menu_order":0,"comment_status":"closed","ping_status":"closed","template":"","meta":{"_acf_changed":false,"inline_featured_image":false,"footnotes":""},"class_list":["post-68","page","type-page","status-publish","hentry"],"acf":[],"_links":{"self":[{"href":"https:\/\/sisu.ut.ee\/biopohikool\/wp-json\/wp\/v2\/pages\/68","targetHints":{"allow":["GET"]}}],"collection":[{"href":"https:\/\/sisu.ut.ee\/biopohikool\/wp-json\/wp\/v2\/pages"}],"about":[{"href":"https:\/\/sisu.ut.ee\/biopohikool\/wp-json\/wp\/v2\/types\/page"}],"author":[{"embeddable":true,"href":"https:\/\/sisu.ut.ee\/biopohikool\/wp-json\/wp\/v2\/users\/345"}],"replies":[{"embeddable":true,"href":"https:\/\/sisu.ut.ee\/biopohikool\/wp-json\/wp\/v2\/comments?post=68"}],"version-history":[{"count":1,"href":"https:\/\/sisu.ut.ee\/biopohikool\/wp-json\/wp\/v2\/pages\/68\/revisions"}],"predecessor-version":[{"id":572,"href":"https:\/\/sisu.ut.ee\/biopohikool\/wp-json\/wp\/v2\/pages\/68\/revisions\/572"}],"wp:attachment":[{"href":"https:\/\/sisu.ut.ee\/biopohikool\/wp-json\/wp\/v2\/media?parent=68"}],"curies":[{"name":"wp","href":"https:\/\/api.w.org\/{rel}","templated":true}]}}